{"id":21102,"date":"2025-10-18T13:57:49","date_gmt":"2025-10-18T13:57:49","guid":{"rendered":"https:\/\/www.yousanusb.com\/?post_type=product&#038;p=21102"},"modified":"2025-11-08T14:27:04","modified_gmt":"2025-11-08T14:27:04","slug":"luxury-gold-bar-usb-flash-drive","status":"publish","type":"product","link":"https:\/\/www.yousanusb.com\/de\/product\/luxury-gold-bar-usb-flash-drive\/","title":{"rendered":"Modisches USB-Flash-Laufwerk aus Metall mit Lederriemen"},"content":{"rendered":"<div class=\"wp-block-columns is-layout-flex wp-container-core-columns-is-layout-1 wp-block-columns-is-layout-flex\">\n<div class=\"wp-block-column is-vertically-aligned-center is-layout-flow wp-block-column-is-layout-flow\">\n<p>Dieses USB-Laufwerk verf\u00fcgt \u00fcber ein integriertes Design ohne Kappe, was den Komfort erh\u00f6ht. <\/p>\n\n\n\n<p>Es wird mit einem silbernen Lederband geliefert, das mit einer Metallschnalle am Hauptteil befestigt ist. So kann es an Taschen, Schl\u00fcsseln oder anderen Gegenst\u00e4nden aufgeh\u00e4ngt werden, was die Tragbarkeit verbessert und gleichzeitig das Trage- und Grifferlebnis optimiert.<\/p>\n\n\n\n<p>Das Hauptgeh\u00e4use besteht aus einer Legierung mit einer kratz- und verschlei\u00dffesten Oberfl\u00e4che, die den kosmetischen Verschlei\u00df beim t\u00e4glichen Gebrauch minimiert und die Haltbarkeit und Lebensdauer des Produkts verl\u00e4ngert.<\/p>\n<\/div>\n\n\n\n<div class=\"wp-block-column is-layout-flow wp-block-column-is-layout-flow\">\n<figure class=\"wp-block-image size-full\"><img fetchpriority=\"high\" decoding=\"async\" width=\"800\" height=\"820\" src=\"https:\/\/www.yousanusb.com\/wp-content\/uploads\/2025\/10\/metal-usb-flash-drive-manufacture.jpg\" alt=\"\" class=\"wp-image-23680\" srcset=\"https:\/\/www.yousanusb.com\/wp-content\/uploads\/2025\/10\/metal-usb-flash-drive-manufacture.jpg 800w, https:\/\/www.yousanusb.com\/wp-content\/uploads\/2025\/10\/metal-usb-flash-drive-manufacture-293x300.jpg 293w, https:\/\/www.yousanusb.com\/wp-content\/uploads\/2025\/10\/metal-usb-flash-drive-manufacture-768x787.jpg 768w, https:\/\/www.yousanusb.com\/wp-content\/uploads\/2025\/10\/metal-usb-flash-drive-manufacture-12x12.jpg 12w, https:\/\/www.yousanusb.com\/wp-content\/uploads\/2025\/10\/metal-usb-flash-drive-manufacture-600x615.jpg 600w\" sizes=\"(max-width: 800px) 100vw, 800px\" \/><\/figure>\n<\/div>\n<\/div>\n\n\n\n<div class=\"wp-block-columns is-layout-flex wp-container-core-columns-is-layout-2 wp-block-columns-is-layout-flex\">\n<div class=\"wp-block-column is-layout-flow wp-block-column-is-layout-flow\"><\/div>\n\n\n\n<div class=\"wp-block-column is-layout-flow wp-block-column-is-layout-flow\"><\/div>\n<\/div>\n\n\n\n<div class=\"wp-block-columns is-layout-flex wp-container-core-columns-is-layout-3 wp-block-columns-is-layout-flex\">\n<div class=\"wp-block-column is-layout-flow wp-block-column-is-layout-flow\">\n<figure class=\"wp-block-image size-full\"><img decoding=\"async\" width=\"800\" height=\"800\" src=\"https:\/\/www.yousanusb.com\/wp-content\/uploads\/2025\/10\/custom-metal-usb-flash-drive.jpg\" alt=\"\" class=\"wp-image-23678\" srcset=\"https:\/\/www.yousanusb.com\/wp-content\/uploads\/2025\/10\/custom-metal-usb-flash-drive.jpg 800w, https:\/\/www.yousanusb.com\/wp-content\/uploads\/2025\/10\/custom-metal-usb-flash-drive-300x300.jpg 300w, https:\/\/www.yousanusb.com\/wp-content\/uploads\/2025\/10\/custom-metal-usb-flash-drive-150x150.jpg 150w, https:\/\/www.yousanusb.com\/wp-content\/uploads\/2025\/10\/custom-metal-usb-flash-drive-768x768.jpg 768w, https:\/\/www.yousanusb.com\/wp-content\/uploads\/2025\/10\/custom-metal-usb-flash-drive-12x12.jpg 12w, https:\/\/www.yousanusb.com\/wp-content\/uploads\/2025\/10\/custom-metal-usb-flash-drive-600x600.jpg 600w, https:\/\/www.yousanusb.com\/wp-content\/uploads\/2025\/10\/custom-metal-usb-flash-drive-100x100.jpg 100w\" sizes=\"(max-width: 800px) 100vw, 800px\" \/><\/figure>\n<\/div>\n\n\n\n<div class=\"wp-block-column is-vertically-aligned-center is-layout-flow wp-block-column-is-layout-flow\">\n<p>Unterst\u00fctzt individuellen Logodruck f\u00fcr exklusives Branding, geeignet f\u00fcr Werbegeschenke, Markenartikel und andere Anwendungen.<\/p>\n\n\n\n<p>Dieses USB-Laufwerk mit professionellen Spezifikationen bietet USB 2.0- und USB 3.0-Schnittstellenoptionen mit Kapazit\u00e4ten von 4 GB bis 128 GB, um verschiedene Speicheranforderungen zu erf\u00fcllen. Mit den Ma\u00dfen 37 mm x 16 mm x 4,5 mm bietet es ein kompaktes Design. Es ist kompatibel mit Windows 98\/Me\/2000\/XP\/Vista\/7\/8\/10, Mac OS 9.x und Linux 2.4 oder h\u00f6her und unterst\u00fctzt Plug-and-Play-Funktionen f\u00fcr grundlegende Speicheraufgaben wie die \u00dcbertragung von Office-Dateien und Datensicherungen.<\/p>\n<\/div>\n<\/div>\n\n\n\n<p><\/p>","protected":false},"excerpt":{"rendered":"<ul>\n<li>Material der Legierung<\/li>\n<li>Plug and Play<\/li>\n<li>Starke Kompatibilit\u00e4t<\/li>\n<li>\u00dcbertragung von Blitzen<\/li>\n<li>MOQ:100St\u00fcck<\/li>\n<\/ul>","protected":false},"featured_media":23677,"comment_status":"open","ping_status":"closed","template":"","meta":{"_seopress_robots_primary_cat":"none","_seopress_titles_title":"","_seopress_titles_desc":"","_seopress_robots_index":""},"class_list":["post-21102","product","type-product","status-publish","has-post-thumbnail","hentry","product_cat-metal-usb-flash-drive","product_tag-buy-metal-leather-usb-flash-drive"],"_links":{"self":[{"href":"https:\/\/www.yousanusb.com\/de\/wp-json\/wp\/v2\/product\/21102"}],"collection":[{"href":"https:\/\/www.yousanusb.com\/de\/wp-json\/wp\/v2\/product"}],"about":[{"href":"https:\/\/www.yousanusb.com\/de\/wp-json\/wp\/v2\/types\/product"}],"replies":[{"embeddable":true,"href":"https:\/\/www.yousanusb.com\/de\/wp-json\/wp\/v2\/comments?post=21102"}],"wp:featuredmedia":[{"embeddable":true,"href":"https:\/\/www.yousanusb.com\/de\/wp-json\/wp\/v2\/media\/23677"}],"wp:attachment":[{"href":"https:\/\/www.yousanusb.com\/de\/wp-json\/wp\/v2\/media?parent=21102"}],"curies":[{"name":"wp","href":"https:\/\/api.w.org\/{rel}","templated":true}]}}