{"id":21138,"date":"2025-10-20T04:07:40","date_gmt":"2025-10-20T04:07:40","guid":{"rendered":"https:\/\/www.yousanusb.com\/?post_type=product&#038;p=21138"},"modified":"2025-10-20T04:14:36","modified_gmt":"2025-10-20T04:14:36","slug":"capsule-cartoon-usb-flash-drive","status":"publish","type":"product","link":"https:\/\/www.yousanusb.com\/de\/product\/capsule-cartoon-usb-flash-drive\/","title":{"rendered":"Capsule Cartoon USB-Flash-Laufwerk"},"content":{"rendered":"<div class=\"wp-block-columns is-layout-flex wp-container-core-columns-is-layout-1 wp-block-columns-is-layout-flex\">\n<div class=\"wp-block-column is-layout-flow wp-block-column-is-layout-flow\">\n<figure class=\"wp-block-image size-full\"><img fetchpriority=\"high\" decoding=\"async\" width=\"800\" height=\"800\" src=\"https:\/\/www.yousanusb.com\/wp-content\/uploads\/2025\/10\/Capsule-Cartoon-USB-Flash-Drive.jpg\" alt=\"\" class=\"wp-image-21141\" srcset=\"https:\/\/www.yousanusb.com\/wp-content\/uploads\/2025\/10\/Capsule-Cartoon-USB-Flash-Drive.jpg 800w, https:\/\/www.yousanusb.com\/wp-content\/uploads\/2025\/10\/Capsule-Cartoon-USB-Flash-Drive-300x300.jpg 300w, https:\/\/www.yousanusb.com\/wp-content\/uploads\/2025\/10\/Capsule-Cartoon-USB-Flash-Drive-150x150.jpg 150w, https:\/\/www.yousanusb.com\/wp-content\/uploads\/2025\/10\/Capsule-Cartoon-USB-Flash-Drive-768x768.jpg 768w, https:\/\/www.yousanusb.com\/wp-content\/uploads\/2025\/10\/Capsule-Cartoon-USB-Flash-Drive-12x12.jpg 12w, https:\/\/www.yousanusb.com\/wp-content\/uploads\/2025\/10\/Capsule-Cartoon-USB-Flash-Drive-600x600.jpg 600w, https:\/\/www.yousanusb.com\/wp-content\/uploads\/2025\/10\/Capsule-Cartoon-USB-Flash-Drive-100x100.jpg 100w\" sizes=\"(max-width: 800px) 100vw, 800px\" \/><\/figure>\n<\/div>\n\n\n\n<div class=\"wp-block-column is-vertically-aligned-center is-layout-flow wp-block-column-is-layout-flow\">\n<p>Dieses kapself\u00f6rmige USB-Laufwerk im Cartoon-Design hat einen einzigartigen Charme, der es unwiderstehlich liebenswert macht. Aus weichem PVC-Material gefertigt, ist er wasserdicht, staubdicht und \u00e4u\u00dferst korrosionsbest\u00e4ndig. Es ist erschwinglich und langlebig und vergilbt mit der Zeit nicht. Zu den Motiven geh\u00f6ren eine niedliche Giraffe, ein reicher Mann mit Sonnenbrille und Goldkette, ein Feinschmecker mit Wassermelone in der Hand und eine leicht resignierte Liegest\u00fctzfigur. Diese mischen Internet-Slang mit Cartoon-Elementen, was sowohl Spa\u00df als auch Wiedererkennbarkeit schafft. Die Farben lehnen sich an die Macaron-Palette an - sanfte Blaut\u00f6ne, zartes Rosa, frisches Gr\u00fcn und zartes Lila - und erzeugen so eine beruhigende, visuell beruhigende Wirkung. Jedes USB-Laufwerk sieht so verlockend aus wie ein Bonbon.<\/p>\n<\/div>\n<\/div>\n\n\n\n<div class=\"wp-block-columns is-layout-flex wp-container-core-columns-is-layout-2 wp-block-columns-is-layout-flex\">\n<div class=\"wp-block-column is-vertically-aligned-center is-layout-flow wp-block-column-is-layout-flow\">\n<p>Das geteilte Dual-Interface-Design erm\u00f6glicht eine nahtlose Verbindung mit Telefonen und Computern und sorgt so f\u00fcr m\u00fchelose Vielseitigkeit. Erweitern Sie die Speicherkapazit\u00e4t Ihres Telefons sofort mit einem OTG-Adapter. \u00dcbertragen Sie gro\u00dfe Dateien in Windeseile. Die fortschrittlichen Black-Body-A+-Hochgeschwindigkeitschips sorgen f\u00fcr rasante Lese- und Schreibgeschwindigkeiten, stabile Zuverl\u00e4ssigkeit und ein kompaktes, tragbares Design f\u00fcr eine effiziente Leistung, die alle Anforderungen m\u00fchelos erf\u00fcllt.<\/p>\n<\/div>\n\n\n\n<div class=\"wp-block-column is-layout-flow wp-block-column-is-layout-flow\">\n<figure class=\"wp-block-image size-full\"><img decoding=\"async\" width=\"800\" height=\"800\" src=\"https:\/\/www.yousanusb.com\/wp-content\/uploads\/2025\/10\/otg-usb-flash-drive.jpg\" alt=\"\" class=\"wp-image-21147\" srcset=\"https:\/\/www.yousanusb.com\/wp-content\/uploads\/2025\/10\/otg-usb-flash-drive.jpg 800w, https:\/\/www.yousanusb.com\/wp-content\/uploads\/2025\/10\/otg-usb-flash-drive-300x300.jpg 300w, https:\/\/www.yousanusb.com\/wp-content\/uploads\/2025\/10\/otg-usb-flash-drive-150x150.jpg 150w, https:\/\/www.yousanusb.com\/wp-content\/uploads\/2025\/10\/otg-usb-flash-drive-768x768.jpg 768w, https:\/\/www.yousanusb.com\/wp-content\/uploads\/2025\/10\/otg-usb-flash-drive-12x12.jpg 12w, https:\/\/www.yousanusb.com\/wp-content\/uploads\/2025\/10\/otg-usb-flash-drive-600x600.jpg 600w, https:\/\/www.yousanusb.com\/wp-content\/uploads\/2025\/10\/otg-usb-flash-drive-100x100.jpg 100w\" sizes=\"(max-width: 800px) 100vw, 800px\" \/><\/figure>\n<\/div>\n<\/div>\n\n\n\n<p>Jedes USB-Laufwerk verf\u00fcgt \u00fcber einen runden Ring an der Oberseite, so dass es an einem Schl\u00fcsselbund befestigt oder mit einem personalisierten Schl\u00fcsselband zu einem kleinen Accessoire kombiniert werden kann. So kannst du ihn immer bei dir tragen, vor Verlust sch\u00fctzen und gleichzeitig einen h\u00fcbschen Akzent zu deinem Outfit setzen.<\/p>\n\n\n\n<div class=\"wp-block-columns is-layout-flex wp-container-core-columns-is-layout-5 wp-block-columns-is-layout-flex\">\n<div class=\"wp-block-column is-layout-flow wp-block-column-is-layout-flow\">\n<div class=\"wp-block-columns is-layout-flex wp-container-core-columns-is-layout-3 wp-block-columns-is-layout-flex\">\n<div class=\"wp-block-column is-layout-flow wp-block-column-is-layout-flow\">\n<figure class=\"wp-block-image size-full\"><img decoding=\"async\" width=\"800\" height=\"800\" src=\"https:\/\/www.yousanusb.com\/wp-content\/uploads\/2025\/10\/Capsule-USB-Flash-Drive.jpg\" alt=\"\" class=\"wp-image-21143\" srcset=\"https:\/\/www.yousanusb.com\/wp-content\/uploads\/2025\/10\/Capsule-USB-Flash-Drive.jpg 800w, https:\/\/www.yousanusb.com\/wp-content\/uploads\/2025\/10\/Capsule-USB-Flash-Drive-300x300.jpg 300w, https:\/\/www.yousanusb.com\/wp-content\/uploads\/2025\/10\/Capsule-USB-Flash-Drive-150x150.jpg 150w, https:\/\/www.yousanusb.com\/wp-content\/uploads\/2025\/10\/Capsule-USB-Flash-Drive-768x768.jpg 768w, https:\/\/www.yousanusb.com\/wp-content\/uploads\/2025\/10\/Capsule-USB-Flash-Drive-12x12.jpg 12w, https:\/\/www.yousanusb.com\/wp-content\/uploads\/2025\/10\/Capsule-USB-Flash-Drive-600x600.jpg 600w, https:\/\/www.yousanusb.com\/wp-content\/uploads\/2025\/10\/Capsule-USB-Flash-Drive-100x100.jpg 100w\" sizes=\"(max-width: 800px) 100vw, 800px\" \/><\/figure>\n<\/div>\n\n\n\n<div class=\"wp-block-column is-layout-flow wp-block-column-is-layout-flow\">\n<figure class=\"wp-block-image size-full\"><img loading=\"lazy\" decoding=\"async\" width=\"800\" height=\"800\" src=\"https:\/\/www.yousanusb.com\/wp-content\/uploads\/2025\/10\/Custom-Capsule-Pod-USB-Flash-Drive.jpg\" alt=\"\" class=\"wp-image-21144\" srcset=\"https:\/\/www.yousanusb.com\/wp-content\/uploads\/2025\/10\/Custom-Capsule-Pod-USB-Flash-Drive.jpg 800w, https:\/\/www.yousanusb.com\/wp-content\/uploads\/2025\/10\/Custom-Capsule-Pod-USB-Flash-Drive-300x300.jpg 300w, https:\/\/www.yousanusb.com\/wp-content\/uploads\/2025\/10\/Custom-Capsule-Pod-USB-Flash-Drive-150x150.jpg 150w, https:\/\/www.yousanusb.com\/wp-content\/uploads\/2025\/10\/Custom-Capsule-Pod-USB-Flash-Drive-768x768.jpg 768w, https:\/\/www.yousanusb.com\/wp-content\/uploads\/2025\/10\/Custom-Capsule-Pod-USB-Flash-Drive-12x12.jpg 12w, https:\/\/www.yousanusb.com\/wp-content\/uploads\/2025\/10\/Custom-Capsule-Pod-USB-Flash-Drive-600x600.jpg 600w, https:\/\/www.yousanusb.com\/wp-content\/uploads\/2025\/10\/Custom-Capsule-Pod-USB-Flash-Drive-100x100.jpg 100w\" sizes=\"(max-width: 800px) 100vw, 800px\" \/><\/figure>\n<\/div>\n<\/div>\n<\/div>\n\n\n\n<div class=\"wp-block-column is-layout-flow wp-block-column-is-layout-flow\">\n<div class=\"wp-block-columns is-layout-flex wp-container-core-columns-is-layout-4 wp-block-columns-is-layout-flex\">\n<div class=\"wp-block-column is-layout-flow wp-block-column-is-layout-flow\">\n<figure class=\"wp-block-image size-full\"><img loading=\"lazy\" decoding=\"async\" width=\"800\" height=\"800\" src=\"https:\/\/www.yousanusb.com\/wp-content\/uploads\/2025\/10\/otg-usb-drive.jpg\" alt=\"\" class=\"wp-image-21146\" srcset=\"https:\/\/www.yousanusb.com\/wp-content\/uploads\/2025\/10\/otg-usb-drive.jpg 800w, https:\/\/www.yousanusb.com\/wp-content\/uploads\/2025\/10\/otg-usb-drive-300x300.jpg 300w, https:\/\/www.yousanusb.com\/wp-content\/uploads\/2025\/10\/otg-usb-drive-150x150.jpg 150w, https:\/\/www.yousanusb.com\/wp-content\/uploads\/2025\/10\/otg-usb-drive-768x768.jpg 768w, https:\/\/www.yousanusb.com\/wp-content\/uploads\/2025\/10\/otg-usb-drive-12x12.jpg 12w, https:\/\/www.yousanusb.com\/wp-content\/uploads\/2025\/10\/otg-usb-drive-600x600.jpg 600w, https:\/\/www.yousanusb.com\/wp-content\/uploads\/2025\/10\/otg-usb-drive-100x100.jpg 100w\" sizes=\"(max-width: 800px) 100vw, 800px\" \/><\/figure>\n<\/div>\n\n\n\n<div class=\"wp-block-column is-layout-flow wp-block-column-is-layout-flow\">\n<figure class=\"wp-block-image size-full\"><img loading=\"lazy\" decoding=\"async\" width=\"800\" height=\"800\" src=\"https:\/\/www.yousanusb.com\/wp-content\/uploads\/2025\/10\/PVC-usb-flash-drive.jpg\" alt=\"\" class=\"wp-image-21148\" srcset=\"https:\/\/www.yousanusb.com\/wp-content\/uploads\/2025\/10\/PVC-usb-flash-drive.jpg 800w, https:\/\/www.yousanusb.com\/wp-content\/uploads\/2025\/10\/PVC-usb-flash-drive-300x300.jpg 300w, https:\/\/www.yousanusb.com\/wp-content\/uploads\/2025\/10\/PVC-usb-flash-drive-150x150.jpg 150w, https:\/\/www.yousanusb.com\/wp-content\/uploads\/2025\/10\/PVC-usb-flash-drive-768x768.jpg 768w, https:\/\/www.yousanusb.com\/wp-content\/uploads\/2025\/10\/PVC-usb-flash-drive-12x12.jpg 12w, https:\/\/www.yousanusb.com\/wp-content\/uploads\/2025\/10\/PVC-usb-flash-drive-600x600.jpg 600w, https:\/\/www.yousanusb.com\/wp-content\/uploads\/2025\/10\/PVC-usb-flash-drive-100x100.jpg 100w\" sizes=\"(max-width: 800px) 100vw, 800px\" \/><\/figure>\n<\/div>\n<\/div>\n<\/div>\n<\/div>\n\n\n\n<div class=\"wp-block-columns is-layout-flex wp-container-core-columns-is-layout-6 wp-block-columns-is-layout-flex\">\n<div class=\"wp-block-column is-layout-flow wp-block-column-is-layout-flow\">\n<figure class=\"wp-block-image size-full\"><img loading=\"lazy\" decoding=\"async\" width=\"800\" height=\"800\" src=\"https:\/\/www.yousanusb.com\/wp-content\/uploads\/2025\/10\/custom-otg-usb-flash-drive.jpg\" alt=\"\" class=\"wp-image-21145\" srcset=\"https:\/\/www.yousanusb.com\/wp-content\/uploads\/2025\/10\/custom-otg-usb-flash-drive.jpg 800w, https:\/\/www.yousanusb.com\/wp-content\/uploads\/2025\/10\/custom-otg-usb-flash-drive-300x300.jpg 300w, https:\/\/www.yousanusb.com\/wp-content\/uploads\/2025\/10\/custom-otg-usb-flash-drive-150x150.jpg 150w, https:\/\/www.yousanusb.com\/wp-content\/uploads\/2025\/10\/custom-otg-usb-flash-drive-768x768.jpg 768w, https:\/\/www.yousanusb.com\/wp-content\/uploads\/2025\/10\/custom-otg-usb-flash-drive-12x12.jpg 12w, https:\/\/www.yousanusb.com\/wp-content\/uploads\/2025\/10\/custom-otg-usb-flash-drive-600x600.jpg 600w, https:\/\/www.yousanusb.com\/wp-content\/uploads\/2025\/10\/custom-otg-usb-flash-drive-100x100.jpg 100w\" sizes=\"(max-width: 800px) 100vw, 800px\" \/><\/figure>\n<\/div>\n\n\n\n<div class=\"wp-block-column is-vertically-aligned-center is-layout-flow wp-block-column-is-layout-flow\">\n<p>Dieses USB-Laufwerk unterst\u00fctzt die Plug-and-Play-Funktionalit\u00e4t f\u00fcr mehrere Ger\u00e4te, einschlie\u00dflich Smartphones und Computer. Egal, ob Sie ein Android- oder iOS-Ger\u00e4t oder einen Windows- oder Mac-Computer verwenden, es sind keine zus\u00e4tzlichen Treiber oder Anwendungen erforderlich. Schlie\u00dfen Sie es einfach an, um Dateien schnell zu \u00fcbertragen - einfach und effizient.<\/p>\n<\/div>\n<\/div>","protected":false},"excerpt":{"rendered":"<ul>\n<li>OTG-USB-Flash-Laufwerk<\/li>\n<li>Plus und Spiel<\/li>\n<li>Weich-PVC-Gummi-Materialien<\/li>\n<li>Benutzerdefiniertes Logo<\/li>\n<li>MOQ:100St\u00fcck<\/li>\n<\/ul>","protected":false},"featured_media":21141,"comment_status":"open","ping_status":"closed","template":"","meta":{"_seopress_robots_primary_cat":"","_seopress_titles_title":"","_seopress_titles_desc":"","_seopress_robots_index":""},"class_list":["post-21138","product","type-product","status-publish","has-post-thumbnail","hentry","product_cat-otg-usb-flash-drive"],"_links":{"self":[{"href":"https:\/\/www.yousanusb.com\/de\/wp-json\/wp\/v2\/product\/21138"}],"collection":[{"href":"https:\/\/www.yousanusb.com\/de\/wp-json\/wp\/v2\/product"}],"about":[{"href":"https:\/\/www.yousanusb.com\/de\/wp-json\/wp\/v2\/types\/product"}],"replies":[{"embeddable":true,"href":"https:\/\/www.yousanusb.com\/de\/wp-json\/wp\/v2\/comments?post=21138"}],"wp:featuredmedia":[{"embeddable":true,"href":"https:\/\/www.yousanusb.com\/de\/wp-json\/wp\/v2\/media\/21141"}],"wp:attachment":[{"href":"https:\/\/www.yousanusb.com\/de\/wp-json\/wp\/v2\/media?parent=21138"}],"curies":[{"name":"wp","href":"https:\/\/api.w.org\/{rel}","templated":true}]}}