{"id":21168,"date":"2025-10-20T07:00:06","date_gmt":"2025-10-20T07:00:06","guid":{"rendered":"https:\/\/www.yousanusb.com\/?post_type=product&#038;p=21168"},"modified":"2025-10-21T03:36:22","modified_gmt":"2025-10-21T03:36:22","slug":"transparent-plastic-pen-usb-flash-drive","status":"publish","type":"product","link":"https:\/\/www.yousanusb.com\/de\/product\/transparent-plastic-pen-usb-flash-drive\/","title":{"rendered":"Transparenter Kunststoffstift USB-Flash-Laufwerk"},"content":{"rendered":"<p>Dieser transparente USB-Stift hebt sich von herk\u00f6mmlichen USB-Stift-Designs ab. Das Geh\u00e4use aus hochtransparentem PC-Kunststoff bietet eine au\u00dfergew\u00f6hnliche Lichtdurchl\u00e4ssigkeit und erm\u00f6glicht einen klaren Blick auf den internen USB-Chip und die mechanischen Komponenten. <\/p>\n\n\n\n<div class=\"wp-block-columns is-layout-flex wp-container-core-columns-is-layout-1 wp-block-columns-is-layout-flex\">\n<div class=\"wp-block-column is-layout-flow wp-block-column-is-layout-flow\">\n<figure class=\"wp-block-image size-full\"><img fetchpriority=\"high\" decoding=\"async\" width=\"800\" height=\"800\" src=\"https:\/\/www.yousanusb.com\/wp-content\/uploads\/2025\/10\/Custom-Printed-Promotional-Trans-USB-Pen.jpg\" alt=\"Individuell bedruckter Werbeartikel-Trans-USB-Stift\" class=\"wp-image-21183\" srcset=\"https:\/\/www.yousanusb.com\/wp-content\/uploads\/2025\/10\/Custom-Printed-Promotional-Trans-USB-Pen.jpg 800w, https:\/\/www.yousanusb.com\/wp-content\/uploads\/2025\/10\/Custom-Printed-Promotional-Trans-USB-Pen-300x300.jpg 300w, https:\/\/www.yousanusb.com\/wp-content\/uploads\/2025\/10\/Custom-Printed-Promotional-Trans-USB-Pen-150x150.jpg 150w, https:\/\/www.yousanusb.com\/wp-content\/uploads\/2025\/10\/Custom-Printed-Promotional-Trans-USB-Pen-768x768.jpg 768w, https:\/\/www.yousanusb.com\/wp-content\/uploads\/2025\/10\/Custom-Printed-Promotional-Trans-USB-Pen-12x12.jpg 12w, https:\/\/www.yousanusb.com\/wp-content\/uploads\/2025\/10\/Custom-Printed-Promotional-Trans-USB-Pen-600x600.jpg 600w, https:\/\/www.yousanusb.com\/wp-content\/uploads\/2025\/10\/Custom-Printed-Promotional-Trans-USB-Pen-100x100.jpg 100w\" sizes=\"(max-width: 800px) 100vw, 800px\" \/><\/figure>\n<\/div>\n\n\n\n<div class=\"wp-block-column is-vertically-aligned-center is-layout-flow wp-block-column-is-layout-flow\">\n<p>In Kombination mit der schlanken, minimalistischen Stiftform und den transparenten Elementen vereint er drei Kernfunktionen in einem vollst\u00e4ndig transparenten Geh\u00e4use: schnelle Dateispeicherung, fl\u00fcssiges Schreiben und klare Laserpointerf\u00fchrung. <\/p>\n\n\n\n<p><\/p>\n<\/div>\n<\/div>\n\n\n\n<p>Er stellt nicht nur optisch seine komplizierte innere Struktur zur Schau und strahlt sowohl technische Raffinesse als auch Designflair aus. Er erf\u00fcllt gleichzeitig verschiedene Bed\u00fcrfnisse f\u00fcr B\u00fcroarbeit, Studium und Pr\u00e4sentationen und beweist, dass praktische Werkzeuge auch \u00e4sthetisch und feierlich sein k\u00f6nnen.<\/p>\n\n\n\n<div class=\"wp-block-columns is-layout-flex wp-container-core-columns-is-layout-2 wp-block-columns-is-layout-flex\">\n<div class=\"wp-block-column is-layout-flow wp-block-column-is-layout-flow\">\n<figure class=\"wp-block-image size-full\"><img decoding=\"async\" width=\"800\" height=\"800\" src=\"https:\/\/www.yousanusb.com\/wp-content\/uploads\/2025\/10\/pen-flash-usb-1.jpg\" alt=\"\" class=\"wp-image-21184\" srcset=\"https:\/\/www.yousanusb.com\/wp-content\/uploads\/2025\/10\/pen-flash-usb-1.jpg 800w, https:\/\/www.yousanusb.com\/wp-content\/uploads\/2025\/10\/pen-flash-usb-1-300x300.jpg 300w, https:\/\/www.yousanusb.com\/wp-content\/uploads\/2025\/10\/pen-flash-usb-1-150x150.jpg 150w, https:\/\/www.yousanusb.com\/wp-content\/uploads\/2025\/10\/pen-flash-usb-1-768x768.jpg 768w, https:\/\/www.yousanusb.com\/wp-content\/uploads\/2025\/10\/pen-flash-usb-1-12x12.jpg 12w, https:\/\/www.yousanusb.com\/wp-content\/uploads\/2025\/10\/pen-flash-usb-1-600x600.jpg 600w, https:\/\/www.yousanusb.com\/wp-content\/uploads\/2025\/10\/pen-flash-usb-1-100x100.jpg 100w\" sizes=\"(max-width: 800px) 100vw, 800px\" \/><\/figure>\n<\/div>\n\n\n\n<div class=\"wp-block-column is-layout-flow wp-block-column-is-layout-flow\">\n<figure class=\"wp-block-image size-full\"><img decoding=\"async\" width=\"800\" height=\"800\" src=\"https:\/\/www.yousanusb.com\/wp-content\/uploads\/2025\/10\/custome-pen-usb-flash-1.jpg\" alt=\"\" class=\"wp-image-21182\" srcset=\"https:\/\/www.yousanusb.com\/wp-content\/uploads\/2025\/10\/custome-pen-usb-flash-1.jpg 800w, https:\/\/www.yousanusb.com\/wp-content\/uploads\/2025\/10\/custome-pen-usb-flash-1-300x300.jpg 300w, https:\/\/www.yousanusb.com\/wp-content\/uploads\/2025\/10\/custome-pen-usb-flash-1-150x150.jpg 150w, https:\/\/www.yousanusb.com\/wp-content\/uploads\/2025\/10\/custome-pen-usb-flash-1-768x768.jpg 768w, https:\/\/www.yousanusb.com\/wp-content\/uploads\/2025\/10\/custome-pen-usb-flash-1-12x12.jpg 12w, https:\/\/www.yousanusb.com\/wp-content\/uploads\/2025\/10\/custome-pen-usb-flash-1-600x600.jpg 600w, https:\/\/www.yousanusb.com\/wp-content\/uploads\/2025\/10\/custome-pen-usb-flash-1-100x100.jpg 100w\" sizes=\"(max-width: 800px) 100vw, 800px\" \/><\/figure>\n<\/div>\n\n\n\n<div class=\"wp-block-column is-layout-flow wp-block-column-is-layout-flow\">\n<figure class=\"wp-block-image size-full\"><img loading=\"lazy\" decoding=\"async\" width=\"800\" height=\"800\" src=\"https:\/\/www.yousanusb.com\/wp-content\/uploads\/2025\/10\/Corporate-Gift-Pen-Ballpoint-Usb-Flash-Drive.jpg\" alt=\"\" class=\"wp-image-21181\" srcset=\"https:\/\/www.yousanusb.com\/wp-content\/uploads\/2025\/10\/Corporate-Gift-Pen-Ballpoint-Usb-Flash-Drive.jpg 800w, https:\/\/www.yousanusb.com\/wp-content\/uploads\/2025\/10\/Corporate-Gift-Pen-Ballpoint-Usb-Flash-Drive-300x300.jpg 300w, https:\/\/www.yousanusb.com\/wp-content\/uploads\/2025\/10\/Corporate-Gift-Pen-Ballpoint-Usb-Flash-Drive-150x150.jpg 150w, https:\/\/www.yousanusb.com\/wp-content\/uploads\/2025\/10\/Corporate-Gift-Pen-Ballpoint-Usb-Flash-Drive-768x768.jpg 768w, https:\/\/www.yousanusb.com\/wp-content\/uploads\/2025\/10\/Corporate-Gift-Pen-Ballpoint-Usb-Flash-Drive-12x12.jpg 12w, https:\/\/www.yousanusb.com\/wp-content\/uploads\/2025\/10\/Corporate-Gift-Pen-Ballpoint-Usb-Flash-Drive-600x600.jpg 600w, https:\/\/www.yousanusb.com\/wp-content\/uploads\/2025\/10\/Corporate-Gift-Pen-Ballpoint-Usb-Flash-Drive-100x100.jpg 100w\" sizes=\"(max-width: 800px) 100vw, 800px\" \/><\/figure>\n<\/div>\n\n\n\n<div class=\"wp-block-column is-layout-flow wp-block-column-is-layout-flow\">\n<figure class=\"wp-block-image size-full\"><img loading=\"lazy\" decoding=\"async\" width=\"800\" height=\"800\" src=\"https:\/\/www.yousanusb.com\/wp-content\/uploads\/2025\/10\/ballpoint-pen-with-usb-flash-drive-1.jpg\" alt=\"\" class=\"wp-image-21180\" srcset=\"https:\/\/www.yousanusb.com\/wp-content\/uploads\/2025\/10\/ballpoint-pen-with-usb-flash-drive-1.jpg 800w, https:\/\/www.yousanusb.com\/wp-content\/uploads\/2025\/10\/ballpoint-pen-with-usb-flash-drive-1-300x300.jpg 300w, https:\/\/www.yousanusb.com\/wp-content\/uploads\/2025\/10\/ballpoint-pen-with-usb-flash-drive-1-150x150.jpg 150w, https:\/\/www.yousanusb.com\/wp-content\/uploads\/2025\/10\/ballpoint-pen-with-usb-flash-drive-1-768x768.jpg 768w, https:\/\/www.yousanusb.com\/wp-content\/uploads\/2025\/10\/ballpoint-pen-with-usb-flash-drive-1-12x12.jpg 12w, https:\/\/www.yousanusb.com\/wp-content\/uploads\/2025\/10\/ballpoint-pen-with-usb-flash-drive-1-600x600.jpg 600w, https:\/\/www.yousanusb.com\/wp-content\/uploads\/2025\/10\/ballpoint-pen-with-usb-flash-drive-1-100x100.jpg 100w\" sizes=\"(max-width: 800px) 100vw, 800px\" \/><\/figure>\n<\/div>\n<\/div>\n\n\n\n<p>Ausgestattet mit einem Hochgeschwindigkeits-USB-Modul bietet er mehrere Kapazit\u00e4ten von 16 GB bis 128 GB, die mit g\u00e4ngigen Systemen wie Windows und Mac kompatibel sind. Office-Dokumente, Kursunterlagen und hochaufl\u00f6sende Bilder k\u00f6nnen dank Plug-and-Play-Funktionalit\u00e4t sofort gespeichert und \u00fcbertragen werden.<\/p>\n\n\n\n<div class=\"wp-block-columns is-layout-flex wp-container-core-columns-is-layout-3 wp-block-columns-is-layout-flex\">\n<div class=\"wp-block-column is-layout-flow wp-block-column-is-layout-flow\">\n<figure class=\"wp-block-image size-full\"><img loading=\"lazy\" decoding=\"async\" width=\"800\" height=\"800\" src=\"https:\/\/www.yousanusb.com\/wp-content\/uploads\/2025\/10\/pen-with-usb-flash-drive.jpg\" alt=\"\" class=\"wp-image-21186\" srcset=\"https:\/\/www.yousanusb.com\/wp-content\/uploads\/2025\/10\/pen-with-usb-flash-drive.jpg 800w, https:\/\/www.yousanusb.com\/wp-content\/uploads\/2025\/10\/pen-with-usb-flash-drive-300x300.jpg 300w, https:\/\/www.yousanusb.com\/wp-content\/uploads\/2025\/10\/pen-with-usb-flash-drive-150x150.jpg 150w, https:\/\/www.yousanusb.com\/wp-content\/uploads\/2025\/10\/pen-with-usb-flash-drive-768x768.jpg 768w, https:\/\/www.yousanusb.com\/wp-content\/uploads\/2025\/10\/pen-with-usb-flash-drive-12x12.jpg 12w, https:\/\/www.yousanusb.com\/wp-content\/uploads\/2025\/10\/pen-with-usb-flash-drive-600x600.jpg 600w, https:\/\/www.yousanusb.com\/wp-content\/uploads\/2025\/10\/pen-with-usb-flash-drive-100x100.jpg 100w\" sizes=\"(max-width: 800px) 100vw, 800px\" \/><\/figure>\n<\/div>\n\n\n\n<div class=\"wp-block-column is-layout-flow wp-block-column-is-layout-flow\">\n<figure class=\"wp-block-image size-full\"><img loading=\"lazy\" decoding=\"async\" width=\"800\" height=\"800\" src=\"https:\/\/www.yousanusb.com\/wp-content\/uploads\/2025\/10\/USB-Flash-drive-Pen-Combo.jpg\" alt=\"\" class=\"wp-image-21187\" srcset=\"https:\/\/www.yousanusb.com\/wp-content\/uploads\/2025\/10\/USB-Flash-drive-Pen-Combo.jpg 800w, https:\/\/www.yousanusb.com\/wp-content\/uploads\/2025\/10\/USB-Flash-drive-Pen-Combo-300x300.jpg 300w, https:\/\/www.yousanusb.com\/wp-content\/uploads\/2025\/10\/USB-Flash-drive-Pen-Combo-150x150.jpg 150w, https:\/\/www.yousanusb.com\/wp-content\/uploads\/2025\/10\/USB-Flash-drive-Pen-Combo-768x768.jpg 768w, https:\/\/www.yousanusb.com\/wp-content\/uploads\/2025\/10\/USB-Flash-drive-Pen-Combo-12x12.jpg 12w, https:\/\/www.yousanusb.com\/wp-content\/uploads\/2025\/10\/USB-Flash-drive-Pen-Combo-600x600.jpg 600w, https:\/\/www.yousanusb.com\/wp-content\/uploads\/2025\/10\/USB-Flash-drive-Pen-Combo-100x100.jpg 100w\" sizes=\"(max-width: 800px) 100vw, 800px\" \/><\/figure>\n<\/div>\n<\/div>\n\n\n\n<p>Im Schaft befindet sich eine hochwertige 0,5-mm-Kugelschreibermine, die mit schnell trocknender, wischfester Tinte f\u00fcr ein gleichm\u00e4\u00dfiges und fl\u00fcssiges Schriftbild sorgt. Unterst\u00fctzt den universellen Austausch von Minen f\u00fcr m\u00fcheloses t\u00e4gliches Notieren und Hervorheben. Das hochaufl\u00f6sende Lasermodul an der Oberseite des Stiftes sendet bei leichtem Druck einen scharfen Strahl aus - ideal, um bei Gesch\u00e4ftspr\u00e4sentationen wichtige Punkte einzukreisen oder die Aufmerksamkeit in Klassenzimmern zu lenken. Es sorgt auch in gro\u00dfen R\u00e4umen f\u00fcr einen pr\u00e4zisen Fokus, so dass Sie den Raum beherrschen k\u00f6nnen, ohne Ihren Platz zu verlassen.<\/p>","protected":false},"excerpt":{"rendered":"<ul>\n<li>Transparent<\/li>\n<li>Kunststoffmaterial<\/li>\n<li>Stift USB-Flash-Laufwerk<\/li>\n<li>1GB-256GB<\/li>\n<li>Benutzerdefiniertes Logo<\/li>\n<\/ul>","protected":false},"featured_media":21183,"comment_status":"open","ping_status":"closed","template":"","meta":{"_seopress_robots_primary_cat":"","_seopress_titles_title":"Transparent Plastic Pen USB Flash Drive","_seopress_titles_desc":"","_seopress_robots_index":""},"class_list":["post-21168","product","type-product","status-publish","has-post-thumbnail","hentry","product_cat-usb-drive-pens","product_tag-usb-drive-with-ballpoint-pen"],"_links":{"self":[{"href":"https:\/\/www.yousanusb.com\/de\/wp-json\/wp\/v2\/product\/21168"}],"collection":[{"href":"https:\/\/www.yousanusb.com\/de\/wp-json\/wp\/v2\/product"}],"about":[{"href":"https:\/\/www.yousanusb.com\/de\/wp-json\/wp\/v2\/types\/product"}],"replies":[{"embeddable":true,"href":"https:\/\/www.yousanusb.com\/de\/wp-json\/wp\/v2\/comments?post=21168"}],"wp:featuredmedia":[{"embeddable":true,"href":"https:\/\/www.yousanusb.com\/de\/wp-json\/wp\/v2\/media\/21183"}],"wp:attachment":[{"href":"https:\/\/www.yousanusb.com\/de\/wp-json\/wp\/v2\/media?parent=21168"}],"curies":[{"name":"wp","href":"https:\/\/api.w.org\/{rel}","templated":true}]}}