{"id":21372,"date":"2025-10-21T08:17:47","date_gmt":"2025-10-21T08:17:47","guid":{"rendered":"https:\/\/www.yousanusb.com\/?post_type=product&#038;p=21372"},"modified":"2025-10-22T03:55:47","modified_gmt":"2025-10-22T03:55:47","slug":"gorilla-pvc-keychain","status":"publish","type":"product","link":"https:\/\/www.yousanusb.com\/de\/product\/gorilla-pvc-keychain\/","title":{"rendered":"Individueller Gorilla-Schl\u00fcsselanh\u00e4nger"},"content":{"rendered":"<p>Es gibt zwei Arten Gorilla PVC weichen Schl\u00fcsselanh\u00e4nger.eine ist warm braun Gorilla, andere ist schwarz-grau Gorilla.jeder kommt mit einem Standard-Schl\u00fcsselring und Schl\u00fcsselkette. Der Schl\u00fcsselring ist aus einer hochfesten Zinklegierung gefertigt und hat einen abnehmbaren Verschluss. Der Schl\u00fcsselanh\u00e4nger ist aus hochwertigem Edelstahl gefertigt und hat einen Kettendurchmesser von ca. 2 mm. Dank seiner moderaten Dicke und au\u00dfergew\u00f6hnlichen Z\u00e4higkeit kann er ein hohes Gewicht aushalten, ohne sich zu verformen oder zu brechen.<\/p>\n\n\n\n<h2 class=\"wp-block-heading\">1.brauner Gorilla-Schl\u00fcsselanh\u00e4nger<\/h2>\n\n\n\n<div class=\"wp-block-columns is-layout-flex wp-container-core-columns-is-layout-1 wp-block-columns-is-layout-flex\">\n<div class=\"wp-block-column is-layout-flow wp-block-column-is-layout-flow\">\n<figure class=\"wp-block-image size-full\"><img fetchpriority=\"high\" decoding=\"async\" width=\"800\" height=\"800\" src=\"https:\/\/www.yousanusb.com\/wp-content\/uploads\/2025\/10\/Gorilla-key-chain.jpg\" alt=\"\" class=\"wp-image-21384\" srcset=\"https:\/\/www.yousanusb.com\/wp-content\/uploads\/2025\/10\/Gorilla-key-chain.jpg 800w, https:\/\/www.yousanusb.com\/wp-content\/uploads\/2025\/10\/Gorilla-key-chain-300x300.jpg 300w, https:\/\/www.yousanusb.com\/wp-content\/uploads\/2025\/10\/Gorilla-key-chain-150x150.jpg 150w, https:\/\/www.yousanusb.com\/wp-content\/uploads\/2025\/10\/Gorilla-key-chain-768x768.jpg 768w, https:\/\/www.yousanusb.com\/wp-content\/uploads\/2025\/10\/Gorilla-key-chain-12x12.jpg 12w, https:\/\/www.yousanusb.com\/wp-content\/uploads\/2025\/10\/Gorilla-key-chain-600x600.jpg 600w, https:\/\/www.yousanusb.com\/wp-content\/uploads\/2025\/10\/Gorilla-key-chain-100x100.jpg 100w\" sizes=\"(max-width: 800px) 100vw, 800px\" \/><\/figure>\n<\/div>\n\n\n\n<div class=\"wp-block-column is-vertically-aligned-center is-layout-flow wp-block-column-is-layout-flow\">\n<p>Dieser warme, braune Gorilla hat einen abgerundeten K\u00f6rper, wobei sein flauschiges wei\u00dfes Gesicht und sein Bauch einen auff\u00e4lligen Farbkontrast bilden. Die rosafarbenen Wangen verleihen ihm eine verspielte Note, w\u00e4hrend ein kleines Horn seinen Kopf ziert. Klare, flie\u00dfende Linien erg\u00e4nzen komplizierte Details wie spiralf\u00f6rmige Muster und sorgf\u00e4ltig gearbeitete Krallen, die einen unbestreitbar liebenswerten Stil pr\u00e4sentieren.<\/p>\n<\/div>\n<\/div>\n\n\n\n<h2 class=\"wp-block-heading\">2. schwarzer und grauer Gorilla als Schl\u00fcsselanh\u00e4nger<\/h2>\n\n\n\n<div class=\"wp-block-columns is-layout-flex wp-container-core-columns-is-layout-2 wp-block-columns-is-layout-flex\">\n<div class=\"wp-block-column is-layout-flow wp-block-column-is-layout-flow\">\n<figure class=\"wp-block-image size-full\"><img decoding=\"async\" width=\"800\" height=\"800\" src=\"https:\/\/www.yousanusb.com\/wp-content\/uploads\/2025\/10\/a-Gorilla-PVC-keychain.jpg\" alt=\"\" class=\"wp-image-21383\" srcset=\"https:\/\/www.yousanusb.com\/wp-content\/uploads\/2025\/10\/a-Gorilla-PVC-keychain.jpg 800w, https:\/\/www.yousanusb.com\/wp-content\/uploads\/2025\/10\/a-Gorilla-PVC-keychain-300x300.jpg 300w, https:\/\/www.yousanusb.com\/wp-content\/uploads\/2025\/10\/a-Gorilla-PVC-keychain-150x150.jpg 150w, https:\/\/www.yousanusb.com\/wp-content\/uploads\/2025\/10\/a-Gorilla-PVC-keychain-768x768.jpg 768w, https:\/\/www.yousanusb.com\/wp-content\/uploads\/2025\/10\/a-Gorilla-PVC-keychain-12x12.jpg 12w, https:\/\/www.yousanusb.com\/wp-content\/uploads\/2025\/10\/a-Gorilla-PVC-keychain-600x600.jpg 600w, https:\/\/www.yousanusb.com\/wp-content\/uploads\/2025\/10\/a-Gorilla-PVC-keychain-100x100.jpg 100w\" sizes=\"(max-width: 800px) 100vw, 800px\" \/><\/figure>\n<\/div>\n\n\n\n<div class=\"wp-block-column is-vertically-aligned-center is-layout-flow wp-block-column-is-layout-flow\">\n<p>Dieser schwarz-graue Gorilla zeigt die charakteristische K\u00f6rperhaltung des Tieres mit einem lebendigen Gesichtsausdruck. Sein grinsender Mund vermittelt einen Hauch von liebenswerter Unschuld, w\u00e4hrend die komplizierten schwarz-grauen Markierungen auf seinem K\u00f6rper die Form des Gorillas so lebensecht und dreidimensional machen, dass er jeden Moment in Bewegung zu geraten scheint.<\/p>\n<\/div>\n<\/div>","protected":false},"excerpt":{"rendered":"<ul>\n<li>Schl\u00fcsselanh\u00e4nger aus PVC weich<\/li>\n<li>Jede Gr\u00f6\u00dfe, ma\u00dfgeschneidert<\/li>\n<li>PVC-Injektionsdruckverfahren<\/li>\n<li>Einzelverpackung im OPP-Beutel<\/li>\n<li>MOQ:100St\u00fcck<\/li>\n<\/ul>","protected":false},"featured_media":21384,"comment_status":"open","ping_status":"closed","template":"","meta":{"_seopress_robots_primary_cat":"","_seopress_titles_title":"","_seopress_titles_desc":"","_seopress_robots_index":""},"class_list":["post-21372","product","type-product","status-publish","has-post-thumbnail","hentry","product_cat-3d-rubber-key-chain"],"_links":{"self":[{"href":"https:\/\/www.yousanusb.com\/de\/wp-json\/wp\/v2\/product\/21372"}],"collection":[{"href":"https:\/\/www.yousanusb.com\/de\/wp-json\/wp\/v2\/product"}],"about":[{"href":"https:\/\/www.yousanusb.com\/de\/wp-json\/wp\/v2\/types\/product"}],"replies":[{"embeddable":true,"href":"https:\/\/www.yousanusb.com\/de\/wp-json\/wp\/v2\/comments?post=21372"}],"wp:featuredmedia":[{"embeddable":true,"href":"https:\/\/www.yousanusb.com\/de\/wp-json\/wp\/v2\/media\/21384"}],"wp:attachment":[{"href":"https:\/\/www.yousanusb.com\/de\/wp-json\/wp\/v2\/media?parent=21372"}],"curies":[{"name":"wp","href":"https:\/\/api.w.org\/{rel}","templated":true}]}}