{"id":21552,"date":"2025-10-21T10:08:14","date_gmt":"2025-10-21T10:08:14","guid":{"rendered":"https:\/\/www.yousanusb.com\/?post_type=product&#038;p=21552"},"modified":"2025-10-22T03:54:46","modified_gmt":"2025-10-22T03:54:46","slug":"yellow-duck-pvc-keychain","status":"publish","type":"product","link":"https:\/\/www.yousanusb.com\/de\/product\/yellow-duck-pvc-keychain\/","title":{"rendered":"Custom Yellow Duck Schl\u00fcsselanh\u00e4nger"},"content":{"rendered":"<p>Dieser kleine gelbe Enten-Schl\u00fcsselanh\u00e4nger hat einen leuchtend gelben K\u00f6rper und eine runde, liebenswerte Form. Der leuchtend orange-rote Schnabel und die Schwimmh\u00e4ute an den F\u00fc\u00dfen sorgen f\u00fcr einen fr\u00f6hlichen Farbakzent, w\u00e4hrend die lebhaften Augen voller Unschuld zu sein scheinen. Mit leicht gespreizten Fl\u00fcgeln scheint er Ihnen fr\u00f6hlich zuzuwinken.<\/p>\n\n\n\n<p>Das PVC-Weichgummi-Material ist flexibel und leicht zu formen und gleichzeitig sehr lichtecht. Zum Reinigen einfach mit einem feuchten Tuch abwischen. Die Hardware besteht aus einem Schl\u00fcsselring aus einer hochfesten Zinklegierung (mit abnehmbarem Clip f\u00fcr eine einfache Bedienung) und einer Kette aus rostfreiem Stahl (m\u00e4\u00dfig dick mit hervorragender Flexibilit\u00e4t), die sowohl eine sichere Schl\u00fcsselaufbewahrung als auch eine lange Haltbarkeit gew\u00e4hrleisten.<\/p>\n\n\n\n<div class=\"wp-block-columns is-layout-flex wp-container-core-columns-is-layout-1 wp-block-columns-is-layout-flex\">\n<div class=\"wp-block-column is-layout-flow wp-block-column-is-layout-flow\">\n<figure class=\"wp-block-image size-full\"><img fetchpriority=\"high\" decoding=\"async\" width=\"800\" height=\"800\" src=\"https:\/\/www.yousanusb.com\/wp-content\/uploads\/2025\/10\/Duckling.jpg\" alt=\"\" class=\"wp-image-21556\" srcset=\"https:\/\/www.yousanusb.com\/wp-content\/uploads\/2025\/10\/Duckling.jpg 800w, https:\/\/www.yousanusb.com\/wp-content\/uploads\/2025\/10\/Duckling-300x300.jpg 300w, https:\/\/www.yousanusb.com\/wp-content\/uploads\/2025\/10\/Duckling-150x150.jpg 150w, https:\/\/www.yousanusb.com\/wp-content\/uploads\/2025\/10\/Duckling-768x768.jpg 768w, https:\/\/www.yousanusb.com\/wp-content\/uploads\/2025\/10\/Duckling-12x12.jpg 12w, https:\/\/www.yousanusb.com\/wp-content\/uploads\/2025\/10\/Duckling-600x600.jpg 600w, https:\/\/www.yousanusb.com\/wp-content\/uploads\/2025\/10\/Duckling-100x100.jpg 100w\" sizes=\"(max-width: 800px) 100vw, 800px\" \/><\/figure>\n<\/div>\n\n\n\n<div class=\"wp-block-column is-layout-flow wp-block-column-is-layout-flow\">\n<figure class=\"wp-block-image size-full\"><img decoding=\"async\" width=\"1920\" height=\"1920\" src=\"https:\/\/www.yousanusb.com\/wp-content\/uploads\/2025\/10\/duckling-keychain-1.jpg\" alt=\"\" class=\"wp-image-21587\" srcset=\"https:\/\/www.yousanusb.com\/wp-content\/uploads\/2025\/10\/duckling-keychain-1.jpg 1920w, https:\/\/www.yousanusb.com\/wp-content\/uploads\/2025\/10\/duckling-keychain-1-300x300.jpg 300w, https:\/\/www.yousanusb.com\/wp-content\/uploads\/2025\/10\/duckling-keychain-1-1024x1024.jpg 1024w, https:\/\/www.yousanusb.com\/wp-content\/uploads\/2025\/10\/duckling-keychain-1-150x150.jpg 150w, https:\/\/www.yousanusb.com\/wp-content\/uploads\/2025\/10\/duckling-keychain-1-768x768.jpg 768w, https:\/\/www.yousanusb.com\/wp-content\/uploads\/2025\/10\/duckling-keychain-1-1536x1536.jpg 1536w, https:\/\/www.yousanusb.com\/wp-content\/uploads\/2025\/10\/duckling-keychain-1-12x12.jpg 12w, https:\/\/www.yousanusb.com\/wp-content\/uploads\/2025\/10\/duckling-keychain-1-600x600.jpg 600w, https:\/\/www.yousanusb.com\/wp-content\/uploads\/2025\/10\/duckling-keychain-1-100x100.jpg 100w\" sizes=\"(max-width: 1920px) 100vw, 1920px\" \/><\/figure>\n<\/div>\n<\/div>\n\n\n\n<p><\/p>","protected":false},"excerpt":{"rendered":"<ul>\n<li>Individuelle PVC-Schl\u00fcsselanh\u00e4nger von hoher Qualit\u00e4t<\/li>\n<li>Gummiertes Weich-PVC<\/li>\n<li>Jede Gr\u00f6\u00dfe, ma\u00dfgeschneidert<\/li>\n<li>Einzelverpackung im OPP-Beutel<\/li>\n<li>MOQ:100St\u00fcck<\/li>\n<\/ul>","protected":false},"featured_media":21556,"comment_status":"open","ping_status":"closed","template":"","meta":{"_seopress_robots_primary_cat":"","_seopress_titles_title":"","_seopress_titles_desc":"","_seopress_robots_index":""},"class_list":["post-21552","product","type-product","status-publish","has-post-thumbnail","hentry","product_cat-3d-rubber-key-chain"],"_links":{"self":[{"href":"https:\/\/www.yousanusb.com\/de\/wp-json\/wp\/v2\/product\/21552"}],"collection":[{"href":"https:\/\/www.yousanusb.com\/de\/wp-json\/wp\/v2\/product"}],"about":[{"href":"https:\/\/www.yousanusb.com\/de\/wp-json\/wp\/v2\/types\/product"}],"replies":[{"embeddable":true,"href":"https:\/\/www.yousanusb.com\/de\/wp-json\/wp\/v2\/comments?post=21552"}],"wp:featuredmedia":[{"embeddable":true,"href":"https:\/\/www.yousanusb.com\/de\/wp-json\/wp\/v2\/media\/21556"}],"wp:attachment":[{"href":"https:\/\/www.yousanusb.com\/de\/wp-json\/wp\/v2\/media?parent=21552"}],"curies":[{"name":"wp","href":"https:\/\/api.w.org\/{rel}","templated":true}]}}