{"id":22113,"date":"2025-10-22T07:23:50","date_gmt":"2025-10-22T07:23:50","guid":{"rendered":"https:\/\/www.yousanusb.com\/?post_type=product&#038;p=22113"},"modified":"2025-10-22T12:36:17","modified_gmt":"2025-10-22T12:36:17","slug":"cute-koala-pvc-keychain","status":"publish","type":"product","link":"https:\/\/www.yousanusb.com\/de\/product\/cute-koala-pvc-keychain\/","title":{"rendered":"Niedlicher Koala PVC Schl\u00fcsselanh\u00e4nger"},"content":{"rendered":"<p>This koala keychain comes in two designs: one features a gray-brown koala with round ears, dark eyes, and a light brown nose, holding a tender green eucalyptus branch with an endearingly innocent expression; the other showcases a pink-purple koala, its warm brown nose complemented by dark brown paw pads, adorned with the same eucalyptus branch to highlight its soft and adorable charm.<\/p>\n\n\n\n<p> Crafted from durable PVC soft rubber, it features a standard-sized metal keyring and chain for easy key storage. Whether used as a key accessory or bag charm, it&#8217;s sure to be an eye-catching focal point. Makes a perfect little gift for friends!<\/p>\n\n\n\n<div class=\"wp-block-columns is-layout-flex wp-container-core-columns-is-layout-1 wp-block-columns-is-layout-flex\">\n<div class=\"wp-block-column is-layout-flow wp-block-column-is-layout-flow\">\n<figure class=\"wp-block-image size-full\"><img fetchpriority=\"high\" decoding=\"async\" width=\"800\" height=\"800\" src=\"https:\/\/www.yousanusb.com\/wp-content\/uploads\/2025\/10\/Koala-PVC-keychain.jpg\" alt=\"\" class=\"wp-image-22133\" srcset=\"https:\/\/www.yousanusb.com\/wp-content\/uploads\/2025\/10\/Koala-PVC-keychain.jpg 800w, https:\/\/www.yousanusb.com\/wp-content\/uploads\/2025\/10\/Koala-PVC-keychain-300x300.jpg 300w, https:\/\/www.yousanusb.com\/wp-content\/uploads\/2025\/10\/Koala-PVC-keychain-150x150.jpg 150w, https:\/\/www.yousanusb.com\/wp-content\/uploads\/2025\/10\/Koala-PVC-keychain-768x768.jpg 768w, https:\/\/www.yousanusb.com\/wp-content\/uploads\/2025\/10\/Koala-PVC-keychain-12x12.jpg 12w, https:\/\/www.yousanusb.com\/wp-content\/uploads\/2025\/10\/Koala-PVC-keychain-600x600.jpg 600w, https:\/\/www.yousanusb.com\/wp-content\/uploads\/2025\/10\/Koala-PVC-keychain-100x100.jpg 100w\" sizes=\"(max-width: 800px) 100vw, 800px\" \/><\/figure>\n<\/div>\n\n\n\n<div class=\"wp-block-column is-layout-flow wp-block-column-is-layout-flow\">\n<figure class=\"wp-block-image size-full\"><img decoding=\"async\" width=\"800\" height=\"800\" src=\"https:\/\/www.yousanusb.com\/wp-content\/uploads\/2025\/10\/Koala-keychain.jpg\" alt=\"\" class=\"wp-image-22132\" srcset=\"https:\/\/www.yousanusb.com\/wp-content\/uploads\/2025\/10\/Koala-keychain.jpg 800w, https:\/\/www.yousanusb.com\/wp-content\/uploads\/2025\/10\/Koala-keychain-300x300.jpg 300w, https:\/\/www.yousanusb.com\/wp-content\/uploads\/2025\/10\/Koala-keychain-150x150.jpg 150w, https:\/\/www.yousanusb.com\/wp-content\/uploads\/2025\/10\/Koala-keychain-768x768.jpg 768w, https:\/\/www.yousanusb.com\/wp-content\/uploads\/2025\/10\/Koala-keychain-12x12.jpg 12w, https:\/\/www.yousanusb.com\/wp-content\/uploads\/2025\/10\/Koala-keychain-600x600.jpg 600w, https:\/\/www.yousanusb.com\/wp-content\/uploads\/2025\/10\/Koala-keychain-100x100.jpg 100w\" sizes=\"(max-width: 800px) 100vw, 800px\" \/><\/figure>\n<\/div>\n<\/div>","protected":false},"excerpt":{"rendered":"<ul>\n<li>Weiche PVC-Materialien<\/li>\n<li>Custom different colors<\/li>\n<li>Jede Gr\u00f6\u00dfe, ma\u00dfgeschneidert<\/li>\n<li>Einzelverpackung im OPP-Beutel<\/li>\n<li>MOQ:200St\u00fcck<\/li>\n<\/ul>","protected":false},"featured_media":22133,"comment_status":"open","ping_status":"closed","template":"","meta":{"_seopress_robots_primary_cat":"","_seopress_titles_title":"","_seopress_titles_desc":"","_seopress_robots_index":""},"class_list":["post-22113","product","type-product","status-publish","has-post-thumbnail","hentry","product_cat-3d-rubber-key-chain"],"_links":{"self":[{"href":"https:\/\/www.yousanusb.com\/de\/wp-json\/wp\/v2\/product\/22113"}],"collection":[{"href":"https:\/\/www.yousanusb.com\/de\/wp-json\/wp\/v2\/product"}],"about":[{"href":"https:\/\/www.yousanusb.com\/de\/wp-json\/wp\/v2\/types\/product"}],"replies":[{"embeddable":true,"href":"https:\/\/www.yousanusb.com\/de\/wp-json\/wp\/v2\/comments?post=22113"}],"wp:featuredmedia":[{"embeddable":true,"href":"https:\/\/www.yousanusb.com\/de\/wp-json\/wp\/v2\/media\/22133"}],"wp:attachment":[{"href":"https:\/\/www.yousanusb.com\/de\/wp-json\/wp\/v2\/media?parent=22113"}],"curies":[{"name":"wp","href":"https:\/\/api.w.org\/{rel}","templated":true}]}}