{"id":22356,"date":"2025-10-23T05:33:17","date_gmt":"2025-10-23T05:33:17","guid":{"rendered":"https:\/\/www.yousanusb.com\/?post_type=product&#038;p=22356"},"modified":"2025-10-24T03:29:46","modified_gmt":"2025-10-24T03:29:46","slug":"cute-owl-keychain","status":"publish","type":"product","link":"https:\/\/www.yousanusb.com\/de\/product\/cute-owl-keychain\/","title":{"rendered":"s\u00fc\u00dfer Eulen-Schl\u00fcsselanh\u00e4nger"},"content":{"rendered":"<div class=\"wp-block-columns is-layout-flex wp-container-core-columns-is-layout-1 wp-block-columns-is-layout-flex\">\n<div class=\"wp-block-column is-layout-flow wp-block-column-is-layout-flow\">\n<figure class=\"wp-block-image size-full\"><img fetchpriority=\"high\" decoding=\"async\" width=\"800\" height=\"800\" src=\"https:\/\/www.yousanusb.com\/wp-content\/uploads\/2025\/10\/owl-PVC-keychain.jpg\" alt=\"\" class=\"wp-image-22360\" srcset=\"https:\/\/www.yousanusb.com\/wp-content\/uploads\/2025\/10\/owl-PVC-keychain.jpg 800w, https:\/\/www.yousanusb.com\/wp-content\/uploads\/2025\/10\/owl-PVC-keychain-300x300.jpg 300w, https:\/\/www.yousanusb.com\/wp-content\/uploads\/2025\/10\/owl-PVC-keychain-150x150.jpg 150w, https:\/\/www.yousanusb.com\/wp-content\/uploads\/2025\/10\/owl-PVC-keychain-768x768.jpg 768w, https:\/\/www.yousanusb.com\/wp-content\/uploads\/2025\/10\/owl-PVC-keychain-12x12.jpg 12w, https:\/\/www.yousanusb.com\/wp-content\/uploads\/2025\/10\/owl-PVC-keychain-600x600.jpg 600w, https:\/\/www.yousanusb.com\/wp-content\/uploads\/2025\/10\/owl-PVC-keychain-100x100.jpg 100w\" sizes=\"(max-width: 800px) 100vw, 800px\" \/><\/figure>\n<\/div>\n\n\n\n<div class=\"wp-block-column is-vertically-aligned-center is-layout-flow wp-block-column-is-layout-flow\">\n<p>Dies ist eine farbenfrohe Sammlung von Eulen in Rosa, Blau und Lila, jede mit ihrem eigenen Charme. Jede Eule hat gro\u00dfe, runde, bezaubernde Augen und bunte Federmuster auf den Fl\u00fcgeln, die f\u00fcr ein lebendiges und verspieltes Design sorgen.<\/p>\n\n\n\n<p>Diese Eulen aus weichem PVC-Material mit glatter Textur und robusten Metallbeschl\u00e4gen dienen sowohl als Schl\u00fcsselanh\u00e4nger als auch als Taschenanh\u00e4nger. Ihr charmanter, verspielter Stil verleiht dem t\u00e4glichen Leben eine lebendige Energie und macht sie zur perfekten Wahl, um Accessoires zu schm\u00fccken und Niedlichkeit zu verbreiten.<\/p>\n<\/div>\n<\/div>\n\n\n\n<div class=\"wp-block-columns is-layout-flex wp-container-core-columns-is-layout-2 wp-block-columns-is-layout-flex\">\n<div class=\"wp-block-column is-vertically-aligned-center is-layout-flow wp-block-column-is-layout-flow\">\n<p>Das Design dieses Eulen-Schl\u00fcsselanh\u00e4ngers ist in den Grundfarben Schwarz und Gelb gehalten und hat eine schlanke, runde Silhouette. Der orangefarbene Schnabel und die Krallen erg\u00e4nzen das auff\u00e4llige Muster auf dem Bauch der Eule und verleihen ihr ein liebenswert niedliches und frisches Aussehen. Die Kombination aus einer Metallkette und einem Schl\u00fcsselring sorgt f\u00fcr Praktikabilit\u00e4t und Langlebigkeit.<\/p>\n\n\n\n<p>Er ist aus weichem PVC-Kautschuk gefertigt und verf\u00fcgt \u00fcber Metallkomponenten aus einer Zinklegierung f\u00fcr den Schl\u00fcsselring und die Kette, die f\u00fcr Robustheit und Langlebigkeit sorgen. Dieser schlichte, aber charmante Schl\u00fcsselanh\u00e4nger kann sowohl als Schl\u00fcsselanh\u00e4nger als auch als Taschenschmuck verwendet werden und ist daher eine gute Wahl f\u00fcr Schreibwaren- und Geschenkel\u00e4den.<\/p>\n<\/div>\n\n\n\n<div class=\"wp-block-column is-layout-flow wp-block-column-is-layout-flow\">\n<figure class=\"wp-block-image size-full\"><img decoding=\"async\" width=\"800\" height=\"800\" src=\"https:\/\/www.yousanusb.com\/wp-content\/uploads\/2025\/10\/Owl-keychain.jpg\" alt=\"\" class=\"wp-image-22359\" srcset=\"https:\/\/www.yousanusb.com\/wp-content\/uploads\/2025\/10\/Owl-keychain.jpg 800w, https:\/\/www.yousanusb.com\/wp-content\/uploads\/2025\/10\/Owl-keychain-300x300.jpg 300w, https:\/\/www.yousanusb.com\/wp-content\/uploads\/2025\/10\/Owl-keychain-150x150.jpg 150w, https:\/\/www.yousanusb.com\/wp-content\/uploads\/2025\/10\/Owl-keychain-768x768.jpg 768w, https:\/\/www.yousanusb.com\/wp-content\/uploads\/2025\/10\/Owl-keychain-12x12.jpg 12w, https:\/\/www.yousanusb.com\/wp-content\/uploads\/2025\/10\/Owl-keychain-600x600.jpg 600w, https:\/\/www.yousanusb.com\/wp-content\/uploads\/2025\/10\/Owl-keychain-100x100.jpg 100w\" sizes=\"(max-width: 800px) 100vw, 800px\" \/><\/figure>\n<\/div>\n<\/div>","protected":false},"excerpt":{"rendered":"<ul>\n<li>bunte Eule als Schl\u00fcsselanh\u00e4nger<\/li>\n<li>PVC weich Gummi Materialien<\/li>\n<li>Individuelle PVC-Schl\u00fcsselanh\u00e4nger aus Gummi erstellen<\/li>\n<li>Kostenloses Design, kostenlose Muster<\/li>\n<li>MOQ:200St\u00fcck<\/li>\n<\/ul>","protected":false},"featured_media":22359,"comment_status":"open","ping_status":"closed","template":"","meta":{"_seopress_robots_primary_cat":"","_seopress_titles_title":"","_seopress_titles_desc":"","_seopress_robots_index":""},"class_list":["post-22356","product","type-product","status-publish","has-post-thumbnail","hentry","product_cat-3d-rubber-key-chain"],"_links":{"self":[{"href":"https:\/\/www.yousanusb.com\/de\/wp-json\/wp\/v2\/product\/22356"}],"collection":[{"href":"https:\/\/www.yousanusb.com\/de\/wp-json\/wp\/v2\/product"}],"about":[{"href":"https:\/\/www.yousanusb.com\/de\/wp-json\/wp\/v2\/types\/product"}],"replies":[{"embeddable":true,"href":"https:\/\/www.yousanusb.com\/de\/wp-json\/wp\/v2\/comments?post=22356"}],"wp:featuredmedia":[{"embeddable":true,"href":"https:\/\/www.yousanusb.com\/de\/wp-json\/wp\/v2\/media\/22359"}],"wp:attachment":[{"href":"https:\/\/www.yousanusb.com\/de\/wp-json\/wp\/v2\/media?parent=22356"}],"curies":[{"name":"wp","href":"https:\/\/api.w.org\/{rel}","templated":true}]}}