{"id":22367,"date":"2025-10-23T06:18:51","date_gmt":"2025-10-23T06:18:51","guid":{"rendered":"https:\/\/www.yousanusb.com\/?post_type=product&#038;p=22367"},"modified":"2025-10-24T03:30:10","modified_gmt":"2025-10-24T03:30:10","slug":"cute-pvc-parrot-keychain","status":"publish","type":"product","link":"https:\/\/www.yousanusb.com\/de\/product\/cute-pvc-parrot-keychain\/","title":{"rendered":"Niedlicher PVC Papagei Schl\u00fcsselanh\u00e4nger"},"content":{"rendered":"<p>Dieser Papageien-Schl\u00fcsselanh\u00e4nger zeigt zarte Farbabstufungen mit nat\u00fcrlichen \u00dcberg\u00e4ngen in den blauen Federn. Die Augen sind mit filigranen Farbakzenten verziert, w\u00e4hrend die Fl\u00fcgel und der Schwanz klare, definierte Muster aufweisen. Diese beiden Papageien-Schl\u00fcsselanh\u00e4nger unterscheiden sich nicht nur in den Details der Augen, sondern auch in der Tiefe der Federf\u00e4rbung, so dass Sie je nach Vorliebe w\u00e4hlen k\u00f6nnen.<\/p>\n\n\n\n<div class=\"wp-block-columns is-layout-flex wp-container-core-columns-is-layout-1 wp-block-columns-is-layout-flex\">\n<div class=\"wp-block-column is-layout-flow wp-block-column-is-layout-flow\">\n<figure class=\"wp-block-image size-full\"><img fetchpriority=\"high\" decoding=\"async\" width=\"800\" height=\"800\" src=\"https:\/\/www.yousanusb.com\/wp-content\/uploads\/2025\/10\/Parrot-PVC-keychain.jpg\" alt=\"\" class=\"wp-image-22371\" srcset=\"https:\/\/www.yousanusb.com\/wp-content\/uploads\/2025\/10\/Parrot-PVC-keychain.jpg 800w, https:\/\/www.yousanusb.com\/wp-content\/uploads\/2025\/10\/Parrot-PVC-keychain-300x300.jpg 300w, https:\/\/www.yousanusb.com\/wp-content\/uploads\/2025\/10\/Parrot-PVC-keychain-150x150.jpg 150w, https:\/\/www.yousanusb.com\/wp-content\/uploads\/2025\/10\/Parrot-PVC-keychain-768x768.jpg 768w, https:\/\/www.yousanusb.com\/wp-content\/uploads\/2025\/10\/Parrot-PVC-keychain-12x12.jpg 12w, https:\/\/www.yousanusb.com\/wp-content\/uploads\/2025\/10\/Parrot-PVC-keychain-600x600.jpg 600w, https:\/\/www.yousanusb.com\/wp-content\/uploads\/2025\/10\/Parrot-PVC-keychain-100x100.jpg 100w\" sizes=\"(max-width: 800px) 100vw, 800px\" \/><\/figure>\n<\/div>\n\n\n\n<div class=\"wp-block-column is-layout-flow wp-block-column-is-layout-flow\">\n<figure class=\"wp-block-image size-full\"><img decoding=\"async\" width=\"800\" height=\"800\" src=\"https:\/\/www.yousanusb.com\/wp-content\/uploads\/2025\/10\/Parrot-keychain.jpg\" alt=\"\" class=\"wp-image-22370\" srcset=\"https:\/\/www.yousanusb.com\/wp-content\/uploads\/2025\/10\/Parrot-keychain.jpg 800w, https:\/\/www.yousanusb.com\/wp-content\/uploads\/2025\/10\/Parrot-keychain-300x300.jpg 300w, https:\/\/www.yousanusb.com\/wp-content\/uploads\/2025\/10\/Parrot-keychain-150x150.jpg 150w, https:\/\/www.yousanusb.com\/wp-content\/uploads\/2025\/10\/Parrot-keychain-768x768.jpg 768w, https:\/\/www.yousanusb.com\/wp-content\/uploads\/2025\/10\/Parrot-keychain-12x12.jpg 12w, https:\/\/www.yousanusb.com\/wp-content\/uploads\/2025\/10\/Parrot-keychain-600x600.jpg 600w, https:\/\/www.yousanusb.com\/wp-content\/uploads\/2025\/10\/Parrot-keychain-100x100.jpg 100w\" sizes=\"(max-width: 800px) 100vw, 800px\" \/><\/figure>\n<\/div>\n<\/div>\n\n\n\n<p>Ihre Schl\u00fcsselanh\u00e4nger und Schl\u00fcsselketten sind aus einer Zinklegierung gefertigt, die f\u00fcr Rostbest\u00e4ndigkeit und Langlebigkeit mit einer Galvanisierung behandelt wurde. Der Hauptk\u00f6rper besteht aus weichem PVC-Material, das sich sanft anf\u00fchlt und in leuchtenden, farbechten Farben leuchtet. Das dreidimensionale Design erweckt den Papagei mit beeindruckendem Realismus zum Leben.<\/p>\n\n\n\n<p>Ob zur Aufbewahrung von Schl\u00fcsseln oder als Taschenanh\u00e4nger, diese beiden Schl\u00fcsselanh\u00e4nger vermitteln mit ihren charmanten, detaillierten Papageiendesigns und robusten Materialien tropische Lebendigkeit. Sie sind einzigartige Accessoires f\u00fcr Vogelliebhaber und Fans von niedlichen Styles.<\/p>","protected":false},"excerpt":{"rendered":"<ul>\n<li>Niedlicher PVC-Kunststoff-Schl\u00fcsselanh\u00e4nger<\/li>\n<li>Hochwertiger pvc-Schl\u00fcsselanh\u00e4nger<\/li>\n<li>Individuell geformte Gummi-Schl\u00fcsselanh\u00e4nger<\/li>\n<li>Individuelle PVC-Schl\u00fcsselanh\u00e4nger aus Gummi erstellen<\/li>\n<li>MOQ:200St\u00fcck<\/li>\n<\/ul>","protected":false},"featured_media":22371,"comment_status":"open","ping_status":"closed","template":"","meta":{"_seopress_robots_primary_cat":"","_seopress_titles_title":"","_seopress_titles_desc":"","_seopress_robots_index":""},"class_list":["post-22367","product","type-product","status-publish","has-post-thumbnail","hentry","product_cat-3d-rubber-key-chain"],"_links":{"self":[{"href":"https:\/\/www.yousanusb.com\/de\/wp-json\/wp\/v2\/product\/22367"}],"collection":[{"href":"https:\/\/www.yousanusb.com\/de\/wp-json\/wp\/v2\/product"}],"about":[{"href":"https:\/\/www.yousanusb.com\/de\/wp-json\/wp\/v2\/types\/product"}],"replies":[{"embeddable":true,"href":"https:\/\/www.yousanusb.com\/de\/wp-json\/wp\/v2\/comments?post=22367"}],"wp:featuredmedia":[{"embeddable":true,"href":"https:\/\/www.yousanusb.com\/de\/wp-json\/wp\/v2\/media\/22371"}],"wp:attachment":[{"href":"https:\/\/www.yousanusb.com\/de\/wp-json\/wp\/v2\/media?parent=22367"}],"curies":[{"name":"wp","href":"https:\/\/api.w.org\/{rel}","templated":true}]}}