{"id":22393,"date":"2025-10-23T12:16:14","date_gmt":"2025-10-23T12:16:14","guid":{"rendered":"https:\/\/www.yousanusb.com\/?post_type=product&#038;p=22393"},"modified":"2025-12-16T13:22:21","modified_gmt":"2025-12-16T13:22:21","slug":"hamburger-usb-flash-drive","status":"publish","type":"product","link":"https:\/\/www.yousanusb.com\/de\/product\/hamburger-usb-flash-drive\/","title":{"rendered":"Hamburger USB-Stick"},"content":{"rendered":"<div class=\"wp-block-columns is-layout-flex wp-container-core-columns-is-layout-1 wp-block-columns-is-layout-flex\">\n<div class=\"wp-block-column is-vertically-aligned-center is-layout-flow wp-block-column-is-layout-flow\">\n<p>Dieses Hamburger-USB-Laufwerk ist perfekt auf die \u00e4sthetischen Vorlieben junger Menschen abgestimmt. Er bildet die dreidimensionalen Schichten und komplizierten Details des Burgers akribisch nach - vom goldenen Sesambr\u00f6tchen \u00fcber den leuchtend gr\u00fcnen Salat bis hin zum naturgetreuen Fleischpatty - und sieht so echt aus, dass man am liebsten hineinbei\u00dfen m\u00f6chte. Aus umweltfreundlichem PVC gefertigt, kombiniert es Flexibilit\u00e4t mit Haltbarkeit.<\/p>\n\n\n\n<p>Durch ein integriertes In-Mold-Spritzgussverfahren l\u00e4sst sich das Geh\u00e4use des Burgers nahtlos mit dem USB-Anschluss verbinden. Einige Modelle verf\u00fcgen sogar \u00fcber Staubschutzkappen, um die Schnittstelle zu sch\u00fctzen und die Lebensdauer des Ger\u00e4ts zu verl\u00e4ngern.<\/p>\n\n\n\n<p>Es kann auch mit Markenlogos versehen werden und dient als mobiler Tr\u00e4ger f\u00fcr die Verbreitung von Markenkultur.<\/p>\n<\/div>\n\n\n\n<div class=\"wp-block-column is-layout-flow wp-block-column-is-layout-flow\">\n<figure class=\"wp-block-image size-full\"><img fetchpriority=\"high\" decoding=\"async\" width=\"800\" height=\"800\" src=\"https:\/\/www.yousanusb.com\/wp-content\/uploads\/2025\/10\/hamburger-usb-flash-drive.jpg\" alt=\"\" class=\"wp-image-22398\" srcset=\"https:\/\/www.yousanusb.com\/wp-content\/uploads\/2025\/10\/hamburger-usb-flash-drive.jpg 800w, https:\/\/www.yousanusb.com\/wp-content\/uploads\/2025\/10\/hamburger-usb-flash-drive-300x300.jpg 300w, https:\/\/www.yousanusb.com\/wp-content\/uploads\/2025\/10\/hamburger-usb-flash-drive-150x150.jpg 150w, https:\/\/www.yousanusb.com\/wp-content\/uploads\/2025\/10\/hamburger-usb-flash-drive-768x768.jpg 768w, https:\/\/www.yousanusb.com\/wp-content\/uploads\/2025\/10\/hamburger-usb-flash-drive-12x12.jpg 12w, https:\/\/www.yousanusb.com\/wp-content\/uploads\/2025\/10\/hamburger-usb-flash-drive-600x600.jpg 600w, https:\/\/www.yousanusb.com\/wp-content\/uploads\/2025\/10\/hamburger-usb-flash-drive-100x100.jpg 100w\" sizes=\"(max-width: 800px) 100vw, 800px\" \/><\/figure>\n<\/div>\n<\/div>\n\n\n\n<div class=\"wp-block-columns is-layout-flex wp-container-core-columns-is-layout-2 wp-block-columns-is-layout-flex\">\n<div class=\"wp-block-column is-layout-flow wp-block-column-is-layout-flow\">\n<figure class=\"wp-block-image size-full\"><img decoding=\"async\" width=\"800\" height=\"800\" src=\"https:\/\/www.yousanusb.com\/wp-content\/uploads\/2025\/10\/Hamburger-USB-Pen-Drive.jpg\" alt=\"\" class=\"wp-image-22399\" srcset=\"https:\/\/www.yousanusb.com\/wp-content\/uploads\/2025\/10\/Hamburger-USB-Pen-Drive.jpg 800w, https:\/\/www.yousanusb.com\/wp-content\/uploads\/2025\/10\/Hamburger-USB-Pen-Drive-300x300.jpg 300w, https:\/\/www.yousanusb.com\/wp-content\/uploads\/2025\/10\/Hamburger-USB-Pen-Drive-150x150.jpg 150w, https:\/\/www.yousanusb.com\/wp-content\/uploads\/2025\/10\/Hamburger-USB-Pen-Drive-768x768.jpg 768w, https:\/\/www.yousanusb.com\/wp-content\/uploads\/2025\/10\/Hamburger-USB-Pen-Drive-12x12.jpg 12w, https:\/\/www.yousanusb.com\/wp-content\/uploads\/2025\/10\/Hamburger-USB-Pen-Drive-600x600.jpg 600w, https:\/\/www.yousanusb.com\/wp-content\/uploads\/2025\/10\/Hamburger-USB-Pen-Drive-100x100.jpg 100w\" sizes=\"(max-width: 800px) 100vw, 800px\" \/><\/figure>\n<\/div>\n\n\n\n<div class=\"wp-block-column is-vertically-aligned-center is-layout-flow wp-block-column-is-layout-flow\">\n<p>Was die Speicherleistung anbelangt, so verf\u00fcgt es \u00fcber Hochgeschwindigkeits-Flash-Speicherchips, die mehrere Kapazit\u00e4tsoptionen von 8 GB bis 128 GB bieten, um verschiedene Datenspeicheranforderungen wie Dokumente, Bilder und Videos zu erf\u00fcllen. Die USB-Schnittstelle arbeitet mit einem Hochgeschwindigkeits-\u00dcbertragungsprotokoll, das stabile und effiziente Lese-\/Schreibgeschwindigkeiten bietet und die schnelle \u00dcbertragung und Sicherung gro\u00dfer Dateien erm\u00f6glicht. Hinter dem kreativen \u00c4u\u00dferen verbirgt sich eine professionelle Speicherleistung.<br><\/p>\n<\/div>\n<\/div>\n\n\n\n<div class=\"wp-block-columns is-layout-flex wp-container-core-columns-is-layout-3 wp-block-columns-is-layout-flex\">\n<div class=\"wp-block-column is-vertically-aligned-center is-layout-flow wp-block-column-is-layout-flow\">\n<p>Die folgenden Szenarien sind anwendbar:<\/p>\n\n\n\n<ul class=\"wp-block-list\">\n<li>In der Fast-Food-Branche dient es als innovatives Marketinginstrument, das den Wiedererkennungswert der Marke durch Werbeaktionen in den Filialen, Verg\u00fcnstigungen f\u00fcr Mitglieder und Jubil\u00e4umsfeiern erh\u00f6ht.<\/li>\n\n\n\n<li>Im gesch\u00e4ftlichen Umfeld hebt es sich von herk\u00f6mmlichen digitalen Geschenken ab und vermittelt die Aufmerksamkeit und Dynamik des Schenkers.<\/li>\n\n\n\n<li>F\u00fcr j\u00fcngere Verbraucher ist das Burger-Design gleichzeitig ein trendiges Accessoire, das leicht in die Tasche passt und den pers\u00f6nlichen Stil nahtlos mit der digitalen Organisation des t\u00e4glichen Lebens verbindet.<\/li>\n<\/ul>\n<\/div>\n\n\n\n<div class=\"wp-block-column is-layout-flow wp-block-column-is-layout-flow\">\n<figure class=\"wp-block-image size-full\"><img decoding=\"async\" width=\"800\" height=\"800\" src=\"https:\/\/www.yousanusb.com\/wp-content\/uploads\/2025\/10\/food-shaped-usb-drive.jpg\" alt=\"\" class=\"wp-image-22397\" srcset=\"https:\/\/www.yousanusb.com\/wp-content\/uploads\/2025\/10\/food-shaped-usb-drive.jpg 800w, https:\/\/www.yousanusb.com\/wp-content\/uploads\/2025\/10\/food-shaped-usb-drive-300x300.jpg 300w, https:\/\/www.yousanusb.com\/wp-content\/uploads\/2025\/10\/food-shaped-usb-drive-150x150.jpg 150w, https:\/\/www.yousanusb.com\/wp-content\/uploads\/2025\/10\/food-shaped-usb-drive-768x768.jpg 768w, https:\/\/www.yousanusb.com\/wp-content\/uploads\/2025\/10\/food-shaped-usb-drive-12x12.jpg 12w, https:\/\/www.yousanusb.com\/wp-content\/uploads\/2025\/10\/food-shaped-usb-drive-600x600.jpg 600w, https:\/\/www.yousanusb.com\/wp-content\/uploads\/2025\/10\/food-shaped-usb-drive-100x100.jpg 100w\" sizes=\"(max-width: 800px) 100vw, 800px\" \/><\/figure>\n<\/div>\n<\/div>","protected":false},"excerpt":{"rendered":"<ul>\n<li>PVC-Stick<\/li>\n<li>Pantone-Farbe, Standard-Farbe<\/li>\n<li>Kundenlogo auf USB drucken<\/li>\n<li>CE-, FCC- und RoHS-Zertifikat<\/li>\n<li>Plug-and-play<\/li>\n<li>MOQ:100St\u00fcck<\/li>\n<\/ul>","protected":false},"featured_media":22396,"comment_status":"open","ping_status":"closed","template":"","meta":{"_seopress_robots_primary_cat":"","_seopress_titles_title":"","_seopress_titles_desc":"","_seopress_robots_index":""},"class_list":["post-22393","product","type-product","status-publish","has-post-thumbnail","hentry","product_cat-custom-usb-drive","product_tag-food-usb-flash-drive"],"_links":{"self":[{"href":"https:\/\/www.yousanusb.com\/de\/wp-json\/wp\/v2\/product\/22393"}],"collection":[{"href":"https:\/\/www.yousanusb.com\/de\/wp-json\/wp\/v2\/product"}],"about":[{"href":"https:\/\/www.yousanusb.com\/de\/wp-json\/wp\/v2\/types\/product"}],"replies":[{"embeddable":true,"href":"https:\/\/www.yousanusb.com\/de\/wp-json\/wp\/v2\/comments?post=22393"}],"wp:featuredmedia":[{"embeddable":true,"href":"https:\/\/www.yousanusb.com\/de\/wp-json\/wp\/v2\/media\/22396"}],"wp:attachment":[{"href":"https:\/\/www.yousanusb.com\/de\/wp-json\/wp\/v2\/media?parent=22393"}],"curies":[{"name":"wp","href":"https:\/\/api.w.org\/{rel}","templated":true}]}}