{"id":22433,"date":"2025-10-24T02:54:00","date_gmt":"2025-10-24T02:54:00","guid":{"rendered":"https:\/\/www.yousanusb.com\/?post_type=product&#038;p=22433"},"modified":"2025-10-24T03:31:30","modified_gmt":"2025-10-24T03:31:30","slug":"cartoon-2d-pufferfish-keychain","status":"publish","type":"product","link":"https:\/\/www.yousanusb.com\/de\/product\/cartoon-2d-pufferfish-keychain\/","title":{"rendered":"Cartoon 2D Kugelfisch Schl\u00fcsselanh\u00e4nger"},"content":{"rendered":"<p>Dieser Schl\u00fcsselanh\u00e4nger zeigt ein Cartoon-Kugelfisch-Design, das den anmutigen Charme des Meereslebens mit einer liebenswerten \u00c4sthetik verbindet. Erh\u00e4ltlich in zwei erfrischend blauen Farben: ein tiefes K\u00f6nigsblau mit orange-gelben Flossen und Schnabel, w\u00e4hrend die andere ein sanftes Himmelblau mit roten Flossen und Schnabel zeigt. Die abgerundete Silhouette, die geschlossenen Augen, die rosigen Wangen und die verspielten Flecken auf dem K\u00f6rper machen den Kugelfisch zu einem \u00e4u\u00dferst charmanten und visuell fesselnden Charakter.<\/p>\n\n\n\n<div class=\"wp-block-columns is-layout-flex wp-container-core-columns-is-layout-1 wp-block-columns-is-layout-flex\">\n<div class=\"wp-block-column is-layout-flow wp-block-column-is-layout-flow\">\n<figure class=\"wp-block-image size-full\"><img fetchpriority=\"high\" decoding=\"async\" width=\"800\" height=\"800\" src=\"https:\/\/www.yousanusb.com\/wp-content\/uploads\/2025\/10\/Pufferfish-keychain.jpg\" alt=\"\" class=\"wp-image-22436\" srcset=\"https:\/\/www.yousanusb.com\/wp-content\/uploads\/2025\/10\/Pufferfish-keychain.jpg 800w, https:\/\/www.yousanusb.com\/wp-content\/uploads\/2025\/10\/Pufferfish-keychain-300x300.jpg 300w, https:\/\/www.yousanusb.com\/wp-content\/uploads\/2025\/10\/Pufferfish-keychain-150x150.jpg 150w, https:\/\/www.yousanusb.com\/wp-content\/uploads\/2025\/10\/Pufferfish-keychain-768x768.jpg 768w, https:\/\/www.yousanusb.com\/wp-content\/uploads\/2025\/10\/Pufferfish-keychain-12x12.jpg 12w, https:\/\/www.yousanusb.com\/wp-content\/uploads\/2025\/10\/Pufferfish-keychain-600x600.jpg 600w, https:\/\/www.yousanusb.com\/wp-content\/uploads\/2025\/10\/Pufferfish-keychain-100x100.jpg 100w\" sizes=\"(max-width: 800px) 100vw, 800px\" \/><\/figure>\n<\/div>\n\n\n\n<div class=\"wp-block-column is-layout-flow wp-block-column-is-layout-flow\">\n<figure class=\"wp-block-image size-full\"><img decoding=\"async\" width=\"800\" height=\"800\" src=\"https:\/\/www.yousanusb.com\/wp-content\/uploads\/2025\/10\/Pufferfish-PVC-keychain.jpg\" alt=\"\" class=\"wp-image-22437\" srcset=\"https:\/\/www.yousanusb.com\/wp-content\/uploads\/2025\/10\/Pufferfish-PVC-keychain.jpg 800w, https:\/\/www.yousanusb.com\/wp-content\/uploads\/2025\/10\/Pufferfish-PVC-keychain-300x300.jpg 300w, https:\/\/www.yousanusb.com\/wp-content\/uploads\/2025\/10\/Pufferfish-PVC-keychain-150x150.jpg 150w, https:\/\/www.yousanusb.com\/wp-content\/uploads\/2025\/10\/Pufferfish-PVC-keychain-768x768.jpg 768w, https:\/\/www.yousanusb.com\/wp-content\/uploads\/2025\/10\/Pufferfish-PVC-keychain-12x12.jpg 12w, https:\/\/www.yousanusb.com\/wp-content\/uploads\/2025\/10\/Pufferfish-PVC-keychain-600x600.jpg 600w, https:\/\/www.yousanusb.com\/wp-content\/uploads\/2025\/10\/Pufferfish-PVC-keychain-100x100.jpg 100w\" sizes=\"(max-width: 800px) 100vw, 800px\" \/><\/figure>\n<\/div>\n<\/div>\n\n\n\n<p>Der Hauptk\u00f6rper ist aus hochwertigem Weich-PVC-Material gefertigt, das sich weich anf\u00fchlt und gleichzeitig langlebig und verschlei\u00dffest ist. Der Metall-Schl\u00fcsselring und die Kette sind aus einer Zinklegierung gefertigt, die f\u00fcr Robustheit und Zuverl\u00e4ssigkeit sorgt. Er h\u00e4lt Schl\u00fcssel sicher fest und kann auch als Taschenanh\u00e4nger dienen, der Ihrem Outfit oder Ihren Accessoires ein s\u00fc\u00dfes Detail hinzuf\u00fcgt.<\/p>\n\n\n\n<p><\/p>","protected":false},"excerpt":{"rendered":"<ul>\n<li>S\u00fc\u00dfer Kugelfisch Schl\u00fcsselanh\u00e4nger<\/li>\n<li>Weich-PVC-Material<\/li>\n<li>Es sind zwei Farben erh\u00e4ltlich.<\/li>\n<li>kostenloser Entwurf, kostenlose Muster<\/li>\n<li>MOQ:200St\u00fcck<\/li>\n<\/ul>","protected":false},"featured_media":22437,"comment_status":"open","ping_status":"closed","template":"","meta":{"_seopress_robots_primary_cat":"","_seopress_titles_title":"","_seopress_titles_desc":"","_seopress_robots_index":""},"class_list":["post-22433","product","type-product","status-publish","has-post-thumbnail","hentry","product_cat-3d-rubber-key-chain"],"_links":{"self":[{"href":"https:\/\/www.yousanusb.com\/de\/wp-json\/wp\/v2\/product\/22433"}],"collection":[{"href":"https:\/\/www.yousanusb.com\/de\/wp-json\/wp\/v2\/product"}],"about":[{"href":"https:\/\/www.yousanusb.com\/de\/wp-json\/wp\/v2\/types\/product"}],"replies":[{"embeddable":true,"href":"https:\/\/www.yousanusb.com\/de\/wp-json\/wp\/v2\/comments?post=22433"}],"wp:featuredmedia":[{"embeddable":true,"href":"https:\/\/www.yousanusb.com\/de\/wp-json\/wp\/v2\/media\/22437"}],"wp:attachment":[{"href":"https:\/\/www.yousanusb.com\/de\/wp-json\/wp\/v2\/media?parent=22433"}],"curies":[{"name":"wp","href":"https:\/\/api.w.org\/{rel}","templated":true}]}}