{"id":22533,"date":"2025-10-26T00:02:24","date_gmt":"2025-10-26T00:02:24","guid":{"rendered":"https:\/\/www.yousanusb.com\/?post_type=product&#038;p=22533"},"modified":"2025-11-10T10:01:17","modified_gmt":"2025-11-10T10:01:17","slug":"cute-turtle-usb-flash-drive","status":"publish","type":"product","link":"https:\/\/www.yousanusb.com\/de\/product\/cute-turtle-usb-flash-drive\/","title":{"rendered":"Niedliche Schildkr\u00f6te USB-Flash-Laufwerk"},"content":{"rendered":"<p>Das Cartoon Turtle USB-Laufwerk hat ein liebenswertes, pausb\u00e4ckiges Schildkr\u00f6tendesign, das Niedlichkeit und Zweckm\u00e4\u00dfigkeit nahtlos miteinander verbindet und die Aufmerksamkeit der Benutzer sofort auf sich zieht.<\/p>\n\n\n\n<div class=\"wp-block-columns is-layout-flex wp-container-core-columns-is-layout-1 wp-block-columns-is-layout-flex\">\n<div class=\"wp-block-column is-layout-flow wp-block-column-is-layout-flow\">\n<figure class=\"wp-block-image size-full\"><img fetchpriority=\"high\" decoding=\"async\" width=\"800\" height=\"800\" src=\"https:\/\/www.yousanusb.com\/wp-content\/uploads\/2025\/10\/Turtle-USB-Drive.jpg\" alt=\"\" class=\"wp-image-22540\" srcset=\"https:\/\/www.yousanusb.com\/wp-content\/uploads\/2025\/10\/Turtle-USB-Drive.jpg 800w, https:\/\/www.yousanusb.com\/wp-content\/uploads\/2025\/10\/Turtle-USB-Drive-300x300.jpg 300w, https:\/\/www.yousanusb.com\/wp-content\/uploads\/2025\/10\/Turtle-USB-Drive-150x150.jpg 150w, https:\/\/www.yousanusb.com\/wp-content\/uploads\/2025\/10\/Turtle-USB-Drive-768x768.jpg 768w, https:\/\/www.yousanusb.com\/wp-content\/uploads\/2025\/10\/Turtle-USB-Drive-12x12.jpg 12w, https:\/\/www.yousanusb.com\/wp-content\/uploads\/2025\/10\/Turtle-USB-Drive-600x600.jpg 600w, https:\/\/www.yousanusb.com\/wp-content\/uploads\/2025\/10\/Turtle-USB-Drive-100x100.jpg 100w\" sizes=\"(max-width: 800px) 100vw, 800px\" \/><\/figure>\n<\/div>\n\n\n\n<div class=\"wp-block-column is-vertically-aligned-center is-layout-flow wp-block-column-is-layout-flow\">\n<p>Erh\u00e4ltlich in 4 verschiedenen Stilen, konzentriert sich die Hauptfarbpalette auf drei lebendige Farbt\u00f6ne: Frisches Gr\u00fcn, energiegeladenes Gelb und Vintage-Braun. <\/p>\n\n\n\n<p>Jedes Design hat seinen eigenen Charme - manche Schildkr\u00f6ten neigen ihren Kopf leicht, andere haben minimalistische Panzermuster, wieder andere haben gekr\u00fcmmte Gliedma\u00dfen und bedienen so die unterschiedlichsten \u00e4sthetischen Vorlieben.<\/p>\n<\/div>\n<\/div>\n\n\n\n<p>Das Design der Cartoon-Schildkr\u00f6te erreicht mit ihrer runden, plumpen Silhouette einen bemerkenswerten Realismus. Gepaart mit ausdrucksstarken Augen, stummeligen Gliedma\u00dfen und einem Panzer mit weichen Konturen verspr\u00fcht jedes Detail liebenswerten Charme.<\/p>\n\n\n\n<div class=\"wp-block-columns is-layout-flex wp-container-core-columns-is-layout-2 wp-block-columns-is-layout-flex\">\n<div class=\"wp-block-column is-layout-flow wp-block-column-is-layout-flow\">\n<figure class=\"wp-block-image size-full\"><img decoding=\"async\" width=\"800\" height=\"798\" src=\"https:\/\/www.yousanusb.com\/wp-content\/uploads\/2025\/10\/green-Tortoise-USB-Flash-Drive.jpg\" alt=\"\" class=\"wp-image-22539\" srcset=\"https:\/\/www.yousanusb.com\/wp-content\/uploads\/2025\/10\/green-Tortoise-USB-Flash-Drive.jpg 800w, https:\/\/www.yousanusb.com\/wp-content\/uploads\/2025\/10\/green-Tortoise-USB-Flash-Drive-300x300.jpg 300w, https:\/\/www.yousanusb.com\/wp-content\/uploads\/2025\/10\/green-Tortoise-USB-Flash-Drive-150x150.jpg 150w, https:\/\/www.yousanusb.com\/wp-content\/uploads\/2025\/10\/green-Tortoise-USB-Flash-Drive-768x766.jpg 768w, https:\/\/www.yousanusb.com\/wp-content\/uploads\/2025\/10\/green-Tortoise-USB-Flash-Drive-12x12.jpg 12w, https:\/\/www.yousanusb.com\/wp-content\/uploads\/2025\/10\/green-Tortoise-USB-Flash-Drive-600x599.jpg 600w, https:\/\/www.yousanusb.com\/wp-content\/uploads\/2025\/10\/green-Tortoise-USB-Flash-Drive-100x100.jpg 100w\" sizes=\"(max-width: 800px) 100vw, 800px\" \/><\/figure>\n<\/div>\n\n\n\n<div class=\"wp-block-column is-layout-flow wp-block-column-is-layout-flow\">\n<figure class=\"wp-block-image size-full\"><img decoding=\"async\" width=\"800\" height=\"800\" src=\"https:\/\/www.yousanusb.com\/wp-content\/uploads\/2025\/10\/custom-Turtle-Thumb-Drive.jpg\" alt=\"\" class=\"wp-image-22537\" srcset=\"https:\/\/www.yousanusb.com\/wp-content\/uploads\/2025\/10\/custom-Turtle-Thumb-Drive.jpg 800w, https:\/\/www.yousanusb.com\/wp-content\/uploads\/2025\/10\/custom-Turtle-Thumb-Drive-300x300.jpg 300w, https:\/\/www.yousanusb.com\/wp-content\/uploads\/2025\/10\/custom-Turtle-Thumb-Drive-150x150.jpg 150w, https:\/\/www.yousanusb.com\/wp-content\/uploads\/2025\/10\/custom-Turtle-Thumb-Drive-768x768.jpg 768w, https:\/\/www.yousanusb.com\/wp-content\/uploads\/2025\/10\/custom-Turtle-Thumb-Drive-12x12.jpg 12w, https:\/\/www.yousanusb.com\/wp-content\/uploads\/2025\/10\/custom-Turtle-Thumb-Drive-600x600.jpg 600w, https:\/\/www.yousanusb.com\/wp-content\/uploads\/2025\/10\/custom-Turtle-Thumb-Drive-100x100.jpg 100w\" sizes=\"(max-width: 800px) 100vw, 800px\" \/><\/figure>\n<\/div>\n<\/div>\n\n\n\n<p>Kompakt und tragbar, passt er perfekt in deine Handfl\u00e4che. Befestigen Sie ihn als pers\u00f6nlichen Anh\u00e4nger an Ihrem Schl\u00fcsselbund oder Rucksack, um ihn \u00fcberallhin mitnehmen zu k\u00f6nnen.<\/p>\n\n\n\n<div class=\"wp-block-columns is-layout-flex wp-container-core-columns-is-layout-3 wp-block-columns-is-layout-flex\">\n<div class=\"wp-block-column is-layout-flow wp-block-column-is-layout-flow\">\n<figure class=\"wp-block-image size-full\"><img loading=\"lazy\" decoding=\"async\" width=\"800\" height=\"800\" src=\"https:\/\/www.yousanusb.com\/wp-content\/uploads\/2025\/10\/Cute-Turtle-USB-Flash-Drive.jpg\" alt=\"\" class=\"wp-image-22538\" srcset=\"https:\/\/www.yousanusb.com\/wp-content\/uploads\/2025\/10\/Cute-Turtle-USB-Flash-Drive.jpg 800w, https:\/\/www.yousanusb.com\/wp-content\/uploads\/2025\/10\/Cute-Turtle-USB-Flash-Drive-300x300.jpg 300w, https:\/\/www.yousanusb.com\/wp-content\/uploads\/2025\/10\/Cute-Turtle-USB-Flash-Drive-150x150.jpg 150w, https:\/\/www.yousanusb.com\/wp-content\/uploads\/2025\/10\/Cute-Turtle-USB-Flash-Drive-768x768.jpg 768w, https:\/\/www.yousanusb.com\/wp-content\/uploads\/2025\/10\/Cute-Turtle-USB-Flash-Drive-12x12.jpg 12w, https:\/\/www.yousanusb.com\/wp-content\/uploads\/2025\/10\/Cute-Turtle-USB-Flash-Drive-600x600.jpg 600w, https:\/\/www.yousanusb.com\/wp-content\/uploads\/2025\/10\/Cute-Turtle-USB-Flash-Drive-100x100.jpg 100w\" sizes=\"(max-width: 800px) 100vw, 800px\" \/><\/figure>\n<\/div>\n\n\n\n<div class=\"wp-block-column is-layout-flow wp-block-column-is-layout-flow\">\n<figure class=\"wp-block-image size-full\"><img loading=\"lazy\" decoding=\"async\" width=\"800\" height=\"800\" src=\"https:\/\/www.yousanusb.com\/wp-content\/uploads\/2025\/10\/yellow-USB-Flash-Drive-Turtle.jpg\" alt=\"\" class=\"wp-image-22541\" srcset=\"https:\/\/www.yousanusb.com\/wp-content\/uploads\/2025\/10\/yellow-USB-Flash-Drive-Turtle.jpg 800w, https:\/\/www.yousanusb.com\/wp-content\/uploads\/2025\/10\/yellow-USB-Flash-Drive-Turtle-300x300.jpg 300w, https:\/\/www.yousanusb.com\/wp-content\/uploads\/2025\/10\/yellow-USB-Flash-Drive-Turtle-150x150.jpg 150w, https:\/\/www.yousanusb.com\/wp-content\/uploads\/2025\/10\/yellow-USB-Flash-Drive-Turtle-768x768.jpg 768w, https:\/\/www.yousanusb.com\/wp-content\/uploads\/2025\/10\/yellow-USB-Flash-Drive-Turtle-12x12.jpg 12w, https:\/\/www.yousanusb.com\/wp-content\/uploads\/2025\/10\/yellow-USB-Flash-Drive-Turtle-600x600.jpg 600w, https:\/\/www.yousanusb.com\/wp-content\/uploads\/2025\/10\/yellow-USB-Flash-Drive-Turtle-100x100.jpg 100w\" sizes=\"(max-width: 800px) 100vw, 800px\" \/><\/figure>\n<\/div>\n<\/div>\n\n\n\n<p>Sie ist aus hochwertigem Weich-PVC-Material gefertigt und bietet einen weichen, hautfreundlichen Griff mit hervorragender Widerstandsf\u00e4higkeit. Sie liegt nicht nur angenehm in der Hand, sondern bietet auch effektiven Schutz vor St\u00fcrzen und Kratzern und sch\u00fctzt den internen Speicherchip f\u00fcr einen sorgenfreien t\u00e4glichen Gebrauch.<\/p>\n\n\n\n<p><\/p>","protected":false},"excerpt":{"rendered":"<ul>\n<li>PVC-Material<\/li>\n<li>Niedliches Schildkr\u00f6ten-Design<\/li>\n<li>Cartoon-Stil<\/li>\n<li>4 verschiedene Modelle<\/li>\n<li>Viele Farben<\/li>\n<\/ul>","protected":false},"featured_media":22540,"comment_status":"open","ping_status":"closed","template":"","meta":{"_seopress_robots_primary_cat":"","_seopress_titles_title":"Cute Turtle USB Flash Drive Manufacturer in China","_seopress_titles_desc":"The Cartoon Turtle USB Drive features an endearingly chubby turtle design, seamlessly blending cuteness with practicality to instantly capture users' attention.","_seopress_robots_index":""},"class_list":["post-22533","product","type-product","status-publish","has-post-thumbnail","hentry","product_cat-custom-usb-drive"],"_links":{"self":[{"href":"https:\/\/www.yousanusb.com\/de\/wp-json\/wp\/v2\/product\/22533"}],"collection":[{"href":"https:\/\/www.yousanusb.com\/de\/wp-json\/wp\/v2\/product"}],"about":[{"href":"https:\/\/www.yousanusb.com\/de\/wp-json\/wp\/v2\/types\/product"}],"replies":[{"embeddable":true,"href":"https:\/\/www.yousanusb.com\/de\/wp-json\/wp\/v2\/comments?post=22533"}],"wp:featuredmedia":[{"embeddable":true,"href":"https:\/\/www.yousanusb.com\/de\/wp-json\/wp\/v2\/media\/22540"}],"wp:attachment":[{"href":"https:\/\/www.yousanusb.com\/de\/wp-json\/wp\/v2\/media?parent=22533"}],"curies":[{"name":"wp","href":"https:\/\/api.w.org\/{rel}","templated":true}]}}