{"id":22551,"date":"2025-10-27T03:14:48","date_gmt":"2025-10-27T03:14:48","guid":{"rendered":"https:\/\/www.yousanusb.com\/?post_type=product&#038;p=22551"},"modified":"2025-10-27T06:05:51","modified_gmt":"2025-10-27T06:05:51","slug":"business-side-push-epoxy-usb-flash-drive","status":"publish","type":"product","link":"https:\/\/www.yousanusb.com\/de\/product\/business-side-push-epoxy-usb-flash-drive\/","title":{"rendered":"Business-Seite Push-Epoxid-USB-Flash-Laufwerk"},"content":{"rendered":"<div class=\"wp-block-columns is-layout-flex wp-container-core-columns-is-layout-1 wp-block-columns-is-layout-flex\">\n<div class=\"wp-block-column is-vertically-aligned-center is-layout-flow wp-block-column-is-layout-flow\">\n<p>Dieses Side Push Epoxy USB-Flash-Laufwerk hat ein rechteckiges Design mit einem Metallgeh\u00e4use und einem Epoxy-K\u00f6rper, der eine anspruchsvolle Gesch\u00e4fts\u00e4sthetik ausstrahlt. Beide Seiten k\u00f6nnen mit Markenlogos, offiziellen Websites oder Firmennamen versehen werden, was eine kontinuierliche Pr\u00e4senz in professionellen Umgebungen f\u00fcr eine effektive Markenwerbung gew\u00e4hrleistet. Zusammen mit einem Metall-Lanyard l\u00e4sst es sich leicht an Schl\u00fcsselanh\u00e4ngern oder Aktentaschen befestigen und bietet so au\u00dfergew\u00f6hnliche Tragbarkeit und ein geringeres Verlustrisiko.<\/p>\n<\/div>\n\n\n\n<div class=\"wp-block-column is-layout-flow wp-block-column-is-layout-flow\">\n<figure class=\"wp-block-image size-full\"><img fetchpriority=\"high\" decoding=\"async\" width=\"800\" height=\"800\" src=\"https:\/\/www.yousanusb.com\/wp-content\/uploads\/2025\/10\/Epoxy-USB-Flash-Drive.png\" alt=\"\" class=\"wp-image-22555\" srcset=\"https:\/\/www.yousanusb.com\/wp-content\/uploads\/2025\/10\/Epoxy-USB-Flash-Drive.png 800w, https:\/\/www.yousanusb.com\/wp-content\/uploads\/2025\/10\/Epoxy-USB-Flash-Drive-300x300.png 300w, https:\/\/www.yousanusb.com\/wp-content\/uploads\/2025\/10\/Epoxy-USB-Flash-Drive-150x150.png 150w, https:\/\/www.yousanusb.com\/wp-content\/uploads\/2025\/10\/Epoxy-USB-Flash-Drive-768x768.png 768w, https:\/\/www.yousanusb.com\/wp-content\/uploads\/2025\/10\/Epoxy-USB-Flash-Drive-12x12.png 12w, https:\/\/www.yousanusb.com\/wp-content\/uploads\/2025\/10\/Epoxy-USB-Flash-Drive-600x600.png 600w, https:\/\/www.yousanusb.com\/wp-content\/uploads\/2025\/10\/Epoxy-USB-Flash-Drive-100x100.png 100w\" sizes=\"(max-width: 800px) 100vw, 800px\" \/><\/figure>\n<\/div>\n<\/div>\n\n\n\n<div class=\"wp-block-columns is-layout-flex wp-container-core-columns-is-layout-2 wp-block-columns-is-layout-flex\">\n<div class=\"wp-block-column is-vertically-aligned-center is-layout-flow wp-block-column-is-layout-flow\">\n<figure class=\"wp-block-image size-full\"><img decoding=\"async\" width=\"800\" height=\"800\" src=\"https:\/\/www.yousanusb.com\/wp-content\/uploads\/2025\/10\/epoxy-usb-drive.png\" alt=\"\" class=\"wp-image-22554\" srcset=\"https:\/\/www.yousanusb.com\/wp-content\/uploads\/2025\/10\/epoxy-usb-drive.png 800w, https:\/\/www.yousanusb.com\/wp-content\/uploads\/2025\/10\/epoxy-usb-drive-300x300.png 300w, https:\/\/www.yousanusb.com\/wp-content\/uploads\/2025\/10\/epoxy-usb-drive-150x150.png 150w, https:\/\/www.yousanusb.com\/wp-content\/uploads\/2025\/10\/epoxy-usb-drive-768x768.png 768w, https:\/\/www.yousanusb.com\/wp-content\/uploads\/2025\/10\/epoxy-usb-drive-12x12.png 12w, https:\/\/www.yousanusb.com\/wp-content\/uploads\/2025\/10\/epoxy-usb-drive-600x600.png 600w, https:\/\/www.yousanusb.com\/wp-content\/uploads\/2025\/10\/epoxy-usb-drive-100x100.png 100w\" sizes=\"(max-width: 800px) 100vw, 800px\" \/><\/figure>\n<\/div>\n\n\n\n<div class=\"wp-block-column is-vertically-aligned-center is-layout-flow wp-block-column-is-layout-flow\">\n<p>Materialtechnisch ist das Harzbeschichtungsverfahren das zentrale Highlight. Durch das pr\u00e4zise Mischen von hochreinem Epoxidharz und Aush\u00e4rtungsmitteln bildet sich auf der Plattenoberfl\u00e4che eine kristallklare Gelschicht. Diese Gelschicht sorgt daf\u00fcr, dass die Markenmuster und der Text auf Dauer farbig und deutlich lesbar bleiben, w\u00e4hrend sie gleichzeitig verschlei\u00dffest, wasserfest und vergilbungshemmend ist. Selbst bei l\u00e4ngerem Gebrauch bleibt das Erscheinungsbild so gut wie neu und garantiert die langfristige Sichtbarkeit der Markeninformationen.<\/p>\n\n\n\n<p>Der \u00d6ffnungsmechanismus ist mit einem seitlichen Schieber ausgestattet. Durch einen leichten Druck auf den seitlichen Schieber wird der USB-Anschluss sanft ausgeworfen. Nach Gebrauch schieben Sie ihn einfach zur\u00fcck, um den Anschluss zu verbergen - eine zus\u00e4tzliche Kappe ist nicht erforderlich. Diese einfache Bedienung verhindert Staubansammlungen und versehentliche Besch\u00e4digungen und bietet ein ausgewogenes Verh\u00e4ltnis zwischen Komfort und Sicherheit.<\/p>\n<\/div>\n<\/div>\n\n\n\n<div class=\"wp-block-columns is-layout-flex wp-container-core-columns-is-layout-3 wp-block-columns-is-layout-flex\">\n<div class=\"wp-block-column is-vertically-aligned-center is-layout-flow wp-block-column-is-layout-flow\">\n<p>Was die Speicherleistung betrifft, so bietet es gleichbleibende Zuverl\u00e4ssigkeit. Durch die Verwendung nichtfl\u00fcchtiger elektronischer Speichermedien bleiben die Daten auch bei Stromausf\u00e4llen erhalten und es werden g\u00e4ngige Betriebssysteme wie Windows und Mac mit Plug-and-Play-Funktionalit\u00e4t unterst\u00fctzt. Ganz gleich, ob es sich um B\u00fcrodokumente, Konstruktionspl\u00e4ne oder Produktmaterialien handelt, es erm\u00f6glicht schnelle Lese-\/Schreibgeschwindigkeiten und eine stabile Daten\u00fcbertragung, um die Anforderungen an eine hocheffiziente B\u00fcrospeicherung zu erf\u00fcllen. Dar\u00fcber hinaus bietet sie anpassbare Kapazit\u00e4ten von 8 GB bis 128 GB, um verschiedenen Nutzungsszenarien gerecht zu werden.<\/p>\n\n\n\n<p>Im gesch\u00e4ftlichen Umfeld und bei der Markenwerbung ist dieses USB-Laufwerk mit seitlichem Druck und Harzbeschichtung eine ausgezeichnete Wahl, da es durch sein raffiniertes Design und seine zuverl\u00e4ssige Leistung praktische Funktionen mit der Sichtbarkeit der Marke verbindet.<\/p>\n<\/div>\n\n\n\n<div class=\"wp-block-column is-layout-flow wp-block-column-is-layout-flow\">\n<figure class=\"wp-block-image size-full\"><img decoding=\"async\" width=\"800\" height=\"800\" src=\"https:\/\/www.yousanusb.com\/wp-content\/uploads\/2025\/10\/epoxy-usb-stick.png\" alt=\"\" class=\"wp-image-22556\" srcset=\"https:\/\/www.yousanusb.com\/wp-content\/uploads\/2025\/10\/epoxy-usb-stick.png 800w, https:\/\/www.yousanusb.com\/wp-content\/uploads\/2025\/10\/epoxy-usb-stick-300x300.png 300w, https:\/\/www.yousanusb.com\/wp-content\/uploads\/2025\/10\/epoxy-usb-stick-150x150.png 150w, https:\/\/www.yousanusb.com\/wp-content\/uploads\/2025\/10\/epoxy-usb-stick-768x768.png 768w, https:\/\/www.yousanusb.com\/wp-content\/uploads\/2025\/10\/epoxy-usb-stick-12x12.png 12w, https:\/\/www.yousanusb.com\/wp-content\/uploads\/2025\/10\/epoxy-usb-stick-600x600.png 600w, https:\/\/www.yousanusb.com\/wp-content\/uploads\/2025\/10\/epoxy-usb-stick-100x100.png 100w\" sizes=\"(max-width: 800px) 100vw, 800px\" \/><\/figure>\n<\/div>\n<\/div>","protected":false},"excerpt":{"rendered":"<ul>\n<li>Epoxid-USB-Stick<\/li>\n<li>Elegantes Originaldesign<\/li>\n<li>Gr\u00f6\u00dfere Mengen auf Anfrage erh\u00e4ltlich<\/li>\n<li>USB 2.0 abw\u00e4rtskompatibel<\/li>\n<li>MOQ:100St\u00fcck<\/li>\n<\/ul>","protected":false},"featured_media":22555,"comment_status":"open","ping_status":"closed","template":"","meta":{"_seopress_robots_primary_cat":"","_seopress_titles_title":"","_seopress_titles_desc":"","_seopress_robots_index":""},"class_list":["post-22551","product","type-product","status-publish","has-post-thumbnail","hentry","product_cat-plastic-usb-flash-drive","product_cat-push-pull-usb-flash-drive","product_tag-epoxy-usb-flash-drive"],"_links":{"self":[{"href":"https:\/\/www.yousanusb.com\/de\/wp-json\/wp\/v2\/product\/22551"}],"collection":[{"href":"https:\/\/www.yousanusb.com\/de\/wp-json\/wp\/v2\/product"}],"about":[{"href":"https:\/\/www.yousanusb.com\/de\/wp-json\/wp\/v2\/types\/product"}],"replies":[{"embeddable":true,"href":"https:\/\/www.yousanusb.com\/de\/wp-json\/wp\/v2\/comments?post=22551"}],"wp:featuredmedia":[{"embeddable":true,"href":"https:\/\/www.yousanusb.com\/de\/wp-json\/wp\/v2\/media\/22555"}],"wp:attachment":[{"href":"https:\/\/www.yousanusb.com\/de\/wp-json\/wp\/v2\/media?parent=22551"}],"curies":[{"name":"wp","href":"https:\/\/api.w.org\/{rel}","templated":true}]}}