{"id":22727,"date":"2025-10-29T07:57:14","date_gmt":"2025-10-29T07:57:14","guid":{"rendered":"https:\/\/www.yousanusb.com\/?post_type=product&#038;p=22727"},"modified":"2025-10-30T12:39:56","modified_gmt":"2025-10-30T12:39:56","slug":"light-up-usb-flash-drive-with-leather-strap","status":"publish","type":"product","link":"https:\/\/www.yousanusb.com\/de\/product\/light-up-usb-flash-drive-with-leather-strap\/","title":{"rendered":"Beleuchteter USB-Stick mit Lederriemen"},"content":{"rendered":"<div class=\"wp-block-columns is-layout-flex wp-container-core-columns-is-layout-1 wp-block-columns-is-layout-flex\">\n<div class=\"wp-block-column is-layout-flow wp-block-column-is-layout-flow\">\n<figure class=\"wp-block-image size-full\"><img fetchpriority=\"high\" decoding=\"async\" width=\"800\" height=\"800\" src=\"https:\/\/www.yousanusb.com\/wp-content\/uploads\/2025\/10\/lather-light-up-usb-flash-drive.jpeg\" alt=\"\" class=\"wp-image-22732\" srcset=\"https:\/\/www.yousanusb.com\/wp-content\/uploads\/2025\/10\/lather-light-up-usb-flash-drive.jpeg 800w, https:\/\/www.yousanusb.com\/wp-content\/uploads\/2025\/10\/lather-light-up-usb-flash-drive-300x300.jpeg 300w, https:\/\/www.yousanusb.com\/wp-content\/uploads\/2025\/10\/lather-light-up-usb-flash-drive-150x150.jpeg 150w, https:\/\/www.yousanusb.com\/wp-content\/uploads\/2025\/10\/lather-light-up-usb-flash-drive-768x768.jpeg 768w, https:\/\/www.yousanusb.com\/wp-content\/uploads\/2025\/10\/lather-light-up-usb-flash-drive-12x12.jpeg 12w, https:\/\/www.yousanusb.com\/wp-content\/uploads\/2025\/10\/lather-light-up-usb-flash-drive-600x600.jpeg 600w, https:\/\/www.yousanusb.com\/wp-content\/uploads\/2025\/10\/lather-light-up-usb-flash-drive-100x100.jpeg 100w\" sizes=\"(max-width: 800px) 100vw, 800px\" \/><\/figure>\n<\/div>\n\n\n\n<div class=\"wp-block-column is-vertically-aligned-center is-layout-flow wp-block-column-is-layout-flow\">\n<p>Dieses beleuchtete USB-Flash-Laufwerk mit Lederband wird mit einem braunen Lederband geliefert, das sich leicht an Schl\u00fcsselb\u00e4ndern, Rucks\u00e4cken und anderen Gegenst\u00e4nden befestigen l\u00e4sst, wodurch es bequem zu transportieren ist und das Verlustrisiko erheblich verringert wird. Das Hauptgeh\u00e4use des USB-Laufwerks ist rechteckig und besteht aus strapazierf\u00e4higem Kunststoff, der die internen Speicherkomponenten effektiv sch\u00fctzen kann.<\/p>\n\n\n\n<p>Die Beleuchtungsfunktion ist ein besonderer Blickfang. Wenn das USB-Laufwerk an einen Computer angeschlossen ist, leuchtet der LOGO-Bereich auf der Vorderseite automatisch auf, und die Beleuchtungsfarbe kann individuell angepasst werden. So k\u00f6nnen beispielsweise die Logos von Microsoft und Miele mit exklusiven Lichteffekten versehen werden, die optisch auff\u00e4llig sind und intuitiv den Arbeitsstatus des Ger\u00e4ts widerspiegeln k\u00f6nnen.<\/p>\n<\/div>\n<\/div>\n\n\n\n<div class=\"wp-block-columns is-layout-flex wp-container-core-columns-is-layout-2 wp-block-columns-is-layout-flex\">\n<div class=\"wp-block-column is-vertically-aligned-center is-layout-flow wp-block-column-is-layout-flow\">\n<p>Der Anpassungsservice ist sehr flexibel. Die K\u00f6rperfarbe kann angepasst werden, mit Optionen wie gr\u00fcn, blau, wei\u00df, schwarz, rot und mehr, geeignet f\u00fcr verschiedene Stilvorlieben. Die Beleuchtungsfarbe des LOGOs kann angepasst werden, und Markenlogos oder exklusive Muster k\u00f6nnen auch auf der R\u00fcckseite angebracht werden. Marken wie Starbucks, Unilever, Samsung und Coca-Cola k\u00f6nnen auf diese Weise pr\u00e4sentiert werden, was nicht nur den gesch\u00e4ftlichen Erfordernissen der Markenwerbung f\u00fcr Unternehmen entspricht, sondern auch das pers\u00f6nliche Streben nach Individualit\u00e4t f\u00fcr einzelne Nutzer erf\u00fcllt.<\/p>\n<\/div>\n\n\n\n<div class=\"wp-block-column is-layout-flow wp-block-column-is-layout-flow\">\n<figure class=\"wp-block-image size-full\"><img decoding=\"async\" width=\"800\" height=\"800\" src=\"https:\/\/www.yousanusb.com\/wp-content\/uploads\/2025\/10\/Plastic-light-up-usb-flash-drive.jpeg\" alt=\"\" class=\"wp-image-22735\" srcset=\"https:\/\/www.yousanusb.com\/wp-content\/uploads\/2025\/10\/Plastic-light-up-usb-flash-drive.jpeg 800w, https:\/\/www.yousanusb.com\/wp-content\/uploads\/2025\/10\/Plastic-light-up-usb-flash-drive-300x300.jpeg 300w, https:\/\/www.yousanusb.com\/wp-content\/uploads\/2025\/10\/Plastic-light-up-usb-flash-drive-150x150.jpeg 150w, https:\/\/www.yousanusb.com\/wp-content\/uploads\/2025\/10\/Plastic-light-up-usb-flash-drive-768x768.jpeg 768w, https:\/\/www.yousanusb.com\/wp-content\/uploads\/2025\/10\/Plastic-light-up-usb-flash-drive-12x12.jpeg 12w, https:\/\/www.yousanusb.com\/wp-content\/uploads\/2025\/10\/Plastic-light-up-usb-flash-drive-600x600.jpeg 600w, https:\/\/www.yousanusb.com\/wp-content\/uploads\/2025\/10\/Plastic-light-up-usb-flash-drive-100x100.jpeg 100w\" sizes=\"(max-width: 800px) 100vw, 800px\" \/><\/figure>\n<\/div>\n<\/div>\n\n\n\n<div class=\"wp-block-columns is-layout-flex wp-container-core-columns-is-layout-3 wp-block-columns-is-layout-flex\">\n<div class=\"wp-block-column is-layout-flow wp-block-column-is-layout-flow\">\n<figure class=\"wp-block-image size-full\"><img decoding=\"async\" width=\"800\" height=\"800\" src=\"https:\/\/www.yousanusb.com\/wp-content\/uploads\/2025\/10\/light-up-USB-drive.jpeg\" alt=\"\" class=\"wp-image-22733\" srcset=\"https:\/\/www.yousanusb.com\/wp-content\/uploads\/2025\/10\/light-up-USB-drive.jpeg 800w, https:\/\/www.yousanusb.com\/wp-content\/uploads\/2025\/10\/light-up-USB-drive-300x300.jpeg 300w, https:\/\/www.yousanusb.com\/wp-content\/uploads\/2025\/10\/light-up-USB-drive-150x150.jpeg 150w, https:\/\/www.yousanusb.com\/wp-content\/uploads\/2025\/10\/light-up-USB-drive-768x768.jpeg 768w, https:\/\/www.yousanusb.com\/wp-content\/uploads\/2025\/10\/light-up-USB-drive-12x12.jpeg 12w, https:\/\/www.yousanusb.com\/wp-content\/uploads\/2025\/10\/light-up-USB-drive-600x600.jpeg 600w, https:\/\/www.yousanusb.com\/wp-content\/uploads\/2025\/10\/light-up-USB-drive-100x100.jpeg 100w\" sizes=\"(max-width: 800px) 100vw, 800px\" \/><\/figure>\n<\/div>\n\n\n\n<div class=\"wp-block-column is-vertically-aligned-center is-layout-flow wp-block-column-is-layout-flow\">\n<p>Er verf\u00fcgt \u00fcber die wichtigsten Speicher- und \u00dcbertragungsfunktionen eines USB-Flash-Laufwerks, ist mit USB-Standards kompatibel und unterst\u00fctzt Plug-and-Play-Funktionen, ohne dass eine zus\u00e4tzliche Treiberinstallation erforderlich ist. Ob Dokumente und Tabellen in B\u00fcroszenarien oder pers\u00f6nliche Fotos und Videodateien, er kann sie effizient speichern und erf\u00fcllt die grundlegenden Anforderungen der t\u00e4glichen Datenverwaltung. Was die professionelle Speicherleistung betrifft, so h\u00e4lt sie sich streng an die Industriestandards und gew\u00e4hrleistet ein stabiles und zuverl\u00e4ssiges Lesen und Schreiben von Daten bei gleichzeitiger Gew\u00e4hrleistung der Datensicherheit. Sie eignet sich f\u00fcr verschiedene Szenarien wie die \u00dcbertragung von Gesch\u00e4ftsdokumenten und die langfristige Speicherung pers\u00f6nlicher Daten.<\/p>\n<\/div>\n<\/div>\n\n\n\n<p>Die Hauptfarbe des USB-Flash-Laufwerks ist anpassbar und umfasst g\u00e4ngige Farboptionen wie Gr\u00fcn, Blau, Wei\u00df, Schwarz und Rot. Unternehmen k\u00f6nnen eine Farbe w\u00e4hlen, die zu ihren eigenen Logos und Markenidentit\u00e4ten passt.<\/p>\n\n\n\n<div class=\"wp-block-columns is-layout-flex wp-container-core-columns-is-layout-4 wp-block-columns-is-layout-flex\">\n<div class=\"wp-block-column is-layout-flow wp-block-column-is-layout-flow\">\n<figure class=\"wp-block-image size-large\"><img loading=\"lazy\" decoding=\"async\" width=\"687\" height=\"1024\" src=\"https:\/\/www.yousanusb.com\/wp-content\/uploads\/2025\/10\/Customizable-Personalized-LightUp-USB-Drive-687x1024.jpeg\" alt=\"\" class=\"wp-image-22731\" srcset=\"https:\/\/www.yousanusb.com\/wp-content\/uploads\/2025\/10\/Customizable-Personalized-LightUp-USB-Drive-687x1024.jpeg 687w, https:\/\/www.yousanusb.com\/wp-content\/uploads\/2025\/10\/Customizable-Personalized-LightUp-USB-Drive-201x300.jpeg 201w, https:\/\/www.yousanusb.com\/wp-content\/uploads\/2025\/10\/Customizable-Personalized-LightUp-USB-Drive-8x12.jpeg 8w, https:\/\/www.yousanusb.com\/wp-content\/uploads\/2025\/10\/Customizable-Personalized-LightUp-USB-Drive-600x895.jpeg 600w, https:\/\/www.yousanusb.com\/wp-content\/uploads\/2025\/10\/Customizable-Personalized-LightUp-USB-Drive.jpeg 751w\" sizes=\"(max-width: 687px) 100vw, 687px\" \/><\/figure>\n<\/div>\n\n\n\n<div class=\"wp-block-column is-layout-flow wp-block-column-is-layout-flow\">\n<figure class=\"wp-block-image size-large\"><img loading=\"lazy\" decoding=\"async\" width=\"686\" height=\"1024\" src=\"https:\/\/www.yousanusb.com\/wp-content\/uploads\/2025\/10\/custom-plastic-light-up-usb-flash-drive-686x1024.jpeg\" alt=\"\" class=\"wp-image-22730\" srcset=\"https:\/\/www.yousanusb.com\/wp-content\/uploads\/2025\/10\/custom-plastic-light-up-usb-flash-drive-686x1024.jpeg 686w, https:\/\/www.yousanusb.com\/wp-content\/uploads\/2025\/10\/custom-plastic-light-up-usb-flash-drive-201x300.jpeg 201w, https:\/\/www.yousanusb.com\/wp-content\/uploads\/2025\/10\/custom-plastic-light-up-usb-flash-drive-8x12.jpeg 8w, https:\/\/www.yousanusb.com\/wp-content\/uploads\/2025\/10\/custom-plastic-light-up-usb-flash-drive-600x896.jpeg 600w, https:\/\/www.yousanusb.com\/wp-content\/uploads\/2025\/10\/custom-plastic-light-up-usb-flash-drive.jpeg 750w\" sizes=\"(max-width: 686px) 100vw, 686px\" \/><\/figure>\n<\/div>\n<\/div>","protected":false},"excerpt":{"rendered":"<ul>\n<li>Kunststoffmaterial<\/li>\n<li>Beleuchteter USB-Stick<\/li>\n<li>UV-Druck | Lasermarkierung | Siebdruck<\/li>\n<li>USB-Laufwerk mit leuchtendem Logo-Effekt<\/li>\n<li>MOQ:100St\u00fcck<\/li>\n<\/ul>","protected":false},"featured_media":22732,"comment_status":"open","ping_status":"closed","template":"","meta":{"_seopress_robots_primary_cat":"","_seopress_titles_title":"","_seopress_titles_desc":"","_seopress_robots_index":""},"class_list":["post-22727","product","type-product","status-publish","has-post-thumbnail","hentry","product_cat-led-light-usb-flash-drive"],"_links":{"self":[{"href":"https:\/\/www.yousanusb.com\/de\/wp-json\/wp\/v2\/product\/22727"}],"collection":[{"href":"https:\/\/www.yousanusb.com\/de\/wp-json\/wp\/v2\/product"}],"about":[{"href":"https:\/\/www.yousanusb.com\/de\/wp-json\/wp\/v2\/types\/product"}],"replies":[{"embeddable":true,"href":"https:\/\/www.yousanusb.com\/de\/wp-json\/wp\/v2\/comments?post=22727"}],"wp:featuredmedia":[{"embeddable":true,"href":"https:\/\/www.yousanusb.com\/de\/wp-json\/wp\/v2\/media\/22732"}],"wp:attachment":[{"href":"https:\/\/www.yousanusb.com\/de\/wp-json\/wp\/v2\/media?parent=22727"}],"curies":[{"name":"wp","href":"https:\/\/api.w.org\/{rel}","templated":true}]}}