{"id":22794,"date":"2025-10-30T05:35:00","date_gmt":"2025-10-30T05:35:00","guid":{"rendered":"https:\/\/www.yousanusb.com\/?post_type=product&#038;p=22794"},"modified":"2025-10-30T12:40:19","modified_gmt":"2025-10-30T12:40:19","slug":"metal-light-up-keychain-usb-flash-drive","status":"publish","type":"product","link":"https:\/\/www.yousanusb.com\/de\/product\/metal-light-up-keychain-usb-flash-drive\/","title":{"rendered":"Beleuchteter Metall-Schl\u00fcsselanh\u00e4nger USB-Flash-Laufwerk"},"content":{"rendered":"<p>Dieses USB-Flash-Laufwerk mit leuchtendem Metall-Schl\u00fcsselanh\u00e4nger hat ein einfaches, l\u00e4ngliches Design, gepaart mit einer Schl\u00fcsselanh\u00e4ngerstruktur. Er erf\u00fcllt nicht nur die Anforderungen an die Tragbarkeit im t\u00e4glichen Gebrauch, sondern kann auch leicht an Schl\u00fcsselb\u00e4ndern oder Rucks\u00e4cken befestigt werden, um einen Verlust zu verhindern.<\/p>\n\n\n\n<div class=\"wp-block-columns is-layout-flex wp-container-core-columns-is-layout-1 wp-block-columns-is-layout-flex\">\n<div class=\"wp-block-column is-layout-flow wp-block-column-is-layout-flow\">\n<figure class=\"wp-block-image size-full\"><img fetchpriority=\"high\" decoding=\"async\" width=\"800\" height=\"800\" src=\"https:\/\/www.yousanusb.com\/wp-content\/uploads\/2025\/10\/Light-up-USB-Flash-Drive-with-Keychain.jpeg\" alt=\"\" class=\"wp-image-22799\" srcset=\"https:\/\/www.yousanusb.com\/wp-content\/uploads\/2025\/10\/Light-up-USB-Flash-Drive-with-Keychain.jpeg 800w, https:\/\/www.yousanusb.com\/wp-content\/uploads\/2025\/10\/Light-up-USB-Flash-Drive-with-Keychain-300x300.jpeg 300w, https:\/\/www.yousanusb.com\/wp-content\/uploads\/2025\/10\/Light-up-USB-Flash-Drive-with-Keychain-150x150.jpeg 150w, https:\/\/www.yousanusb.com\/wp-content\/uploads\/2025\/10\/Light-up-USB-Flash-Drive-with-Keychain-768x768.jpeg 768w, https:\/\/www.yousanusb.com\/wp-content\/uploads\/2025\/10\/Light-up-USB-Flash-Drive-with-Keychain-12x12.jpeg 12w, https:\/\/www.yousanusb.com\/wp-content\/uploads\/2025\/10\/Light-up-USB-Flash-Drive-with-Keychain-600x600.jpeg 600w, https:\/\/www.yousanusb.com\/wp-content\/uploads\/2025\/10\/Light-up-USB-Flash-Drive-with-Keychain-100x100.jpeg 100w\" sizes=\"(max-width: 800px) 100vw, 800px\" \/><\/figure>\n<\/div>\n\n\n\n<div class=\"wp-block-column is-layout-flow wp-block-column-is-layout-flow\">\n<figure class=\"wp-block-image size-full\"><img decoding=\"async\" width=\"800\" height=\"800\" src=\"https:\/\/www.yousanusb.com\/wp-content\/uploads\/2025\/10\/metal-Light-up-usb-flash-drive-3.jpeg\" alt=\"\" class=\"wp-image-22800\" srcset=\"https:\/\/www.yousanusb.com\/wp-content\/uploads\/2025\/10\/metal-Light-up-usb-flash-drive-3.jpeg 800w, https:\/\/www.yousanusb.com\/wp-content\/uploads\/2025\/10\/metal-Light-up-usb-flash-drive-3-300x300.jpeg 300w, https:\/\/www.yousanusb.com\/wp-content\/uploads\/2025\/10\/metal-Light-up-usb-flash-drive-3-150x150.jpeg 150w, https:\/\/www.yousanusb.com\/wp-content\/uploads\/2025\/10\/metal-Light-up-usb-flash-drive-3-768x768.jpeg 768w, https:\/\/www.yousanusb.com\/wp-content\/uploads\/2025\/10\/metal-Light-up-usb-flash-drive-3-12x12.jpeg 12w, https:\/\/www.yousanusb.com\/wp-content\/uploads\/2025\/10\/metal-Light-up-usb-flash-drive-3-600x600.jpeg 600w, https:\/\/www.yousanusb.com\/wp-content\/uploads\/2025\/10\/metal-Light-up-usb-flash-drive-3-100x100.jpeg 100w\" sizes=\"(max-width: 800px) 100vw, 800px\" \/><\/figure>\n<\/div>\n<\/div>\n\n\n\n<h2 class=\"wp-block-heading\">Die individuelle Anpassung ist einer der Hauptvorteile des Systems:<\/h2>\n\n\n\n<ul class=\"wp-block-list\">\n<li>Die Farbe der Karosserie kann individuell angepasst werden - zur Auswahl stehen Schwarz, Silber usw. - um verschiedenen Stilvorlieben gerecht zu werden. Ob n\u00fcchternes Schwarz f\u00fcr Business-Szenarien oder futuristisches Silber mit technischem Vibe - es passt gut.<\/li>\n\n\n\n<li>Die Farben des beleuchteten Logos sind ebenfalls anpassbar: Das vordere beleuchtete Logo bleibt ausgeschaltet, wenn es nicht benutzt wird, leuchtet aber sofort auf, wenn es an einen Computer angeschlossen wird. Wenn es leuchtet, ist das Marken- oder personalisierte Logo klar und auff\u00e4llig und erh\u00f6ht die Wiedererkennung. Logos oder Muster k\u00f6nnen auch auf die R\u00fcckseite gedruckt werden.<\/li>\n\n\n\n<li>Dar\u00fcber hinaus kann die Farbe des Kunststoffteils, das den Schl\u00fcsselanh\u00e4nger mit dem USB-Laufwerk verbindet, individuell angepasst werden, wobei Optionen wie Rot, Blau und Braun zur Verf\u00fcgung stehen, die dem Gesamtbild mehr Pers\u00f6nlichkeit verleihen.<\/li>\n<\/ul>\n\n\n\n<div class=\"wp-block-columns is-layout-flex wp-container-core-columns-is-layout-2 wp-block-columns-is-layout-flex\">\n<div class=\"wp-block-column is-layout-flow wp-block-column-is-layout-flow\">\n<figure class=\"wp-block-image size-full\"><img decoding=\"async\" width=\"800\" height=\"800\" src=\"https:\/\/www.yousanusb.com\/wp-content\/uploads\/2025\/10\/silver-Light-up-usb-flash-drive.jpeg\" alt=\"\" class=\"wp-image-22801\" srcset=\"https:\/\/www.yousanusb.com\/wp-content\/uploads\/2025\/10\/silver-Light-up-usb-flash-drive.jpeg 800w, https:\/\/www.yousanusb.com\/wp-content\/uploads\/2025\/10\/silver-Light-up-usb-flash-drive-300x300.jpeg 300w, https:\/\/www.yousanusb.com\/wp-content\/uploads\/2025\/10\/silver-Light-up-usb-flash-drive-150x150.jpeg 150w, https:\/\/www.yousanusb.com\/wp-content\/uploads\/2025\/10\/silver-Light-up-usb-flash-drive-768x768.jpeg 768w, https:\/\/www.yousanusb.com\/wp-content\/uploads\/2025\/10\/silver-Light-up-usb-flash-drive-12x12.jpeg 12w, https:\/\/www.yousanusb.com\/wp-content\/uploads\/2025\/10\/silver-Light-up-usb-flash-drive-600x600.jpeg 600w, https:\/\/www.yousanusb.com\/wp-content\/uploads\/2025\/10\/silver-Light-up-usb-flash-drive-100x100.jpeg 100w\" sizes=\"(max-width: 800px) 100vw, 800px\" \/><\/figure>\n<\/div>\n\n\n\n<div class=\"wp-block-column is-layout-flow wp-block-column-is-layout-flow\">\n<figure class=\"wp-block-image size-full\"><img loading=\"lazy\" decoding=\"async\" width=\"800\" height=\"800\" src=\"https:\/\/www.yousanusb.com\/wp-content\/uploads\/2025\/10\/black-Light-up-usb-flash-drive.jpeg\" alt=\"\" class=\"wp-image-22797\" srcset=\"https:\/\/www.yousanusb.com\/wp-content\/uploads\/2025\/10\/black-Light-up-usb-flash-drive.jpeg 800w, https:\/\/www.yousanusb.com\/wp-content\/uploads\/2025\/10\/black-Light-up-usb-flash-drive-300x300.jpeg 300w, https:\/\/www.yousanusb.com\/wp-content\/uploads\/2025\/10\/black-Light-up-usb-flash-drive-150x150.jpeg 150w, https:\/\/www.yousanusb.com\/wp-content\/uploads\/2025\/10\/black-Light-up-usb-flash-drive-768x768.jpeg 768w, https:\/\/www.yousanusb.com\/wp-content\/uploads\/2025\/10\/black-Light-up-usb-flash-drive-12x12.jpeg 12w, https:\/\/www.yousanusb.com\/wp-content\/uploads\/2025\/10\/black-Light-up-usb-flash-drive-600x600.jpeg 600w, https:\/\/www.yousanusb.com\/wp-content\/uploads\/2025\/10\/black-Light-up-usb-flash-drive-100x100.jpeg 100w\" sizes=\"(max-width: 800px) 100vw, 800px\" \/><\/figure>\n<\/div>\n<\/div>\n\n\n\n<p>Bei diesem USB-Flash-Laufwerk sind die Kapazit\u00e4ten von 8 GB bis 128 GB die meistverkauften Optionen f\u00fcr die t\u00e4gliche Speicherung. Sie k\u00f6nnen sich f\u00fcr eine individuelle Anpassung an Ihren t\u00e4glichen Bedarf entscheiden, wobei unterschiedliche Kapazit\u00e4ten mit unterschiedlichen Preisen einhergehen.<br>Er zeichnet sich durch eine stabile Speicherleistung, hohe Lese- und Schreibgeschwindigkeiten sowie eine sichere und zuverl\u00e4ssige Daten\u00fcbertragung aus und erf\u00fcllt damit die Anforderungen professioneller Szenarien wie der Speicherung von Gesch\u00e4ftsdateien und der Verteilung von Veranstaltungsmaterial.<br>Unternehmen k\u00f6nnen die Modelle auch mit ihrem eigenen Logo versehen und sie als Werbegeschenke oder B\u00fcroutensilien verwenden. Praktisch und doch wirksam bei der Verbesserung des Markenimages, ist es eine ausgezeichnete Wahl f\u00fcr das Unternehmensmarketing und den t\u00e4glichen Gebrauch im B\u00fcro.<\/p>","protected":false},"excerpt":{"rendered":"<ul>\n<li>China led usb flash drive fabrik<\/li>\n<li>LED-Beleuchtung Up Logo<\/li>\n<li>Siebdruck<\/li>\n<li>UV-Druck | Lasergravur | Siebdruck<\/li>\n<li>MOQ\uff1a100St\u00fcck<\/li>\n<\/ul>","protected":false},"featured_media":22799,"comment_status":"open","ping_status":"closed","template":"","meta":{"_seopress_robots_primary_cat":"","_seopress_titles_title":"","_seopress_titles_desc":"","_seopress_robots_index":""},"class_list":["post-22794","product","type-product","status-publish","has-post-thumbnail","hentry","product_cat-led-light-usb-flash-drive"],"_links":{"self":[{"href":"https:\/\/www.yousanusb.com\/de\/wp-json\/wp\/v2\/product\/22794"}],"collection":[{"href":"https:\/\/www.yousanusb.com\/de\/wp-json\/wp\/v2\/product"}],"about":[{"href":"https:\/\/www.yousanusb.com\/de\/wp-json\/wp\/v2\/types\/product"}],"replies":[{"embeddable":true,"href":"https:\/\/www.yousanusb.com\/de\/wp-json\/wp\/v2\/comments?post=22794"}],"wp:featuredmedia":[{"embeddable":true,"href":"https:\/\/www.yousanusb.com\/de\/wp-json\/wp\/v2\/media\/22799"}],"wp:attachment":[{"href":"https:\/\/www.yousanusb.com\/de\/wp-json\/wp\/v2\/media?parent=22794"}],"curies":[{"name":"wp","href":"https:\/\/api.w.org\/{rel}","templated":true}]}}