{"id":22965,"date":"2025-10-30T07:47:10","date_gmt":"2025-10-30T07:47:10","guid":{"rendered":"https:\/\/www.yousanusb.com\/?post_type=product&#038;p=22965"},"modified":"2025-10-30T12:40:53","modified_gmt":"2025-10-30T12:40:53","slug":"strip-shaped-zinc-alloy-light-up-usb-flash-drive","status":"publish","type":"product","link":"https:\/\/www.yousanusb.com\/de\/product\/strip-shaped-zinc-alloy-light-up-usb-flash-drive\/","title":{"rendered":"Streifenf\u00f6rmiges Zinklegierungs-Leucht-USB-Flash-Laufwerk"},"content":{"rendered":"<div class=\"wp-block-columns is-layout-flex wp-container-core-columns-is-layout-1 wp-block-columns-is-layout-flex\">\n<div class=\"wp-block-column is-layout-flow wp-block-column-is-layout-flow\">\n<figure class=\"wp-block-image size-full\"><img fetchpriority=\"high\" decoding=\"async\" width=\"800\" height=\"800\" src=\"https:\/\/www.yousanusb.com\/wp-content\/uploads\/2025\/10\/Strip-shaped-Light-Up-USB-Flash-Drive.jpg\" alt=\"\" class=\"wp-image-22969\" srcset=\"https:\/\/www.yousanusb.com\/wp-content\/uploads\/2025\/10\/Strip-shaped-Light-Up-USB-Flash-Drive.jpg 800w, https:\/\/www.yousanusb.com\/wp-content\/uploads\/2025\/10\/Strip-shaped-Light-Up-USB-Flash-Drive-300x300.jpg 300w, https:\/\/www.yousanusb.com\/wp-content\/uploads\/2025\/10\/Strip-shaped-Light-Up-USB-Flash-Drive-150x150.jpg 150w, https:\/\/www.yousanusb.com\/wp-content\/uploads\/2025\/10\/Strip-shaped-Light-Up-USB-Flash-Drive-768x768.jpg 768w, https:\/\/www.yousanusb.com\/wp-content\/uploads\/2025\/10\/Strip-shaped-Light-Up-USB-Flash-Drive-12x12.jpg 12w, https:\/\/www.yousanusb.com\/wp-content\/uploads\/2025\/10\/Strip-shaped-Light-Up-USB-Flash-Drive-600x600.jpg 600w, https:\/\/www.yousanusb.com\/wp-content\/uploads\/2025\/10\/Strip-shaped-Light-Up-USB-Flash-Drive-100x100.jpg 100w\" sizes=\"(max-width: 800px) 100vw, 800px\" \/><\/figure>\n<\/div>\n\n\n\n<div class=\"wp-block-column is-vertically-aligned-center is-layout-flow wp-block-column-is-layout-flow\">\n<p>Dieses USB-Flash-Laufwerk mit langen Streifen aus Zinklegierung besteht aus einer robusten und verschlei\u00dffesten Zinklegierung, die eine hohe Kratzfestigkeit aufweist. Es ist nicht leicht zu bekommen Kratzer im t\u00e4glichen Gebrauch, kann ein gutes Aussehen f\u00fcr eine lange Zeit zu halten, und hat eine l\u00e4ngere Lebensdauer.<\/p>\n\n\n\n<p>Das Material aus einer Zinklegierung kann in verschiedenen Farben wie Gold, Silber, Ros\u00e9gold, Rotguss usw. individuell gestaltet werden, um den unterschiedlichen Bed\u00fcrfnissen der pers\u00f6nlichen Vorlieben oder den Markent\u00f6nen des Unternehmens gerecht zu werden.<\/p>\n\n\n\n<p>Es verf\u00fcgt \u00fcber einen Schl\u00fcsselring, der an einem Schl\u00fcsselbund oder Rucksack aufgeh\u00e4ngt werden kann. Es ist bequem zu tragen und nicht leicht zu verlieren, und der USB-Flash-Laufwerk kann jederzeit zugegriffen werden.<\/p>\n<\/div>\n<\/div>\n\n\n\n<div class=\"wp-block-columns is-layout-flex wp-container-core-columns-is-layout-3 wp-block-columns-is-layout-flex\">\n<div class=\"wp-block-column is-layout-flow wp-block-column-is-layout-flow\" style=\"flex-basis:0px\"><\/div>\n\n\n\n<div class=\"wp-block-column is-layout-flow wp-block-column-is-layout-flow\">\n<div class=\"wp-block-columns is-layout-flex wp-container-core-columns-is-layout-2 wp-block-columns-is-layout-flex\">\n<div class=\"wp-block-column is-vertically-aligned-center is-layout-flow wp-block-column-is-layout-flow\">\n<p>Die Logoanpassung ist sehr flexibel. Das beleuchtete Logo auf der Vorderseite kann in verschiedenen Farben wie Rot, Blau und Gr\u00fcn gestaltet werden. Wenn es an einen Computer angeschlossen wird, leuchtet das Logo auf und sorgt f\u00fcr einen hohen Wiedererkennungswert. Die R\u00fcckseite des USB-Sticks kann ebenfalls mit einem Logo oder Text versehen werden. Unternehmen k\u00f6nnen ihn f\u00fcr Werbezwecke und zum Verschenken an Kunden verwenden, was die Markenbekanntheit effektiv erh\u00f6ht.<\/p>\n<\/div>\n\n\n\n<div class=\"wp-block-column is-layout-flow wp-block-column-is-layout-flow\">\n<figure class=\"wp-block-image size-full\"><img decoding=\"async\" width=\"800\" height=\"800\" src=\"https:\/\/www.yousanusb.com\/wp-content\/uploads\/2025\/10\/metal-light-up-usb-flash-drive-1.jpg\" alt=\"\" class=\"wp-image-22972\" srcset=\"https:\/\/www.yousanusb.com\/wp-content\/uploads\/2025\/10\/metal-light-up-usb-flash-drive-1.jpg 800w, https:\/\/www.yousanusb.com\/wp-content\/uploads\/2025\/10\/metal-light-up-usb-flash-drive-1-300x300.jpg 300w, https:\/\/www.yousanusb.com\/wp-content\/uploads\/2025\/10\/metal-light-up-usb-flash-drive-1-150x150.jpg 150w, https:\/\/www.yousanusb.com\/wp-content\/uploads\/2025\/10\/metal-light-up-usb-flash-drive-1-768x768.jpg 768w, https:\/\/www.yousanusb.com\/wp-content\/uploads\/2025\/10\/metal-light-up-usb-flash-drive-1-12x12.jpg 12w, https:\/\/www.yousanusb.com\/wp-content\/uploads\/2025\/10\/metal-light-up-usb-flash-drive-1-600x600.jpg 600w, https:\/\/www.yousanusb.com\/wp-content\/uploads\/2025\/10\/metal-light-up-usb-flash-drive-1-100x100.jpg 100w\" sizes=\"(max-width: 800px) 100vw, 800px\" \/><\/figure>\n<\/div>\n<\/div>\n<\/div>\n<\/div>\n\n\n\n<div class=\"wp-block-columns is-layout-flex wp-container-core-columns-is-layout-4 wp-block-columns-is-layout-flex\">\n<div class=\"wp-block-column is-layout-flow wp-block-column-is-layout-flow\">\n<figure class=\"wp-block-image size-full\"><img decoding=\"async\" width=\"800\" height=\"801\" src=\"https:\/\/www.yousanusb.com\/wp-content\/uploads\/2025\/10\/custom-metal-light-up-usb-drive-1.jpg\" alt=\"\" class=\"wp-image-22970\" srcset=\"https:\/\/www.yousanusb.com\/wp-content\/uploads\/2025\/10\/custom-metal-light-up-usb-drive-1.jpg 800w, https:\/\/www.yousanusb.com\/wp-content\/uploads\/2025\/10\/custom-metal-light-up-usb-drive-1-300x300.jpg 300w, https:\/\/www.yousanusb.com\/wp-content\/uploads\/2025\/10\/custom-metal-light-up-usb-drive-1-150x150.jpg 150w, https:\/\/www.yousanusb.com\/wp-content\/uploads\/2025\/10\/custom-metal-light-up-usb-drive-1-768x769.jpg 768w, https:\/\/www.yousanusb.com\/wp-content\/uploads\/2025\/10\/custom-metal-light-up-usb-drive-1-12x12.jpg 12w, https:\/\/www.yousanusb.com\/wp-content\/uploads\/2025\/10\/custom-metal-light-up-usb-drive-1-600x601.jpg 600w, https:\/\/www.yousanusb.com\/wp-content\/uploads\/2025\/10\/custom-metal-light-up-usb-drive-1-100x100.jpg 100w\" sizes=\"(max-width: 800px) 100vw, 800px\" \/><\/figure>\n<\/div>\n\n\n\n<div class=\"wp-block-column is-vertically-aligned-center is-layout-flow wp-block-column-is-layout-flow\">\n<p>Was die technischen Daten betrifft, so ist die Speicherkapazit\u00e4t in verschiedenen Optionen wie 8 GB, 16 GB, 32 GB und 64 GB erh\u00e4ltlich, um unterschiedliche Speicheranforderungen zu erf\u00fcllen. Die Schnittstelle kann als USB 2.0 oder USB 3.0 gew\u00e4hlt werden, mit stabilen Lese- und Schreibgeschwindigkeiten, die eine effiziente \u00dcbertragung von Dateien wie Dokumenten, Fotos und Videos erm\u00f6glichen und somit Zeit sparen.<\/p>\n<\/div>\n<\/div>","protected":false},"excerpt":{"rendered":"<ul>\n<li>Beleuchteter USB-Stick<\/li>\n<li>Benutzerdefinierte Farbe des Silikonbandes<\/li>\n<li>Benutzerdefinierte LED-Beleuchtung mit Logo<\/li>\n<li>Siebdruck<\/li>\n<li>CE, RoHS, FCC<\/li>\n<\/ul>","protected":false},"featured_media":22968,"comment_status":"open","ping_status":"closed","template":"","meta":{"_seopress_robots_primary_cat":"","_seopress_titles_title":"","_seopress_titles_desc":"","_seopress_robots_index":""},"class_list":["post-22965","product","type-product","status-publish","has-post-thumbnail","hentry","product_cat-led-light-usb-flash-drive"],"_links":{"self":[{"href":"https:\/\/www.yousanusb.com\/de\/wp-json\/wp\/v2\/product\/22965"}],"collection":[{"href":"https:\/\/www.yousanusb.com\/de\/wp-json\/wp\/v2\/product"}],"about":[{"href":"https:\/\/www.yousanusb.com\/de\/wp-json\/wp\/v2\/types\/product"}],"replies":[{"embeddable":true,"href":"https:\/\/www.yousanusb.com\/de\/wp-json\/wp\/v2\/comments?post=22965"}],"wp:featuredmedia":[{"embeddable":true,"href":"https:\/\/www.yousanusb.com\/de\/wp-json\/wp\/v2\/media\/22968"}],"wp:attachment":[{"href":"https:\/\/www.yousanusb.com\/de\/wp-json\/wp\/v2\/media?parent=22965"}],"curies":[{"name":"wp","href":"https:\/\/api.w.org\/{rel}","templated":true}]}}