{"id":23071,"date":"2025-10-30T12:24:46","date_gmt":"2025-10-30T12:24:46","guid":{"rendered":"https:\/\/www.yousanusb.com\/?post_type=product&#038;p=23071"},"modified":"2025-11-03T02:45:42","modified_gmt":"2025-11-03T02:45:42","slug":"long-strip-metal-plug-usb-flash-drive","status":"publish","type":"product","link":"https:\/\/www.yousanusb.com\/de\/product\/long-strip-metal-plug-usb-flash-drive\/","title":{"rendered":"USB-Flash-Laufwerk mit langem Streifen und Metallstecker"},"content":{"rendered":"<div class=\"wp-block-columns is-layout-flex wp-container-core-columns-is-layout-1 wp-block-columns-is-layout-flex\">\n<div class=\"wp-block-column is-layout-flow wp-block-column-is-layout-flow\">\n<figure class=\"wp-block-image size-full\"><img fetchpriority=\"high\" decoding=\"async\" width=\"800\" height=\"800\" src=\"https:\/\/www.yousanusb.com\/wp-content\/uploads\/2025\/10\/Plug-in-Long-Strip-light-up-USB-Flash-Drive.jpeg\" alt=\"\" class=\"wp-image-23078\" srcset=\"https:\/\/www.yousanusb.com\/wp-content\/uploads\/2025\/10\/Plug-in-Long-Strip-light-up-USB-Flash-Drive.jpeg 800w, https:\/\/www.yousanusb.com\/wp-content\/uploads\/2025\/10\/Plug-in-Long-Strip-light-up-USB-Flash-Drive-300x300.jpeg 300w, https:\/\/www.yousanusb.com\/wp-content\/uploads\/2025\/10\/Plug-in-Long-Strip-light-up-USB-Flash-Drive-150x150.jpeg 150w, https:\/\/www.yousanusb.com\/wp-content\/uploads\/2025\/10\/Plug-in-Long-Strip-light-up-USB-Flash-Drive-768x768.jpeg 768w, https:\/\/www.yousanusb.com\/wp-content\/uploads\/2025\/10\/Plug-in-Long-Strip-light-up-USB-Flash-Drive-12x12.jpeg 12w, https:\/\/www.yousanusb.com\/wp-content\/uploads\/2025\/10\/Plug-in-Long-Strip-light-up-USB-Flash-Drive-600x600.jpeg 600w, https:\/\/www.yousanusb.com\/wp-content\/uploads\/2025\/10\/Plug-in-Long-Strip-light-up-USB-Flash-Drive-100x100.jpeg 100w\" sizes=\"(max-width: 800px) 100vw, 800px\" \/><\/figure>\n<\/div>\n\n\n\n<div class=\"wp-block-column is-vertically-aligned-center is-layout-flow wp-block-column-is-layout-flow\">\n<p>Das USB-Flash-Laufwerk mit Metallstecker und langem Streifen hat eine kompakte Struktur mit einem Loch zum Aufh\u00e4ngen an der Oberseite. Es ist mit Zubeh\u00f6r wie Schl\u00fcsselanh\u00e4ngern und Schl\u00fcsselb\u00e4ndern kompatibel, was das Tragen und Aufbewahren erleichtert. Mit seinem Direktstecker-Design kann es direkt an den USB-Anschluss von Ger\u00e4ten angeschlossen werden, um Daten zu \u00fcbertragen. Es bietet eine bequeme Bedienung und keine zerbrechlichen Komponenten, um das Risiko physischer Sch\u00e4den zu verringern. <\/p>\n\n\n\n<p>Erh\u00e4ltlich mit Speicherkapazit\u00e4ten von 8 GB, 16 GB, 32 GB und 64 GB und optionalen USB 2.0- oder USB 3.0-Schnittstellen, erf\u00fcllt er verschiedene Anforderungen an die Datenspeicherung und -\u00fcbertragung. Er gew\u00e4hrleistet effizientes Lesen und Schreiben von Dateien wie Dokumenten, Fotos und Videos und verbessert die Effizienz der Datenverarbeitung.<\/p>\n<\/div>\n<\/div>\n\n\n\n<p>Das Geh\u00e4use ist aus hochfestem Metall gefertigt und zeichnet sich durch hervorragende Verschlei\u00dffestigkeit und Sto\u00dffestigkeit aus. Es widersteht effektiv den t\u00e4glichen St\u00f6\u00dfen und Kratzern, gew\u00e4hrleistet die langfristige Stabilit\u00e4t der physischen Struktur und bietet zuverl\u00e4ssige Hardwareunterst\u00fctzung f\u00fcr die Datenspeicherung. Es ist in zwei Farboptionen erh\u00e4ltlich, schwarz und silber, um den \u00e4sthetischen Bed\u00fcrfnissen verschiedener Nutzer und den Anforderungen an den visuellen Ton von Unternehmensmarken gerecht zu werden.<\/p>\n\n\n\n<div class=\"wp-block-columns is-layout-flex wp-container-core-columns-is-layout-2 wp-block-columns-is-layout-flex\">\n<div class=\"wp-block-column is-layout-flow wp-block-column-is-layout-flow\">\n<figure class=\"wp-block-image size-full\"><img decoding=\"async\" width=\"800\" height=\"800\" src=\"https:\/\/www.yousanusb.com\/wp-content\/uploads\/2025\/10\/black-metal-LED-logo-Flash-Disk.jpeg\" alt=\"\" class=\"wp-image-23074\" srcset=\"https:\/\/www.yousanusb.com\/wp-content\/uploads\/2025\/10\/black-metal-LED-logo-Flash-Disk.jpeg 800w, https:\/\/www.yousanusb.com\/wp-content\/uploads\/2025\/10\/black-metal-LED-logo-Flash-Disk-300x300.jpeg 300w, https:\/\/www.yousanusb.com\/wp-content\/uploads\/2025\/10\/black-metal-LED-logo-Flash-Disk-150x150.jpeg 150w, https:\/\/www.yousanusb.com\/wp-content\/uploads\/2025\/10\/black-metal-LED-logo-Flash-Disk-768x768.jpeg 768w, https:\/\/www.yousanusb.com\/wp-content\/uploads\/2025\/10\/black-metal-LED-logo-Flash-Disk-12x12.jpeg 12w, https:\/\/www.yousanusb.com\/wp-content\/uploads\/2025\/10\/black-metal-LED-logo-Flash-Disk-600x600.jpeg 600w, https:\/\/www.yousanusb.com\/wp-content\/uploads\/2025\/10\/black-metal-LED-logo-Flash-Disk-100x100.jpeg 100w\" sizes=\"(max-width: 800px) 100vw, 800px\" \/><\/figure>\n<\/div>\n\n\n\n<div class=\"wp-block-column is-layout-flow wp-block-column-is-layout-flow\">\n<figure class=\"wp-block-image size-full\"><img decoding=\"async\" width=\"800\" height=\"800\" src=\"https:\/\/www.yousanusb.com\/wp-content\/uploads\/2025\/10\/metal-LED-logo-Flash-Disk.jpeg\" alt=\"\" class=\"wp-image-23076\" srcset=\"https:\/\/www.yousanusb.com\/wp-content\/uploads\/2025\/10\/metal-LED-logo-Flash-Disk.jpeg 800w, https:\/\/www.yousanusb.com\/wp-content\/uploads\/2025\/10\/metal-LED-logo-Flash-Disk-300x300.jpeg 300w, https:\/\/www.yousanusb.com\/wp-content\/uploads\/2025\/10\/metal-LED-logo-Flash-Disk-150x150.jpeg 150w, https:\/\/www.yousanusb.com\/wp-content\/uploads\/2025\/10\/metal-LED-logo-Flash-Disk-768x768.jpeg 768w, https:\/\/www.yousanusb.com\/wp-content\/uploads\/2025\/10\/metal-LED-logo-Flash-Disk-12x12.jpeg 12w, https:\/\/www.yousanusb.com\/wp-content\/uploads\/2025\/10\/metal-LED-logo-Flash-Disk-600x600.jpeg 600w, https:\/\/www.yousanusb.com\/wp-content\/uploads\/2025\/10\/metal-LED-logo-Flash-Disk-100x100.jpeg 100w\" sizes=\"(max-width: 800px) 100vw, 800px\" \/><\/figure>\n<\/div>\n<\/div>\n\n\n\n<div class=\"wp-block-columns is-layout-flex wp-container-core-columns-is-layout-3 wp-block-columns-is-layout-flex\">\n<div class=\"wp-block-column is-vertically-aligned-center is-layout-flow wp-block-column-is-layout-flow\">\n<p>Das leuchtende Logo ist mit LED-Technologie ausgestattet. Wenn das USB-Flash-Laufwerk eingeschaltet wird, leuchtet der Logobereich auf der Vorderseite auf. Es kann in verschiedenen Farben wie Rot, Blau, Gr\u00fcn und Violett angepasst werden, und der Inhalt des Logos kann je nach Bedarf mit Markenlogos, Text usw. angepasst werden. Der Leuchteffekt erh\u00f6ht den Wiedererkennungswert der Marke erheblich und st\u00e4rkt die Sichtbarkeit der Marke in Gesch\u00e4ftsszenarien.<\/p>\n\n\n\n<p>Die R\u00fcckseite bietet eine gro\u00dfe, individuell gestaltbare Fl\u00e4che. Markenlogos, Slogans, Muster und andere Elemente k\u00f6nnen durch Verfahren wie Siebdruck und Lasergravur dargestellt werden. Es bietet ausreichend Platz f\u00fcr die Markenpr\u00e4sentation von Unternehmen, eignet sich f\u00fcr Werbegeschenke und Markenwerbung und erm\u00f6glicht die langfristige Verbreitung von Markeninformationen.<\/p>\n<\/div>\n\n\n\n<div class=\"wp-block-column is-layout-flow wp-block-column-is-layout-flow\">\n<figure class=\"wp-block-image size-full\"><img loading=\"lazy\" decoding=\"async\" width=\"800\" height=\"800\" src=\"https:\/\/www.yousanusb.com\/wp-content\/uploads\/2025\/10\/metal-light-up-usb-flash-drive-4.jpeg\" alt=\"\" class=\"wp-image-23077\" srcset=\"https:\/\/www.yousanusb.com\/wp-content\/uploads\/2025\/10\/metal-light-up-usb-flash-drive-4.jpeg 800w, https:\/\/www.yousanusb.com\/wp-content\/uploads\/2025\/10\/metal-light-up-usb-flash-drive-4-300x300.jpeg 300w, https:\/\/www.yousanusb.com\/wp-content\/uploads\/2025\/10\/metal-light-up-usb-flash-drive-4-150x150.jpeg 150w, https:\/\/www.yousanusb.com\/wp-content\/uploads\/2025\/10\/metal-light-up-usb-flash-drive-4-768x768.jpeg 768w, https:\/\/www.yousanusb.com\/wp-content\/uploads\/2025\/10\/metal-light-up-usb-flash-drive-4-12x12.jpeg 12w, https:\/\/www.yousanusb.com\/wp-content\/uploads\/2025\/10\/metal-light-up-usb-flash-drive-4-600x600.jpeg 600w, https:\/\/www.yousanusb.com\/wp-content\/uploads\/2025\/10\/metal-light-up-usb-flash-drive-4-100x100.jpeg 100w\" sizes=\"(max-width: 800px) 100vw, 800px\" \/><\/figure>\n<\/div>\n<\/div>","protected":false},"excerpt":{"rendered":"<ul>\n<li>Leuchtender USB-Stick<\/li>\n<li>USB-Speicherstick mit individuellem Logo als Werbegeschenk<\/li>\n<li>Siebdruck, Lasergravur, Light Up Logo<\/li>\n<li>CE, RoHS, FCC<\/li>\n<li>MOQ:100St\u00fcck<\/li>\n<\/ul>","protected":false},"featured_media":23078,"comment_status":"open","ping_status":"closed","template":"","meta":{"_seopress_robots_primary_cat":"","_seopress_titles_title":"","_seopress_titles_desc":"","_seopress_robots_index":""},"class_list":["post-23071","product","type-product","status-publish","has-post-thumbnail","hentry","product_cat-led-light-usb-flash-drive"],"_links":{"self":[{"href":"https:\/\/www.yousanusb.com\/de\/wp-json\/wp\/v2\/product\/23071"}],"collection":[{"href":"https:\/\/www.yousanusb.com\/de\/wp-json\/wp\/v2\/product"}],"about":[{"href":"https:\/\/www.yousanusb.com\/de\/wp-json\/wp\/v2\/types\/product"}],"replies":[{"embeddable":true,"href":"https:\/\/www.yousanusb.com\/de\/wp-json\/wp\/v2\/comments?post=23071"}],"wp:featuredmedia":[{"embeddable":true,"href":"https:\/\/www.yousanusb.com\/de\/wp-json\/wp\/v2\/media\/23078"}],"wp:attachment":[{"href":"https:\/\/www.yousanusb.com\/de\/wp-json\/wp\/v2\/media?parent=23071"}],"curies":[{"name":"wp","href":"https:\/\/api.w.org\/{rel}","templated":true}]}}