{"id":23336,"date":"2025-11-03T08:36:42","date_gmt":"2025-11-03T08:36:42","guid":{"rendered":"https:\/\/www.yousanusb.com\/?post_type=product&#038;p=23336"},"modified":"2025-11-04T03:22:11","modified_gmt":"2025-11-04T03:22:11","slug":"new-customized-cartoon-mickey-and-minnie-keychain","status":"publish","type":"product","link":"https:\/\/www.yousanusb.com\/de\/product\/new-customized-cartoon-mickey-and-minnie-keychain\/","title":{"rendered":"Neue ma\u00dfgeschneiderte Cartoon Mickey und Minnie Schl\u00fcsselanh\u00e4nger"},"content":{"rendered":"<div class=\"wp-block-columns is-layout-flex wp-container-core-columns-is-layout-1 wp-block-columns-is-layout-flex\">\n<div class=\"wp-block-column is-layout-flow wp-block-column-is-layout-flow\">\n<figure class=\"wp-block-image size-full\"><img fetchpriority=\"high\" decoding=\"async\" width=\"800\" height=\"800\" src=\"https:\/\/www.yousanusb.com\/wp-content\/uploads\/2025\/11\/mickey-mouse-keychains.webp\" alt=\"\" class=\"wp-image-23352\" srcset=\"https:\/\/www.yousanusb.com\/wp-content\/uploads\/2025\/11\/mickey-mouse-keychains.webp 800w, https:\/\/www.yousanusb.com\/wp-content\/uploads\/2025\/11\/mickey-mouse-keychains-300x300.webp 300w, https:\/\/www.yousanusb.com\/wp-content\/uploads\/2025\/11\/mickey-mouse-keychains-150x150.webp 150w, https:\/\/www.yousanusb.com\/wp-content\/uploads\/2025\/11\/mickey-mouse-keychains-768x768.webp 768w, https:\/\/www.yousanusb.com\/wp-content\/uploads\/2025\/11\/mickey-mouse-keychains-12x12.webp 12w, https:\/\/www.yousanusb.com\/wp-content\/uploads\/2025\/11\/mickey-mouse-keychains-600x600.webp 600w, https:\/\/www.yousanusb.com\/wp-content\/uploads\/2025\/11\/mickey-mouse-keychains-100x100.webp 100w\" sizes=\"(max-width: 800px) 100vw, 800px\" \/><\/figure>\n<\/div>\n\n\n\n<div class=\"wp-block-column is-vertically-aligned-center is-layout-flow wp-block-column-is-layout-flow\">\n<p>This is\u00a0a new\u00a0<strong>Mickey and Minnie keychain<\/strong>\u00a0series. Each keychain features cartoon Minnie or Mickey holding different items, and there are 6 distinct styles available: Minnie with a blue balloon, Minnie with a purple flower basket, Minnie with a pink flower, Mickey with a red heart, Mickey with a pink flower, and Mickey with a red rose.<\/p>\n\n\n\n<p>his set features \u200bsix vibrant&nbsp;<strong>Mickey and Minnie Mouse keychains<\/strong>, instantly recognizable in Mickey\u2019s classic \u200bblack, red, and yellow\u200b and Minnie\u2019s signature \u200bblack, red, and pink.<\/p>\n\n\n\n<p>Each keychain includes:a \u200bmetal key ring\u200b\uff0ca \u200blobster clasp\u200b\uff0ca \u200bMickey or Minnie shaped doll\uff0ca \u200bblack keychain strap\u200b printed with \u201cMINNIE\u201d or \u201cMICKEY\u201d.<\/p>\n\n\n\n<p><br>Perfect for keys or bags, it adds a \u200bpop of Disney fun\u200b to your essentials. Both the \u200bstrap and charm\u200b support customization, with a \u200bblank area on the back\u200b available for logos or patterns.<\/p>\n<\/div>\n<\/div>\n\n\n\n<div class=\"wp-block-columns is-layout-flex wp-container-core-columns-is-layout-2 wp-block-columns-is-layout-flex\">\n<div class=\"wp-block-column is-layout-flow wp-block-column-is-layout-flow\"><div class=\"wp-block-image\">\n<figure class=\"aligncenter size-full\"><img decoding=\"async\" width=\"800\" height=\"800\" src=\"https:\/\/www.yousanusb.com\/wp-content\/uploads\/2025\/11\/minnie-mouse-keychain.webp\" alt=\"\" class=\"wp-image-23353\" srcset=\"https:\/\/www.yousanusb.com\/wp-content\/uploads\/2025\/11\/minnie-mouse-keychain.webp 800w, https:\/\/www.yousanusb.com\/wp-content\/uploads\/2025\/11\/minnie-mouse-keychain-300x300.webp 300w, https:\/\/www.yousanusb.com\/wp-content\/uploads\/2025\/11\/minnie-mouse-keychain-150x150.webp 150w, https:\/\/www.yousanusb.com\/wp-content\/uploads\/2025\/11\/minnie-mouse-keychain-768x768.webp 768w, https:\/\/www.yousanusb.com\/wp-content\/uploads\/2025\/11\/minnie-mouse-keychain-12x12.webp 12w, https:\/\/www.yousanusb.com\/wp-content\/uploads\/2025\/11\/minnie-mouse-keychain-600x600.webp 600w, https:\/\/www.yousanusb.com\/wp-content\/uploads\/2025\/11\/minnie-mouse-keychain-100x100.webp 100w\" sizes=\"(max-width: 800px) 100vw, 800px\" \/><figcaption class=\"wp-element-caption\">Minnie with purple flower basket<\/figcaption><\/figure><\/div>\n\n\n<p>This Minnie Mouse keychain is full of cuteness.Minnie wears her large red bow, a pink dress adorned with white polka dots, and holds a purple basket filled with colorful fruits.<\/p>\n<\/div>\n\n\n\n<div class=\"wp-block-column is-layout-flow wp-block-column-is-layout-flow\"><div class=\"wp-block-image\">\n<figure class=\"aligncenter size-full\"><img decoding=\"async\" width=\"800\" height=\"800\" src=\"https:\/\/www.yousanusb.com\/wp-content\/uploads\/2025\/11\/mickey-and-minnie-mouse-kissing-keychain.webp\" alt=\"\" class=\"wp-image-23351\" srcset=\"https:\/\/www.yousanusb.com\/wp-content\/uploads\/2025\/11\/mickey-and-minnie-mouse-kissing-keychain.webp 800w, https:\/\/www.yousanusb.com\/wp-content\/uploads\/2025\/11\/mickey-and-minnie-mouse-kissing-keychain-300x300.webp 300w, https:\/\/www.yousanusb.com\/wp-content\/uploads\/2025\/11\/mickey-and-minnie-mouse-kissing-keychain-150x150.webp 150w, https:\/\/www.yousanusb.com\/wp-content\/uploads\/2025\/11\/mickey-and-minnie-mouse-kissing-keychain-768x768.webp 768w, https:\/\/www.yousanusb.com\/wp-content\/uploads\/2025\/11\/mickey-and-minnie-mouse-kissing-keychain-12x12.webp 12w, https:\/\/www.yousanusb.com\/wp-content\/uploads\/2025\/11\/mickey-and-minnie-mouse-kissing-keychain-600x600.webp 600w, https:\/\/www.yousanusb.com\/wp-content\/uploads\/2025\/11\/mickey-and-minnie-mouse-kissing-keychain-100x100.webp 100w\" sizes=\"(max-width: 800px) 100vw, 800px\" \/><figcaption class=\"wp-element-caption\">Minnie with a pink flower<\/figcaption><\/figure><\/div>\n\n\n<p>This Minnie Mouse keychain features Minnie wearing a red polka-dot bow and holding a pink flower, paired with a black keychain strap printed with \u201cMINNIE\u201d.\u200b<\/p>\n<\/div>\n<\/div>\n\n\n\n<div class=\"wp-block-columns is-layout-flex wp-container-core-columns-is-layout-3 wp-block-columns-is-layout-flex\">\n<div class=\"wp-block-column is-layout-flow wp-block-column-is-layout-flow\"><div class=\"wp-block-image\">\n<figure class=\"aligncenter size-full\"><img loading=\"lazy\" decoding=\"async\" width=\"800\" height=\"800\" src=\"https:\/\/www.yousanusb.com\/wp-content\/uploads\/2025\/11\/mickey-minnie-mouse-keychain.webp\" alt=\"\" class=\"wp-image-23350\" srcset=\"https:\/\/www.yousanusb.com\/wp-content\/uploads\/2025\/11\/mickey-minnie-mouse-keychain.webp 800w, https:\/\/www.yousanusb.com\/wp-content\/uploads\/2025\/11\/mickey-minnie-mouse-keychain-300x300.webp 300w, https:\/\/www.yousanusb.com\/wp-content\/uploads\/2025\/11\/mickey-minnie-mouse-keychain-150x150.webp 150w, https:\/\/www.yousanusb.com\/wp-content\/uploads\/2025\/11\/mickey-minnie-mouse-keychain-768x768.webp 768w, https:\/\/www.yousanusb.com\/wp-content\/uploads\/2025\/11\/mickey-minnie-mouse-keychain-12x12.webp 12w, https:\/\/www.yousanusb.com\/wp-content\/uploads\/2025\/11\/mickey-minnie-mouse-keychain-600x600.webp 600w, https:\/\/www.yousanusb.com\/wp-content\/uploads\/2025\/11\/mickey-minnie-mouse-keychain-100x100.webp 100w\" sizes=\"(max-width: 800px) 100vw, 800px\" \/><figcaption class=\"wp-element-caption\">Minnie with a blue balloon<\/figcaption><\/figure><\/div>\n\n\n<p>This adorable Minnie Mouse keychain features her iconic red polka-dot dress, holding a blue balloon and gift box, paired with a chic black strap boldly printed \u201cMINNIE\u201d.\u200b<\/p>\n<\/div>\n\n\n\n<div class=\"wp-block-column is-layout-flow wp-block-column-is-layout-flow\"><div class=\"wp-block-image\">\n<figure class=\"aligncenter size-full\"><img loading=\"lazy\" decoding=\"async\" width=\"800\" height=\"800\" src=\"https:\/\/www.yousanusb.com\/wp-content\/uploads\/2025\/11\/mickey-keychain.webp\" alt=\"\" class=\"wp-image-23349\" srcset=\"https:\/\/www.yousanusb.com\/wp-content\/uploads\/2025\/11\/mickey-keychain.webp 800w, https:\/\/www.yousanusb.com\/wp-content\/uploads\/2025\/11\/mickey-keychain-300x300.webp 300w, https:\/\/www.yousanusb.com\/wp-content\/uploads\/2025\/11\/mickey-keychain-150x150.webp 150w, https:\/\/www.yousanusb.com\/wp-content\/uploads\/2025\/11\/mickey-keychain-768x768.webp 768w, https:\/\/www.yousanusb.com\/wp-content\/uploads\/2025\/11\/mickey-keychain-12x12.webp 12w, https:\/\/www.yousanusb.com\/wp-content\/uploads\/2025\/11\/mickey-keychain-600x600.webp 600w, https:\/\/www.yousanusb.com\/wp-content\/uploads\/2025\/11\/mickey-keychain-100x100.webp 100w\" sizes=\"(max-width: 800px) 100vw, 800px\" \/><figcaption class=\"wp-element-caption\">Mickey with a red rose<\/figcaption><\/figure><\/div>\n\n\n<p>This Mickey Mouse keychain perfectly recreates Disney\u2019s iconic character. Dressed in a black top and red shorts, with bright yellow shoes, he holds up a vibrant bouquet of red flowers in his left hand, radiating playful energy.\u200b<\/p>\n<\/div>\n<\/div>\n\n\n\n<div class=\"wp-block-columns is-layout-flex wp-container-core-columns-is-layout-4 wp-block-columns-is-layout-flex\">\n<div class=\"wp-block-column is-layout-flow wp-block-column-is-layout-flow\"><div class=\"wp-block-image\">\n<figure class=\"aligncenter size-full\"><img loading=\"lazy\" decoding=\"async\" width=\"800\" height=\"800\" src=\"https:\/\/www.yousanusb.com\/wp-content\/uploads\/2025\/11\/disney-mickey-keychain.webp\" alt=\"\" class=\"wp-image-23348\" srcset=\"https:\/\/www.yousanusb.com\/wp-content\/uploads\/2025\/11\/disney-mickey-keychain.webp 800w, https:\/\/www.yousanusb.com\/wp-content\/uploads\/2025\/11\/disney-mickey-keychain-300x300.webp 300w, https:\/\/www.yousanusb.com\/wp-content\/uploads\/2025\/11\/disney-mickey-keychain-150x150.webp 150w, https:\/\/www.yousanusb.com\/wp-content\/uploads\/2025\/11\/disney-mickey-keychain-768x768.webp 768w, https:\/\/www.yousanusb.com\/wp-content\/uploads\/2025\/11\/disney-mickey-keychain-12x12.webp 12w, https:\/\/www.yousanusb.com\/wp-content\/uploads\/2025\/11\/disney-mickey-keychain-600x600.webp 600w, https:\/\/www.yousanusb.com\/wp-content\/uploads\/2025\/11\/disney-mickey-keychain-100x100.webp 100w\" sizes=\"(max-width: 800px) 100vw, 800px\" \/><figcaption class=\"wp-element-caption\">Mickey with a red heart<\/figcaption><\/figure><\/div>\n\n\n<p>This classic Mickey Mouse keychain features iconic blue suit, sweetly holding a red heart, all connected to a sleek black strap boldly branded \u201cMICKEY\u201d.\u200b<\/p>\n<\/div>\n\n\n\n<div class=\"wp-block-column is-layout-flow wp-block-column-is-layout-flow\"><div class=\"wp-block-image\">\n<figure class=\"aligncenter size-full\"><img loading=\"lazy\" decoding=\"async\" width=\"800\" height=\"800\" src=\"https:\/\/www.yousanusb.com\/wp-content\/uploads\/2025\/11\/disney-keychain.webp\" alt=\"\" class=\"wp-image-23347\" srcset=\"https:\/\/www.yousanusb.com\/wp-content\/uploads\/2025\/11\/disney-keychain.webp 800w, https:\/\/www.yousanusb.com\/wp-content\/uploads\/2025\/11\/disney-keychain-300x300.webp 300w, https:\/\/www.yousanusb.com\/wp-content\/uploads\/2025\/11\/disney-keychain-150x150.webp 150w, https:\/\/www.yousanusb.com\/wp-content\/uploads\/2025\/11\/disney-keychain-768x768.webp 768w, https:\/\/www.yousanusb.com\/wp-content\/uploads\/2025\/11\/disney-keychain-12x12.webp 12w, https:\/\/www.yousanusb.com\/wp-content\/uploads\/2025\/11\/disney-keychain-600x600.webp 600w, https:\/\/www.yousanusb.com\/wp-content\/uploads\/2025\/11\/disney-keychain-100x100.webp 100w\" sizes=\"(max-width: 800px) 100vw, 800px\" \/><figcaption class=\"wp-element-caption\">Mickey with a pink flower<\/figcaption><\/figure><\/div>\n\n\n<p>Mickey wears his signature red shorts, paired with vibrant yellow shoes, and holds a bouquet of soft pink flowers .His overall look exudes a fresh and vibrant vibe.<\/p>\n<\/div>\n<\/div>\n\n\n\n<p>Disney Fans\u2019 Favorite! YOUSUN\u2019s 14-Year Keychain Specialist Creates Vibrant 3D Mickey &amp; Minnie Charms (Soft PVC Material).Wholesale Orders Welcome \u2013 Volume Discounts on Bulk Customization!\u201d\u200b<\/p>","protected":false},"excerpt":{"rendered":"<ul>\n<li>Soft PVC<\/li>\n<li>Mickey and Minnie keychain<\/li>\n<li>blue balloon,purple flower basket,pink flower,red heart,red rose<\/li>\n<li>Wristband can custom logo<\/li>\n<li>Viele Farben zur Auswahl<\/li>\n<li>MOQ:200St\u00fcck<\/li>\n<\/ul>","protected":false},"featured_media":23352,"comment_status":"open","ping_status":"closed","template":"","meta":{"_seopress_robots_primary_cat":"","_seopress_titles_title":"","_seopress_titles_desc":"","_seopress_robots_index":""},"class_list":["post-23336","product","type-product","status-publish","has-post-thumbnail","hentry","product_cat-3d-rubber-key-chain"],"_links":{"self":[{"href":"https:\/\/www.yousanusb.com\/de\/wp-json\/wp\/v2\/product\/23336"}],"collection":[{"href":"https:\/\/www.yousanusb.com\/de\/wp-json\/wp\/v2\/product"}],"about":[{"href":"https:\/\/www.yousanusb.com\/de\/wp-json\/wp\/v2\/types\/product"}],"replies":[{"embeddable":true,"href":"https:\/\/www.yousanusb.com\/de\/wp-json\/wp\/v2\/comments?post=23336"}],"wp:featuredmedia":[{"embeddable":true,"href":"https:\/\/www.yousanusb.com\/de\/wp-json\/wp\/v2\/media\/23352"}],"wp:attachment":[{"href":"https:\/\/www.yousanusb.com\/de\/wp-json\/wp\/v2\/media?parent=23336"}],"curies":[{"name":"wp","href":"https:\/\/api.w.org\/{rel}","templated":true}]}}