{"id":23468,"date":"2025-11-05T08:31:28","date_gmt":"2025-11-05T08:31:28","guid":{"rendered":"https:\/\/www.yousanusb.com\/?post_type=product&#038;p=23468"},"modified":"2025-11-05T12:52:20","modified_gmt":"2025-11-05T12:52:20","slug":"2-5-inch-usb-3-0-aluminum-sata-hard-drive","status":"publish","type":"product","link":"https:\/\/www.yousanusb.com\/de\/product\/2-5-inch-usb-3-0-aluminum-sata-hard-drive\/","title":{"rendered":"2,5-Zoll-USB-3.0-Aluminium-SATA-Festplatte"},"content":{"rendered":"<p>Tragbares 2,5-Zoll-Festplattenlaufwerk, Produktabmessungen: 122 x 77 x 13,5 mm, Gewicht: 76 g. \u00dcbertragungsgeschwindigkeit: 5Gbps. Die meistverkauften Farben dieser Festplatte sind die folgenden drei: Silber, Blau und Schwarz.<\/p>\n\n\n\n<div class=\"wp-block-columns is-layout-flex wp-container-core-columns-is-layout-1 wp-block-columns-is-layout-flex\">\n<div class=\"wp-block-column is-layout-flow wp-block-column-is-layout-flow\">\n<figure class=\"wp-block-image size-full\"><img fetchpriority=\"high\" decoding=\"async\" width=\"800\" height=\"800\" src=\"https:\/\/www.yousanusb.com\/wp-content\/uploads\/2025\/11\/silver-USB-3.0-aluminum-alloy-portable-hard-drive.jpg\" alt=\"\" class=\"wp-image-23477\" srcset=\"https:\/\/www.yousanusb.com\/wp-content\/uploads\/2025\/11\/silver-USB-3.0-aluminum-alloy-portable-hard-drive.jpg 800w, https:\/\/www.yousanusb.com\/wp-content\/uploads\/2025\/11\/silver-USB-3.0-aluminum-alloy-portable-hard-drive-300x300.jpg 300w, https:\/\/www.yousanusb.com\/wp-content\/uploads\/2025\/11\/silver-USB-3.0-aluminum-alloy-portable-hard-drive-150x150.jpg 150w, https:\/\/www.yousanusb.com\/wp-content\/uploads\/2025\/11\/silver-USB-3.0-aluminum-alloy-portable-hard-drive-768x768.jpg 768w, https:\/\/www.yousanusb.com\/wp-content\/uploads\/2025\/11\/silver-USB-3.0-aluminum-alloy-portable-hard-drive-12x12.jpg 12w, https:\/\/www.yousanusb.com\/wp-content\/uploads\/2025\/11\/silver-USB-3.0-aluminum-alloy-portable-hard-drive-600x600.jpg 600w, https:\/\/www.yousanusb.com\/wp-content\/uploads\/2025\/11\/silver-USB-3.0-aluminum-alloy-portable-hard-drive-100x100.jpg 100w\" sizes=\"(max-width: 800px) 100vw, 800px\" \/><\/figure>\n<\/div>\n\n\n\n<div class=\"wp-block-column is-layout-flow wp-block-column-is-layout-flow\">\n<figure class=\"wp-block-image size-full\"><img decoding=\"async\" width=\"800\" height=\"800\" src=\"https:\/\/www.yousanusb.com\/wp-content\/uploads\/2025\/11\/blue-USB-3.0-aluminum-alloy-portable-hard-drive.jpg\" alt=\"\" class=\"wp-image-23475\" srcset=\"https:\/\/www.yousanusb.com\/wp-content\/uploads\/2025\/11\/blue-USB-3.0-aluminum-alloy-portable-hard-drive.jpg 800w, https:\/\/www.yousanusb.com\/wp-content\/uploads\/2025\/11\/blue-USB-3.0-aluminum-alloy-portable-hard-drive-300x300.jpg 300w, https:\/\/www.yousanusb.com\/wp-content\/uploads\/2025\/11\/blue-USB-3.0-aluminum-alloy-portable-hard-drive-150x150.jpg 150w, https:\/\/www.yousanusb.com\/wp-content\/uploads\/2025\/11\/blue-USB-3.0-aluminum-alloy-portable-hard-drive-768x768.jpg 768w, https:\/\/www.yousanusb.com\/wp-content\/uploads\/2025\/11\/blue-USB-3.0-aluminum-alloy-portable-hard-drive-12x12.jpg 12w, https:\/\/www.yousanusb.com\/wp-content\/uploads\/2025\/11\/blue-USB-3.0-aluminum-alloy-portable-hard-drive-600x600.jpg 600w, https:\/\/www.yousanusb.com\/wp-content\/uploads\/2025\/11\/blue-USB-3.0-aluminum-alloy-portable-hard-drive-100x100.jpg 100w\" sizes=\"(max-width: 800px) 100vw, 800px\" \/><\/figure>\n<\/div>\n\n\n\n<div class=\"wp-block-column is-layout-flow wp-block-column-is-layout-flow\">\n<figure class=\"wp-block-image size-full\"><img decoding=\"async\" width=\"800\" height=\"800\" src=\"https:\/\/www.yousanusb.com\/wp-content\/uploads\/2025\/11\/black-USB-3.0-aluminum-alloy-portable-hard-drive.jpg\" alt=\"\" class=\"wp-image-23474\" srcset=\"https:\/\/www.yousanusb.com\/wp-content\/uploads\/2025\/11\/black-USB-3.0-aluminum-alloy-portable-hard-drive.jpg 800w, https:\/\/www.yousanusb.com\/wp-content\/uploads\/2025\/11\/black-USB-3.0-aluminum-alloy-portable-hard-drive-300x300.jpg 300w, https:\/\/www.yousanusb.com\/wp-content\/uploads\/2025\/11\/black-USB-3.0-aluminum-alloy-portable-hard-drive-150x150.jpg 150w, https:\/\/www.yousanusb.com\/wp-content\/uploads\/2025\/11\/black-USB-3.0-aluminum-alloy-portable-hard-drive-768x768.jpg 768w, https:\/\/www.yousanusb.com\/wp-content\/uploads\/2025\/11\/black-USB-3.0-aluminum-alloy-portable-hard-drive-12x12.jpg 12w, https:\/\/www.yousanusb.com\/wp-content\/uploads\/2025\/11\/black-USB-3.0-aluminum-alloy-portable-hard-drive-600x600.jpg 600w, https:\/\/www.yousanusb.com\/wp-content\/uploads\/2025\/11\/black-USB-3.0-aluminum-alloy-portable-hard-drive-100x100.jpg 100w\" sizes=\"(max-width: 800px) 100vw, 800px\" \/><\/figure>\n<\/div>\n<\/div>\n\n\n\n<div class=\"wp-block-columns is-layout-flex wp-container-core-columns-is-layout-2 wp-block-columns-is-layout-flex\">\n<div class=\"wp-block-column is-layout-flow wp-block-column-is-layout-flow\">\n<figure class=\"wp-block-image size-full\"><img loading=\"lazy\" decoding=\"async\" width=\"800\" height=\"800\" src=\"https:\/\/www.yousanusb.com\/wp-content\/uploads\/2025\/11\/custom-USB-3.0-aluminum-alloy-portable-hard-drive-color.png\" alt=\"\" class=\"wp-image-23479\" srcset=\"https:\/\/www.yousanusb.com\/wp-content\/uploads\/2025\/11\/custom-USB-3.0-aluminum-alloy-portable-hard-drive-color.png 800w, https:\/\/www.yousanusb.com\/wp-content\/uploads\/2025\/11\/custom-USB-3.0-aluminum-alloy-portable-hard-drive-color-300x300.png 300w, https:\/\/www.yousanusb.com\/wp-content\/uploads\/2025\/11\/custom-USB-3.0-aluminum-alloy-portable-hard-drive-color-150x150.png 150w, https:\/\/www.yousanusb.com\/wp-content\/uploads\/2025\/11\/custom-USB-3.0-aluminum-alloy-portable-hard-drive-color-768x768.png 768w, https:\/\/www.yousanusb.com\/wp-content\/uploads\/2025\/11\/custom-USB-3.0-aluminum-alloy-portable-hard-drive-color-12x12.png 12w, https:\/\/www.yousanusb.com\/wp-content\/uploads\/2025\/11\/custom-USB-3.0-aluminum-alloy-portable-hard-drive-color-600x600.png 600w, https:\/\/www.yousanusb.com\/wp-content\/uploads\/2025\/11\/custom-USB-3.0-aluminum-alloy-portable-hard-drive-color-100x100.png 100w\" sizes=\"(max-width: 800px) 100vw, 800px\" \/><\/figure>\n<\/div>\n\n\n\n<div class=\"wp-block-column is-vertically-aligned-center is-layout-flow wp-block-column-is-layout-flow\">\n<p>Dieses Festplattenlaufwerk unterst\u00fctzt die Anpassung des Geh\u00e4uses.<\/p>\n\n\n\n<p>Externes 2,5-Zoll-SATA-Festplattengeh\u00e4use aus Aluminium, erh\u00e4ltlich in drei Farben (silber, schwarz, blau).<br><br>USB 3.0-Schnittstelle (\u00dcbertragungsgeschwindigkeit bis zu 5 Gbit\/s), abw\u00e4rtskompatibel mit USB 2.0 und USB 1.1.<br><br>USB 3.0 Typ-A-Buchse.<br><br>Kompatibel mit Windows- und Mac OS-Umgebungen.<br><br>Stromversorgung \u00fcber USB-Anschluss.<br><\/p>\n<\/div>\n<\/div>\n\n\n\n<p><\/p>","protected":false},"excerpt":{"rendered":"<ul>\n<li>2,5-Zoll-Hochgeschwindigkeits<\/li>\n<li>Werkstoff Aluminium<\/li>\n<li>Festplattenlaufwerk<\/li>\n<li>\u00a0USB 3.0 zu SATA<\/li>\n<li>Schwarz, Blau, Schwarz, Silber<\/li>\n<\/ul>","protected":false},"featured_media":23473,"comment_status":"open","ping_status":"closed","template":"","meta":{"_seopress_robots_primary_cat":"","_seopress_titles_title":"","_seopress_titles_desc":"","_seopress_robots_index":""},"class_list":["post-23468","product","type-product","status-publish","has-post-thumbnail","hentry","product_cat-portable-hard-drive"],"_links":{"self":[{"href":"https:\/\/www.yousanusb.com\/de\/wp-json\/wp\/v2\/product\/23468"}],"collection":[{"href":"https:\/\/www.yousanusb.com\/de\/wp-json\/wp\/v2\/product"}],"about":[{"href":"https:\/\/www.yousanusb.com\/de\/wp-json\/wp\/v2\/types\/product"}],"replies":[{"embeddable":true,"href":"https:\/\/www.yousanusb.com\/de\/wp-json\/wp\/v2\/comments?post=23468"}],"wp:featuredmedia":[{"embeddable":true,"href":"https:\/\/www.yousanusb.com\/de\/wp-json\/wp\/v2\/media\/23473"}],"wp:attachment":[{"href":"https:\/\/www.yousanusb.com\/de\/wp-json\/wp\/v2\/media?parent=23468"}],"curies":[{"name":"wp","href":"https:\/\/api.w.org\/{rel}","templated":true}]}}