{"id":23725,"date":"2025-11-09T12:05:33","date_gmt":"2025-11-09T12:05:33","guid":{"rendered":"https:\/\/www.yousanusb.com\/?post_type=product&#038;p=23725"},"modified":"2025-11-10T10:01:25","modified_gmt":"2025-11-10T10:01:25","slug":"mms-usb-flash-drive","status":"publish","type":"product","link":"https:\/\/www.yousanusb.com\/de\/product\/mms-usb-flash-drive\/","title":{"rendered":"M&amp;M's USB-Flash-Laufwerk"},"content":{"rendered":"<p>Prall und rund, leuchtende Farben und verspielte Gesichter? Das ist der unwiderstehliche M&amp;M USB-Stick. Er ist aus PVC in den typischen M&amp;M-Farben Rot, Gelb, Blau, Gr\u00fcn, Orange und Braun gefertigt und besticht durch satte Farben, die mit der Zeit nicht verblassen oder vergilben. <\/p>\n\n\n\n<div class=\"wp-block-columns is-layout-flex wp-container-core-columns-is-layout-1 wp-block-columns-is-layout-flex\">\n<div class=\"wp-block-column is-layout-flow wp-block-column-is-layout-flow\">\n<figure class=\"wp-block-image size-full\"><img fetchpriority=\"high\" decoding=\"async\" width=\"750\" height=\"750\" src=\"https:\/\/www.yousanusb.com\/wp-content\/uploads\/2025\/11\/MMs-USB-drive.jpg\" alt=\"\" class=\"wp-image-23734\" srcset=\"https:\/\/www.yousanusb.com\/wp-content\/uploads\/2025\/11\/MMs-USB-drive.jpg 750w, https:\/\/www.yousanusb.com\/wp-content\/uploads\/2025\/11\/MMs-USB-drive-300x300.jpg 300w, https:\/\/www.yousanusb.com\/wp-content\/uploads\/2025\/11\/MMs-USB-drive-150x150.jpg 150w, https:\/\/www.yousanusb.com\/wp-content\/uploads\/2025\/11\/MMs-USB-drive-12x12.jpg 12w, https:\/\/www.yousanusb.com\/wp-content\/uploads\/2025\/11\/MMs-USB-drive-600x600.jpg 600w, https:\/\/www.yousanusb.com\/wp-content\/uploads\/2025\/11\/MMs-USB-drive-100x100.jpg 100w\" sizes=\"(max-width: 750px) 100vw, 750px\" \/><\/figure>\n<\/div>\n\n\n\n<div class=\"wp-block-column is-layout-flow wp-block-column-is-layout-flow\">\n<figure class=\"wp-block-image size-full\"><img decoding=\"async\" width=\"750\" height=\"750\" src=\"https:\/\/www.yousanusb.com\/wp-content\/uploads\/2025\/11\/yellow-MMs-USB-drive.jpg\" alt=\"\" class=\"wp-image-23736\" srcset=\"https:\/\/www.yousanusb.com\/wp-content\/uploads\/2025\/11\/yellow-MMs-USB-drive.jpg 750w, https:\/\/www.yousanusb.com\/wp-content\/uploads\/2025\/11\/yellow-MMs-USB-drive-300x300.jpg 300w, https:\/\/www.yousanusb.com\/wp-content\/uploads\/2025\/11\/yellow-MMs-USB-drive-150x150.jpg 150w, https:\/\/www.yousanusb.com\/wp-content\/uploads\/2025\/11\/yellow-MMs-USB-drive-12x12.jpg 12w, https:\/\/www.yousanusb.com\/wp-content\/uploads\/2025\/11\/yellow-MMs-USB-drive-600x600.jpg 600w, https:\/\/www.yousanusb.com\/wp-content\/uploads\/2025\/11\/yellow-MMs-USB-drive-100x100.jpg 100w\" sizes=\"(max-width: 750px) 100vw, 750px\" \/><\/figure>\n<\/div>\n<\/div>\n\n\n\n<p>Das gesamte Design folgt einer abgerundeten Bohnensilhouette mit einem erhabenen \"M\"-Logo und exklusiven, verspielten Gesichtsausdr\u00fccken: Die rote Version grinst breit, die gelbe zwinkert niedlich, die blaue hebt k\u00fchl eine Augenbraue, und die gr\u00fcne err\u00f6tet sch\u00fcchtern - jede verstr\u00f6mt einen beruhigenden Charme.<\/p>\n\n\n\n<div class=\"wp-block-columns is-layout-flex wp-container-core-columns-is-layout-2 wp-block-columns-is-layout-flex\">\n<div class=\"wp-block-column is-layout-flow wp-block-column-is-layout-flow\">\n<figure class=\"wp-block-image size-full\"><img decoding=\"async\" width=\"750\" height=\"750\" src=\"https:\/\/www.yousanusb.com\/wp-content\/uploads\/2025\/11\/red-MMs-USB-drive.jpg\" alt=\"\" class=\"wp-image-23735\" srcset=\"https:\/\/www.yousanusb.com\/wp-content\/uploads\/2025\/11\/red-MMs-USB-drive.jpg 750w, https:\/\/www.yousanusb.com\/wp-content\/uploads\/2025\/11\/red-MMs-USB-drive-300x300.jpg 300w, https:\/\/www.yousanusb.com\/wp-content\/uploads\/2025\/11\/red-MMs-USB-drive-150x150.jpg 150w, https:\/\/www.yousanusb.com\/wp-content\/uploads\/2025\/11\/red-MMs-USB-drive-12x12.jpg 12w, https:\/\/www.yousanusb.com\/wp-content\/uploads\/2025\/11\/red-MMs-USB-drive-600x600.jpg 600w, https:\/\/www.yousanusb.com\/wp-content\/uploads\/2025\/11\/red-MMs-USB-drive-100x100.jpg 100w\" sizes=\"(max-width: 750px) 100vw, 750px\" \/><\/figure>\n<\/div>\n\n\n\n<div class=\"wp-block-column is-layout-flow wp-block-column-is-layout-flow\">\n<figure class=\"wp-block-image size-full\"><img loading=\"lazy\" decoding=\"async\" width=\"750\" height=\"750\" src=\"https:\/\/www.yousanusb.com\/wp-content\/uploads\/2025\/11\/green-MMs-USB-drive.jpg\" alt=\"\" class=\"wp-image-23732\" srcset=\"https:\/\/www.yousanusb.com\/wp-content\/uploads\/2025\/11\/green-MMs-USB-drive.jpg 750w, https:\/\/www.yousanusb.com\/wp-content\/uploads\/2025\/11\/green-MMs-USB-drive-300x300.jpg 300w, https:\/\/www.yousanusb.com\/wp-content\/uploads\/2025\/11\/green-MMs-USB-drive-150x150.jpg 150w, https:\/\/www.yousanusb.com\/wp-content\/uploads\/2025\/11\/green-MMs-USB-drive-12x12.jpg 12w, https:\/\/www.yousanusb.com\/wp-content\/uploads\/2025\/11\/green-MMs-USB-drive-600x600.jpg 600w, https:\/\/www.yousanusb.com\/wp-content\/uploads\/2025\/11\/green-MMs-USB-drive-100x100.jpg 100w\" sizes=\"(max-width: 750px) 100vw, 750px\" \/><\/figure>\n<\/div>\n<\/div>\n\n\n\n<p>Oben ist eine abnehmbare Lanyard-\u00d6ffnung vorinstalliert. Kombinieren Sie es mit einem passenden Cartoon-Lanyard, um es an Schl\u00fcsselanh\u00e4ngern oder Rucks\u00e4cken zu befestigen, oder tragen Sie es als trendiges Accessoire, um aufzufallen. Der Anschlusspunkt ist mit einer staubdichten Kappe versehen, um t\u00e4gliche Abnutzung zu verhindern, und kombiniert Niedlichkeit mit Langlebigkeit.<\/p>\n\n\n\n<div class=\"wp-block-columns is-layout-flex wp-container-core-columns-is-layout-3 wp-block-columns-is-layout-flex\">\n<div class=\"wp-block-column is-layout-flow wp-block-column-is-layout-flow\">\n<figure class=\"wp-block-image size-full\"><img loading=\"lazy\" decoding=\"async\" width=\"750\" height=\"750\" src=\"https:\/\/www.yousanusb.com\/wp-content\/uploads\/2025\/11\/custom-MMs-USB-drive.jpg\" alt=\"\" class=\"wp-image-23731\" srcset=\"https:\/\/www.yousanusb.com\/wp-content\/uploads\/2025\/11\/custom-MMs-USB-drive.jpg 750w, https:\/\/www.yousanusb.com\/wp-content\/uploads\/2025\/11\/custom-MMs-USB-drive-300x300.jpg 300w, https:\/\/www.yousanusb.com\/wp-content\/uploads\/2025\/11\/custom-MMs-USB-drive-150x150.jpg 150w, https:\/\/www.yousanusb.com\/wp-content\/uploads\/2025\/11\/custom-MMs-USB-drive-12x12.jpg 12w, https:\/\/www.yousanusb.com\/wp-content\/uploads\/2025\/11\/custom-MMs-USB-drive-600x600.jpg 600w, https:\/\/www.yousanusb.com\/wp-content\/uploads\/2025\/11\/custom-MMs-USB-drive-100x100.jpg 100w\" sizes=\"(max-width: 750px) 100vw, 750px\" \/><\/figure>\n<\/div>\n\n\n\n<div class=\"wp-block-column is-layout-flow wp-block-column-is-layout-flow\">\n<figure class=\"wp-block-image size-full\"><img loading=\"lazy\" decoding=\"async\" width=\"750\" height=\"750\" src=\"https:\/\/www.yousanusb.com\/wp-content\/uploads\/2025\/11\/brown-MMs-USB-drive.jpg\" alt=\"\" class=\"wp-image-23730\" srcset=\"https:\/\/www.yousanusb.com\/wp-content\/uploads\/2025\/11\/brown-MMs-USB-drive.jpg 750w, https:\/\/www.yousanusb.com\/wp-content\/uploads\/2025\/11\/brown-MMs-USB-drive-300x300.jpg 300w, https:\/\/www.yousanusb.com\/wp-content\/uploads\/2025\/11\/brown-MMs-USB-drive-150x150.jpg 150w, https:\/\/www.yousanusb.com\/wp-content\/uploads\/2025\/11\/brown-MMs-USB-drive-12x12.jpg 12w, https:\/\/www.yousanusb.com\/wp-content\/uploads\/2025\/11\/brown-MMs-USB-drive-600x600.jpg 600w, https:\/\/www.yousanusb.com\/wp-content\/uploads\/2025\/11\/brown-MMs-USB-drive-100x100.jpg 100w\" sizes=\"(max-width: 750px) 100vw, 750px\" \/><\/figure>\n<\/div>\n<\/div>\n\n\n\n<p>Das perfekte kreative Geschenk: Kombinieren Sie es mit einer M&amp;M's-Geschenkbox, die mit einer Gravur (z. B. Namen oder Nachrichten) versehen werden kann. Es ist ein durchdachtes und praktisches Geschenk f\u00fcr Geburtstage oder Feiertage.<\/p>\n\n\n\n<p><\/p>","protected":false},"excerpt":{"rendered":"<ul>\n<li>M&amp;M's ip<\/li>\n<li>USB-Flash-Laufwerk<\/li>\n<li>Cartoon-Modell<\/li>\n<li>PVC-Material<\/li>\n<li>Rot, gelb, braun, blau, orange, gr\u00fcn<\/li>\n<\/ul>","protected":false},"featured_media":23738,"comment_status":"open","ping_status":"closed","template":"","meta":{"_seopress_robots_primary_cat":"none","_seopress_titles_title":"M&M's USB Flash drive","_seopress_titles_desc":"Plump and round, vibrant colors, and playful expressions? Meet the irresistible M&M USB drive. Crafted from PVC molded in M&M's signature red, yellow, blue, green, orange, and brown, it boasts saturated hues that won't fade or yellow over time.","_seopress_robots_index":""},"class_list":["post-23725","product","type-product","status-publish","has-post-thumbnail","hentry","product_cat-custom-usb-drive"],"_links":{"self":[{"href":"https:\/\/www.yousanusb.com\/de\/wp-json\/wp\/v2\/product\/23725"}],"collection":[{"href":"https:\/\/www.yousanusb.com\/de\/wp-json\/wp\/v2\/product"}],"about":[{"href":"https:\/\/www.yousanusb.com\/de\/wp-json\/wp\/v2\/types\/product"}],"replies":[{"embeddable":true,"href":"https:\/\/www.yousanusb.com\/de\/wp-json\/wp\/v2\/comments?post=23725"}],"wp:featuredmedia":[{"embeddable":true,"href":"https:\/\/www.yousanusb.com\/de\/wp-json\/wp\/v2\/media\/23738"}],"wp:attachment":[{"href":"https:\/\/www.yousanusb.com\/de\/wp-json\/wp\/v2\/media?parent=23725"}],"curies":[{"name":"wp","href":"https:\/\/api.w.org\/{rel}","templated":true}]}}