{"id":23855,"date":"2025-11-10T06:17:05","date_gmt":"2025-11-10T06:17:05","guid":{"rendered":"https:\/\/www.yousanusb.com\/?post_type=product&#038;p=23855"},"modified":"2025-11-10T08:16:02","modified_gmt":"2025-11-10T08:16:02","slug":"rotating-crystal-usb-flash-drive","status":"publish","type":"product","link":"https:\/\/www.yousanusb.com\/de\/product\/rotating-crystal-usb-flash-drive\/","title":{"rendered":"USB-Flash-Laufwerk mit rotierendem Kristall"},"content":{"rendered":"<div class=\"wp-block-columns is-layout-flex wp-container-core-columns-is-layout-1 wp-block-columns-is-layout-flex\">\n<div class=\"wp-block-column is-vertically-aligned-center is-layout-flow wp-block-column-is-layout-flow\">\n<p>Das rotierende USB-Laufwerk aus Acryl mit Beleuchtung verf\u00fcgt \u00fcber einen rotierenden Metallkopf, der in ein transparentes Acrylgeh\u00e4use integriert ist. Durch Drehen des Kopfes kann der USB-Anschluss schnell freigelegt oder verdeckt werden, was den t\u00e4glichen Plug-and-Play-Betrieb erleichtert und gleichzeitig Kratzer und Staubansammlungen am Anschluss wirksam verhindert.<\/p>\n\n\n\n<p>Das Acrylteil enth\u00e4lt eingebaute LED-Beleuchtungselemente, die automatisch aufleuchten, wenn sie mit Strom versorgt oder ausgel\u00f6st werden. Damit entf\u00e4llt nicht nur die l\u00e4stige Suche nach einem USB-Laufwerk im Dunkeln, sondern auch die technische \u00c4sthetik und der visuelle Reiz durch die kristallklare Textur des Acryls, die sich vom eint\u00f6nigen Erscheinungsbild herk\u00f6mmlicher USB-Laufwerke abhebt.<\/p>\n\n\n\n<p>F\u00fcr den professionellen Einsatz verf\u00fcgt er \u00fcber eine Hochgeschwindigkeits-USB-Schnittstelle mit stabilen Lese- und Schreibgeschwindigkeiten. Er ist mit g\u00e4ngigen Betriebssystemen wie Windows und Mac kompatibel und bietet Plug-and-Play-Funktionalit\u00e4t, ohne dass zus\u00e4tzliche Treiber erforderlich sind.<\/p>\n\n\n\n<p><br><\/p>\n<\/div>\n\n\n\n<div class=\"wp-block-column is-layout-flow wp-block-column-is-layout-flow\">\n<figure class=\"wp-block-image size-full\"><img fetchpriority=\"high\" decoding=\"async\" width=\"800\" height=\"800\" src=\"https:\/\/www.yousanusb.com\/wp-content\/uploads\/2025\/11\/rotating-metal-crystal-usb-drive.jpg\" alt=\"\" class=\"wp-image-23860\" srcset=\"https:\/\/www.yousanusb.com\/wp-content\/uploads\/2025\/11\/rotating-metal-crystal-usb-drive.jpg 800w, https:\/\/www.yousanusb.com\/wp-content\/uploads\/2025\/11\/rotating-metal-crystal-usb-drive-300x300.jpg 300w, https:\/\/www.yousanusb.com\/wp-content\/uploads\/2025\/11\/rotating-metal-crystal-usb-drive-150x150.jpg 150w, https:\/\/www.yousanusb.com\/wp-content\/uploads\/2025\/11\/rotating-metal-crystal-usb-drive-768x768.jpg 768w, https:\/\/www.yousanusb.com\/wp-content\/uploads\/2025\/11\/rotating-metal-crystal-usb-drive-12x12.jpg 12w, https:\/\/www.yousanusb.com\/wp-content\/uploads\/2025\/11\/rotating-metal-crystal-usb-drive-600x600.jpg 600w, https:\/\/www.yousanusb.com\/wp-content\/uploads\/2025\/11\/rotating-metal-crystal-usb-drive-100x100.jpg 100w\" sizes=\"(max-width: 800px) 100vw, 800px\" \/><\/figure>\n<\/div>\n<\/div>\n\n\n\n<p><\/p>\n\n\n\n<p>Das Prinzip des Beleuchtungsprozesses besteht darin, dass eine LED-Lichtquelle in den Kristallk\u00f6rper eingebettet wird. Wenn das USB-Laufwerk an ein Ger\u00e4t angeschlossen wird, wird die Lichtquelle durch die Stromversorgung des Ger\u00e4ts zum Leuchten angeregt. Das Licht bricht sich durch das Kristallmaterial und erzeugt einen gleichm\u00e4\u00dfigen Leuchteffekt im gravierten Bereich. Dieser Prozess ist stabil und beeintr\u00e4chtigt den normalen Betrieb der Speicherfunktion nicht.<\/p>\n\n\n\n<div class=\"wp-block-columns is-layout-flex wp-container-core-columns-is-layout-2 wp-block-columns-is-layout-flex\">\n<div class=\"wp-block-column is-layout-flow wp-block-column-is-layout-flow\">\n<figure class=\"wp-block-image size-full\"><img decoding=\"async\" width=\"768\" height=\"768\" src=\"https:\/\/www.yousanusb.com\/wp-content\/uploads\/2025\/11\/Swiveling-Acrylic-Red-Light-Up-USB-Stick-768x768-1.webp\" alt=\"\" class=\"wp-image-23863\" srcset=\"https:\/\/www.yousanusb.com\/wp-content\/uploads\/2025\/11\/Swiveling-Acrylic-Red-Light-Up-USB-Stick-768x768-1.webp 768w, https:\/\/www.yousanusb.com\/wp-content\/uploads\/2025\/11\/Swiveling-Acrylic-Red-Light-Up-USB-Stick-768x768-1-300x300.webp 300w, https:\/\/www.yousanusb.com\/wp-content\/uploads\/2025\/11\/Swiveling-Acrylic-Red-Light-Up-USB-Stick-768x768-1-150x150.webp 150w, https:\/\/www.yousanusb.com\/wp-content\/uploads\/2025\/11\/Swiveling-Acrylic-Red-Light-Up-USB-Stick-768x768-1-12x12.webp 12w, https:\/\/www.yousanusb.com\/wp-content\/uploads\/2025\/11\/Swiveling-Acrylic-Red-Light-Up-USB-Stick-768x768-1-600x600.webp 600w, https:\/\/www.yousanusb.com\/wp-content\/uploads\/2025\/11\/Swiveling-Acrylic-Red-Light-Up-USB-Stick-768x768-1-100x100.webp 100w\" sizes=\"(max-width: 768px) 100vw, 768px\" \/><\/figure>\n<\/div>\n\n\n\n<div class=\"wp-block-column is-layout-flow wp-block-column-is-layout-flow\">\n<figure class=\"wp-block-image size-full\"><img decoding=\"async\" width=\"768\" height=\"768\" src=\"https:\/\/www.yousanusb.com\/wp-content\/uploads\/2025\/11\/Swiveling-Acrylic-Purple-Light-Up-USB-Stick-768x768-1.webp\" alt=\"\" class=\"wp-image-23862\" srcset=\"https:\/\/www.yousanusb.com\/wp-content\/uploads\/2025\/11\/Swiveling-Acrylic-Purple-Light-Up-USB-Stick-768x768-1.webp 768w, https:\/\/www.yousanusb.com\/wp-content\/uploads\/2025\/11\/Swiveling-Acrylic-Purple-Light-Up-USB-Stick-768x768-1-300x300.webp 300w, https:\/\/www.yousanusb.com\/wp-content\/uploads\/2025\/11\/Swiveling-Acrylic-Purple-Light-Up-USB-Stick-768x768-1-150x150.webp 150w, https:\/\/www.yousanusb.com\/wp-content\/uploads\/2025\/11\/Swiveling-Acrylic-Purple-Light-Up-USB-Stick-768x768-1-12x12.webp 12w, https:\/\/www.yousanusb.com\/wp-content\/uploads\/2025\/11\/Swiveling-Acrylic-Purple-Light-Up-USB-Stick-768x768-1-600x600.webp 600w, https:\/\/www.yousanusb.com\/wp-content\/uploads\/2025\/11\/Swiveling-Acrylic-Purple-Light-Up-USB-Stick-768x768-1-100x100.webp 100w\" sizes=\"(max-width: 768px) 100vw, 768px\" \/><\/figure>\n<\/div>\n\n\n\n<div class=\"wp-block-column is-layout-flow wp-block-column-is-layout-flow\">\n<figure class=\"wp-block-image size-full\"><img loading=\"lazy\" decoding=\"async\" width=\"800\" height=\"800\" src=\"https:\/\/www.yousanusb.com\/wp-content\/uploads\/2025\/11\/led-usb-flash-drive.jpg\" alt=\"\" class=\"wp-image-23858\" srcset=\"https:\/\/www.yousanusb.com\/wp-content\/uploads\/2025\/11\/led-usb-flash-drive.jpg 800w, https:\/\/www.yousanusb.com\/wp-content\/uploads\/2025\/11\/led-usb-flash-drive-300x300.jpg 300w, https:\/\/www.yousanusb.com\/wp-content\/uploads\/2025\/11\/led-usb-flash-drive-150x150.jpg 150w, https:\/\/www.yousanusb.com\/wp-content\/uploads\/2025\/11\/led-usb-flash-drive-768x768.jpg 768w, https:\/\/www.yousanusb.com\/wp-content\/uploads\/2025\/11\/led-usb-flash-drive-12x12.jpg 12w, https:\/\/www.yousanusb.com\/wp-content\/uploads\/2025\/11\/led-usb-flash-drive-600x600.jpg 600w, https:\/\/www.yousanusb.com\/wp-content\/uploads\/2025\/11\/led-usb-flash-drive-100x100.jpg 100w\" sizes=\"(max-width: 800px) 100vw, 800px\" \/><\/figure>\n<\/div>\n<\/div>\n\n\n\n<p><\/p>\n\n\n\n<div class=\"wp-block-columns is-layout-flex wp-container-core-columns-is-layout-3 wp-block-columns-is-layout-flex\">\n<div class=\"wp-block-column is-layout-flow wp-block-column-is-layout-flow\">\n<figure class=\"wp-block-image size-full\"><img loading=\"lazy\" decoding=\"async\" width=\"800\" height=\"800\" src=\"https:\/\/www.yousanusb.com\/wp-content\/uploads\/2025\/11\/rotating-led-usb-flash-drive.jpg\" alt=\"\" class=\"wp-image-23859\" srcset=\"https:\/\/www.yousanusb.com\/wp-content\/uploads\/2025\/11\/rotating-led-usb-flash-drive.jpg 800w, https:\/\/www.yousanusb.com\/wp-content\/uploads\/2025\/11\/rotating-led-usb-flash-drive-300x300.jpg 300w, https:\/\/www.yousanusb.com\/wp-content\/uploads\/2025\/11\/rotating-led-usb-flash-drive-150x150.jpg 150w, https:\/\/www.yousanusb.com\/wp-content\/uploads\/2025\/11\/rotating-led-usb-flash-drive-768x768.jpg 768w, https:\/\/www.yousanusb.com\/wp-content\/uploads\/2025\/11\/rotating-led-usb-flash-drive-12x12.jpg 12w, https:\/\/www.yousanusb.com\/wp-content\/uploads\/2025\/11\/rotating-led-usb-flash-drive-600x600.jpg 600w, https:\/\/www.yousanusb.com\/wp-content\/uploads\/2025\/11\/rotating-led-usb-flash-drive-100x100.jpg 100w\" sizes=\"(max-width: 800px) 100vw, 800px\" \/><\/figure>\n<\/div>\n\n\n\n<div class=\"wp-block-column is-vertically-aligned-center is-layout-flow wp-block-column-is-layout-flow\">\n<p>Zu den Individualisierungsoptionen geh\u00f6ren die Lasergravur von Logos oder Symbolen auf dem Kristallk\u00f6rper mit verschlei\u00dffesten Mustern, die sich nicht abl\u00f6sen. <\/p>\n\n\n\n<p>In Verbindung mit dem Lichtemittierverfahren werden die individuellen Markierungen durch die Beleuchtung noch deutlicher. Im gesch\u00e4ftlichen Bereich erh\u00f6ht der Aufdruck von Firmenlogos den Wiedererkennungswert der Marke, w\u00e4hrend bei der privaten Nutzung einzigartige Symbole verwendet werden k\u00f6nnen, um die Exklusivit\u00e4t zu steigern. Auf diese Weise lassen sich die unterschiedlichsten Anforderungen an die Personalisierung erf\u00fcllen.<\/p>\n\n\n\n<p>Dies erm\u00f6glicht effiziente Datei\u00fcbertragungen und Datensicherungen und eignet sich somit f\u00fcr verschiedene Szenarien, einschlie\u00dflich B\u00fcroarbeit und akademische Einrichtungen.<\/p>\n<\/div>\n<\/div>","protected":false},"excerpt":{"rendered":"<ul>\n<li>Rotierendes Design<\/li>\n<li>Multicolor-Beleuchtung<\/li>\n<li>Schnellere Geschwindigkeit und hohe Qualit\u00e4t<\/li>\n<li>Zuverl\u00e4ssig und sicher<\/li>\n<li>MOQ:100St\u00fcck<\/li>\n<\/ul>","protected":false},"featured_media":23859,"comment_status":"open","ping_status":"closed","template":"","meta":{"_seopress_robots_primary_cat":"","_seopress_titles_title":"","_seopress_titles_desc":"","_seopress_robots_index":""},"class_list":["post-23855","product","type-product","status-publish","has-post-thumbnail","hentry","product_cat-crystal-led-usb-flash-drive"],"_links":{"self":[{"href":"https:\/\/www.yousanusb.com\/de\/wp-json\/wp\/v2\/product\/23855"}],"collection":[{"href":"https:\/\/www.yousanusb.com\/de\/wp-json\/wp\/v2\/product"}],"about":[{"href":"https:\/\/www.yousanusb.com\/de\/wp-json\/wp\/v2\/types\/product"}],"replies":[{"embeddable":true,"href":"https:\/\/www.yousanusb.com\/de\/wp-json\/wp\/v2\/comments?post=23855"}],"wp:featuredmedia":[{"embeddable":true,"href":"https:\/\/www.yousanusb.com\/de\/wp-json\/wp\/v2\/media\/23859"}],"wp:attachment":[{"href":"https:\/\/www.yousanusb.com\/de\/wp-json\/wp\/v2\/media?parent=23855"}],"curies":[{"name":"wp","href":"https:\/\/api.w.org\/{rel}","templated":true}]}}