{"id":23866,"date":"2025-11-10T07:47:20","date_gmt":"2025-11-10T07:47:20","guid":{"rendered":"https:\/\/www.yousanusb.com\/?post_type=product&#038;p=23866"},"modified":"2025-11-10T08:16:14","modified_gmt":"2025-11-10T08:16:14","slug":"crystal-led-usb-flash-drive","status":"publish","type":"product","link":"https:\/\/www.yousanusb.com\/de\/product\/crystal-led-usb-flash-drive\/","title":{"rendered":"Kristall-LED-USB-Flash-Laufwerk"},"content":{"rendered":"<div class=\"wp-block-columns is-layout-flex wp-container-core-columns-is-layout-1 wp-block-columns-is-layout-flex\">\n<div class=\"wp-block-column is-vertically-aligned-center is-layout-flow wp-block-column-is-layout-flow\">\n<p>Dieses USB-Laufwerk zeichnet sich durch ein Design aus rundem Kristall und rechteckigem Metall\" aus.<\/p>\n\n\n\n<p>Es verf\u00fcgt \u00fcber ein integriertes Schl\u00fcsselanh\u00e4nger-Design, das direkt an Ihrem Schl\u00fcsselbund befestigt werden kann, so dass es beim Transport nicht verloren geht. Die Schnittstelle ist durch eine kappen\u00e4hnliche Abdeckung gesch\u00fctzt, die eine effektive Abschirmung gew\u00e4hrleistet. Die integrierte LED-Anzeige leuchtet, wenn sie mit einem Ger\u00e4t verbunden ist, und sorgt so f\u00fcr gute Sichtbarkeit.<\/p>\n\n\n\n<p>Der kreisf\u00f6rmige Kristall dient als Lichtaustrittsfl\u00e4che (Durchmesser 20-25 mm), und der rechteckige Metallteil darunter verbindet die USB-Schnittstelle und den Schl\u00fcsselanh\u00e4nger. Die sich \u00fcberlagernden geometrischen Formen schaffen eine visuelle Hierarchie \"2D\u21923D\".<\/p>\n\n\n\n<p>Die Metallkanten sind abgeschr\u00e4gt, damit sie besser in der Hand liegen; die Verbindung zwischen dem Kristall und dem Metall ist nahtlos, mit einer handwerklichen Pr\u00e4zision von \u00b10,1 mm.<\/p>\n\n\n\n<p><\/p>\n<\/div>\n\n\n\n<div class=\"wp-block-column is-layout-flow wp-block-column-is-layout-flow\">\n<figure class=\"wp-block-image size-full\"><img fetchpriority=\"high\" decoding=\"async\" width=\"800\" height=\"800\" src=\"https:\/\/www.yousanusb.com\/wp-content\/uploads\/2025\/11\/round-led-usb-flash-drive.jpg\" alt=\"\" class=\"wp-image-23873\" srcset=\"https:\/\/www.yousanusb.com\/wp-content\/uploads\/2025\/11\/round-led-usb-flash-drive.jpg 800w, https:\/\/www.yousanusb.com\/wp-content\/uploads\/2025\/11\/round-led-usb-flash-drive-300x300.jpg 300w, https:\/\/www.yousanusb.com\/wp-content\/uploads\/2025\/11\/round-led-usb-flash-drive-150x150.jpg 150w, https:\/\/www.yousanusb.com\/wp-content\/uploads\/2025\/11\/round-led-usb-flash-drive-768x768.jpg 768w, https:\/\/www.yousanusb.com\/wp-content\/uploads\/2025\/11\/round-led-usb-flash-drive-12x12.jpg 12w, https:\/\/www.yousanusb.com\/wp-content\/uploads\/2025\/11\/round-led-usb-flash-drive-600x600.jpg 600w, https:\/\/www.yousanusb.com\/wp-content\/uploads\/2025\/11\/round-led-usb-flash-drive-100x100.jpg 100w\" sizes=\"(max-width: 800px) 100vw, 800px\" \/><\/figure>\n<\/div>\n<\/div>\n\n\n\n<div class=\"wp-block-columns is-layout-flex wp-container-core-columns-is-layout-2 wp-block-columns-is-layout-flex\">\n<div class=\"wp-block-column is-layout-flow wp-block-column-is-layout-flow\">\n<figure class=\"wp-block-image size-full\"><img decoding=\"async\" width=\"800\" height=\"800\" src=\"https:\/\/www.yousanusb.com\/wp-content\/uploads\/2025\/11\/custom-crystal-led-usb-flash-drive.jpg\" alt=\"\" class=\"wp-image-23871\" srcset=\"https:\/\/www.yousanusb.com\/wp-content\/uploads\/2025\/11\/custom-crystal-led-usb-flash-drive.jpg 800w, https:\/\/www.yousanusb.com\/wp-content\/uploads\/2025\/11\/custom-crystal-led-usb-flash-drive-300x300.jpg 300w, https:\/\/www.yousanusb.com\/wp-content\/uploads\/2025\/11\/custom-crystal-led-usb-flash-drive-150x150.jpg 150w, https:\/\/www.yousanusb.com\/wp-content\/uploads\/2025\/11\/custom-crystal-led-usb-flash-drive-768x768.jpg 768w, https:\/\/www.yousanusb.com\/wp-content\/uploads\/2025\/11\/custom-crystal-led-usb-flash-drive-12x12.jpg 12w, https:\/\/www.yousanusb.com\/wp-content\/uploads\/2025\/11\/custom-crystal-led-usb-flash-drive-600x600.jpg 600w, https:\/\/www.yousanusb.com\/wp-content\/uploads\/2025\/11\/custom-crystal-led-usb-flash-drive-100x100.jpg 100w\" sizes=\"(max-width: 800px) 100vw, 800px\" \/><\/figure>\n<\/div>\n\n\n\n<div class=\"wp-block-column is-vertically-aligned-center is-layout-flow wp-block-column-is-layout-flow\">\n<p>Das Prinzip des Beleuchtungsvorgangs beruht auf einer internen LED-Lichtquelle im USB-Laufwerk. Wenn es an ein Ger\u00e4t angeschlossen wird, wird die Lichtquelle durch die Stromversorgung des Ger\u00e4ts aktiviert. <\/p>\n\n\n\n<p>Licht dringt durch das hochtransparente Material und l\u00e4sst den Logobereich aufleuchten. Dieser Vorgang beeintr\u00e4chtigt die Speicherfunktionalit\u00e4t nicht, und das beleuchtete Logo bietet eine bessere Sichtbarkeit.<\/p>\n\n\n\n<p>Zu den Individualisierungsoptionen geh\u00f6ren die Lasergravur von Logos oder einzigartigen Symbolen auf dem transparenten Bereich mit verschlei\u00dffesten Mustern, die sich nicht abl\u00f6sen. In Kombination mit dem Light-up-Verfahren wird der individuelle Inhalt durch die Beleuchtung noch auff\u00e4lliger.<\/p>\n\n\n\n<p> Im gesch\u00e4ftlichen Umfeld erh\u00f6ht der Druck von Firmenlogos die Sichtbarkeit der Marke, w\u00e4hrend private Nutzer exklusive Symbole hinzuf\u00fcgen k\u00f6nnen, um die Individualit\u00e4t zu steigern. Auf diese Weise lassen sich vielf\u00e4ltige Anpassungsw\u00fcnsche erf\u00fcllen.<\/p>\n<\/div>\n<\/div>\n\n\n\n<p><\/p>","protected":false},"excerpt":{"rendered":"<ul>\n<li>Crystal light-up usb drive<\/li>\n<li>Metall&amp;Kristall Materialien<\/li>\n<li>Kreisf\u00f6rmiger Kristall<\/li>\n<li>Schl\u00fcsselanh\u00e4nger aus Edelstahl 304<\/li>\n<li>MOQ:100St\u00fcck<\/li>\n<\/ul>","protected":false},"featured_media":23872,"comment_status":"open","ping_status":"closed","template":"","meta":{"_seopress_robots_primary_cat":"","_seopress_titles_title":"","_seopress_titles_desc":"","_seopress_robots_index":""},"class_list":["post-23866","product","type-product","status-publish","has-post-thumbnail","hentry","product_cat-crystal-led-usb-flash-drive"],"_links":{"self":[{"href":"https:\/\/www.yousanusb.com\/de\/wp-json\/wp\/v2\/product\/23866"}],"collection":[{"href":"https:\/\/www.yousanusb.com\/de\/wp-json\/wp\/v2\/product"}],"about":[{"href":"https:\/\/www.yousanusb.com\/de\/wp-json\/wp\/v2\/types\/product"}],"replies":[{"embeddable":true,"href":"https:\/\/www.yousanusb.com\/de\/wp-json\/wp\/v2\/comments?post=23866"}],"wp:featuredmedia":[{"embeddable":true,"href":"https:\/\/www.yousanusb.com\/de\/wp-json\/wp\/v2\/media\/23872"}],"wp:attachment":[{"href":"https:\/\/www.yousanusb.com\/de\/wp-json\/wp\/v2\/media?parent=23866"}],"curies":[{"name":"wp","href":"https:\/\/api.w.org\/{rel}","templated":true}]}}