{"id":23904,"date":"2025-11-10T13:15:03","date_gmt":"2025-11-10T13:15:03","guid":{"rendered":"https:\/\/www.yousanusb.com\/?post_type=product&#038;p=23904"},"modified":"2025-11-10T13:21:45","modified_gmt":"2025-11-10T13:21:45","slug":"cartoon-smile-sunflower-usb-drive","status":"publish","type":"product","link":"https:\/\/www.yousanusb.com\/de\/product\/cartoon-smile-sunflower-usb-drive\/","title":{"rendered":"Cartoon L\u00e4cheln Sonnenblume USB-Stick"},"content":{"rendered":"<p>Das Cartoon Sunflower USB Drive ist ein flaches 2D-Flash-Laufwerk mit goldenen, prallen Bl\u00fctenbl\u00e4ttern und einem runden Bl\u00fctenkopf. Sein charakteristisches Smiley-Design strahlt Sonnenschein aus. Er ist aus hochwertigem, umweltfreundlichem Weichgummi gefertigt und au\u00dfergew\u00f6hnlich flexibel mit glatten, abgerundeten Kanten - ein \u00e4u\u00dferst effizientes Speicherwerkzeug.<\/p>\n\n\n\n<div class=\"wp-block-columns is-layout-flex wp-container-core-columns-is-layout-1 wp-block-columns-is-layout-flex\">\n<div class=\"wp-block-column is-layout-flow wp-block-column-is-layout-flow\">\n<figure class=\"wp-block-image size-full\"><img fetchpriority=\"high\" decoding=\"async\" width=\"750\" height=\"750\" src=\"https:\/\/www.yousanusb.com\/wp-content\/uploads\/2025\/11\/pvc-Cartoon-Sunflower-USB-Drive.jpg\" alt=\"\" class=\"wp-image-23909\" srcset=\"https:\/\/www.yousanusb.com\/wp-content\/uploads\/2025\/11\/pvc-Cartoon-Sunflower-USB-Drive.jpg 750w, https:\/\/www.yousanusb.com\/wp-content\/uploads\/2025\/11\/pvc-Cartoon-Sunflower-USB-Drive-300x300.jpg 300w, https:\/\/www.yousanusb.com\/wp-content\/uploads\/2025\/11\/pvc-Cartoon-Sunflower-USB-Drive-150x150.jpg 150w, https:\/\/www.yousanusb.com\/wp-content\/uploads\/2025\/11\/pvc-Cartoon-Sunflower-USB-Drive-12x12.jpg 12w, https:\/\/www.yousanusb.com\/wp-content\/uploads\/2025\/11\/pvc-Cartoon-Sunflower-USB-Drive-600x600.jpg 600w, https:\/\/www.yousanusb.com\/wp-content\/uploads\/2025\/11\/pvc-Cartoon-Sunflower-USB-Drive-100x100.jpg 100w\" sizes=\"(max-width: 750px) 100vw, 750px\" \/><\/figure>\n<\/div>\n\n\n\n<div class=\"wp-block-column is-layout-flow wp-block-column-is-layout-flow\">\n<figure class=\"wp-block-image size-full\"><img decoding=\"async\" width=\"750\" height=\"750\" src=\"https:\/\/www.yousanusb.com\/wp-content\/uploads\/2025\/11\/Cartoon-smile-Sunflower-USB-Drive.jpg\" alt=\"\" class=\"wp-image-23907\" srcset=\"https:\/\/www.yousanusb.com\/wp-content\/uploads\/2025\/11\/Cartoon-smile-Sunflower-USB-Drive.jpg 750w, https:\/\/www.yousanusb.com\/wp-content\/uploads\/2025\/11\/Cartoon-smile-Sunflower-USB-Drive-300x300.jpg 300w, https:\/\/www.yousanusb.com\/wp-content\/uploads\/2025\/11\/Cartoon-smile-Sunflower-USB-Drive-150x150.jpg 150w, https:\/\/www.yousanusb.com\/wp-content\/uploads\/2025\/11\/Cartoon-smile-Sunflower-USB-Drive-12x12.jpg 12w, https:\/\/www.yousanusb.com\/wp-content\/uploads\/2025\/11\/Cartoon-smile-Sunflower-USB-Drive-600x600.jpg 600w, https:\/\/www.yousanusb.com\/wp-content\/uploads\/2025\/11\/Cartoon-smile-Sunflower-USB-Drive-100x100.jpg 100w\" sizes=\"(max-width: 750px) 100vw, 750px\" \/><\/figure>\n<\/div>\n<\/div>\n\n\n\n<p>Die sehr realistischen gelben Bl\u00fctenbl\u00e4tter weisen eine subtile Kurve auf, w\u00e4hrend die Bl\u00fctenmitte mit lebensechten Texturen verziert ist. Sie wird mit einem abnehmbaren Schl\u00fcsselband geliefert, so dass Sie sie in der Hand halten oder an einem Schl\u00fcsselbund befestigen k\u00f6nnen, um sie unterwegs bequem aufzubewahren.<\/p>\n\n\n\n<p>Das Material ist RoHS-zertifiziert, geruchsneutral und hypoallergen. Seine hohe Flexibilit\u00e4t erm\u00f6glicht sanftes Biegen und widersteht Sch\u00e4den durch t\u00e4gliche St\u00fcrze und Reibung f\u00fcr maximale Haltbarkeit.<\/p>\n\n\n\n<p>Der USB-Anschluss ist mit einer staubdichten Kappe versehen, damit die Daten\u00fcbertragung nicht durch Schmutz beeintr\u00e4chtigt wird.<\/p>\n\n\n\n<p>Als Symbol f\u00fcr \"sonnenhungrige Lebenskraft\" ist diese Sonnenblume nicht nur ein praktisches, sondern auch ein kleines Geschenk, das positive Energie verbreitet.<\/p>","protected":false},"excerpt":{"rendered":"<ul>\n<li>Cartoon-L\u00e4cheln<\/li>\n<li>Sonnenblume USB-Laufwerk<\/li>\n<li>RoHS-zertifiziert f\u00fcr Umweltsicherheit<\/li>\n<li>Sonnenhungrige Vitalit\u00e4t<\/li>\n<li>\u00c4u\u00dferst effizientes Aufbewahrungsinstrument.<\/li>\n<\/ul>","protected":false},"featured_media":23908,"comment_status":"open","ping_status":"closed","template":"","meta":{"_seopress_robots_primary_cat":"","_seopress_titles_title":"Cartoon Smile Sunflower USB Drive","_seopress_titles_desc":"Cartoon Sunflower USB Drive is a flat 2D flash drive featuring golden, plump petals and a rounded flower head. Its signature smiley face design radiates sunshine. Crafted from premium eco-friendly soft rubber, it's exceptionally flexible with smooth, rounded edges\u2014a highly efficient storage tool.","_seopress_robots_index":""},"class_list":["post-23904","product","type-product","status-publish","has-post-thumbnail","hentry","product_cat-custom-usb-drive"],"_links":{"self":[{"href":"https:\/\/www.yousanusb.com\/de\/wp-json\/wp\/v2\/product\/23904"}],"collection":[{"href":"https:\/\/www.yousanusb.com\/de\/wp-json\/wp\/v2\/product"}],"about":[{"href":"https:\/\/www.yousanusb.com\/de\/wp-json\/wp\/v2\/types\/product"}],"replies":[{"embeddable":true,"href":"https:\/\/www.yousanusb.com\/de\/wp-json\/wp\/v2\/comments?post=23904"}],"wp:featuredmedia":[{"embeddable":true,"href":"https:\/\/www.yousanusb.com\/de\/wp-json\/wp\/v2\/media\/23908"}],"wp:attachment":[{"href":"https:\/\/www.yousanusb.com\/de\/wp-json\/wp\/v2\/media?parent=23904"}],"curies":[{"name":"wp","href":"https:\/\/api.w.org\/{rel}","templated":true}]}}