{"id":23928,"date":"2025-11-11T01:24:53","date_gmt":"2025-11-11T01:24:53","guid":{"rendered":"https:\/\/www.yousanusb.com\/?post_type=product&#038;p=23928"},"modified":"2025-12-27T03:10:07","modified_gmt":"2025-12-27T03:10:07","slug":"custom-lipstick-crystal-usb-flash-drive","status":"publish","type":"product","link":"https:\/\/www.yousanusb.com\/de\/product\/custom-lipstick-crystal-usb-flash-drive\/","title":{"rendered":"USB-Flash-Laufwerk mit Lippenstift aus Kristall"},"content":{"rendered":"<div class=\"wp-block-columns is-layout-flex wp-container-core-columns-is-layout-1 wp-block-columns-is-layout-flex\">\n<div class=\"wp-block-column is-layout-flow wp-block-column-is-layout-flow\">\n<figure class=\"wp-block-image size-full\"><img fetchpriority=\"high\" decoding=\"async\" width=\"800\" height=\"865\" src=\"https:\/\/www.yousanusb.com\/wp-content\/uploads\/2025\/11\/Lipstick-crystal-usb-flash-drives.jpg\" alt=\"\" class=\"wp-image-23938\" srcset=\"https:\/\/www.yousanusb.com\/wp-content\/uploads\/2025\/11\/Lipstick-crystal-usb-flash-drives.jpg 800w, https:\/\/www.yousanusb.com\/wp-content\/uploads\/2025\/11\/Lipstick-crystal-usb-flash-drives-277x300.jpg 277w, https:\/\/www.yousanusb.com\/wp-content\/uploads\/2025\/11\/Lipstick-crystal-usb-flash-drives-768x830.jpg 768w, https:\/\/www.yousanusb.com\/wp-content\/uploads\/2025\/11\/Lipstick-crystal-usb-flash-drives-11x12.jpg 11w, https:\/\/www.yousanusb.com\/wp-content\/uploads\/2025\/11\/Lipstick-crystal-usb-flash-drives-600x649.jpg 600w\" sizes=\"(max-width: 800px) 100vw, 800px\" \/><\/figure>\n<\/div>\n\n\n\n<div class=\"wp-block-column is-vertically-aligned-center is-layout-flow wp-block-column-is-layout-flow\">\n<p>Der USB-Stick Lipstick Crystal hat die Form eines Lippenstifts und liegt gut in der Hand (und damit im Mund). Er hat eine elegante, spitz zulaufende Spitze. Das gesamte Geh\u00e4use ist mit Tausenden von winzigen, kristall\u00e4hnlichen Strasssteinen verziert, die sorgf\u00e4ltig auf einem 2 mm hohen Metallsockel angebracht wurden; jeder Strassstein bleibt garantiert haften und beh\u00e4lt seine urspr\u00fcngliche Sch\u00f6nheit f\u00fcr viele Jahre.<\/p>\n\n\n\n<p>Das USB-Laufwerk ist in f\u00fcnf Farben erh\u00e4ltlich (Rosa (feminin), Hellblau (frisch), Silber (elegant), Gold (luxuri\u00f6s), Mintgr\u00fcn (frisch)) und damit sehr vielseitig.<\/p>\n\n\n\n<p>Au\u00dferdem verf\u00fcgt der USB-Stick \u00fcber eine Metallschlaufe an der Oberseite und wird mit einer Kette (mit einer Gesamtl\u00e4nge von 66 cm) geliefert, die es Ihnen erm\u00f6glicht, ihn als Schl\u00fcsselanh\u00e4nger an Ihrer Handtasche oder als Halskette zu verwenden. Der Lipstick Crystal USB-Stick ist also nicht nur eine n\u00fctzliche Aufbewahrungsl\u00f6sung, sondern auch eine tolle M\u00f6glichkeit, Ihre Pers\u00f6nlichkeit zu zeigen, wenn Sie unterwegs sind.<\/p>\n<\/div>\n<\/div>\n\n\n\n<div class=\"wp-block-columns are-vertically-aligned-center is-layout-flex wp-container-core-columns-is-layout-2 wp-block-columns-is-layout-flex\">\n<div class=\"wp-block-column is-vertically-aligned-center is-layout-flow wp-block-column-is-layout-flow\">\n<p>Durch intensives Polieren reflektieren die Facetten des Kristalls das Licht und erzeugen einen dreidimensionalen, leuchtenden Effekt, der dem Glanz edler Schmuckst\u00fccke \u00e4hnelt.<\/p>\n\n\n\n<p>Individuelle Farbe\/Logo<\/p>\n\n\n\n<p>Das Geh\u00e4use des legierten Metalls kann mit einer Lasergravur versehen werden (Firmenlogos, pers\u00f6nliche Unterschriften, Urlaubsgr\u00fc\u00dfe usw.), was die Schaffung von einzigartigem geistigem Eigentum erleichtert.<\/p>\n\n\n\n<p>Es ist eine Erg\u00e4nzung f\u00fcr Markenkooperationen, Firmengeschenke oder personalisierte Artikel, die Ihrem USB-Laufwerk pers\u00f6nliche Bedeutung verleihen.<\/p>\n<\/div>\n\n\n\n<div class=\"wp-block-column is-vertically-aligned-center is-layout-flow wp-block-column-is-layout-flow\">\n<figure class=\"wp-block-image size-full\"><img decoding=\"async\" width=\"800\" height=\"800\" src=\"https:\/\/www.yousanusb.com\/wp-content\/uploads\/2025\/11\/custom-Lipstick-Crystal-USB-Flash-Drive.jpg\" alt=\"\" class=\"wp-image-23937\" srcset=\"https:\/\/www.yousanusb.com\/wp-content\/uploads\/2025\/11\/custom-Lipstick-Crystal-USB-Flash-Drive.jpg 800w, https:\/\/www.yousanusb.com\/wp-content\/uploads\/2025\/11\/custom-Lipstick-Crystal-USB-Flash-Drive-300x300.jpg 300w, https:\/\/www.yousanusb.com\/wp-content\/uploads\/2025\/11\/custom-Lipstick-Crystal-USB-Flash-Drive-150x150.jpg 150w, https:\/\/www.yousanusb.com\/wp-content\/uploads\/2025\/11\/custom-Lipstick-Crystal-USB-Flash-Drive-768x768.jpg 768w, https:\/\/www.yousanusb.com\/wp-content\/uploads\/2025\/11\/custom-Lipstick-Crystal-USB-Flash-Drive-12x12.jpg 12w, https:\/\/www.yousanusb.com\/wp-content\/uploads\/2025\/11\/custom-Lipstick-Crystal-USB-Flash-Drive-600x600.jpg 600w, https:\/\/www.yousanusb.com\/wp-content\/uploads\/2025\/11\/custom-Lipstick-Crystal-USB-Flash-Drive-100x100.jpg 100w\" sizes=\"(max-width: 800px) 100vw, 800px\" \/><\/figure>\n<\/div>\n<\/div>\n\n\n\n<div class=\"wp-block-columns is-layout-flex wp-container-core-columns-is-layout-3 wp-block-columns-is-layout-flex\">\n<div class=\"wp-block-column is-layout-flow wp-block-column-is-layout-flow\">\n<figure class=\"wp-block-image size-full\"><img decoding=\"async\" width=\"800\" height=\"800\" src=\"https:\/\/www.yousanusb.com\/wp-content\/uploads\/2025\/11\/crystal-usb-flash-drive-factory.jpg\" alt=\"\" class=\"wp-image-23933\" srcset=\"https:\/\/www.yousanusb.com\/wp-content\/uploads\/2025\/11\/crystal-usb-flash-drive-factory.jpg 800w, https:\/\/www.yousanusb.com\/wp-content\/uploads\/2025\/11\/crystal-usb-flash-drive-factory-300x300.jpg 300w, https:\/\/www.yousanusb.com\/wp-content\/uploads\/2025\/11\/crystal-usb-flash-drive-factory-150x150.jpg 150w, https:\/\/www.yousanusb.com\/wp-content\/uploads\/2025\/11\/crystal-usb-flash-drive-factory-768x768.jpg 768w, https:\/\/www.yousanusb.com\/wp-content\/uploads\/2025\/11\/crystal-usb-flash-drive-factory-12x12.jpg 12w, https:\/\/www.yousanusb.com\/wp-content\/uploads\/2025\/11\/crystal-usb-flash-drive-factory-600x600.jpg 600w, https:\/\/www.yousanusb.com\/wp-content\/uploads\/2025\/11\/crystal-usb-flash-drive-factory-100x100.jpg 100w\" sizes=\"(max-width: 800px) 100vw, 800px\" \/><\/figure>\n<\/div>\n\n\n\n<div class=\"wp-block-column is-vertically-aligned-center is-layout-flow wp-block-column-is-layout-flow\">\n<h2 class=\"wp-block-heading\">Welche Unternehmen w\u00fcrden davon profitieren?<\/h2>\n\n\n\n<p>Geschenke f\u00fcr geliebte Menschen - F\u00fcr beste Freundinnen, Freundinnen oder M\u00fctter gibt es den \"Daten speichernden Lippenstift\", eine Kombination aus Praktischem und Romantik, die bei Frauen gut ankommt.<\/p>\n\n\n\n<p>Sch\u00f6nheits- und Modeunternehmen - Bieten Sie Artikel wie Lippenstifte und Parf\u00fcms in Paketen an oder integrieren Sie sie in Mitgliederbelohnungsprogramme oder als Geschenke bei der Einf\u00fchrung neuer Produkte.<\/p>\n\n\n\n<p><\/p>\n<\/div>\n<\/div>\n\n\n\n<p>Schmuck- oder Luxusunternehmen - Legen Sie den Schwerpunkt auf den glitzernden Aspekt von Kristallen und bauen Sie eine Kollektion von Tech-Schmuck auf, um Jugendliche anzuziehen, die ihren eigenen Stil zum Ausdruck bringen wollen, und erweitern Sie gleichzeitig das Angebot an Produkten.<\/p>\n\n\n\n<p>Unternehmen - Erstellen Sie individuelle Firmenlogos f\u00fcr Gesch\u00e4ftstreffen, Mitarbeiteranreize und zur besonderen Anerkennung von Kunden.<\/p>","protected":false},"excerpt":{"rendered":"<ul>\n<li>Tragbarer Schatz<\/li>\n<li>Klassische Lippenstiftform<\/li>\n<li>Imitation von Kristallen mit hoher Dichte<\/li>\n<li>Legiertes Metallgeh\u00e4use<\/li>\n<li>MOQ:100St\u00fcck<\/li>\n<\/ul>","protected":false},"featured_media":23938,"comment_status":"open","ping_status":"closed","template":"","meta":{"_seopress_robots_primary_cat":"none","_seopress_titles_title":"","_seopress_titles_desc":"","_seopress_robots_index":""},"class_list":["post-23928","product","type-product","status-publish","has-post-thumbnail","hentry","product_cat-crystal-led-usb-flash-drive"],"_links":{"self":[{"href":"https:\/\/www.yousanusb.com\/de\/wp-json\/wp\/v2\/product\/23928"}],"collection":[{"href":"https:\/\/www.yousanusb.com\/de\/wp-json\/wp\/v2\/product"}],"about":[{"href":"https:\/\/www.yousanusb.com\/de\/wp-json\/wp\/v2\/types\/product"}],"replies":[{"embeddable":true,"href":"https:\/\/www.yousanusb.com\/de\/wp-json\/wp\/v2\/comments?post=23928"}],"wp:featuredmedia":[{"embeddable":true,"href":"https:\/\/www.yousanusb.com\/de\/wp-json\/wp\/v2\/media\/23938"}],"wp:attachment":[{"href":"https:\/\/www.yousanusb.com\/de\/wp-json\/wp\/v2\/media?parent=23928"}],"curies":[{"name":"wp","href":"https:\/\/api.w.org\/{rel}","templated":true}]}}