{"id":23939,"date":"2025-11-11T01:42:17","date_gmt":"2025-11-11T01:42:17","guid":{"rendered":"https:\/\/www.yousanusb.com\/?post_type=product&#038;p=23939"},"modified":"2025-12-27T03:07:55","modified_gmt":"2025-12-27T03:07:55","slug":"wooden-clip-crystal-usb-flash-drive","status":"publish","type":"product","link":"https:\/\/www.yousanusb.com\/de\/product\/wooden-clip-crystal-usb-flash-drive\/","title":{"rendered":"Holzklammer Kristall USB-Flash-Laufwerk"},"content":{"rendered":"<div class=\"wp-block-columns is-layout-flex wp-container-core-columns-is-layout-1 wp-block-columns-is-layout-flex\">\n<div class=\"wp-block-column is-vertically-aligned-center is-layout-flow wp-block-column-is-layout-flow\">\n<p>Das Wooden Crystal USB Drive kombiniert eine nat\u00fcrliche Massivholzkappe mit einem hochtransparenten Kristallk\u00f6rper und bietet ein warmes Erlebnis mit praktischer Funktionalit\u00e4t.<\/p>\n\n\n\n<p>Massivholzkappen Hergestellt aus f\u00fcnf erstklassigen Naturh\u00f6lzern, jedes mit unverwechselbaren Maserungen und Farbt\u00f6nen: Nussbaum (dunkelbraun), Kirsche (warmes Braun), Ahorn (hellbeige), Eiche (heller Holzton), Bambus (hellgelb).<\/p>\n\n\n\n<p> Jedes Holz wird einer dreifachen Behandlung unterzogen - Entw\u00e4sserung, Schleifen und Polieren -, um seine nat\u00fcrliche Maserung und glatte Struktur zu erhalten. Umweltfreundlich und geruchsneutral.<\/p>\n\n\n\n<p><\/p>\n<\/div>\n\n\n\n<div class=\"wp-block-column is-layout-flow wp-block-column-is-layout-flow\">\n<figure class=\"wp-block-image size-full\"><img fetchpriority=\"high\" decoding=\"async\" width=\"800\" height=\"800\" src=\"https:\/\/www.yousanusb.com\/wp-content\/uploads\/2025\/11\/wood-clip-crystal-usb-flash-drive.jpg\" alt=\"\" class=\"wp-image-23948\" srcset=\"https:\/\/www.yousanusb.com\/wp-content\/uploads\/2025\/11\/wood-clip-crystal-usb-flash-drive.jpg 800w, https:\/\/www.yousanusb.com\/wp-content\/uploads\/2025\/11\/wood-clip-crystal-usb-flash-drive-300x300.jpg 300w, https:\/\/www.yousanusb.com\/wp-content\/uploads\/2025\/11\/wood-clip-crystal-usb-flash-drive-150x150.jpg 150w, https:\/\/www.yousanusb.com\/wp-content\/uploads\/2025\/11\/wood-clip-crystal-usb-flash-drive-768x768.jpg 768w, https:\/\/www.yousanusb.com\/wp-content\/uploads\/2025\/11\/wood-clip-crystal-usb-flash-drive-12x12.jpg 12w, https:\/\/www.yousanusb.com\/wp-content\/uploads\/2025\/11\/wood-clip-crystal-usb-flash-drive-600x600.jpg 600w, https:\/\/www.yousanusb.com\/wp-content\/uploads\/2025\/11\/wood-clip-crystal-usb-flash-drive-100x100.jpg 100w\" sizes=\"(max-width: 800px) 100vw, 800px\" \/><\/figure>\n<\/div>\n<\/div>\n\n\n\n<div class=\"wp-block-columns is-layout-flex wp-container-core-columns-is-layout-2 wp-block-columns-is-layout-flex\">\n<div class=\"wp-block-column is-layout-flow wp-block-column-is-layout-flow\">\n<figure class=\"wp-block-image size-full\"><img decoding=\"async\" width=\"800\" height=\"800\" src=\"https:\/\/www.yousanusb.com\/wp-content\/uploads\/2025\/11\/wholesale-acrylic-usb-flash-drives.jpg\" alt=\"\" class=\"wp-image-23947\" srcset=\"https:\/\/www.yousanusb.com\/wp-content\/uploads\/2025\/11\/wholesale-acrylic-usb-flash-drives.jpg 800w, https:\/\/www.yousanusb.com\/wp-content\/uploads\/2025\/11\/wholesale-acrylic-usb-flash-drives-300x300.jpg 300w, https:\/\/www.yousanusb.com\/wp-content\/uploads\/2025\/11\/wholesale-acrylic-usb-flash-drives-150x150.jpg 150w, https:\/\/www.yousanusb.com\/wp-content\/uploads\/2025\/11\/wholesale-acrylic-usb-flash-drives-768x768.jpg 768w, https:\/\/www.yousanusb.com\/wp-content\/uploads\/2025\/11\/wholesale-acrylic-usb-flash-drives-12x12.jpg 12w, https:\/\/www.yousanusb.com\/wp-content\/uploads\/2025\/11\/wholesale-acrylic-usb-flash-drives-600x600.jpg 600w, https:\/\/www.yousanusb.com\/wp-content\/uploads\/2025\/11\/wholesale-acrylic-usb-flash-drives-100x100.jpg 100w\" sizes=\"(max-width: 800px) 100vw, 800px\" \/><\/figure>\n<\/div>\n\n\n\n<div class=\"wp-block-column is-vertically-aligned-center is-layout-flow wp-block-column-is-layout-flow\">\n<h2 class=\"wp-block-heading\">Benutzerdefiniertes Logo<\/h2>\n\n\n\n<p>Unterst\u00fctzt die Anpassung von Firmenlogos, pers\u00f6nlichen Unterschriften und exklusiven Designs f\u00fcr Gesch\u00e4ftsgeschenke, Markenwerbung, pers\u00f6nliche Sammlungen und vieles mehr.<\/p>\n\n\n\n<p>Anpassungsprozess:<\/p>\n\n\n\n<ul class=\"wp-block-list\">\n<li>Massivholz-Ende: Lasergravur mit einer Tiefe von 0,1-0,2 mm, wobei die Logos nahtlos mit der Holzmaserung verschmelzen (helle Logos werden f\u00fcr dunkles Holz empfohlen, dunkle Logos f\u00fcr helles Holz, um den Kontrast zu verst\u00e4rken).<\/li>\n\n\n\n<li>Kristall Ende: W\u00e4hlen Sie zwischen einer 3D-Lasergravur (Logo im Kristall f\u00fcr starke Dimensionalit\u00e4t und dauerhaften Halt) oder einem Oberfl\u00e4chensiebdruck (leuchtende Farben, ideal f\u00fcr minimalistische Designs).<\/li>\n<\/ul>\n\n\n\n<p>F\u00fcgeverfahren: Die umweltfreundliche Klebeverbindung wird einem Aush\u00e4rtungstest bei konstanter Temperatur unterzogen (Zugfestigkeit \u226550N), was eine lange Haltbarkeit im t\u00e4glichen Gebrauch gew\u00e4hrleistet.<\/p>\n<\/div>\n<\/div>\n\n\n\n<h2 class=\"wp-block-heading\">Welche Arten von Verpackungskartons gibt es?<\/h2>\n\n\n\n<p>Es gibt zwei Arten von Verpackungen f\u00fcr Ihre USB-Laufwerke. 1.) Eine elegante schwarze, matte Geschenkbox. 2.) Eine individuell gestaltete Geschenkbox aus Massivholz, die dem Holzton Ihres USB-Sticks entspricht.<\/p>\n\n\n\n<p>Die schwarze, matte Geschenkbox ist innen mit einem hochdichten Schaumstoffpolster ausgestattet, damit Sie sicher sein k\u00f6nnen, dass das Produkt bei Erhalt gut gepolstert ist. Die Au\u00dfenseite der Geschenkbox kann entweder mit Goldfolie oder mit Ihrem Markennamen gepr\u00e4gt werden, was ihr ein sehr edles Aussehen verleiht.<\/p>\n\n\n\n<p>Die Geschenkbox aus Massivholz (z. B. Walnuss-USB mit Walnuss-Box) ist geschliffen und ge\u00f6lt, um dem Maserungsmuster des USB-Laufwerks zu entsprechen und eine einheitliche Textur zu erzielen. Zus\u00e4tzlich wird das Innere der Box mit Samt ausgekleidet und das Logo wird im Siebdruckverfahren auf die Oberseite der Box gedruckt, um ein hochwertiges \"Vollholz\"-Erlebnis zu schaffen.<\/p>\n\n\n\n<div class=\"wp-block-columns is-layout-flex wp-container-core-columns-is-layout-3 wp-block-columns-is-layout-flex\">\n<div class=\"wp-block-column is-layout-flow wp-block-column-is-layout-flow\"><div class=\"wp-block-image\">\n<figure class=\"aligncenter size-full\"><img decoding=\"async\" width=\"800\" height=\"800\" src=\"https:\/\/www.yousanusb.com\/wp-content\/uploads\/2025\/11\/crystal-usb-flash-drive-1.jpg\" alt=\"\" class=\"wp-image-23951\" srcset=\"https:\/\/www.yousanusb.com\/wp-content\/uploads\/2025\/11\/crystal-usb-flash-drive-1.jpg 800w, https:\/\/www.yousanusb.com\/wp-content\/uploads\/2025\/11\/crystal-usb-flash-drive-1-300x300.jpg 300w, https:\/\/www.yousanusb.com\/wp-content\/uploads\/2025\/11\/crystal-usb-flash-drive-1-150x150.jpg 150w, https:\/\/www.yousanusb.com\/wp-content\/uploads\/2025\/11\/crystal-usb-flash-drive-1-768x768.jpg 768w, https:\/\/www.yousanusb.com\/wp-content\/uploads\/2025\/11\/crystal-usb-flash-drive-1-12x12.jpg 12w, https:\/\/www.yousanusb.com\/wp-content\/uploads\/2025\/11\/crystal-usb-flash-drive-1-600x600.jpg 600w, https:\/\/www.yousanusb.com\/wp-content\/uploads\/2025\/11\/crystal-usb-flash-drive-1-100x100.jpg 100w\" sizes=\"(max-width: 800px) 100vw, 800px\" \/><figcaption class=\"wp-element-caption\">schwarze matte Geschenkbox<\/figcaption><\/figure><\/div><\/div>\n\n\n\n<div class=\"wp-block-column is-layout-flow wp-block-column-is-layout-flow\"><div class=\"wp-block-image\">\n<figure class=\"aligncenter size-full\"><img loading=\"lazy\" decoding=\"async\" width=\"800\" height=\"800\" src=\"https:\/\/www.yousanusb.com\/wp-content\/uploads\/2025\/11\/wood-package-for-crystal-usb-drive.jpg\" alt=\"\" class=\"wp-image-23952\" srcset=\"https:\/\/www.yousanusb.com\/wp-content\/uploads\/2025\/11\/wood-package-for-crystal-usb-drive.jpg 800w, https:\/\/www.yousanusb.com\/wp-content\/uploads\/2025\/11\/wood-package-for-crystal-usb-drive-300x300.jpg 300w, https:\/\/www.yousanusb.com\/wp-content\/uploads\/2025\/11\/wood-package-for-crystal-usb-drive-150x150.jpg 150w, https:\/\/www.yousanusb.com\/wp-content\/uploads\/2025\/11\/wood-package-for-crystal-usb-drive-768x768.jpg 768w, https:\/\/www.yousanusb.com\/wp-content\/uploads\/2025\/11\/wood-package-for-crystal-usb-drive-12x12.jpg 12w, https:\/\/www.yousanusb.com\/wp-content\/uploads\/2025\/11\/wood-package-for-crystal-usb-drive-600x600.jpg 600w, https:\/\/www.yousanusb.com\/wp-content\/uploads\/2025\/11\/wood-package-for-crystal-usb-drive-100x100.jpg 100w\" sizes=\"(max-width: 800px) 100vw, 800px\" \/><figcaption class=\"wp-element-caption\">Holzpaket nach Ma\u00df<\/figcaption><\/figure><\/div><\/div>\n<\/div>\n\n\n\n<p><\/p>","protected":false},"excerpt":{"rendered":"<ul>\n<li>Klammer aus nat\u00fcrlichem Massivholz<\/li>\n<li>Kristalline Materialien<\/li>\n<li>Deckt 8GB-128GB Kapazit\u00e4t ab<\/li>\n<li>Logo &amp; Verpackungsanpassung<\/li>\n<li>MOQ\uff1a100St\u00fcck<\/li>\n<\/ul>","protected":false},"featured_media":23945,"comment_status":"open","ping_status":"closed","template":"","meta":{"_seopress_robots_primary_cat":"none","_seopress_titles_title":"","_seopress_titles_desc":"","_seopress_robots_index":""},"class_list":["post-23939","product","type-product","status-publish","has-post-thumbnail","hentry","product_cat-crystal-led-usb-flash-drive"],"_links":{"self":[{"href":"https:\/\/www.yousanusb.com\/de\/wp-json\/wp\/v2\/product\/23939"}],"collection":[{"href":"https:\/\/www.yousanusb.com\/de\/wp-json\/wp\/v2\/product"}],"about":[{"href":"https:\/\/www.yousanusb.com\/de\/wp-json\/wp\/v2\/types\/product"}],"replies":[{"embeddable":true,"href":"https:\/\/www.yousanusb.com\/de\/wp-json\/wp\/v2\/comments?post=23939"}],"wp:featuredmedia":[{"embeddable":true,"href":"https:\/\/www.yousanusb.com\/de\/wp-json\/wp\/v2\/media\/23945"}],"wp:attachment":[{"href":"https:\/\/www.yousanusb.com\/de\/wp-json\/wp\/v2\/media?parent=23939"}],"curies":[{"name":"wp","href":"https:\/\/api.w.org\/{rel}","templated":true}]}}