{"id":23961,"date":"2025-11-11T06:22:42","date_gmt":"2025-11-11T06:22:42","guid":{"rendered":"https:\/\/www.yousanusb.com\/?post_type=product&#038;p=23961"},"modified":"2025-12-27T03:03:39","modified_gmt":"2025-12-27T03:03:39","slug":"custom-diamond-crystal-usb-drive","status":"publish","type":"product","link":"https:\/\/www.yousanusb.com\/de\/product\/custom-diamond-crystal-usb-drive\/","title":{"rendered":"Individuelles Diamant-Kristall-USB-Laufwerk"},"content":{"rendered":"<div class=\"wp-block-columns is-layout-flex wp-container-core-columns-is-layout-1 wp-block-columns-is-layout-flex\">\n<div class=\"wp-block-column is-layout-flow wp-block-column-is-layout-flow\">\n<figure class=\"wp-block-image size-full\"><img fetchpriority=\"high\" decoding=\"async\" width=\"800\" height=\"800\" src=\"https:\/\/www.yousanusb.com\/wp-content\/uploads\/2025\/11\/custom-diamond-shaped-USB-flash-Drive-in-Crystal-Acrylic.jpg\" alt=\"\" class=\"wp-image-23965\" srcset=\"https:\/\/www.yousanusb.com\/wp-content\/uploads\/2025\/11\/custom-diamond-shaped-USB-flash-Drive-in-Crystal-Acrylic.jpg 800w, https:\/\/www.yousanusb.com\/wp-content\/uploads\/2025\/11\/custom-diamond-shaped-USB-flash-Drive-in-Crystal-Acrylic-300x300.jpg 300w, https:\/\/www.yousanusb.com\/wp-content\/uploads\/2025\/11\/custom-diamond-shaped-USB-flash-Drive-in-Crystal-Acrylic-150x150.jpg 150w, https:\/\/www.yousanusb.com\/wp-content\/uploads\/2025\/11\/custom-diamond-shaped-USB-flash-Drive-in-Crystal-Acrylic-768x768.jpg 768w, https:\/\/www.yousanusb.com\/wp-content\/uploads\/2025\/11\/custom-diamond-shaped-USB-flash-Drive-in-Crystal-Acrylic-12x12.jpg 12w, https:\/\/www.yousanusb.com\/wp-content\/uploads\/2025\/11\/custom-diamond-shaped-USB-flash-Drive-in-Crystal-Acrylic-600x600.jpg 600w, https:\/\/www.yousanusb.com\/wp-content\/uploads\/2025\/11\/custom-diamond-shaped-USB-flash-Drive-in-Crystal-Acrylic-100x100.jpg 100w\" sizes=\"(max-width: 800px) 100vw, 800px\" \/><\/figure>\n<\/div>\n\n\n\n<div class=\"wp-block-column is-vertically-aligned-center is-layout-flow wp-block-column-is-layout-flow\">\n<p>Dieses atemberaubende USB-Laufwerk ist ein Diamantkristall mit sch\u00f6nen Facetten, die in transparent, blau und anderen Farben gefunden werden k\u00f6nnen. Der Diamant-Kristall USB-Laufwerk ist eine perfekte Wahl f\u00fcr Business-Geschenke oder den t\u00e4glichen Gebrauch. <\/p>\n\n\n\n<p>Das geteilte Geh\u00e4use enth\u00e4lt eine Metallkappe, die den Stecker vor Abnutzung sch\u00fctzt, sowie eine integrierte Beleuchtung, die die Markenpr\u00e4senz erh\u00f6ht.<\/p>\n<\/div>\n<\/div>\n\n\n\n<div class=\"wp-block-columns is-layout-flex wp-container-core-columns-is-layout-2 wp-block-columns-is-layout-flex\">\n<div class=\"wp-block-column is-vertically-aligned-center is-layout-flow wp-block-column-is-layout-flow\">\n<p>Dieses USB-Flash-Laufwerk verf\u00fcgt \u00fcber individuell gestaltbare, lasergravierte Logos sowohl auf dem Kristall- als auch auf dem Metallgeh\u00e4use. Die Lasergravur sorgt f\u00fcr \u00fcberragende Haltbarkeit und Verschlei\u00dffestigkeit, w\u00e4hrend die zus\u00e4tzliche Leuchttechnologie des Logos f\u00fcr eine extrem helle Sichtbarkeit sorgt.<\/p>\n\n\n\n<p>Dies schafft zwei M\u00f6glichkeiten: Eine f\u00fcr die Darstellung von Firmenlogos f\u00fcr Corporate Branding-Zwecke und eine weitere f\u00fcr die individuelle Nutzung durch Hinzuf\u00fcgen verschiedener Symbole zur Darstellung des Eigentums.<\/p>\n<\/div>\n\n\n\n<div class=\"wp-block-column is-layout-flow wp-block-column-is-layout-flow\">\n<figure class=\"wp-block-image size-full\"><img decoding=\"async\" width=\"800\" height=\"800\" src=\"https:\/\/www.yousanusb.com\/wp-content\/uploads\/2025\/11\/custom-diamond-Shaped-Crystal-USB-Flash-Drive-logo.jpg\" alt=\"\" class=\"wp-image-23964\" srcset=\"https:\/\/www.yousanusb.com\/wp-content\/uploads\/2025\/11\/custom-diamond-Shaped-Crystal-USB-Flash-Drive-logo.jpg 800w, https:\/\/www.yousanusb.com\/wp-content\/uploads\/2025\/11\/custom-diamond-Shaped-Crystal-USB-Flash-Drive-logo-300x300.jpg 300w, https:\/\/www.yousanusb.com\/wp-content\/uploads\/2025\/11\/custom-diamond-Shaped-Crystal-USB-Flash-Drive-logo-150x150.jpg 150w, https:\/\/www.yousanusb.com\/wp-content\/uploads\/2025\/11\/custom-diamond-Shaped-Crystal-USB-Flash-Drive-logo-768x768.jpg 768w, https:\/\/www.yousanusb.com\/wp-content\/uploads\/2025\/11\/custom-diamond-Shaped-Crystal-USB-Flash-Drive-logo-12x12.jpg 12w, https:\/\/www.yousanusb.com\/wp-content\/uploads\/2025\/11\/custom-diamond-Shaped-Crystal-USB-Flash-Drive-logo-600x600.jpg 600w, https:\/\/www.yousanusb.com\/wp-content\/uploads\/2025\/11\/custom-diamond-Shaped-Crystal-USB-Flash-Drive-logo-100x100.jpg 100w\" sizes=\"(max-width: 800px) 100vw, 800px\" \/><\/figure>\n<\/div>\n<\/div>\n\n\n\n<p>Das USB-Flash-Laufwerk verf\u00fcgt au\u00dferdem \u00fcber einen Standard-USB-Anschluss, was bedeutet, dass Sie schnelle Lese-\/Schreibfunktionen (hohe Geschwindigkeit) haben und nativ mit Windows, Mac und anderen Betriebssystemen kompatibel sind, sobald diese verf\u00fcgbar sind.<\/p>\n\n\n\n<p>Plug and Play bedeutet, dass keine Treiber installiert werden m\u00fcssen. Schlie\u00dfen Sie das Flash-Laufwerk einfach an und genie\u00dfen Sie alle schnellen Datei\u00fcbertragungen und Backups, die Sie in Arbeits- und Lernumgebungen ben\u00f6tigen!<\/p>","protected":false},"excerpt":{"rendered":"<ul>\n<li>Rautenf\u00f6rmig<\/li>\n<li>Aluminiumlegierung<\/li>\n<li>Werkstoff Metall<\/li>\n<li>LOGO mit LED-Licht<\/li>\n<li>MOQ:100St\u00fcck<\/li>\n<\/ul>","protected":false},"featured_media":23968,"comment_status":"open","ping_status":"closed","template":"","meta":{"_seopress_robots_primary_cat":"none","_seopress_titles_title":"","_seopress_titles_desc":"","_seopress_robots_index":""},"class_list":["post-23961","product","type-product","status-publish","has-post-thumbnail","hentry","product_cat-crystal-led-usb-flash-drive"],"_links":{"self":[{"href":"https:\/\/www.yousanusb.com\/de\/wp-json\/wp\/v2\/product\/23961"}],"collection":[{"href":"https:\/\/www.yousanusb.com\/de\/wp-json\/wp\/v2\/product"}],"about":[{"href":"https:\/\/www.yousanusb.com\/de\/wp-json\/wp\/v2\/types\/product"}],"replies":[{"embeddable":true,"href":"https:\/\/www.yousanusb.com\/de\/wp-json\/wp\/v2\/comments?post=23961"}],"wp:featuredmedia":[{"embeddable":true,"href":"https:\/\/www.yousanusb.com\/de\/wp-json\/wp\/v2\/media\/23968"}],"wp:attachment":[{"href":"https:\/\/www.yousanusb.com\/de\/wp-json\/wp\/v2\/media?parent=23961"}],"curies":[{"name":"wp","href":"https:\/\/api.w.org\/{rel}","templated":true}]}}