{"id":23994,"date":"2025-11-12T06:53:04","date_gmt":"2025-11-12T06:53:04","guid":{"rendered":"https:\/\/www.yousanusb.com\/?post_type=product&#038;p=23994"},"modified":"2025-12-27T02:56:24","modified_gmt":"2025-12-27T02:56:24","slug":"block-assembled-usb-flash-drive","status":"publish","type":"product","link":"https:\/\/www.yousanusb.com\/de\/product\/block-assembled-usb-flash-drive\/","title":{"rendered":"Blockmontiertes USB-Flash-Laufwerk"},"content":{"rendered":"<div class=\"wp-block-columns is-layout-flex wp-container-core-columns-is-layout-1 wp-block-columns-is-layout-flex\">\n<div class=\"wp-block-column is-layout-flow wp-block-column-is-layout-flow\">\n<figure class=\"wp-block-image size-full\"><img fetchpriority=\"high\" decoding=\"async\" width=\"800\" height=\"800\" src=\"https:\/\/www.yousanusb.com\/wp-content\/uploads\/2025\/11\/Block-assembled-USB-flash-drive-manufacture.png\" alt=\"\" class=\"wp-image-23997\" srcset=\"https:\/\/www.yousanusb.com\/wp-content\/uploads\/2025\/11\/Block-assembled-USB-flash-drive-manufacture.png 800w, https:\/\/www.yousanusb.com\/wp-content\/uploads\/2025\/11\/Block-assembled-USB-flash-drive-manufacture-300x300.png 300w, https:\/\/www.yousanusb.com\/wp-content\/uploads\/2025\/11\/Block-assembled-USB-flash-drive-manufacture-150x150.png 150w, https:\/\/www.yousanusb.com\/wp-content\/uploads\/2025\/11\/Block-assembled-USB-flash-drive-manufacture-768x768.png 768w, https:\/\/www.yousanusb.com\/wp-content\/uploads\/2025\/11\/Block-assembled-USB-flash-drive-manufacture-12x12.png 12w, https:\/\/www.yousanusb.com\/wp-content\/uploads\/2025\/11\/Block-assembled-USB-flash-drive-manufacture-600x600.png 600w, https:\/\/www.yousanusb.com\/wp-content\/uploads\/2025\/11\/Block-assembled-USB-flash-drive-manufacture-100x100.png 100w\" sizes=\"(max-width: 800px) 100vw, 800px\" \/><\/figure>\n<\/div>\n\n\n\n<div class=\"wp-block-column is-vertically-aligned-center is-layout-flow wp-block-column-is-layout-flow\">\n<p>Dieses USB-Laufwerk verf\u00fcgt \u00fcber ein einzigartiges modulares, drehbares Design, das sich von einem kompakten W\u00fcrfel in einen schlanken, rechteckigen Streifen f\u00fcr den USB-Anschluss verwandelt und sich bei Nichtgebrauch zur einfachen Aufbewahrung wieder in einen W\u00fcrfel zusammenfaltet.<\/p>\n\n\n\n<p>Jede W\u00fcrfeloberfl\u00e4che kann mit gedruckten Mustern oder Texten individuell gestaltet werden und ist somit ideal f\u00fcr Marketing, Geschenke und verschiedene Anwendungen. Das innovative Design bietet ein perfektes Gleichgewicht zwischen Funktionalit\u00e4t und Tragbarkeit.<\/p>\n\n\n\n<p>Sie ist aus leichtem und dennoch haltbarem ABS-Kunststoff gefertigt und widersteht der t\u00e4glichen Abnutzung. Die glatte Oberfl\u00e4che sorgt f\u00fcr einen einfachen Druck zur individuellen Gestaltung, w\u00e4hrend das Pr\u00e4zisionsgussverfahren die Details der blockgestapelten Struktur pr\u00e4zise wiedergibt. Au\u00dferdem liegt er gut in der Hand und l\u00e4sst sich bequem transportieren.<\/p>\n<\/div>\n<\/div>\n\n\n\n<div class=\"wp-block-columns is-layout-flex wp-container-core-columns-is-layout-2 wp-block-columns-is-layout-flex\">\n<div class=\"wp-block-column is-vertically-aligned-center is-layout-flow wp-block-column-is-layout-flow\">\n<p>Dieses Ger\u00e4t ist USB 2.0-kompatibel mit Windows- und Mac-Systemen und erm\u00f6glicht Plug-and-Play-Funktionalit\u00e4t mit Computern, Tablets und anderen elektronischen Ger\u00e4ten - zus\u00e4tzliche Treiber sind nicht erforderlich.<\/p>\n\n\n\n<p>Sie liefert durchschnittliche Lesegeschwindigkeiten von 10-15 MB\/s und Schreibgeschwindigkeiten von 3-5 MB\/s, wobei die Standardkapazit\u00e4ten (8 GB, 16 GB, 32 GB) f\u00fcr die t\u00e4gliche Speicherung und \u00dcbertragung von Dokumenten, Bildern und kleinen Videodateien ausreichen.<\/p>\n\n\n\n<p>Jeder modulare W\u00fcrfel kann auf allen vier Seiten mit Ihrem Logo\/Design graviert oder bedruckt werden und eignet sich somit ideal f\u00fcr Werbeaktionen, Firmengeschenke, Werbegeschenke und Veranstaltungs-Souvenirs.<\/p>\n\n\n\n<p>Das rotierende W\u00fcrfeldesign sorgt f\u00fcr ein spielerisches Element und ist gleichzeitig ein Stressabbau-Spielzeug f\u00fcr die Auszeit.<\/p>\n<\/div>\n\n\n\n<div class=\"wp-block-column is-layout-flow wp-block-column-is-layout-flow\">\n<figure class=\"wp-block-image size-full\"><img decoding=\"async\" width=\"800\" height=\"800\" src=\"https:\/\/www.yousanusb.com\/wp-content\/uploads\/2025\/11\/Block-assembled-USB-flash-drive.png\" alt=\"\" class=\"wp-image-23998\" srcset=\"https:\/\/www.yousanusb.com\/wp-content\/uploads\/2025\/11\/Block-assembled-USB-flash-drive.png 800w, https:\/\/www.yousanusb.com\/wp-content\/uploads\/2025\/11\/Block-assembled-USB-flash-drive-300x300.png 300w, https:\/\/www.yousanusb.com\/wp-content\/uploads\/2025\/11\/Block-assembled-USB-flash-drive-150x150.png 150w, https:\/\/www.yousanusb.com\/wp-content\/uploads\/2025\/11\/Block-assembled-USB-flash-drive-768x768.png 768w, https:\/\/www.yousanusb.com\/wp-content\/uploads\/2025\/11\/Block-assembled-USB-flash-drive-12x12.png 12w, https:\/\/www.yousanusb.com\/wp-content\/uploads\/2025\/11\/Block-assembled-USB-flash-drive-600x600.png 600w, https:\/\/www.yousanusb.com\/wp-content\/uploads\/2025\/11\/Block-assembled-USB-flash-drive-100x100.png 100w\" sizes=\"(max-width: 800px) 100vw, 800px\" \/><\/figure>\n<\/div>\n<\/div>\n\n\n\n<p><\/p>","protected":false},"excerpt":{"rendered":"<ul>\n<li>Drehbare modulare Blockanordnung<\/li>\n<li>Anpassbares Branding auf allen vier Seiten<\/li>\n<li>ABS-Kunststoff<\/li>\n<li>Schutz der rotierenden Schnittstelle<\/li>\n<li>Ger\u00e4te\u00fcbergreifende Speicherung<\/li>\n<li>MOQ:100pvs<\/li>\n<\/ul>","protected":false},"featured_media":23997,"comment_status":"open","ping_status":"closed","template":"","meta":{"_seopress_robots_primary_cat":"none","_seopress_titles_title":"","_seopress_titles_desc":"","_seopress_robots_index":""},"class_list":["post-23994","product","type-product","status-publish","has-post-thumbnail","hentry","product_cat-usb-flash-drive"],"_links":{"self":[{"href":"https:\/\/www.yousanusb.com\/de\/wp-json\/wp\/v2\/product\/23994"}],"collection":[{"href":"https:\/\/www.yousanusb.com\/de\/wp-json\/wp\/v2\/product"}],"about":[{"href":"https:\/\/www.yousanusb.com\/de\/wp-json\/wp\/v2\/types\/product"}],"replies":[{"embeddable":true,"href":"https:\/\/www.yousanusb.com\/de\/wp-json\/wp\/v2\/comments?post=23994"}],"wp:featuredmedia":[{"embeddable":true,"href":"https:\/\/www.yousanusb.com\/de\/wp-json\/wp\/v2\/media\/23997"}],"wp:attachment":[{"href":"https:\/\/www.yousanusb.com\/de\/wp-json\/wp\/v2\/media?parent=23994"}],"curies":[{"name":"wp","href":"https:\/\/api.w.org\/{rel}","templated":true}]}}