{"id":24059,"date":"2025-11-13T08:11:02","date_gmt":"2025-11-13T08:11:02","guid":{"rendered":"https:\/\/www.yousanusb.com\/?post_type=product&#038;p=24059"},"modified":"2025-11-14T05:56:00","modified_gmt":"2025-11-14T05:56:00","slug":"cool-rgb-light-m-2-portable-ssd","status":"publish","type":"product","link":"https:\/\/www.yousanusb.com\/de\/product\/cool-rgb-light-m-2-portable-ssd\/","title":{"rendered":"Cooles RGB-Licht M.2 Portable SSD"},"content":{"rendered":"<div class=\"wp-block-columns is-layout-flex wp-container-core-columns-is-layout-1 wp-block-columns-is-layout-flex\">\n<div class=\"wp-block-column is-layout-flow wp-block-column-is-layout-flow\">\n<figure class=\"wp-block-image size-full\"><img fetchpriority=\"high\" decoding=\"async\" width=\"800\" height=\"800\" src=\"https:\/\/www.yousanusb.com\/wp-content\/uploads\/2025\/11\/M.2-Portable-SSD-factory.jpg\" alt=\"\" class=\"wp-image-24068\" srcset=\"https:\/\/www.yousanusb.com\/wp-content\/uploads\/2025\/11\/M.2-Portable-SSD-factory.jpg 800w, https:\/\/www.yousanusb.com\/wp-content\/uploads\/2025\/11\/M.2-Portable-SSD-factory-300x300.jpg 300w, https:\/\/www.yousanusb.com\/wp-content\/uploads\/2025\/11\/M.2-Portable-SSD-factory-150x150.jpg 150w, https:\/\/www.yousanusb.com\/wp-content\/uploads\/2025\/11\/M.2-Portable-SSD-factory-768x768.jpg 768w, https:\/\/www.yousanusb.com\/wp-content\/uploads\/2025\/11\/M.2-Portable-SSD-factory-12x12.jpg 12w, https:\/\/www.yousanusb.com\/wp-content\/uploads\/2025\/11\/M.2-Portable-SSD-factory-600x600.jpg 600w, https:\/\/www.yousanusb.com\/wp-content\/uploads\/2025\/11\/M.2-Portable-SSD-factory-100x100.jpg 100w\" sizes=\"(max-width: 800px) 100vw, 800px\" \/><\/figure>\n<\/div>\n\n\n\n<div class=\"wp-block-column is-vertically-aligned-center is-layout-flow wp-block-column-is-layout-flow\">\n<h2 class=\"wp-block-heading\">Design und Materialien<\/h2>\n\n\n\n<p>Dieses Produkt ist die Cool RGB Light M.2 Portable SSD mit den Ma\u00dfen 98*49*18 mm. Es verf\u00fcgt \u00fcber eine Konstruktion aus Aluminiumlegierung und ABS-Verbundmaterial mit einer silbernen Oberfl\u00e4che. <\/p>\n\n\n\n<p>In das Geh\u00e4use aus einer Aluminiumlegierung sind W\u00e4rmeableitungsrippen integriert, die in Verbindung mit einer bel\u00fcfteten Geh\u00e4usestruktur die bei der Daten\u00fcbertragung entstehende W\u00e4rme schnell ableiten und so \u00dcberhitzung und Leistungseinbu\u00dfen verhindern. <\/p>\n\n\n\n<p>Ausgestattet mit RGB-Beleuchtungseffekten f\u00fcr eine verbesserte visuelle Attraktivit\u00e4t, verf\u00fcgt es \u00fcber eine integrierte physische Kartensperre, um das M.2-Laufwerk sicher zu befestigen und die Betriebsstabilit\u00e4t zu verbessern.<\/p>\n<\/div>\n<\/div>\n\n\n\n<div class=\"wp-block-columns is-layout-flex wp-container-core-columns-is-layout-2 wp-block-columns-is-layout-flex\">\n<div class=\"wp-block-column is-vertically-aligned-center is-layout-flow wp-block-column-is-layout-flow\">\n<h2 class=\"wp-block-heading\">Protokoll- und Schnittstellenkompatibilit\u00e4t<\/h2>\n\n\n\n<p>Auf professioneller Ebene unterst\u00fctzt sie zwei Protokolle: M.2 NVMe und M.2 NGFF SATA, kompatibel mit den g\u00e4ngigsten M.2 SSD-Modellen auf dem Markt. <\/p>\n\n\n\n<p>Die Schnittstelle entspricht den Standards USB 3.1 + SATA 3.0 Gen 2 und erm\u00f6glicht den Anschluss an Computer, Tablets und andere Ger\u00e4te mit Windows- oder Mac-Systemen.<\/p>\n\n\n\n<p> Es unterst\u00fctzt Plug-and-Play-Funktionen, ohne dass zus\u00e4tzliche Treiber erforderlich sind.<\/p>\n<\/div>\n\n\n\n<div class=\"wp-block-column is-layout-flow wp-block-column-is-layout-flow\">\n<figure class=\"wp-block-image size-full\"><img decoding=\"async\" width=\"800\" height=\"800\" src=\"https:\/\/www.yousanusb.com\/wp-content\/uploads\/2025\/11\/Cool-Golden-Brilliant-RGB-Light-M.2-Portable-SSD.png\" alt=\"\" class=\"wp-image-24064\" srcset=\"https:\/\/www.yousanusb.com\/wp-content\/uploads\/2025\/11\/Cool-Golden-Brilliant-RGB-Light-M.2-Portable-SSD.png 800w, https:\/\/www.yousanusb.com\/wp-content\/uploads\/2025\/11\/Cool-Golden-Brilliant-RGB-Light-M.2-Portable-SSD-300x300.png 300w, https:\/\/www.yousanusb.com\/wp-content\/uploads\/2025\/11\/Cool-Golden-Brilliant-RGB-Light-M.2-Portable-SSD-150x150.png 150w, https:\/\/www.yousanusb.com\/wp-content\/uploads\/2025\/11\/Cool-Golden-Brilliant-RGB-Light-M.2-Portable-SSD-768x768.png 768w, https:\/\/www.yousanusb.com\/wp-content\/uploads\/2025\/11\/Cool-Golden-Brilliant-RGB-Light-M.2-Portable-SSD-12x12.png 12w, https:\/\/www.yousanusb.com\/wp-content\/uploads\/2025\/11\/Cool-Golden-Brilliant-RGB-Light-M.2-Portable-SSD-600x600.png 600w, https:\/\/www.yousanusb.com\/wp-content\/uploads\/2025\/11\/Cool-Golden-Brilliant-RGB-Light-M.2-Portable-SSD-100x100.png 100w\" sizes=\"(max-width: 800px) 100vw, 800px\" \/><\/figure>\n<\/div>\n<\/div>\n\n\n\n<p>Theoretische \u00dcbertragungsgeschwindigkeiten erreichen 10 Gbps, wodurch eine 1 GB gro\u00dfe Datei in etwa einer Sekunde \u00fcbertragen werden kann. Sie bew\u00e4ltigt effizient gro\u00dfe Dokumente, 4K-Videos, technische Dateien und andere Lese-\/Schreibvorg\u00e4nge und ist damit ideal f\u00fcr Hochgeschwindigkeitsspeicherszenarien wie professionelle B\u00fcroarbeit, Multimedia-Erstellung und Datensicherung.<br><\/p>\n\n\n\n<div class=\"wp-block-columns is-layout-flex wp-container-core-columns-is-layout-3 wp-block-columns-is-layout-flex\">\n<div class=\"wp-block-column is-layout-flow wp-block-column-is-layout-flow\">\n<figure class=\"wp-block-image size-full\"><img decoding=\"async\" width=\"800\" height=\"800\" src=\"https:\/\/www.yousanusb.com\/wp-content\/uploads\/2025\/11\/Cool-RGB-light-M.2-Portable-SSD.jpg\" alt=\"\" class=\"wp-image-24065\" srcset=\"https:\/\/www.yousanusb.com\/wp-content\/uploads\/2025\/11\/Cool-RGB-light-M.2-Portable-SSD.jpg 800w, https:\/\/www.yousanusb.com\/wp-content\/uploads\/2025\/11\/Cool-RGB-light-M.2-Portable-SSD-300x300.jpg 300w, https:\/\/www.yousanusb.com\/wp-content\/uploads\/2025\/11\/Cool-RGB-light-M.2-Portable-SSD-150x150.jpg 150w, https:\/\/www.yousanusb.com\/wp-content\/uploads\/2025\/11\/Cool-RGB-light-M.2-Portable-SSD-768x768.jpg 768w, https:\/\/www.yousanusb.com\/wp-content\/uploads\/2025\/11\/Cool-RGB-light-M.2-Portable-SSD-12x12.jpg 12w, https:\/\/www.yousanusb.com\/wp-content\/uploads\/2025\/11\/Cool-RGB-light-M.2-Portable-SSD-600x600.jpg 600w, https:\/\/www.yousanusb.com\/wp-content\/uploads\/2025\/11\/Cool-RGB-light-M.2-Portable-SSD-100x100.jpg 100w\" sizes=\"(max-width: 800px) 100vw, 800px\" \/><\/figure>\n<\/div>\n\n\n\n<div class=\"wp-block-column is-layout-flow wp-block-column-is-layout-flow\">\n<figure class=\"wp-block-image size-full\"><img loading=\"lazy\" decoding=\"async\" width=\"800\" height=\"800\" src=\"https:\/\/www.yousanusb.com\/wp-content\/uploads\/2025\/11\/China-M.2-Portable-SSD.jpg\" alt=\"\" class=\"wp-image-24062\" srcset=\"https:\/\/www.yousanusb.com\/wp-content\/uploads\/2025\/11\/China-M.2-Portable-SSD.jpg 800w, https:\/\/www.yousanusb.com\/wp-content\/uploads\/2025\/11\/China-M.2-Portable-SSD-300x300.jpg 300w, https:\/\/www.yousanusb.com\/wp-content\/uploads\/2025\/11\/China-M.2-Portable-SSD-150x150.jpg 150w, https:\/\/www.yousanusb.com\/wp-content\/uploads\/2025\/11\/China-M.2-Portable-SSD-768x768.jpg 768w, https:\/\/www.yousanusb.com\/wp-content\/uploads\/2025\/11\/China-M.2-Portable-SSD-12x12.jpg 12w, https:\/\/www.yousanusb.com\/wp-content\/uploads\/2025\/11\/China-M.2-Portable-SSD-600x600.jpg 600w, https:\/\/www.yousanusb.com\/wp-content\/uploads\/2025\/11\/China-M.2-Portable-SSD-100x100.jpg 100w\" sizes=\"(max-width: 800px) 100vw, 800px\" \/><\/figure>\n<\/div>\n<\/div>","protected":false},"excerpt":{"rendered":"<ul>\n<li>Aluminiumlegierung + ABS<\/li>\n<li>Silber<\/li>\n<li>Kompatibel mit M.2 NVMe- und M.2 NGFF SATA-Protokollen<\/li>\n<li>Die Schnittstelle entspricht den Standards USB 3.1 + SATA 3.0 Gen 2<\/li>\n<li>Theoretische \u00dcbertragungsgeschwindigkeit: 10Gbps<\/li>\n<li>MOQ:10St\u00fcck<\/li>\n<\/ul>","protected":false},"featured_media":24069,"comment_status":"open","ping_status":"closed","template":"","meta":{"_seopress_robots_primary_cat":"","_seopress_titles_title":"","_seopress_titles_desc":"","_seopress_robots_index":""},"class_list":["post-24059","product","type-product","status-publish","has-post-thumbnail","hentry","product_cat-portable-hard-drive","product_cat-ssd-fllash-drive"],"_links":{"self":[{"href":"https:\/\/www.yousanusb.com\/de\/wp-json\/wp\/v2\/product\/24059"}],"collection":[{"href":"https:\/\/www.yousanusb.com\/de\/wp-json\/wp\/v2\/product"}],"about":[{"href":"https:\/\/www.yousanusb.com\/de\/wp-json\/wp\/v2\/types\/product"}],"replies":[{"embeddable":true,"href":"https:\/\/www.yousanusb.com\/de\/wp-json\/wp\/v2\/comments?post=24059"}],"wp:featuredmedia":[{"embeddable":true,"href":"https:\/\/www.yousanusb.com\/de\/wp-json\/wp\/v2\/media\/24069"}],"wp:attachment":[{"href":"https:\/\/www.yousanusb.com\/de\/wp-json\/wp\/v2\/media?parent=24059"}],"curies":[{"name":"wp","href":"https:\/\/api.w.org\/{rel}","templated":true}]}}