{"id":24116,"date":"2025-11-13T13:58:29","date_gmt":"2025-11-13T13:58:29","guid":{"rendered":"https:\/\/www.yousanusb.com\/?post_type=product&#038;p=24116"},"modified":"2025-12-27T02:50:39","modified_gmt":"2025-12-27T02:50:39","slug":"golf-ball-usb-flash-drive","status":"publish","type":"product","link":"https:\/\/www.yousanusb.com\/de\/product\/golf-ball-usb-flash-drive\/","title":{"rendered":"Golfball USB-Flash-Laufwerk"},"content":{"rendered":"<p>Dieses Golfball-USB-Laufwerk verbindet nahtlos Kreativit\u00e4t mit Zweckm\u00e4\u00dfigkeit, indem es Technologie und Sport miteinander verbindet. Sein naturgetreues Golfball-Design in leuchtenden Farben spricht Sportbegeisterte an, w\u00e4hrend seine unverwechselbare Kugelform f\u00fcr sofortige Wiedererkennung sorgt.<\/p>\n\n\n\n<p>Ausgestattet mit einer kleinen Metallperlenkette kann er an Schl\u00fcsseln oder Rucks\u00e4cken befestigt werden und ist damit ein stilvolles, auff\u00e4lliges Accessoire, das sich nahtlos in den Alltag einf\u00fcgt.<\/p>\n\n\n\n<div class=\"wp-block-columns is-layout-flex wp-container-core-columns-is-layout-1 wp-block-columns-is-layout-flex\">\n<div class=\"wp-block-column is-layout-flow wp-block-column-is-layout-flow\">\n<figure class=\"wp-block-image size-full\"><img fetchpriority=\"high\" decoding=\"async\" width=\"800\" height=\"800\" src=\"https:\/\/www.yousanusb.com\/wp-content\/uploads\/2025\/11\/Golf-Ball-USB-Flash-Drive.jpg\" alt=\"Golfball USB-Flash-Laufwerk\" class=\"wp-image-24125\" srcset=\"https:\/\/www.yousanusb.com\/wp-content\/uploads\/2025\/11\/Golf-Ball-USB-Flash-Drive.jpg 800w, https:\/\/www.yousanusb.com\/wp-content\/uploads\/2025\/11\/Golf-Ball-USB-Flash-Drive-300x300.jpg 300w, https:\/\/www.yousanusb.com\/wp-content\/uploads\/2025\/11\/Golf-Ball-USB-Flash-Drive-150x150.jpg 150w, https:\/\/www.yousanusb.com\/wp-content\/uploads\/2025\/11\/Golf-Ball-USB-Flash-Drive-768x768.jpg 768w, https:\/\/www.yousanusb.com\/wp-content\/uploads\/2025\/11\/Golf-Ball-USB-Flash-Drive-12x12.jpg 12w, https:\/\/www.yousanusb.com\/wp-content\/uploads\/2025\/11\/Golf-Ball-USB-Flash-Drive-600x600.jpg 600w, https:\/\/www.yousanusb.com\/wp-content\/uploads\/2025\/11\/Golf-Ball-USB-Flash-Drive-100x100.jpg 100w\" sizes=\"(max-width: 800px) 100vw, 800px\" \/><\/figure>\n<\/div>\n\n\n\n<div class=\"wp-block-column is-layout-flow wp-block-column-is-layout-flow\">\n<figure class=\"wp-block-image size-full\"><img decoding=\"async\" width=\"800\" height=\"800\" src=\"https:\/\/www.yousanusb.com\/wp-content\/uploads\/2025\/11\/cartoon-Golf-Ball-USB-Flash-Drive-1.jpg\" alt=\"Cartoon Golfball USB-Flash-Laufwerk (1)\" class=\"wp-image-24124\" srcset=\"https:\/\/www.yousanusb.com\/wp-content\/uploads\/2025\/11\/cartoon-Golf-Ball-USB-Flash-Drive-1.jpg 800w, https:\/\/www.yousanusb.com\/wp-content\/uploads\/2025\/11\/cartoon-Golf-Ball-USB-Flash-Drive-1-300x300.jpg 300w, https:\/\/www.yousanusb.com\/wp-content\/uploads\/2025\/11\/cartoon-Golf-Ball-USB-Flash-Drive-1-150x150.jpg 150w, https:\/\/www.yousanusb.com\/wp-content\/uploads\/2025\/11\/cartoon-Golf-Ball-USB-Flash-Drive-1-768x768.jpg 768w, https:\/\/www.yousanusb.com\/wp-content\/uploads\/2025\/11\/cartoon-Golf-Ball-USB-Flash-Drive-1-12x12.jpg 12w, https:\/\/www.yousanusb.com\/wp-content\/uploads\/2025\/11\/cartoon-Golf-Ball-USB-Flash-Drive-1-600x600.jpg 600w, https:\/\/www.yousanusb.com\/wp-content\/uploads\/2025\/11\/cartoon-Golf-Ball-USB-Flash-Drive-1-100x100.jpg 100w\" sizes=\"(max-width: 800px) 100vw, 800px\" \/><\/figure>\n<\/div>\n<\/div>\n\n\n\n<p>Egal, ob Sie ihn als einzigartiges Geschenk an sportbegeisterte Freunde verschenken, ihn als personalisiertes digitales Accessoire f\u00fcr sich selbst verwenden oder ihn in Gesch\u00e4ftsszenarien einsetzen, um ein lebendiges Markenimage zu vermitteln, dieser Golfball-USB-Stick ist der Aufgabe gewachsen.<\/p>","protected":false},"excerpt":{"rendered":"<ul>\n<li>Golfballform<\/li>\n<li>Gelb.orange Farbe<\/li>\n<li>USB2.0 und USB3.0 w\u00e4hlen<\/li>\n<li>Mit Metall-Schl\u00fcsselanh\u00e4nger<\/li>\n<li>Kundenspezifisches Paket<\/li>\n<\/ul>","protected":false},"featured_media":24125,"comment_status":"open","ping_status":"closed","template":"","meta":{"_seopress_robots_primary_cat":"none","_seopress_titles_title":"Golf Ball USB Flash Drive","_seopress_titles_desc":"With its realistic golf ball design and bright colors, it instantly resonates with sports lovers. Its unique spherical structure is highly recognizable, and there are thoughtful details too\u2014with a metal bead chain","_seopress_robots_index":""},"class_list":["post-24116","product","type-product","status-publish","has-post-thumbnail","hentry","product_cat-custom-usb-drive","product_tag-ball-usb-flash-drive"],"_links":{"self":[{"href":"https:\/\/www.yousanusb.com\/de\/wp-json\/wp\/v2\/product\/24116"}],"collection":[{"href":"https:\/\/www.yousanusb.com\/de\/wp-json\/wp\/v2\/product"}],"about":[{"href":"https:\/\/www.yousanusb.com\/de\/wp-json\/wp\/v2\/types\/product"}],"replies":[{"embeddable":true,"href":"https:\/\/www.yousanusb.com\/de\/wp-json\/wp\/v2\/comments?post=24116"}],"wp:featuredmedia":[{"embeddable":true,"href":"https:\/\/www.yousanusb.com\/de\/wp-json\/wp\/v2\/media\/24125"}],"wp:attachment":[{"href":"https:\/\/www.yousanusb.com\/de\/wp-json\/wp\/v2\/media?parent=24116"}],"curies":[{"name":"wp","href":"https:\/\/api.w.org\/{rel}","templated":true}]}}