{"id":24164,"date":"2025-11-15T01:39:59","date_gmt":"2025-11-15T01:39:59","guid":{"rendered":"https:\/\/www.yousanusb.com\/?post_type=product&#038;p=24164"},"modified":"2025-12-27T02:47:38","modified_gmt":"2025-12-27T02:47:38","slug":"creative-peanut-usb-drive","status":"publish","type":"product","link":"https:\/\/www.yousanusb.com\/de\/product\/creative-peanut-usb-drive\/","title":{"rendered":"Kreatives Erdnuss-USB-Laufwerk"},"content":{"rendered":"<p>Dieses erdnussf\u00f6rmige USB-Laufwerk bricht mit dem eint\u00f6nigen Design herk\u00f6mmlicher Flash-Laufwerke. Die \"Erdnuss\"-Form ist das zentrale Designkonzept, das die allt\u00e4gliche Erdnuss in die Kreativit\u00e4t digitaler Produkte einbezieht. Jede Unebenheit und jede Rille wurde sorgf\u00e4ltig ausgearbeitet, um naturgetreue Details zu erhalten. In Kombination mit leuchtenden Farben wie Blau, Gr\u00fcn, Beige und Rot erinnert es an frisch geerntete Erdn\u00fcsse auf dem Feld und verleiht Ihrem USB-Laufwerk eine F\u00fclle nat\u00fcrlicher Launen und genialer Kreativit\u00e4t.<\/p>\n\n\n\n<div class=\"wp-block-columns is-layout-flex wp-container-core-columns-is-layout-1 wp-block-columns-is-layout-flex\">\n<div class=\"wp-block-column is-layout-flow wp-block-column-is-layout-flow\">\n<figure class=\"wp-block-image size-full\"><img fetchpriority=\"high\" decoding=\"async\" width=\"800\" height=\"800\" src=\"https:\/\/www.yousanusb.com\/wp-content\/uploads\/2025\/11\/Creative-Peanut-USB-flash-Drive.jpg\" alt=\"\" class=\"wp-image-24169\" srcset=\"https:\/\/www.yousanusb.com\/wp-content\/uploads\/2025\/11\/Creative-Peanut-USB-flash-Drive.jpg 800w, https:\/\/www.yousanusb.com\/wp-content\/uploads\/2025\/11\/Creative-Peanut-USB-flash-Drive-300x300.jpg 300w, https:\/\/www.yousanusb.com\/wp-content\/uploads\/2025\/11\/Creative-Peanut-USB-flash-Drive-150x150.jpg 150w, https:\/\/www.yousanusb.com\/wp-content\/uploads\/2025\/11\/Creative-Peanut-USB-flash-Drive-768x768.jpg 768w, https:\/\/www.yousanusb.com\/wp-content\/uploads\/2025\/11\/Creative-Peanut-USB-flash-Drive-12x12.jpg 12w, https:\/\/www.yousanusb.com\/wp-content\/uploads\/2025\/11\/Creative-Peanut-USB-flash-Drive-600x600.jpg 600w, https:\/\/www.yousanusb.com\/wp-content\/uploads\/2025\/11\/Creative-Peanut-USB-flash-Drive-100x100.jpg 100w\" sizes=\"(max-width: 800px) 100vw, 800px\" \/><\/figure>\n<\/div>\n\n\n\n<div class=\"wp-block-column is-layout-flow wp-block-column-is-layout-flow\">\n<figure class=\"wp-block-image size-full\"><img decoding=\"async\" width=\"800\" height=\"800\" src=\"https:\/\/www.yousanusb.com\/wp-content\/uploads\/2025\/11\/cartoon-Creative-Peanut-USB-Drive.jpg\" alt=\"\" class=\"wp-image-24168\" srcset=\"https:\/\/www.yousanusb.com\/wp-content\/uploads\/2025\/11\/cartoon-Creative-Peanut-USB-Drive.jpg 800w, https:\/\/www.yousanusb.com\/wp-content\/uploads\/2025\/11\/cartoon-Creative-Peanut-USB-Drive-300x300.jpg 300w, https:\/\/www.yousanusb.com\/wp-content\/uploads\/2025\/11\/cartoon-Creative-Peanut-USB-Drive-150x150.jpg 150w, https:\/\/www.yousanusb.com\/wp-content\/uploads\/2025\/11\/cartoon-Creative-Peanut-USB-Drive-768x768.jpg 768w, https:\/\/www.yousanusb.com\/wp-content\/uploads\/2025\/11\/cartoon-Creative-Peanut-USB-Drive-12x12.jpg 12w, https:\/\/www.yousanusb.com\/wp-content\/uploads\/2025\/11\/cartoon-Creative-Peanut-USB-Drive-600x600.jpg 600w, https:\/\/www.yousanusb.com\/wp-content\/uploads\/2025\/11\/cartoon-Creative-Peanut-USB-Drive-100x100.jpg 100w\" sizes=\"(max-width: 800px) 100vw, 800px\" \/><\/figure>\n<\/div>\n<\/div>\n\n\n\n<p>Beim \u00d6ffnen des erdnussf\u00f6rmigen USB-Sticks kommt der USB-Anschluss zum Vorschein. Die Schale wird aus umweltfreundlichem PVC-Weichgummi individuell geformt, wobei die Gr\u00f6\u00dfe der Erdnuss in einer 1:1-Form nachgebildet wird. YOUSANs Erdnuss-USB ben\u00f6tigt nur 3 Tage f\u00fcr die Herstellung der Form. Die H\u00fclle kann mit Text, Buchstaben, Logos und Werbeslogans versehen werden.<\/p>\n\n\n\n<div class=\"wp-block-columns is-layout-flex wp-container-core-columns-is-layout-2 wp-block-columns-is-layout-flex\">\n<div class=\"wp-block-column is-layout-flow wp-block-column-is-layout-flow\">\n<figure class=\"wp-block-image size-full\"><img decoding=\"async\" width=\"800\" height=\"800\" src=\"https:\/\/www.yousanusb.com\/wp-content\/uploads\/2025\/11\/red-Creative-Peanut-USB-Drive.jpg\" alt=\"\" class=\"wp-image-24171\" srcset=\"https:\/\/www.yousanusb.com\/wp-content\/uploads\/2025\/11\/red-Creative-Peanut-USB-Drive.jpg 800w, https:\/\/www.yousanusb.com\/wp-content\/uploads\/2025\/11\/red-Creative-Peanut-USB-Drive-300x300.jpg 300w, https:\/\/www.yousanusb.com\/wp-content\/uploads\/2025\/11\/red-Creative-Peanut-USB-Drive-150x150.jpg 150w, https:\/\/www.yousanusb.com\/wp-content\/uploads\/2025\/11\/red-Creative-Peanut-USB-Drive-768x768.jpg 768w, https:\/\/www.yousanusb.com\/wp-content\/uploads\/2025\/11\/red-Creative-Peanut-USB-Drive-12x12.jpg 12w, https:\/\/www.yousanusb.com\/wp-content\/uploads\/2025\/11\/red-Creative-Peanut-USB-Drive-600x600.jpg 600w, https:\/\/www.yousanusb.com\/wp-content\/uploads\/2025\/11\/red-Creative-Peanut-USB-Drive-100x100.jpg 100w\" sizes=\"(max-width: 800px) 100vw, 800px\" \/><\/figure>\n<\/div>\n\n\n\n<div class=\"wp-block-column is-layout-flow wp-block-column-is-layout-flow\">\n<figure class=\"wp-block-image size-full\"><img loading=\"lazy\" decoding=\"async\" width=\"800\" height=\"800\" src=\"https:\/\/www.yousanusb.com\/wp-content\/uploads\/2025\/11\/green-Creative-Peanut-USB-Drive.jpg\" alt=\"\" class=\"wp-image-24170\" srcset=\"https:\/\/www.yousanusb.com\/wp-content\/uploads\/2025\/11\/green-Creative-Peanut-USB-Drive.jpg 800w, https:\/\/www.yousanusb.com\/wp-content\/uploads\/2025\/11\/green-Creative-Peanut-USB-Drive-300x300.jpg 300w, https:\/\/www.yousanusb.com\/wp-content\/uploads\/2025\/11\/green-Creative-Peanut-USB-Drive-150x150.jpg 150w, https:\/\/www.yousanusb.com\/wp-content\/uploads\/2025\/11\/green-Creative-Peanut-USB-Drive-768x768.jpg 768w, https:\/\/www.yousanusb.com\/wp-content\/uploads\/2025\/11\/green-Creative-Peanut-USB-Drive-12x12.jpg 12w, https:\/\/www.yousanusb.com\/wp-content\/uploads\/2025\/11\/green-Creative-Peanut-USB-Drive-600x600.jpg 600w, https:\/\/www.yousanusb.com\/wp-content\/uploads\/2025\/11\/green-Creative-Peanut-USB-Drive-100x100.jpg 100w\" sizes=\"(max-width: 800px) 100vw, 800px\" \/><\/figure>\n<\/div>\n\n\n\n<div class=\"wp-block-column is-layout-flow wp-block-column-is-layout-flow\">\n<figure class=\"wp-block-image size-full\"><img loading=\"lazy\" decoding=\"async\" width=\"800\" height=\"800\" src=\"https:\/\/www.yousanusb.com\/wp-content\/uploads\/2025\/11\/blue-Creative-Peanut-USB-Drive.jpg\" alt=\"\" class=\"wp-image-24167\" srcset=\"https:\/\/www.yousanusb.com\/wp-content\/uploads\/2025\/11\/blue-Creative-Peanut-USB-Drive.jpg 800w, https:\/\/www.yousanusb.com\/wp-content\/uploads\/2025\/11\/blue-Creative-Peanut-USB-Drive-300x300.jpg 300w, https:\/\/www.yousanusb.com\/wp-content\/uploads\/2025\/11\/blue-Creative-Peanut-USB-Drive-150x150.jpg 150w, https:\/\/www.yousanusb.com\/wp-content\/uploads\/2025\/11\/blue-Creative-Peanut-USB-Drive-768x768.jpg 768w, https:\/\/www.yousanusb.com\/wp-content\/uploads\/2025\/11\/blue-Creative-Peanut-USB-Drive-12x12.jpg 12w, https:\/\/www.yousanusb.com\/wp-content\/uploads\/2025\/11\/blue-Creative-Peanut-USB-Drive-600x600.jpg 600w, https:\/\/www.yousanusb.com\/wp-content\/uploads\/2025\/11\/blue-Creative-Peanut-USB-Drive-100x100.jpg 100w\" sizes=\"(max-width: 800px) 100vw, 800px\" \/><\/figure>\n<\/div>\n<\/div>\n\n\n\n<p>Das Peanut USB-Laufwerk bietet Speicherkapazit\u00e4ten von 1 GB bis 256 GB und ist sowohl mit USB 1.0- als auch mit 2.0-Schnittstellen kompatibel. Es erm\u00f6glicht die schnelle \u00dcbertragung komprimierter Dateien, einschlie\u00dflich verschiedener Medienformate, zwischen Ger\u00e4ten - ideal f\u00fcr Benutzer, die regelm\u00e4\u00dfig Dateien zwischen Zuhause, der Schule und dem Arbeitsplatz austauschen.<\/p>\n\n\n\n<p><\/p>","protected":false},"excerpt":{"rendered":"<ul>\n<li>USB-Laufwerk in Erdnussform<\/li>\n<li>pvc metarial form<\/li>\n<li>1gb-256gb Kapazit\u00e4t<\/li>\n<li>USB2.0 oder USB3.0<\/li>\n<li>Kundenspezifische Logoform<\/li>\n<\/ul>","protected":false},"featured_media":24169,"comment_status":"open","ping_status":"closed","template":"","meta":{"_seopress_robots_primary_cat":"none","_seopress_titles_title":"Creative Peanut USB Drive","_seopress_titles_desc":"This peanut-shaped USB drive breaks away from the monotonous designs of traditional flash drives. Taking the \u201cpeanut\u201d shape as its core design concept","_seopress_robots_index":""},"class_list":["post-24164","product","type-product","status-publish","has-post-thumbnail","hentry","product_cat-custom-usb-drive","product_tag-vegetables-usb-flash-drive"],"_links":{"self":[{"href":"https:\/\/www.yousanusb.com\/de\/wp-json\/wp\/v2\/product\/24164"}],"collection":[{"href":"https:\/\/www.yousanusb.com\/de\/wp-json\/wp\/v2\/product"}],"about":[{"href":"https:\/\/www.yousanusb.com\/de\/wp-json\/wp\/v2\/types\/product"}],"replies":[{"embeddable":true,"href":"https:\/\/www.yousanusb.com\/de\/wp-json\/wp\/v2\/comments?post=24164"}],"wp:featuredmedia":[{"embeddable":true,"href":"https:\/\/www.yousanusb.com\/de\/wp-json\/wp\/v2\/media\/24169"}],"wp:attachment":[{"href":"https:\/\/www.yousanusb.com\/de\/wp-json\/wp\/v2\/media?parent=24164"}],"curies":[{"name":"wp","href":"https:\/\/api.w.org\/{rel}","templated":true}]}}