{"id":24419,"date":"2025-11-18T03:37:23","date_gmt":"2025-11-18T03:37:23","guid":{"rendered":"https:\/\/www.yousanusb.com\/?post_type=product&#038;p=24419"},"modified":"2025-12-27T02:42:25","modified_gmt":"2025-12-27T02:42:25","slug":"red-chili-and-green-bell-pepper-usb-flash-drive","status":"publish","type":"product","link":"https:\/\/www.yousanusb.com\/de\/product\/red-chili-and-green-bell-pepper-usb-flash-drive\/","title":{"rendered":"Roter Chili und gr\u00fcne Paprika USB-Stick"},"content":{"rendered":"<div class=\"wp-block-columns is-layout-flex wp-container-core-columns-is-layout-1 wp-block-columns-is-layout-flex\">\n<div class=\"wp-block-column is-layout-flow wp-block-column-is-layout-flow\">\n<figure class=\"wp-block-image size-full\"><img fetchpriority=\"high\" decoding=\"async\" width=\"800\" height=\"800\" src=\"https:\/\/www.yousanusb.com\/wp-content\/uploads\/2025\/11\/chili-usb-pen-drive.png\" alt=\"\" class=\"wp-image-24427\" srcset=\"https:\/\/www.yousanusb.com\/wp-content\/uploads\/2025\/11\/chili-usb-pen-drive.png 800w, https:\/\/www.yousanusb.com\/wp-content\/uploads\/2025\/11\/chili-usb-pen-drive-300x300.png 300w, https:\/\/www.yousanusb.com\/wp-content\/uploads\/2025\/11\/chili-usb-pen-drive-150x150.png 150w, https:\/\/www.yousanusb.com\/wp-content\/uploads\/2025\/11\/chili-usb-pen-drive-768x768.png 768w, https:\/\/www.yousanusb.com\/wp-content\/uploads\/2025\/11\/chili-usb-pen-drive-12x12.png 12w, https:\/\/www.yousanusb.com\/wp-content\/uploads\/2025\/11\/chili-usb-pen-drive-600x600.png 600w, https:\/\/www.yousanusb.com\/wp-content\/uploads\/2025\/11\/chili-usb-pen-drive-100x100.png 100w\" sizes=\"(max-width: 800px) 100vw, 800px\" \/><\/figure>\n<\/div>\n\n\n\n<div class=\"wp-block-column is-vertically-aligned-center is-layout-flow wp-block-column-is-layout-flow\">\n<p>Diese USB-Laufwerke gibt es in zwei realistischen, von Obst und Gem\u00fcse inspirierten Designs: eine rote Chilischote und eine gr\u00fcne Paprikaschote, die beide in Form und Farbe akribisch an frisches Obst und Gem\u00fcse angelehnt sind.<\/p>\n\n\n\n<p>Die \"Red Chili\" USB zeichnet sich durch ein geschwungenes, naturgetreues Design mit einer zweigeteilten Struktur aus: Der obere Teil besteht aus der Kappe der Chili, w\u00e4hrend der untere Teil den USB-Anschluss enth\u00e4lt.<\/p>\n\n\n\n<p>Der \"Green Bell Pepper\" USB f\u00e4ngt die pralle Silhouette des Gem\u00fcses ein. Der untere Teil dient als Schutzkappe, die, wenn sie entfernt wird, den USB-Anschluss freilegt - eine Kombination aus dekorativem Aussehen und praktischer Funktionalit\u00e4t.<\/p>\n<\/div>\n<\/div>\n\n\n\n<div class=\"wp-block-columns is-layout-flex wp-container-core-columns-is-layout-2 wp-block-columns-is-layout-flex\">\n<div class=\"wp-block-column is-vertically-aligned-center is-layout-flow wp-block-column-is-layout-flow\">\n<p>Das aus hochwertigem PVC gefertigte USB-Laufwerk ist leicht, sto\u00df- und kratzfest und damit perfekt f\u00fcr den Einsatz unterwegs.<\/p>\n\n\n\n<p>Es ist in hohem Ma\u00dfe anpassbar und bietet Optionen f\u00fcr verschiedene Chilisorten (z. B. Thai Chili, Finger Chili) und personalisierte Designelemente wie Oberfl\u00e4chenstrukturen, Stielformen und Farbschemata, die auf individuelle Vorlieben oder die Anforderungen erwachsener Marken zugeschnitten sind.<\/p>\n\n\n\n<p>Mit professioneller Leistung bietet er Speicherkapazit\u00e4ten von 8 GB bis 256 GB und einen universellen USB-Anschluss, der sowohl mit den Standards USB 2.0 als auch 3.0 kompatibel ist. Er bietet konsistente Lese-\/Schreibgeschwindigkeiten auf Computern, Empf\u00e4ngern und den meisten Ger\u00e4ten und erm\u00f6glicht so eine zuverl\u00e4ssige Speicherung und \u00dcbertragung von Dokumenten, Videos und anderen digitalen Inhalten.<\/p>\n<\/div>\n\n\n\n<div class=\"wp-block-column is-layout-flow wp-block-column-is-layout-flow\">\n<figure class=\"wp-block-image size-full\"><img decoding=\"async\" width=\"800\" height=\"800\" src=\"https:\/\/www.yousanusb.com\/wp-content\/uploads\/2025\/11\/Chili-USB-Flash-Drive.jpg\" alt=\"\" class=\"wp-image-24423\" srcset=\"https:\/\/www.yousanusb.com\/wp-content\/uploads\/2025\/11\/Chili-USB-Flash-Drive.jpg 800w, https:\/\/www.yousanusb.com\/wp-content\/uploads\/2025\/11\/Chili-USB-Flash-Drive-300x300.jpg 300w, https:\/\/www.yousanusb.com\/wp-content\/uploads\/2025\/11\/Chili-USB-Flash-Drive-150x150.jpg 150w, https:\/\/www.yousanusb.com\/wp-content\/uploads\/2025\/11\/Chili-USB-Flash-Drive-768x768.jpg 768w, https:\/\/www.yousanusb.com\/wp-content\/uploads\/2025\/11\/Chili-USB-Flash-Drive-12x12.jpg 12w, https:\/\/www.yousanusb.com\/wp-content\/uploads\/2025\/11\/Chili-USB-Flash-Drive-600x600.jpg 600w, https:\/\/www.yousanusb.com\/wp-content\/uploads\/2025\/11\/Chili-USB-Flash-Drive-100x100.jpg 100w\" sizes=\"(max-width: 800px) 100vw, 800px\" \/><\/figure>\n<\/div>\n<\/div>","protected":false},"excerpt":{"rendered":"<ul>\n<li>Chili-f\u00f6rmiges Split-Body-Design<\/li>\n<li>PVC-Werkstoff<\/li>\n<li>Unterst\u00fctzt individuelle Chili-Designs<\/li>\n<li>Mehrere Kapazit\u00e4tsoptionen: 8GB bis 256GB<\/li>\n<li>Multi-Ger\u00e4te-Kompatibilit\u00e4t<\/li>\n<li>MOQ:100St\u00fcck<\/li>\n<\/ul>","protected":false},"featured_media":24427,"comment_status":"open","ping_status":"closed","template":"","meta":{"_seopress_robots_primary_cat":"none","_seopress_titles_title":"","_seopress_titles_desc":"","_seopress_robots_index":""},"class_list":["post-24419","product","type-product","status-publish","has-post-thumbnail","hentry","product_cat-custom-usb-drive","product_tag-vegetables-usb-flash-drive"],"_links":{"self":[{"href":"https:\/\/www.yousanusb.com\/de\/wp-json\/wp\/v2\/product\/24419"}],"collection":[{"href":"https:\/\/www.yousanusb.com\/de\/wp-json\/wp\/v2\/product"}],"about":[{"href":"https:\/\/www.yousanusb.com\/de\/wp-json\/wp\/v2\/types\/product"}],"replies":[{"embeddable":true,"href":"https:\/\/www.yousanusb.com\/de\/wp-json\/wp\/v2\/comments?post=24419"}],"wp:featuredmedia":[{"embeddable":true,"href":"https:\/\/www.yousanusb.com\/de\/wp-json\/wp\/v2\/media\/24427"}],"wp:attachment":[{"href":"https:\/\/www.yousanusb.com\/de\/wp-json\/wp\/v2\/media?parent=24419"}],"curies":[{"name":"wp","href":"https:\/\/api.w.org\/{rel}","templated":true}]}}