{"id":24938,"date":"2025-12-03T09:37:25","date_gmt":"2025-12-03T09:37:25","guid":{"rendered":"https:\/\/www.yousanusb.com\/?post_type=product&#038;p=24938"},"modified":"2025-12-27T02:32:31","modified_gmt":"2025-12-27T02:32:31","slug":"cartoon-airplane-usb-flash-drive","status":"publish","type":"product","link":"https:\/\/www.yousanusb.com\/de\/product\/cartoon-airplane-usb-flash-drive\/","title":{"rendered":"Cartoon-Flugzeug USB-Flash-Laufwerk"},"content":{"rendered":"<div class=\"wp-block-columns is-layout-flex wp-container-core-columns-is-layout-1 wp-block-columns-is-layout-flex\">\n<div class=\"wp-block-column is-layout-flow wp-block-column-is-layout-flow\">\n<figure class=\"wp-block-image size-full\"><img fetchpriority=\"high\" decoding=\"async\" width=\"800\" height=\"800\" src=\"https:\/\/www.yousanusb.com\/wp-content\/uploads\/2025\/12\/Cartoon-Airplane-USB-Flash-Drive.jpg\" alt=\"\" class=\"wp-image-24942\" srcset=\"https:\/\/www.yousanusb.com\/wp-content\/uploads\/2025\/12\/Cartoon-Airplane-USB-Flash-Drive.jpg 800w, https:\/\/www.yousanusb.com\/wp-content\/uploads\/2025\/12\/Cartoon-Airplane-USB-Flash-Drive-300x300.jpg 300w, https:\/\/www.yousanusb.com\/wp-content\/uploads\/2025\/12\/Cartoon-Airplane-USB-Flash-Drive-150x150.jpg 150w, https:\/\/www.yousanusb.com\/wp-content\/uploads\/2025\/12\/Cartoon-Airplane-USB-Flash-Drive-768x768.jpg 768w, https:\/\/www.yousanusb.com\/wp-content\/uploads\/2025\/12\/Cartoon-Airplane-USB-Flash-Drive-12x12.jpg 12w, https:\/\/www.yousanusb.com\/wp-content\/uploads\/2025\/12\/Cartoon-Airplane-USB-Flash-Drive-600x600.jpg 600w, https:\/\/www.yousanusb.com\/wp-content\/uploads\/2025\/12\/Cartoon-Airplane-USB-Flash-Drive-100x100.jpg 100w\" sizes=\"(max-width: 800px) 100vw, 800px\" \/><\/figure>\n<\/div>\n\n\n\n<div class=\"wp-block-column is-vertically-aligned-center is-layout-flow wp-block-column-is-layout-flow\">\n<p>Dieser Cartoon-Flugzeug-USB-Stick ist aus flexiblem Weich-PVC gefertigt und sto\u00dffest, damit er den t\u00e4glichen St\u00f6\u00dfen und Belastungen standh\u00e4lt (auch bei 12+ w\u00f6chentlichen Benutzungen). Er ist in den Farben Gr\u00fcn, Gelb, Blau und Wei\u00df erh\u00e4ltlich und verf\u00fcgt \u00fcber ein Metall-Lanyard zur einfachen Befestigung an Zubeh\u00f6r oder H\u00e4nden.<\/p>\n\n\n\n<p>Mit Speicherkapazit\u00e4ten von 4 GB bis 128 GB bietet sie schnelle Daten\u00fcbertragungsgeschwindigkeiten, ideal f\u00fcr gro\u00dfe Dateien, Fotos, Musik und umfangreiche Videobearbeitung auf PCs, Laptops und Tablets. Sie ist vollst\u00e4ndig kompatibel mit allen Standardger\u00e4ten und bietet eine stabile, zuverl\u00e4ssige Speicherung f\u00fcr verschiedene Dateitypen.<\/p>\n<\/div>\n<\/div>\n\n\n\n<h2 class=\"wp-block-heading\">Wie kann das Geschenk in die Veranstaltung integriert werden?<\/h2>\n\n\n\n<div class=\"wp-block-columns is-layout-flex wp-container-core-columns-is-layout-2 wp-block-columns-is-layout-flex\">\n<div class=\"wp-block-column is-vertically-aligned-center is-layout-flow wp-block-column-is-layout-flow\">\n<h3 class=\"wp-block-heading\">1. Southwest Airlines Sommer-Familienflug Kundenpr\u00e4mie<\/h3>\n\n\n\n<p>Hauptmerkmale: Starke Ausrichtung auf das Thema Fluggesellschaften und Flugzeuge; das Cartoon-Design spricht Familienpassagiere (insbesondere Kinder) an.<\/p>\n\n\n\n<p>Das Konzept: Verteilen Sie w\u00e4hrend der Sommerflugplanperiode \"Familienfreundliche Fl\u00fcge\" diesen USB-Stick an Flugg\u00e4ste, die mit Kindern unter 12 Jahren reisen. Auf dem USB-Stick sind das animierte Kindersicherheitsvideo der Fluggesellschaft und der Reisef\u00fchrer f\u00fcr Familienaktivit\u00e4ten vorinstalliert, w\u00e4hrend das Logo der Fluggesellschaft den Wiedererkennungswert der Marke erh\u00f6ht.<\/p>\n<\/div>\n\n\n\n<div class=\"wp-block-column is-layout-flow wp-block-column-is-layout-flow\">\n<figure class=\"wp-block-image size-full\"><img decoding=\"async\" width=\"800\" height=\"800\" src=\"https:\/\/www.yousanusb.com\/wp-content\/uploads\/2025\/12\/custom-cartoon-plane-usb-flash-drive.jpg\" alt=\"\" class=\"wp-image-24943\" srcset=\"https:\/\/www.yousanusb.com\/wp-content\/uploads\/2025\/12\/custom-cartoon-plane-usb-flash-drive.jpg 800w, https:\/\/www.yousanusb.com\/wp-content\/uploads\/2025\/12\/custom-cartoon-plane-usb-flash-drive-300x300.jpg 300w, https:\/\/www.yousanusb.com\/wp-content\/uploads\/2025\/12\/custom-cartoon-plane-usb-flash-drive-150x150.jpg 150w, https:\/\/www.yousanusb.com\/wp-content\/uploads\/2025\/12\/custom-cartoon-plane-usb-flash-drive-768x768.jpg 768w, https:\/\/www.yousanusb.com\/wp-content\/uploads\/2025\/12\/custom-cartoon-plane-usb-flash-drive-12x12.jpg 12w, https:\/\/www.yousanusb.com\/wp-content\/uploads\/2025\/12\/custom-cartoon-plane-usb-flash-drive-600x600.jpg 600w, https:\/\/www.yousanusb.com\/wp-content\/uploads\/2025\/12\/custom-cartoon-plane-usb-flash-drive-100x100.jpg 100w\" sizes=\"(max-width: 800px) 100vw, 800px\" \/><\/figure>\n<\/div>\n<\/div>\n\n\n\n<div class=\"wp-block-columns is-layout-flex wp-container-core-columns-is-layout-3 wp-block-columns-is-layout-flex\">\n<div class=\"wp-block-column is-layout-flow wp-block-column-is-layout-flow\">\n<figure class=\"wp-block-image size-full\"><img decoding=\"async\" width=\"800\" height=\"800\" src=\"https:\/\/www.yousanusb.com\/wp-content\/uploads\/2025\/12\/Cartoon-Airplane-USB-Drive.jpg\" alt=\"\" class=\"wp-image-24941\" srcset=\"https:\/\/www.yousanusb.com\/wp-content\/uploads\/2025\/12\/Cartoon-Airplane-USB-Drive.jpg 800w, https:\/\/www.yousanusb.com\/wp-content\/uploads\/2025\/12\/Cartoon-Airplane-USB-Drive-300x300.jpg 300w, https:\/\/www.yousanusb.com\/wp-content\/uploads\/2025\/12\/Cartoon-Airplane-USB-Drive-150x150.jpg 150w, https:\/\/www.yousanusb.com\/wp-content\/uploads\/2025\/12\/Cartoon-Airplane-USB-Drive-768x768.jpg 768w, https:\/\/www.yousanusb.com\/wp-content\/uploads\/2025\/12\/Cartoon-Airplane-USB-Drive-12x12.jpg 12w, https:\/\/www.yousanusb.com\/wp-content\/uploads\/2025\/12\/Cartoon-Airplane-USB-Drive-600x600.jpg 600w, https:\/\/www.yousanusb.com\/wp-content\/uploads\/2025\/12\/Cartoon-Airplane-USB-Drive-100x100.jpg 100w\" sizes=\"(max-width: 800px) 100vw, 800px\" \/><\/figure>\n<\/div>\n\n\n\n<div class=\"wp-block-column is-vertically-aligned-center is-layout-flow wp-block-column-is-layout-flow\">\n<h3 class=\"wp-block-heading\">2.Google Family Day Eltern-Kind-Aktivit\u00e4t<\/h3>\n\n\n\n<p>Hauptmerkmale: Schl\u00fcsselanh\u00e4nger im Cartoon-Design f\u00fcr die ganze Familie, mit Schutz vor St\u00fcrzen und bequemem Transport.<\/p>\n\n\n\n<p><br>Konzept: Verteilt w\u00e4hrend der Eltern-Kind-Bastel-\/Flugzeugkunde-Workshops des Family Day. USB-Laufwerke mit vorinstalliertem Google-Mini-Tutorial zur Einf\u00fchrung in die Codierung von Kindern und interaktiven Familienspielen. Individuelle Gravur mit den Initialen der Mitarbeiterfamilie m\u00f6glich. Dient sowohl als Andenken an die Aktivit\u00e4t als auch als Geste der F\u00fcrsorge des Unternehmens f\u00fcr die Familien der Mitarbeiter.<br><\/p>\n<\/div>\n<\/div>","protected":false},"excerpt":{"rendered":"<ul>\n<li>PVC-Weichgummi-Material<\/li>\n<li>Markenlogo druckbar<\/li>\n<li>Plug-and-play<\/li>\n<li>Unterst\u00fctzt vorinstallierte Inhalte<\/li>\n<li>MOQ:100St\u00fcck<\/li>\n<\/ul>","protected":false},"featured_media":24943,"comment_status":"open","ping_status":"closed","template":"","meta":{"_seopress_robots_primary_cat":"none","_seopress_titles_title":"","_seopress_titles_desc":"","_seopress_robots_index":""},"class_list":["post-24938","product","type-product","status-publish","has-post-thumbnail","hentry","product_cat-custom-usb-drive","product_tag-pvc-airplane-usb-flash-drive"],"_links":{"self":[{"href":"https:\/\/www.yousanusb.com\/de\/wp-json\/wp\/v2\/product\/24938"}],"collection":[{"href":"https:\/\/www.yousanusb.com\/de\/wp-json\/wp\/v2\/product"}],"about":[{"href":"https:\/\/www.yousanusb.com\/de\/wp-json\/wp\/v2\/types\/product"}],"replies":[{"embeddable":true,"href":"https:\/\/www.yousanusb.com\/de\/wp-json\/wp\/v2\/comments?post=24938"}],"wp:featuredmedia":[{"embeddable":true,"href":"https:\/\/www.yousanusb.com\/de\/wp-json\/wp\/v2\/media\/24943"}],"wp:attachment":[{"href":"https:\/\/www.yousanusb.com\/de\/wp-json\/wp\/v2\/media?parent=24938"}],"curies":[{"name":"wp","href":"https:\/\/api.w.org\/{rel}","templated":true}]}}