{"id":24946,"date":"2025-12-03T11:31:45","date_gmt":"2025-12-03T11:31:45","guid":{"rendered":"https:\/\/www.yousanusb.com\/?post_type=product&#038;p=24946"},"modified":"2025-12-27T02:30:23","modified_gmt":"2025-12-27T02:30:23","slug":"airliner-shaped-usb-flash-drive","status":"publish","type":"product","link":"https:\/\/www.yousanusb.com\/de\/product\/airliner-shaped-usb-flash-drive\/","title":{"rendered":"USB-Flash-Laufwerk in Form eines Flugzeugs"},"content":{"rendered":"<p>Dieses Produkt ist ein USB-Laufwerk in Form eines schmalen Passagierflugzeugs aus PVC-Weichgummi. Es ist verschlei\u00dffest und sto\u00dffest und verf\u00fcgt \u00fcber alle Standard-USB-Laufwerksfunktionen. Zu den zus\u00e4tzlichen Optionen geh\u00f6ren anpassbare USB-Laufwerke in Flugzeugform - geben Sie einfach Ihr Design f\u00fcr die Anpassung an. Die Kapazit\u00e4tsoptionen reichen von 4 GB bis 128 GB.<\/p>\n\n\n\n<h2 class=\"wp-block-heading\">Wie kann dieses USB-Laufwerk eine tiefere Verbindung zu den Kunden herstellen?<\/h2>\n\n\n\n<h3 class=\"wp-block-heading\">1.Expedia Premium-Kundenanerkennungsgeschenk: <\/h3>\n\n\n\n<p>F\u00fcr Nutzer, die mehr als 10 Mal pro Jahr reisen. Enth\u00e4lt vorinstallierte Vorlagen f\u00fcr Gesch\u00e4ftsreisepl\u00e4ne, die mit dem Logo der Plattform bedruckt und auf Gesch\u00e4ftsreiseszenarien zugeschnitten sind.<\/p>\n\n\n\n<div class=\"wp-block-columns is-layout-flex wp-container-core-columns-is-layout-1 wp-block-columns-is-layout-flex\">\n<div class=\"wp-block-column is-vertically-aligned-center is-layout-flow wp-block-column-is-layout-flow\">\n<h3 class=\"wp-block-heading\">Expedia Premium Kundenanerkennungsprogramm<\/h3>\n\n\n\n<p><strong>Nachbereitung<\/strong>: Synchronisieren Sie Gutscheine mit den Expedia-Konten der Nutzer und verkn\u00fcpfen Sie sie mit Buchungsportalen, um die Konversionsrate bei Wiederholungsk\u00e4ufen zu erh\u00f6hen.<\/p>\n\n\n\n<p><strong>Kunden-Screening<\/strong>: Exportieren Sie High-End-Nutzer mit \u226510 j\u00e4hrlichen Reisen aus dem Backend-System, segmentiert nach Kernm\u00e4rkten (Nordamerika, Europa). Schlie\u00dfen Sie Nutzer aus, die in den letzten 3 Monaten Geschenke erhalten haben, um sie gezielt anzusprechen.<\/p>\n\n\n\n<p><strong>USB-Anpassung<\/strong>: 32-GB-USB-Sticks mit blauem Streifen und Expedia-Logo auf der Seite und der Schutzkappe. Verpackt in Kartons mit Reisethemen und Beschriftung\u00a0<em>\"Exklusive Speicherfunktion von Expedia Travel\"<\/em>.<\/p>\n\n\n\n<p><strong>Vorladen von Inhalten<\/strong>: Laden Sie das Travel Itinerary Management Package (Excel-Vorlagen + PDF-Reisetipps) und 3 Monate lang g\u00fcltige Premium-Gutscheine (Hotel-\/Flugrabatte) vor. \u00dcberpr\u00fcfen Sie die Integrit\u00e4t des Inhalts nach der Installation.<\/p>\n\n\n\n<p><strong>Lieferung<\/strong>: Versand durch einen \u00f6rtlichen Kurier mit einer Dankeskarte:\u00a0<em>\"Vielen Dank f\u00fcr Ihre mehr als 10 Reisen in diesem Jahr. Dieser USB treibt Sie auf jeder Reise an\"<\/em>. Senden Sie 2 Tage nach der Lieferbest\u00e4tigung eine Follow-up-E-Mail, um die Verwendung des Rabatts und den Zugang zu den Ressourcen zu erkl\u00e4ren.<\/p>\n<\/div>\n\n\n\n<div class=\"wp-block-column is-layout-flow wp-block-column-is-layout-flow\">\n<figure class=\"wp-block-image size-full\"><img fetchpriority=\"high\" decoding=\"async\" width=\"800\" height=\"800\" src=\"https:\/\/www.yousanusb.com\/wp-content\/uploads\/2025\/12\/Blue-stripe-Generic-Airplane-USB-Flash-Drive.jpg\" alt=\"\" class=\"wp-image-24949\" srcset=\"https:\/\/www.yousanusb.com\/wp-content\/uploads\/2025\/12\/Blue-stripe-Generic-Airplane-USB-Flash-Drive.jpg 800w, https:\/\/www.yousanusb.com\/wp-content\/uploads\/2025\/12\/Blue-stripe-Generic-Airplane-USB-Flash-Drive-300x300.jpg 300w, https:\/\/www.yousanusb.com\/wp-content\/uploads\/2025\/12\/Blue-stripe-Generic-Airplane-USB-Flash-Drive-150x150.jpg 150w, https:\/\/www.yousanusb.com\/wp-content\/uploads\/2025\/12\/Blue-stripe-Generic-Airplane-USB-Flash-Drive-768x768.jpg 768w, https:\/\/www.yousanusb.com\/wp-content\/uploads\/2025\/12\/Blue-stripe-Generic-Airplane-USB-Flash-Drive-12x12.jpg 12w, https:\/\/www.yousanusb.com\/wp-content\/uploads\/2025\/12\/Blue-stripe-Generic-Airplane-USB-Flash-Drive-600x600.jpg 600w, https:\/\/www.yousanusb.com\/wp-content\/uploads\/2025\/12\/Blue-stripe-Generic-Airplane-USB-Flash-Drive-100x100.jpg 100w\" sizes=\"(max-width: 800px) 100vw, 800px\" \/><\/figure>\n<\/div>\n<\/div>\n\n\n\n<div class=\"wp-block-columns is-layout-flex wp-container-core-columns-is-layout-2 wp-block-columns-is-layout-flex\">\n<div class=\"wp-block-column is-layout-flow wp-block-column-is-layout-flow\">\n<figure class=\"wp-block-image size-full\"><img decoding=\"async\" width=\"800\" height=\"800\" src=\"https:\/\/www.yousanusb.com\/wp-content\/uploads\/2025\/12\/Blue-stripe-Generic-Narrow-body-Airliner-USB-Flash-Drive.jpg\" alt=\"\" class=\"wp-image-24950\" srcset=\"https:\/\/www.yousanusb.com\/wp-content\/uploads\/2025\/12\/Blue-stripe-Generic-Narrow-body-Airliner-USB-Flash-Drive.jpg 800w, https:\/\/www.yousanusb.com\/wp-content\/uploads\/2025\/12\/Blue-stripe-Generic-Narrow-body-Airliner-USB-Flash-Drive-300x300.jpg 300w, https:\/\/www.yousanusb.com\/wp-content\/uploads\/2025\/12\/Blue-stripe-Generic-Narrow-body-Airliner-USB-Flash-Drive-150x150.jpg 150w, https:\/\/www.yousanusb.com\/wp-content\/uploads\/2025\/12\/Blue-stripe-Generic-Narrow-body-Airliner-USB-Flash-Drive-768x768.jpg 768w, https:\/\/www.yousanusb.com\/wp-content\/uploads\/2025\/12\/Blue-stripe-Generic-Narrow-body-Airliner-USB-Flash-Drive-12x12.jpg 12w, https:\/\/www.yousanusb.com\/wp-content\/uploads\/2025\/12\/Blue-stripe-Generic-Narrow-body-Airliner-USB-Flash-Drive-600x600.jpg 600w, https:\/\/www.yousanusb.com\/wp-content\/uploads\/2025\/12\/Blue-stripe-Generic-Narrow-body-Airliner-USB-Flash-Drive-100x100.jpg 100w\" sizes=\"(max-width: 800px) 100vw, 800px\" \/><\/figure>\n<\/div>\n\n\n\n<div class=\"wp-block-column is-vertically-aligned-center is-layout-flow wp-block-column-is-layout-flow\">\n<h2 class=\"wp-block-heading\"><strong>Andere Nutzungsszenarien<\/strong><\/h2>\n\n\n\n<p><strong>United Airlines Vielfliegerprogramm<\/strong>: Mitglieder der Silberstufe und h\u00f6her erhalten einen USB-Stick mit Markenaufdruck, auf dem Flugpl\u00e4ne, Briefe und andere Mitgliedervorteile vorinstalliert sind, um die Sichtbarkeit der Vorteile zu erh\u00f6hen.<\/p>\n\n\n\n<p><strong>Singapore Airshow Professionelles Geschenk<\/strong>: Dieser USB-Stick, der in der Zone f\u00fcr Gesch\u00e4ftsverhandlungen verteilt wird, ist mit Ausstellerverzeichnissen vorgeladen, um die Informationsspeicherung f\u00fcr Luftfahrtfachleute zu unterst\u00fctzen.<\/p>\n\n\n\n<p><strong>American Airlines Academy Willkommenspaket<\/strong>: Neue Studenten erhalten ein USB-Laufwerk mit einf\u00fchrenden Kursmaterialien, die gespeichert und f\u00fcr das Studium der Luftfahrt genutzt werden k\u00f6nnen.<\/p>\n<\/div>\n<\/div>","protected":false},"excerpt":{"rendered":"<ul>\n<li>Abnehmbare Staubschutzh\u00fclle (Schutz des USB-Anschlusses)<\/li>\n<li>Kapazit\u00e4tsoptionen: 4G-128G<\/li>\n<li>Ideal f\u00fcr Gesch\u00e4ftsreisen und Fluggesellschaften<\/li>\n<li>Kompatibel mit mehreren Ger\u00e4ten<\/li>\n<li>MOQ:100St\u00fcck<\/li>\n<\/ul>","protected":false},"featured_media":24949,"comment_status":"open","ping_status":"closed","template":"","meta":{"_seopress_robots_primary_cat":"none","_seopress_titles_title":"","_seopress_titles_desc":"","_seopress_robots_index":""},"class_list":["post-24946","product","type-product","status-publish","has-post-thumbnail","hentry","product_cat-custom-usb-drive","product_tag-pvc-airplane-usb-flash-drive"],"_links":{"self":[{"href":"https:\/\/www.yousanusb.com\/de\/wp-json\/wp\/v2\/product\/24946"}],"collection":[{"href":"https:\/\/www.yousanusb.com\/de\/wp-json\/wp\/v2\/product"}],"about":[{"href":"https:\/\/www.yousanusb.com\/de\/wp-json\/wp\/v2\/types\/product"}],"replies":[{"embeddable":true,"href":"https:\/\/www.yousanusb.com\/de\/wp-json\/wp\/v2\/comments?post=24946"}],"wp:featuredmedia":[{"embeddable":true,"href":"https:\/\/www.yousanusb.com\/de\/wp-json\/wp\/v2\/media\/24949"}],"wp:attachment":[{"href":"https:\/\/www.yousanusb.com\/de\/wp-json\/wp\/v2\/media?parent=24946"}],"curies":[{"name":"wp","href":"https:\/\/api.w.org\/{rel}","templated":true}]}}