{"id":25012,"date":"2025-12-04T02:12:22","date_gmt":"2025-12-04T02:12:22","guid":{"rendered":"https:\/\/www.yousanusb.com\/?post_type=product&#038;p=25012"},"modified":"2025-12-27T02:26:20","modified_gmt":"2025-12-27T02:26:20","slug":"daohe-helicopter-usb-flash-drive","status":"publish","type":"product","link":"https:\/\/www.yousanusb.com\/de\/product\/daohe-helicopter-usb-flash-drive\/","title":{"rendered":"Daohe Hubschrauber USB-Flash-Laufwerk"},"content":{"rendered":"<p>Das Daohe Helicopter USB-Laufwerk ist so gestaltet, dass es dem Modell, das es repr\u00e4sentiert, mit seinem leuchtend roten Farbschema, dem Daohe Helicopter-Logo und der Registrierungsnummer B-7982 \u00e4hnelt.<\/p>\n\n\n\n<p>Das USB-Laufwerk ist aus flexiblem PVC-Material hergestellt, was bedeutet, dass das Laufwerk nicht bricht oder knackt, wenn es fallen gelassen wird. Au\u00dferdem hat das Material auch keinen Geruch, der Ihnen Unannehmlichkeiten bereiten k\u00f6nnte.<\/p>\n\n\n\n<div class=\"wp-block-columns is-layout-flex wp-container-core-columns-is-layout-1 wp-block-columns-is-layout-flex\">\n<div class=\"wp-block-column is-layout-flow wp-block-column-is-layout-flow\">\n<figure class=\"wp-block-image size-full\"><img fetchpriority=\"high\" decoding=\"async\" width=\"800\" height=\"800\" src=\"https:\/\/www.yousanusb.com\/wp-content\/uploads\/2025\/12\/Daohe-Red-Hawk-Helicopter-USB-Drive-1.jpg\" alt=\"\" class=\"wp-image-25016\" srcset=\"https:\/\/www.yousanusb.com\/wp-content\/uploads\/2025\/12\/Daohe-Red-Hawk-Helicopter-USB-Drive-1.jpg 800w, https:\/\/www.yousanusb.com\/wp-content\/uploads\/2025\/12\/Daohe-Red-Hawk-Helicopter-USB-Drive-1-300x300.jpg 300w, https:\/\/www.yousanusb.com\/wp-content\/uploads\/2025\/12\/Daohe-Red-Hawk-Helicopter-USB-Drive-1-150x150.jpg 150w, https:\/\/www.yousanusb.com\/wp-content\/uploads\/2025\/12\/Daohe-Red-Hawk-Helicopter-USB-Drive-1-768x768.jpg 768w, https:\/\/www.yousanusb.com\/wp-content\/uploads\/2025\/12\/Daohe-Red-Hawk-Helicopter-USB-Drive-1-12x12.jpg 12w, https:\/\/www.yousanusb.com\/wp-content\/uploads\/2025\/12\/Daohe-Red-Hawk-Helicopter-USB-Drive-1-600x600.jpg 600w, https:\/\/www.yousanusb.com\/wp-content\/uploads\/2025\/12\/Daohe-Red-Hawk-Helicopter-USB-Drive-1-100x100.jpg 100w\" sizes=\"(max-width: 800px) 100vw, 800px\" \/><\/figure>\n<\/div>\n\n\n\n<div class=\"wp-block-column is-layout-flow wp-block-column-is-layout-flow\">\n<figure class=\"wp-block-image size-full\"><img decoding=\"async\" width=\"800\" height=\"800\" src=\"https:\/\/www.yousanusb.com\/wp-content\/uploads\/2025\/12\/custom-Daohe-Red-Hawk-Helicopter-USB-Drive.jpg\" alt=\"\" class=\"wp-image-25015\" srcset=\"https:\/\/www.yousanusb.com\/wp-content\/uploads\/2025\/12\/custom-Daohe-Red-Hawk-Helicopter-USB-Drive.jpg 800w, https:\/\/www.yousanusb.com\/wp-content\/uploads\/2025\/12\/custom-Daohe-Red-Hawk-Helicopter-USB-Drive-300x300.jpg 300w, https:\/\/www.yousanusb.com\/wp-content\/uploads\/2025\/12\/custom-Daohe-Red-Hawk-Helicopter-USB-Drive-150x150.jpg 150w, https:\/\/www.yousanusb.com\/wp-content\/uploads\/2025\/12\/custom-Daohe-Red-Hawk-Helicopter-USB-Drive-768x768.jpg 768w, https:\/\/www.yousanusb.com\/wp-content\/uploads\/2025\/12\/custom-Daohe-Red-Hawk-Helicopter-USB-Drive-12x12.jpg 12w, https:\/\/www.yousanusb.com\/wp-content\/uploads\/2025\/12\/custom-Daohe-Red-Hawk-Helicopter-USB-Drive-600x600.jpg 600w, https:\/\/www.yousanusb.com\/wp-content\/uploads\/2025\/12\/custom-Daohe-Red-Hawk-Helicopter-USB-Drive-100x100.jpg 100w\" sizes=\"(max-width: 800px) 100vw, 800px\" \/><\/figure>\n<\/div>\n<\/div>\n\n\n\n<h2 class=\"wp-block-heading\">1. geeignete Anwendungen f\u00fcr dieses USB-Laufwerk:<\/h2>\n\n\n\n<ul class=\"wp-block-list\">\n<li>Veranstaltungen zur Wertsch\u00e4tzung von Firmenkunden: Praktische und branchenrelevante Geschenke f\u00fcr Luftfahrt- und Logistikpartner.<\/li>\n\n\n\n<li>Betreiber der allgemeinen Luftfahrt: Ideal als Mitarbeitergeschenke oder Kundenbesuchsgeschenke zur St\u00e4rkung der Markenidentit\u00e4t im Luftfahrtsektor;<\/li>\n\n\n\n<li>Industrieausstellungen zum Thema Luftfahrt: Werden als Werbegeschenke verteilt, um die Themen der Veranstaltung zu unterst\u00fctzen und die Sichtbarkeit des Standes zu erh\u00f6hen;<\/li>\n<\/ul>\n\n\n\n<div class=\"wp-block-columns is-layout-flex wp-container-core-columns-is-layout-2 wp-block-columns-is-layout-flex\">\n<div class=\"wp-block-column is-layout-flow wp-block-column-is-layout-flow\">\n<figure class=\"wp-block-image size-full\"><img decoding=\"async\" width=\"800\" height=\"800\" src=\"https:\/\/www.yousanusb.com\/wp-content\/uploads\/2025\/12\/Red-Hawk-Helicopter-USB-Flash-Drive.jpg\" alt=\"\" class=\"wp-image-25017\" srcset=\"https:\/\/www.yousanusb.com\/wp-content\/uploads\/2025\/12\/Red-Hawk-Helicopter-USB-Flash-Drive.jpg 800w, https:\/\/www.yousanusb.com\/wp-content\/uploads\/2025\/12\/Red-Hawk-Helicopter-USB-Flash-Drive-300x300.jpg 300w, https:\/\/www.yousanusb.com\/wp-content\/uploads\/2025\/12\/Red-Hawk-Helicopter-USB-Flash-Drive-150x150.jpg 150w, https:\/\/www.yousanusb.com\/wp-content\/uploads\/2025\/12\/Red-Hawk-Helicopter-USB-Flash-Drive-768x768.jpg 768w, https:\/\/www.yousanusb.com\/wp-content\/uploads\/2025\/12\/Red-Hawk-Helicopter-USB-Flash-Drive-12x12.jpg 12w, https:\/\/www.yousanusb.com\/wp-content\/uploads\/2025\/12\/Red-Hawk-Helicopter-USB-Flash-Drive-600x600.jpg 600w, https:\/\/www.yousanusb.com\/wp-content\/uploads\/2025\/12\/Red-Hawk-Helicopter-USB-Flash-Drive-100x100.jpg 100w\" sizes=\"(max-width: 800px) 100vw, 800px\" \/><\/figure>\n<\/div>\n\n\n\n<div class=\"wp-block-column is-vertically-aligned-center is-layout-flow wp-block-column-is-layout-flow\">\n<h3 class=\"wp-block-heading\">2.Air Show Helicopter USB Drive Vertriebsprozess<\/h3>\n\n\n\n<p><strong>Booth Traffic Drive<\/strong>: Ausstellung von USB-Mustern und Postern zum Thema Luftfahrt mit dem Titel\u00a0<em>\"Individuelle Luftfahrt-Souvenirs\"<\/em>\u00a0um die Teilnehmer der Luftfahrtindustrie anzusprechen.<\/p>\n\n\n\n<p><strong>Schritte zur Erl\u00f6sung<\/strong>: Kunden scannen einen QR-Code, um unserem offiziellen WeChat zu folgen, und registrieren dann ihren Firmennamen, ihre Kontaktperson und ihre Anforderungen. Stellen Sie den DAOHE General Aviation Hubschrauber USB vor:\u00a0<em>\"Dieser USB-Stick enth\u00e4lt unser Service-Handbuch\".<\/em><\/p>\n\n\n\n<p><strong>Interaktives Branding<\/strong>: Laden Sie die Kunden ein, den USB-Stick in den Bildschirm-Computer zu stecken. Erkl\u00e4ren Sie kurz die Verbindung zwischen dem USB-Design und DAOHE, um den Wiedererkennungswert der Marke zu erh\u00f6hen.<\/p>\n\n\n\n<p><strong>Nachbereitung der Veranstaltung<\/strong>: Senden Sie innerhalb von 24 Stunden eine SMS\/E-Mail an alle Anmelder:\u00a0<em>\"Der USB-Hubschrauber verf\u00fcgt \u00fcber ein spezielles Portal f\u00fcr Serviceanfragen. Antworten Sie auf 'ANFRAGE', um eine Verbindung mit einem Service-Spezialisten herzustellen.<\/em>\u00a0um k\u00fcnftige Gesch\u00e4ftsm\u00f6glichkeiten zu f\u00f6rdern.<\/p>\n<\/div>\n<\/div>","protected":false},"excerpt":{"rendered":"<ul>\n<li>PVC-Weichgummi<\/li>\n<li>Anpassbar in verschiedenen Formen<\/li>\n<li>Mit exklusiven Logos und Rumpfnummern<\/li>\n<li>Optionen mit 16-64 GB Kapazit\u00e4t verf\u00fcgbar<\/li>\n<li>Kann Werbematerialien des Unternehmens vorladen<\/li>\n<li>MOQ:100St\u00fcck<\/li>\n<\/ul>","protected":false},"featured_media":25016,"comment_status":"open","ping_status":"closed","template":"","meta":{"_seopress_robots_primary_cat":"none","_seopress_titles_title":"","_seopress_titles_desc":"","_seopress_robots_index":""},"class_list":["post-25012","product","type-product","status-publish","has-post-thumbnail","hentry","product_cat-custom-usb-drive","product_tag-pvc-airplane-usb-flash-drive"],"_links":{"self":[{"href":"https:\/\/www.yousanusb.com\/de\/wp-json\/wp\/v2\/product\/25012"}],"collection":[{"href":"https:\/\/www.yousanusb.com\/de\/wp-json\/wp\/v2\/product"}],"about":[{"href":"https:\/\/www.yousanusb.com\/de\/wp-json\/wp\/v2\/types\/product"}],"replies":[{"embeddable":true,"href":"https:\/\/www.yousanusb.com\/de\/wp-json\/wp\/v2\/comments?post=25012"}],"wp:featuredmedia":[{"embeddable":true,"href":"https:\/\/www.yousanusb.com\/de\/wp-json\/wp\/v2\/media\/25016"}],"wp:attachment":[{"href":"https:\/\/www.yousanusb.com\/de\/wp-json\/wp\/v2\/media?parent=25012"}],"curies":[{"name":"wp","href":"https:\/\/api.w.org\/{rel}","templated":true}]}}