{"id":25020,"date":"2025-12-04T04:02:00","date_gmt":"2025-12-04T04:02:00","guid":{"rendered":"https:\/\/www.yousanusb.com\/?post_type=product&#038;p=25020"},"modified":"2025-12-27T02:24:06","modified_gmt":"2025-12-27T02:24:06","slug":"metal-airplane-usb-flash-drive","status":"publish","type":"product","link":"https:\/\/www.yousanusb.com\/de\/product\/metal-airplane-usb-flash-drive\/","title":{"rendered":"Metall-Flugzeug USB-Flash-Laufwerk"},"content":{"rendered":"<div class=\"wp-block-columns is-layout-flex wp-container-core-columns-is-layout-1 wp-block-columns-is-layout-flex\">\n<div class=\"wp-block-column is-layout-flow wp-block-column-is-layout-flow\">\n<figure class=\"wp-block-image size-full\"><img fetchpriority=\"high\" decoding=\"async\" width=\"800\" height=\"800\" src=\"https:\/\/www.yousanusb.com\/wp-content\/uploads\/2025\/12\/metal-airplane-usb-drive-with-keychain.webp\" alt=\"\" class=\"wp-image-25000\" srcset=\"https:\/\/www.yousanusb.com\/wp-content\/uploads\/2025\/12\/metal-airplane-usb-drive-with-keychain.webp 800w, https:\/\/www.yousanusb.com\/wp-content\/uploads\/2025\/12\/metal-airplane-usb-drive-with-keychain-300x300.webp 300w, https:\/\/www.yousanusb.com\/wp-content\/uploads\/2025\/12\/metal-airplane-usb-drive-with-keychain-150x150.webp 150w, https:\/\/www.yousanusb.com\/wp-content\/uploads\/2025\/12\/metal-airplane-usb-drive-with-keychain-768x768.webp 768w, https:\/\/www.yousanusb.com\/wp-content\/uploads\/2025\/12\/metal-airplane-usb-drive-with-keychain-12x12.webp 12w, https:\/\/www.yousanusb.com\/wp-content\/uploads\/2025\/12\/metal-airplane-usb-drive-with-keychain-600x600.webp 600w, https:\/\/www.yousanusb.com\/wp-content\/uploads\/2025\/12\/metal-airplane-usb-drive-with-keychain-100x100.webp 100w\" sizes=\"(max-width: 800px) 100vw, 800px\" \/><\/figure>\n<\/div>\n\n\n\n<div class=\"wp-block-column is-vertically-aligned-center is-layout-flow wp-block-column-is-layout-flow\">\n<p>Dieses USB-Laufwerk in Form eines Flugzeugs verf\u00fcgt \u00fcber hochwertige Metalloberfl\u00e4chen (Silber, Gold, Ros\u00e9gold) und exklusive Branding-Optionen (z. B. Taipei International Airport). Der mitgelieferte Schl\u00fcsselanh\u00e4nger erleichtert die Mitnahme und ist ideal f\u00fcr die Pr\u00e4sentation von Marken der Luftfahrtindustrie.<\/p>\n\n\n\n<p>Mit Speicherkapazit\u00e4ten von 16 GB bis 64 GB und universeller Kompatibilit\u00e4t mit Windows- und Mac-Systemen ist er ideal f\u00fcr die Speicherung von Werbematerialien, Produkthandb\u00fcchern und vielem mehr.<\/p>\n<\/div>\n<\/div>\n\n\n\n<h2 class=\"wp-block-heading\">Geeignete Szenarien f\u00fcr dieses USB-Laufwerk:<\/h2>\n\n\n\n<ol class=\"wp-block-list\">\n<li>Flughafenbetreiber (z. B. Taipei International Airport): Als Souvenirs f\u00fcr Passagiere oder Partnergeschenke zur St\u00e4rkung des Flughafen-Brandings;<\/li>\n\n\n\n<li>Luftverkehrsunternehmen: Auf Branchenmerkmale abgestimmte Verhandlungsgeschenke zur Verbesserung des Eindrucks einer Partnerschaft;<\/li>\n\n\n\n<li>Ausstellungen zum Thema Luftfahrt: Messe-Giveaways, die das Thema der Veranstaltung erg\u00e4nzen und die Sichtbarkeit des Standes erh\u00f6hen;<\/li>\n\n\n\n<li>Veranstaltungen zur Wertsch\u00e4tzung von Gesch\u00e4ftskunden f\u00fcr Gesch\u00e4ftsreisende: Praktische Geschenke f\u00fcr Vielflieger, die der Premiumpositionierung von Gesch\u00e4ftsreisen entsprechen.<\/li>\n<\/ol>\n\n\n\n<div class=\"wp-block-columns is-layout-flex wp-container-core-columns-is-layout-2 wp-block-columns-is-layout-flex\">\n<div class=\"wp-block-column is-layout-flow wp-block-column-is-layout-flow\">\n<figure class=\"wp-block-image size-full\"><img decoding=\"async\" width=\"600\" height=\"600\" src=\"https:\/\/www.yousanusb.com\/wp-content\/uploads\/2025\/12\/custom-metal-airplane-usb-flash-drive.jpg\" alt=\"\" class=\"wp-image-25008\" srcset=\"https:\/\/www.yousanusb.com\/wp-content\/uploads\/2025\/12\/custom-metal-airplane-usb-flash-drive.jpg 600w, https:\/\/www.yousanusb.com\/wp-content\/uploads\/2025\/12\/custom-metal-airplane-usb-flash-drive-300x300.jpg 300w, https:\/\/www.yousanusb.com\/wp-content\/uploads\/2025\/12\/custom-metal-airplane-usb-flash-drive-150x150.jpg 150w, https:\/\/www.yousanusb.com\/wp-content\/uploads\/2025\/12\/custom-metal-airplane-usb-flash-drive-12x12.jpg 12w, https:\/\/www.yousanusb.com\/wp-content\/uploads\/2025\/12\/custom-metal-airplane-usb-flash-drive-100x100.jpg 100w\" sizes=\"(max-width: 600px) 100vw, 600px\" \/><\/figure>\n<\/div>\n\n\n\n<div class=\"wp-block-column is-layout-flow wp-block-column-is-layout-flow\">\n<figure class=\"wp-block-image size-full\"><img decoding=\"async\" width=\"800\" height=\"800\" src=\"https:\/\/www.yousanusb.com\/wp-content\/uploads\/2025\/12\/10350470196_11421336.png\" alt=\"\" class=\"wp-image-25025\" srcset=\"https:\/\/www.yousanusb.com\/wp-content\/uploads\/2025\/12\/10350470196_11421336.png 800w, https:\/\/www.yousanusb.com\/wp-content\/uploads\/2025\/12\/10350470196_11421336-300x300.png 300w, https:\/\/www.yousanusb.com\/wp-content\/uploads\/2025\/12\/10350470196_11421336-150x150.png 150w, https:\/\/www.yousanusb.com\/wp-content\/uploads\/2025\/12\/10350470196_11421336-768x768.png 768w, https:\/\/www.yousanusb.com\/wp-content\/uploads\/2025\/12\/10350470196_11421336-12x12.png 12w, https:\/\/www.yousanusb.com\/wp-content\/uploads\/2025\/12\/10350470196_11421336-600x600.png 600w, https:\/\/www.yousanusb.com\/wp-content\/uploads\/2025\/12\/10350470196_11421336-100x100.png 100w\" sizes=\"(max-width: 800px) 100vw, 800px\" \/><\/figure>\n<\/div>\n<\/div>\n\n\n\n<h2 class=\"wp-block-heading\">Wie kann dieses USB-Laufwerk eine Verbindung mit den Benutzern herstellen?<\/h2>\n\n\n\n<div class=\"wp-block-columns is-layout-flex wp-container-core-columns-is-layout-3 wp-block-columns-is-layout-flex\">\n<div class=\"wp-block-column is-layout-flow wp-block-column-is-layout-flow\">\n<figure class=\"wp-block-image size-full\"><img loading=\"lazy\" decoding=\"async\" width=\"600\" height=\"600\" src=\"https:\/\/www.yousanusb.com\/wp-content\/uploads\/2025\/12\/metal-airplane-usb-drive-factory.jpg\" alt=\"\" class=\"wp-image-25009\" srcset=\"https:\/\/www.yousanusb.com\/wp-content\/uploads\/2025\/12\/metal-airplane-usb-drive-factory.jpg 600w, https:\/\/www.yousanusb.com\/wp-content\/uploads\/2025\/12\/metal-airplane-usb-drive-factory-300x300.jpg 300w, https:\/\/www.yousanusb.com\/wp-content\/uploads\/2025\/12\/metal-airplane-usb-drive-factory-150x150.jpg 150w, https:\/\/www.yousanusb.com\/wp-content\/uploads\/2025\/12\/metal-airplane-usb-drive-factory-12x12.jpg 12w, https:\/\/www.yousanusb.com\/wp-content\/uploads\/2025\/12\/metal-airplane-usb-drive-factory-100x100.jpg 100w\" sizes=\"(max-width: 600px) 100vw, 600px\" \/><\/figure>\n<\/div>\n\n\n\n<div class=\"wp-block-column is-vertically-aligned-center is-layout-flow wp-block-column-is-layout-flow\">\n<p>Der Designprozess rund um den Taipei International Airport USB Drive\" ist in zwei Szenarien unterteilt: Passagiersouvenirs und Partnergeschenke.<\/p>\n\n\n\n<p><strong>1. Souvenirs f\u00fcr Passagiere (Ansprache von Reisenden)<\/strong><\/p>\n\n\n\n<p>Einrichtung von \"Airport Exclusive Souvenir\"-Abholstellen an den Check-in-Schaltern f\u00fcr internationale Fl\u00fcge und in den Transit-Lounges, wo USB-Sticks an speziellen St\u00e4ndern ausgestellt werden;<\/p>\n\n\n\n<p>Abholvorgang: Die Passagiere legen ihre Bordkarte f\u00fcr den Flughafen Taipeh vor, scannen den QR-Code, um dem offiziellen WeChat-Account des Flughafens zu folgen, und holen dann das USB-Laufwerk ab; bei der Verteilung wird erkl\u00e4rt, dass das USB-Laufwerk hochaufl\u00f6sende Flughafenkarten und Rabattf\u00fchrer f\u00fcr Duty-Free-Gesch\u00e4fte enth\u00e4lt;<\/p>\n\n\n\n<p>Tiefes Engagement: Leiten Sie die Passagiere an, das USB-Laufwerk einzulegen, um die Materialien anzusehen. \u00dcber das offizielle Konto werden automatisch \"USB-exklusive Vorteile (z. B. schneller Zugang zu Sicherheitsreservierungen)\" angeboten. Wenn Sie sp\u00e4ter neue Flughafendienste \u00fcber den Account bewerben, verkn\u00fcpfen Sie dies mit \"Ihr Flug-USB kann mit den neuesten Anleitungen aktualisiert werden\", um die Erinnerung der Passagiere an die Wiederverwendbarkeit des USB zu verst\u00e4rken.<\/p>\n<\/div>\n<\/div>\n\n\n\n<div class=\"wp-block-columns is-layout-flex wp-container-core-columns-is-layout-4 wp-block-columns-is-layout-flex\">\n<div class=\"wp-block-column is-vertically-aligned-center is-layout-flow wp-block-column-is-layout-flow\">\n<p><strong>2. Partner-Souvenir-Geschenke (Engagement f\u00fcr Gesch\u00e4ftsreisende)<\/strong><\/p>\n\n\n\n<p>Zeitpunkt der Pr\u00e4sentation: Pers\u00f6nliche Vorstellung durch Verbindungspersonal unmittelbar nach Abschluss der Partnerschaftsverhandlungen zwischen dem Flughafen, den Fluggesellschaften und den H\u00e4ndlern.<\/p>\n\n\n\n<p>USB-Inhalt: Vorinstalliert mit den j\u00e4hrlichen Partnerschafts-Fallstudien des Flughafens Taipeh und den Handb\u00fcchern zu den neuen Strecken.<\/p>\n\n\n\n<p>Tiefes Engagement: Erkl\u00e4ren Sie bei der \u00dcbergabe: \"Dieses Handbuch enth\u00e4lt Informationen \u00fcber Partnerschaftsressourcen, die f\u00fcr Ihre Interessen relevant sind. K\u00fcnftige Aktualisierungen werden Ihnen per E-Mail zugeschickt. Senden Sie innerhalb von 24 Stunden eine E-Mail mit dem Titel \"Supplemental Partnership Materials on Your Flight USB\" (Zus\u00e4tzliche Partnerschaftsmaterialien auf Ihrem Flug-USB), um auf spezielle Bed\u00fcrfnisse einzugehen.<\/p>\n<\/div>\n\n\n\n<div class=\"wp-block-column is-layout-flow wp-block-column-is-layout-flow\">\n<figure class=\"wp-block-image size-full\"><img loading=\"lazy\" decoding=\"async\" width=\"800\" height=\"800\" src=\"https:\/\/www.yousanusb.com\/wp-content\/uploads\/2025\/12\/custom-airplane-usb-flash-drive-manufacture.jpg\" alt=\"\" class=\"wp-image-25007\" srcset=\"https:\/\/www.yousanusb.com\/wp-content\/uploads\/2025\/12\/custom-airplane-usb-flash-drive-manufacture.jpg 800w, https:\/\/www.yousanusb.com\/wp-content\/uploads\/2025\/12\/custom-airplane-usb-flash-drive-manufacture-300x300.jpg 300w, https:\/\/www.yousanusb.com\/wp-content\/uploads\/2025\/12\/custom-airplane-usb-flash-drive-manufacture-150x150.jpg 150w, https:\/\/www.yousanusb.com\/wp-content\/uploads\/2025\/12\/custom-airplane-usb-flash-drive-manufacture-768x768.jpg 768w, https:\/\/www.yousanusb.com\/wp-content\/uploads\/2025\/12\/custom-airplane-usb-flash-drive-manufacture-12x12.jpg 12w, https:\/\/www.yousanusb.com\/wp-content\/uploads\/2025\/12\/custom-airplane-usb-flash-drive-manufacture-600x600.jpg 600w, https:\/\/www.yousanusb.com\/wp-content\/uploads\/2025\/12\/custom-airplane-usb-flash-drive-manufacture-100x100.jpg 100w\" sizes=\"(max-width: 800px) 100vw, 800px\" \/><\/figure>\n<\/div>\n<\/div>","protected":false},"excerpt":{"rendered":"<ul>\n<li>Anpassbares Firmenlogo<\/li>\n<li>Anpassbare Farben<\/li>\n<li>Optionen mit 16-64 GB Kapazit\u00e4t verf\u00fcgbar<\/li>\n<li>Kompatibel mit den g\u00e4ngigsten Ger\u00e4tesystemen<\/li>\n<li>MOQ:100St\u00fcck<\/li>\n<\/ul>","protected":false},"featured_media":25031,"comment_status":"open","ping_status":"closed","template":"","meta":{"_seopress_robots_primary_cat":"none","_seopress_titles_title":"","_seopress_titles_desc":"","_seopress_robots_index":""},"class_list":["post-25020","product","type-product","status-publish","has-post-thumbnail","hentry","product_cat-custom-usb-drive","product_cat-metal-usb-flash-drive","product_tag-pvc-airplane-usb-flash-drive"],"_links":{"self":[{"href":"https:\/\/www.yousanusb.com\/de\/wp-json\/wp\/v2\/product\/25020"}],"collection":[{"href":"https:\/\/www.yousanusb.com\/de\/wp-json\/wp\/v2\/product"}],"about":[{"href":"https:\/\/www.yousanusb.com\/de\/wp-json\/wp\/v2\/types\/product"}],"replies":[{"embeddable":true,"href":"https:\/\/www.yousanusb.com\/de\/wp-json\/wp\/v2\/comments?post=25020"}],"wp:featuredmedia":[{"embeddable":true,"href":"https:\/\/www.yousanusb.com\/de\/wp-json\/wp\/v2\/media\/25031"}],"wp:attachment":[{"href":"https:\/\/www.yousanusb.com\/de\/wp-json\/wp\/v2\/media?parent=25020"}],"curies":[{"name":"wp","href":"https:\/\/api.w.org\/{rel}","templated":true}]}}