{"id":25033,"date":"2025-12-04T08:07:51","date_gmt":"2025-12-04T08:07:51","guid":{"rendered":"https:\/\/www.yousanusb.com\/?post_type=product&#038;p=25033"},"modified":"2025-12-16T13:35:08","modified_gmt":"2025-12-16T13:35:08","slug":"orange-shaped-usb-flash-drive","status":"publish","type":"product","link":"https:\/\/www.yousanusb.com\/de\/product\/orange-shaped-usb-flash-drive\/","title":{"rendered":"Orangefarbenes USB-Flash-Laufwerk"},"content":{"rendered":"<p>Dieser orangefarbene USB-Stick ist eine perfekte Nachbildung einer frischen Mandarine! Sein runder, orangefarbener K\u00f6rper ist aus weichem PVC-Gummi gefertigt und weist realistische Orangenschalenstrukturen auf, die sich weich und glatt anf\u00fchlen und eine matte Oberfl\u00e4che haben. Dank der geteilten \u00d6ffnung l\u00e4sst er sich wie eine ganze kleine Mandarine schlie\u00dfen, deren pralle Form einfach hinrei\u00dfend ist.<\/p>\n\n\n\n<div class=\"wp-block-columns is-layout-flex wp-container-core-columns-is-layout-1 wp-block-columns-is-layout-flex\">\n<div class=\"wp-block-column is-layout-flow wp-block-column-is-layout-flow\">\n<figure class=\"wp-block-image size-full\"><img fetchpriority=\"high\" decoding=\"async\" width=\"800\" height=\"792\" src=\"https:\/\/www.yousanusb.com\/wp-content\/uploads\/2025\/12\/Orange-shaped-USB-drive.jpg\" alt=\"\" class=\"wp-image-25036\" srcset=\"https:\/\/www.yousanusb.com\/wp-content\/uploads\/2025\/12\/Orange-shaped-USB-drive.jpg 800w, https:\/\/www.yousanusb.com\/wp-content\/uploads\/2025\/12\/Orange-shaped-USB-drive-300x297.jpg 300w, https:\/\/www.yousanusb.com\/wp-content\/uploads\/2025\/12\/Orange-shaped-USB-drive-150x150.jpg 150w, https:\/\/www.yousanusb.com\/wp-content\/uploads\/2025\/12\/Orange-shaped-USB-drive-768x760.jpg 768w, https:\/\/www.yousanusb.com\/wp-content\/uploads\/2025\/12\/Orange-shaped-USB-drive-12x12.jpg 12w, https:\/\/www.yousanusb.com\/wp-content\/uploads\/2025\/12\/Orange-shaped-USB-drive-600x594.jpg 600w, https:\/\/www.yousanusb.com\/wp-content\/uploads\/2025\/12\/Orange-shaped-USB-drive-100x100.jpg 100w\" sizes=\"(max-width: 800px) 100vw, 800px\" \/><\/figure>\n<\/div>\n\n\n\n<div class=\"wp-block-column is-vertically-aligned-center is-layout-flow wp-block-column-is-layout-flow\">\n<p>Die Oberfl\u00e4che ist mit frischen gr\u00fcnen Bl\u00e4ttern verziert, und am Ende h\u00e4ngt ein sternf\u00f6rmiger Schl\u00fcsselanh\u00e4nger, den man mit einer Kordel an Schl\u00fcsseln oder einem Federm\u00e4ppchen befestigen kann.<\/p>\n\n\n\n<p>Er fungiert sowohl als USB-Laufwerk als auch als s\u00fc\u00dfes kleines Schmuckst\u00fcck, so dass man das Gef\u00fchl hat, eine \"kleine Orange\" in der Tasche zu tragen.<\/p>\n<\/div>\n<\/div>\n\n\n\n<p>Passt perfekt zur Identit\u00e4t der Marke mit dem Thema Obst: Ideal als Werbegeschenk bei Markenausstellungen oder Produkteinf\u00fchrungen, zum Speichern von Markenerz\u00e4hlungen oder Produkthandb\u00fcchern.<\/p>\n\n\n\n<div class=\"wp-block-columns is-layout-flex wp-container-core-columns-is-layout-2 wp-block-columns-is-layout-flex\">\n<div class=\"wp-block-column is-vertically-aligned-center is-layout-flow wp-block-column-is-layout-flow\">\n<p>Kreativmarkt: Geben Sie \u00a568 oder mehr in einer einzigen Transaktion aus und Sie erhalten einen kostenlosen orangefarbenen 16-GB-USB-Stick (mit Ihrem Spitznamen oder einem kleinen Design, mit kostenloser Gravur vor Ort).<\/p>\n\n\n\n<p>Obst-Supermarkt: Beim Kauf von 3 Jin Orangen oder einer Geschenkbox mit Sommerfr\u00fcchten erhalten Sie einen passenden USB-Stick (mit vorinstallierten \"Sommerfrucht-Eisgetr\u00e4nke-Rezepten\" - praktisch und saisonal).<\/p>\n<\/div>\n\n\n\n<div class=\"wp-block-column is-layout-flow wp-block-column-is-layout-flow\">\n<figure class=\"wp-block-image size-full\"><img decoding=\"async\" width=\"800\" height=\"800\" src=\"https:\/\/www.yousanusb.com\/wp-content\/uploads\/2025\/12\/Orange-shaped-USB-flash-drive.jpg\" alt=\"\" class=\"wp-image-25037\" srcset=\"https:\/\/www.yousanusb.com\/wp-content\/uploads\/2025\/12\/Orange-shaped-USB-flash-drive.jpg 800w, https:\/\/www.yousanusb.com\/wp-content\/uploads\/2025\/12\/Orange-shaped-USB-flash-drive-300x300.jpg 300w, https:\/\/www.yousanusb.com\/wp-content\/uploads\/2025\/12\/Orange-shaped-USB-flash-drive-150x150.jpg 150w, https:\/\/www.yousanusb.com\/wp-content\/uploads\/2025\/12\/Orange-shaped-USB-flash-drive-768x768.jpg 768w, https:\/\/www.yousanusb.com\/wp-content\/uploads\/2025\/12\/Orange-shaped-USB-flash-drive-12x12.jpg 12w, https:\/\/www.yousanusb.com\/wp-content\/uploads\/2025\/12\/Orange-shaped-USB-flash-drive-600x600.jpg 600w, https:\/\/www.yousanusb.com\/wp-content\/uploads\/2025\/12\/Orange-shaped-USB-flash-drive-100x100.jpg 100w\" sizes=\"(max-width: 800px) 100vw, 800px\" \/><\/figure>\n<\/div>\n<\/div>","protected":false},"excerpt":{"rendered":"<ul>\n<li>Orangefarbenes USB-Flash-Laufwerk<\/li>\n<li>PVC-Material<\/li>\n<li>Benutzerdefiniertes Logo<\/li>\n<li>1GB-256GB Kapazit\u00e4t<\/li>\n<li>MOQ:100St\u00fcck<\/li>\n<\/ul>","protected":false},"featured_media":25036,"comment_status":"open","ping_status":"closed","template":"","meta":{"_seopress_robots_primary_cat":"","_seopress_titles_title":"Orange-shaped USB Flash drive","_seopress_titles_desc":"This orange USB drive is a perfect replica of a fresh tangerine! Its round, orange-hued body is crafted from soft PVC rubber, featuring realistic orange peel textures that feel soft and smooth to the touch with a matte finish. The split-open design allows it to close like a whole little tangerine, its plump shape utterly adorable.","_seopress_robots_index":""},"class_list":["post-25033","product","type-product","status-publish","has-post-thumbnail","hentry","product_cat-custom-usb-drive","product_tag-food-usb-flash-drive","product_tag-fruit-usb-flash-drive"],"_links":{"self":[{"href":"https:\/\/www.yousanusb.com\/de\/wp-json\/wp\/v2\/product\/25033"}],"collection":[{"href":"https:\/\/www.yousanusb.com\/de\/wp-json\/wp\/v2\/product"}],"about":[{"href":"https:\/\/www.yousanusb.com\/de\/wp-json\/wp\/v2\/types\/product"}],"replies":[{"embeddable":true,"href":"https:\/\/www.yousanusb.com\/de\/wp-json\/wp\/v2\/comments?post=25033"}],"wp:featuredmedia":[{"embeddable":true,"href":"https:\/\/www.yousanusb.com\/de\/wp-json\/wp\/v2\/media\/25036"}],"wp:attachment":[{"href":"https:\/\/www.yousanusb.com\/de\/wp-json\/wp\/v2\/media?parent=25033"}],"curies":[{"name":"wp","href":"https:\/\/api.w.org\/{rel}","templated":true}]}}