{"id":25049,"date":"2025-12-04T13:58:53","date_gmt":"2025-12-04T13:58:53","guid":{"rendered":"https:\/\/www.yousanusb.com\/?post_type=product&#038;p=25049"},"modified":"2025-12-27T02:20:45","modified_gmt":"2025-12-27T02:20:45","slug":"custom-pvc-airplane-3d-soft-rubber-usb-flash-drive","status":"publish","type":"product","link":"https:\/\/www.yousanusb.com\/de\/product\/custom-pvc-airplane-3d-soft-rubber-usb-flash-drive\/","title":{"rendered":"Benutzerdefinierte PVC-Flugzeug 3D Weichgummi USB-Flash-Laufwerk"},"content":{"rendered":"<p>Dieses USB-Laufwerk ist mit einem Flugzeugdesign versehen, das von der oneworld-Allianz inspiriert ist, und positioniert sich als unverwechselbares Speicherger\u00e4t in der Branche.<\/p>\n\n\n\n<div class=\"wp-block-columns is-layout-flex wp-container-core-columns-is-layout-1 wp-block-columns-is-layout-flex\">\n<div class=\"wp-block-column is-layout-flow wp-block-column-is-layout-flow\">\n<figure class=\"wp-block-image size-full\"><img fetchpriority=\"high\" decoding=\"async\" width=\"800\" height=\"800\" src=\"https:\/\/www.yousanusb.com\/wp-content\/uploads\/2025\/12\/airplane-flash-drive.jpg\" alt=\"\" class=\"wp-image-25052\" srcset=\"https:\/\/www.yousanusb.com\/wp-content\/uploads\/2025\/12\/airplane-flash-drive.jpg 800w, https:\/\/www.yousanusb.com\/wp-content\/uploads\/2025\/12\/airplane-flash-drive-300x300.jpg 300w, https:\/\/www.yousanusb.com\/wp-content\/uploads\/2025\/12\/airplane-flash-drive-150x150.jpg 150w, https:\/\/www.yousanusb.com\/wp-content\/uploads\/2025\/12\/airplane-flash-drive-768x768.jpg 768w, https:\/\/www.yousanusb.com\/wp-content\/uploads\/2025\/12\/airplane-flash-drive-12x12.jpg 12w, https:\/\/www.yousanusb.com\/wp-content\/uploads\/2025\/12\/airplane-flash-drive-600x600.jpg 600w, https:\/\/www.yousanusb.com\/wp-content\/uploads\/2025\/12\/airplane-flash-drive-100x100.jpg 100w\" sizes=\"(max-width: 800px) 100vw, 800px\" \/><\/figure>\n<\/div>\n\n\n\n<div class=\"wp-block-column is-vertically-aligned-center is-layout-flow wp-block-column-is-layout-flow\">\n<p>Das Design dieses USB-Sticks ist von den Heckflossenlogos der Mitgliedsgesellschaften wie British Airways und Malaysia Airlines inspiriert. Jedes Design beh\u00e4lt die Rumpfidentit\u00e4t der Fluggesellschaft bei, w\u00e4hrend das Logo der Oneworld-Allianz integriert wird. Dies bietet vielseitige Branding-Optionen, die nahtlos Themen der Luftfahrtindustrie mit marketingorientiertem Design verbinden.<\/p>\n\n\n\n<p>Er ist aus strapazierf\u00e4higem Weich-PVC-Verbundmaterial mit hervorragender Abriebfestigkeit gefertigt und bietet eine Speicherkapazit\u00e4t von 16 GB bis 64 GB sowie volle Kompatibilit\u00e4t mit den meisten Betriebssystemen f\u00fcr echte Plug-and-Play-Funktionalit\u00e4t. Individuell anpassbare, vorinstallierte Inhalte - darunter Servicehandb\u00fccher von Fluggesellschaften, Routeninformationen und markenspezifische Materialien - erh\u00f6hen den praktischen Wert f\u00fcr die Nutzer.<\/p>\n<\/div>\n<\/div>\n\n\n\n<div class=\"wp-block-columns is-layout-flex wp-container-core-columns-is-layout-2 wp-block-columns-is-layout-flex\">\n<div class=\"wp-block-column is-vertically-aligned-center is-layout-flow wp-block-column-is-layout-flow\">\n<h2 class=\"wp-block-heading\">Dieses USB-Laufwerk ist f\u00fcr die folgenden Szenarien geeignet:<\/h2>\n\n\n\n<ol class=\"wp-block-list\">\n<li>Mitgliedsgesellschaften der Oneworld-Allianz: Als Mitarbeiterbeteiligung oder Vielfliegergeschenk zur St\u00e4rkung der Markenbekanntheit der Allianz;<\/li>\n\n\n\n<li>Luftfahrt-Dienstleistungsunternehmen: Verhandlungsgeschenke, die auf die Luftfahrtindustrie abgestimmt sind und die Relevanz der Partnerschaft erh\u00f6hen;<\/li>\n\n\n\n<li>Ausstellungen zum Thema Luftfahrt: Messe-Giveaways, die das Thema der Veranstaltung erg\u00e4nzen und die Sichtbarkeit des Standes erh\u00f6hen;<\/li>\n\n\n\n<li>Veranstaltungen zur Wertsch\u00e4tzung der Kunden einer Fluggesellschaft: Verteilt an Premium-Reisende, um praktische Bed\u00fcrfnisse bei Flugreisen zu erf\u00fcllen.<\/li>\n<\/ol>\n<\/div>\n\n\n\n<div class=\"wp-block-column is-layout-flow wp-block-column-is-layout-flow\">\n<figure class=\"wp-block-image size-full\"><img decoding=\"async\" width=\"800\" height=\"800\" src=\"https:\/\/www.yousanusb.com\/wp-content\/uploads\/2025\/12\/custom-PVC-airplane-usb-flash-drive.jpg\" alt=\"\" class=\"wp-image-25055\" srcset=\"https:\/\/www.yousanusb.com\/wp-content\/uploads\/2025\/12\/custom-PVC-airplane-usb-flash-drive.jpg 800w, https:\/\/www.yousanusb.com\/wp-content\/uploads\/2025\/12\/custom-PVC-airplane-usb-flash-drive-300x300.jpg 300w, https:\/\/www.yousanusb.com\/wp-content\/uploads\/2025\/12\/custom-PVC-airplane-usb-flash-drive-150x150.jpg 150w, https:\/\/www.yousanusb.com\/wp-content\/uploads\/2025\/12\/custom-PVC-airplane-usb-flash-drive-768x768.jpg 768w, https:\/\/www.yousanusb.com\/wp-content\/uploads\/2025\/12\/custom-PVC-airplane-usb-flash-drive-12x12.jpg 12w, https:\/\/www.yousanusb.com\/wp-content\/uploads\/2025\/12\/custom-PVC-airplane-usb-flash-drive-600x600.jpg 600w, https:\/\/www.yousanusb.com\/wp-content\/uploads\/2025\/12\/custom-PVC-airplane-usb-flash-drive-100x100.jpg 100w\" sizes=\"(max-width: 800px) 100vw, 800px\" \/><\/figure>\n<\/div>\n<\/div>\n\n\n\n<h2 class=\"wp-block-heading\">Designprozess f\u00fcr Mitgliedsgesellschaften der Oneworld-Allianz als Mitarbeiterbonus oder Vielfliegergeschenk:<\/h2>\n\n\n\n<div class=\"wp-block-columns is-layout-flex wp-container-core-columns-is-layout-3 wp-block-columns-is-layout-flex\">\n<div class=\"wp-block-column is-vertically-aligned-center is-layout-flow wp-block-column-is-layout-flow\">\n<h3 class=\"wp-block-heading\">1. Alliance Airline Employee Benefits Programm<\/h3>\n\n\n\n<p><strong>Zeitplan f\u00fcr die Verteilung<\/strong>: Einweisung der Mitarbeiter, Jubil\u00e4en von Fluggesellschaften und Feierlichkeiten zu Meilensteinen.<\/p>\n\n\n\n<p><strong>Anspruchsprozess<\/strong>: Die Mitarbeiter registrieren sich \u00fcber das HR-System der Fluggesellschaft. Bei der Verteilung wird jeder USB-Stick mit dem Hinweis versehen, dass er den Oneworld Alliance Cross-Airline Employee Benefit Guide enth\u00e4lt, einschlie\u00dflich interner Ticketrabatte und Lounge-Zugang.<\/p>\n\n\n\n<p><strong>Fortlaufender Wert<\/strong>: Die Mitarbeiter nutzen den USB, um auf die Vorteile zuzugreifen, wobei neue Aktualisierungen der Allianz regelm\u00e4\u00dfig \u00fcber das interne OA-System in einen speziellen Ordner hochgeladen werden. Dadurch wird der USB zu einer dauerhaften Ressource f\u00fcr Allianzvorteile und st\u00e4rkt das Zugeh\u00f6rigkeitsgef\u00fchl der Mitarbeiter zur Allianzmarke.<\/p>\n<\/div>\n\n\n\n<div class=\"wp-block-column is-layout-flow wp-block-column-is-layout-flow\">\n<figure class=\"wp-block-image size-full\"><img decoding=\"async\" width=\"800\" height=\"800\" src=\"https:\/\/www.yousanusb.com\/wp-content\/uploads\/2025\/12\/British-Airways-airplane-USB-flash-drive-1.jpeg\" alt=\"\" class=\"wp-image-25054\" srcset=\"https:\/\/www.yousanusb.com\/wp-content\/uploads\/2025\/12\/British-Airways-airplane-USB-flash-drive-1.jpeg 800w, https:\/\/www.yousanusb.com\/wp-content\/uploads\/2025\/12\/British-Airways-airplane-USB-flash-drive-1-300x300.jpeg 300w, https:\/\/www.yousanusb.com\/wp-content\/uploads\/2025\/12\/British-Airways-airplane-USB-flash-drive-1-150x150.jpeg 150w, https:\/\/www.yousanusb.com\/wp-content\/uploads\/2025\/12\/British-Airways-airplane-USB-flash-drive-1-768x768.jpeg 768w, https:\/\/www.yousanusb.com\/wp-content\/uploads\/2025\/12\/British-Airways-airplane-USB-flash-drive-1-12x12.jpeg 12w, https:\/\/www.yousanusb.com\/wp-content\/uploads\/2025\/12\/British-Airways-airplane-USB-flash-drive-1-600x600.jpeg 600w, https:\/\/www.yousanusb.com\/wp-content\/uploads\/2025\/12\/British-Airways-airplane-USB-flash-drive-1-100x100.jpeg 100w\" sizes=\"(max-width: 800px) 100vw, 800px\" \/><\/figure>\n<\/div>\n<\/div>\n\n\n\n<div class=\"wp-block-columns is-layout-flex wp-container-core-columns-is-layout-4 wp-block-columns-is-layout-flex\">\n<div class=\"wp-block-column is-layout-flow wp-block-column-is-layout-flow\">\n<figure class=\"wp-block-image size-full\"><img fetchpriority=\"high\" decoding=\"async\" width=\"800\" height=\"800\" src=\"https:\/\/www.yousanusb.com\/wp-content\/uploads\/2025\/12\/airplane-flash-drive.jpg\" alt=\"\" class=\"wp-image-25052\" srcset=\"https:\/\/www.yousanusb.com\/wp-content\/uploads\/2025\/12\/airplane-flash-drive.jpg 800w, https:\/\/www.yousanusb.com\/wp-content\/uploads\/2025\/12\/airplane-flash-drive-300x300.jpg 300w, https:\/\/www.yousanusb.com\/wp-content\/uploads\/2025\/12\/airplane-flash-drive-150x150.jpg 150w, https:\/\/www.yousanusb.com\/wp-content\/uploads\/2025\/12\/airplane-flash-drive-768x768.jpg 768w, https:\/\/www.yousanusb.com\/wp-content\/uploads\/2025\/12\/airplane-flash-drive-12x12.jpg 12w, https:\/\/www.yousanusb.com\/wp-content\/uploads\/2025\/12\/airplane-flash-drive-600x600.jpg 600w, https:\/\/www.yousanusb.com\/wp-content\/uploads\/2025\/12\/airplane-flash-drive-100x100.jpg 100w\" sizes=\"(max-width: 800px) 100vw, 800px\" \/><\/figure>\n<\/div>\n\n\n\n<div class=\"wp-block-column is-vertically-aligned-center is-layout-flow wp-block-column-is-layout-flow\">\n<h3 class=\"wp-block-heading\">Geschenk f\u00fcr Elite Alliance-Mitglieder: USB-Laufwerk<\/h3>\n\n\n\n<p><strong>Vertrieb<\/strong>:<\/p>\n\n\n\n<p>F\u00fcr Elite-Mitglieder der Business\/First Class an den Service-Schaltern der Flugh\u00e4fen bei Erreichen von Programm-Meilenschwellen (z. B. Silver Card-Status).<\/p>\n<\/div>\n<\/div>\n\n\n\n<p><strong>Prozess der Einl\u00f6sung<\/strong>:<\/p>\n\n\n\n<ol class=\"wp-block-list\">\n<li>Mitglieder m\u00fcssen ihren Elite-Status best\u00e4tigen, um den USB zu erhalten.<\/li>\n\n\n\n<li>Die Mitarbeiter erkl\u00e4ren:&nbsp;<em>\"Dieser USB-Stick ist mit Oneworld-Interline-Rabatten und weltweitem Lounge-Zugang ausgestattet.\"<\/em><\/li>\n\n\n\n<li>Leiten Sie die Mitglieder an, einen QR-Code zu scannen, um ihre Mitgliedschaft zu verkn\u00fcpfen und sich f\u00fcr Flugrabatt-Updates per SMS zu entscheiden.<\/li>\n<\/ol>\n\n\n\n<p>Dadurch wird der USB f\u00fcr die Inanspruchnahme von Allianzvorteilen noch praktischer, was die Loyalit\u00e4t der Mitglieder st\u00e4rkt.<\/p>","protected":false},"excerpt":{"rendered":"<ul>\n<li>Design und Logo der neuen Weltfluggesellschaft<\/li>\n<li>PVC-Weichgummi, sto\u00dffest<\/li>\n<li>Serien mit mehreren Fluggesellschaften<\/li>\n<li>Optionen f\u00fcr 16-64 GB Kapazit\u00e4t<\/li>\n<li>Kompatibel mit den g\u00e4ngigsten Ger\u00e4tesystemen<\/li>\n<li>Vorbest\u00fcckbar mit Airline-exklusiven Materialien<\/li>\n<li>MOQ:100St\u00fcck<\/li>\n<\/ul>","protected":false},"featured_media":25053,"comment_status":"open","ping_status":"closed","template":"","meta":{"_seopress_robots_primary_cat":"none","_seopress_titles_title":"","_seopress_titles_desc":"","_seopress_robots_index":""},"class_list":["post-25049","product","type-product","status-publish","has-post-thumbnail","hentry","product_cat-custom-usb-drive","product_tag-pvc-airplane-usb-flash-drive"],"_links":{"self":[{"href":"https:\/\/www.yousanusb.com\/de\/wp-json\/wp\/v2\/product\/25049"}],"collection":[{"href":"https:\/\/www.yousanusb.com\/de\/wp-json\/wp\/v2\/product"}],"about":[{"href":"https:\/\/www.yousanusb.com\/de\/wp-json\/wp\/v2\/types\/product"}],"replies":[{"embeddable":true,"href":"https:\/\/www.yousanusb.com\/de\/wp-json\/wp\/v2\/comments?post=25049"}],"wp:featuredmedia":[{"embeddable":true,"href":"https:\/\/www.yousanusb.com\/de\/wp-json\/wp\/v2\/media\/25053"}],"wp:attachment":[{"href":"https:\/\/www.yousanusb.com\/de\/wp-json\/wp\/v2\/media?parent=25049"}],"curies":[{"name":"wp","href":"https:\/\/api.w.org\/{rel}","templated":true}]}}