{"id":25056,"date":"2025-12-06T02:50:22","date_gmt":"2025-12-06T02:50:22","guid":{"rendered":"https:\/\/www.yousanusb.com\/?post_type=product&#038;p=25056"},"modified":"2025-12-27T02:09:58","modified_gmt":"2025-12-27T02:09:58","slug":"high-speed-rail-usb-flash-drive","status":"publish","type":"product","link":"https:\/\/www.yousanusb.com\/de\/product\/high-speed-rail-usb-flash-drive\/","title":{"rendered":"USB-Flash-Laufwerk f\u00fcr Hochgeschwindigkeitsz\u00fcge"},"content":{"rendered":"<p>Der Memory Stick stellt das Design des Fuxing-Hochgeschwindigkeitszuges in seiner tats\u00e4chlichen Form dar. Er ist eine miniaturisierte und leichte Version des Originaldesigns. Der USB-Stick funktioniert auch wie ein normales USB-Speicherlaufwerk.<\/p>\n\n\n\n<div class=\"wp-block-columns is-layout-flex wp-container-core-columns-is-layout-1 wp-block-columns-is-layout-flex\">\n<div class=\"wp-block-column is-layout-flow wp-block-column-is-layout-flow\">\n<figure class=\"wp-block-image size-full\"><img fetchpriority=\"high\" decoding=\"async\" width=\"800\" height=\"800\" src=\"https:\/\/www.yousanusb.com\/wp-content\/uploads\/2025\/12\/High-Speed-Rail-USB-Flash-Drive.jpg\" alt=\"\" class=\"wp-image-25061\" srcset=\"https:\/\/www.yousanusb.com\/wp-content\/uploads\/2025\/12\/High-Speed-Rail-USB-Flash-Drive.jpg 800w, https:\/\/www.yousanusb.com\/wp-content\/uploads\/2025\/12\/High-Speed-Rail-USB-Flash-Drive-300x300.jpg 300w, https:\/\/www.yousanusb.com\/wp-content\/uploads\/2025\/12\/High-Speed-Rail-USB-Flash-Drive-150x150.jpg 150w, https:\/\/www.yousanusb.com\/wp-content\/uploads\/2025\/12\/High-Speed-Rail-USB-Flash-Drive-768x768.jpg 768w, https:\/\/www.yousanusb.com\/wp-content\/uploads\/2025\/12\/High-Speed-Rail-USB-Flash-Drive-12x12.jpg 12w, https:\/\/www.yousanusb.com\/wp-content\/uploads\/2025\/12\/High-Speed-Rail-USB-Flash-Drive-600x600.jpg 600w, https:\/\/www.yousanusb.com\/wp-content\/uploads\/2025\/12\/High-Speed-Rail-USB-Flash-Drive-100x100.jpg 100w\" sizes=\"(max-width: 800px) 100vw, 800px\" \/><\/figure>\n<\/div>\n\n\n\n<div class=\"wp-block-column is-vertically-aligned-center is-layout-flow wp-block-column-is-layout-flow\">\n<h2 class=\"wp-block-heading\">Als Geschenk sind die wichtigsten Anwendungsszenarien die folgenden:<\/h2>\n\n\n\n<ul class=\"wp-block-list\">\n<li><strong>Eisenbahn- und Transit-Einheiten<\/strong>: Eisenbahnb\u00fcros und Hersteller von Ausr\u00fcstungen f\u00fcr den Schienenverkehr k\u00f6nnen diese Artikel als Willkommensgeschenke f\u00fcr ihre Mitarbeiter und als Zeichen der Wertsch\u00e4tzung f\u00fcr ihre Kunden verwenden.<\/li>\n\n\n\n<li><strong>Transport Ausstellungen<\/strong>: Ideal als Werbegeschenk f\u00fcr Aussteller auf Veranstaltungen wie der International Rail Transit Exhibition und der Urban Transport Construction Expo.<\/li>\n\n\n\n<li><strong>Firmengeschenke<\/strong>: Wird h\u00e4ufig von Logistik-, Fertigungs- und anderen transportbezogenen Branchen nach Gesch\u00e4ftsverhandlungen angeboten.<\/li>\n\n\n\n<li><strong>Campus Transport Bildung<\/strong>: Dient als Andenken f\u00fcr Hochgeschwindigkeits-Eisenbahnprogramme f\u00fcr Studenten der Naturwissenschaften und K-12-Verkehrsstudien, um das Verst\u00e4ndnis f\u00fcr Eisenbahnsysteme zu verbessern.<\/li>\n<\/ul>\n<\/div>\n<\/div>\n\n\n\n<h2 class=\"wp-block-heading\">Der USB-Stick-Verteilungsprozess auf Messen der Transportindustrie als Beispiel<\/h2>\n\n\n\n<div class=\"wp-block-columns is-layout-flex wp-container-core-columns-is-layout-2 wp-block-columns-is-layout-flex\">\n<div class=\"wp-block-column is-vertically-aligned-center is-layout-flow wp-block-column-is-layout-flow\">\n<h2 class=\"wp-block-heading\">1\u3001<strong>Booth-Engagement-Prozess f\u00fcr USB-Laufwerke f\u00fcr Hochgeschwindigkeitsz\u00fcge<\/strong><\/h2>\n\n\n\n<p><br><strong>Finale Nachbereitung<\/strong>: F\u00fcgen Sie bei der \u00dcbergabe des USB-Sticks und der Visitenkarte hinzu:\u00a0<em>\"Wenn Sie Fragen zur Produktzusammenarbeit oder technische Fragen haben, k\u00f6nnen Sie sich jederzeit an uns wenden - unsere engagierten Spezialisten werden sich innerhalb von 24 Stunden bei Ihnen melden.\"<\/em><br><\/p>\n\n\n\n<p><strong>Zone einrichten<\/strong>: Richten Sie einen \"Souvenir-Abholbereich\" am Stand ein, in dem USB-Stick-Muster f\u00fcr Hochgeschwindigkeitsz\u00fcge und Schilder mit folgenden Angaben ausgestellt werden:\u00a0<em>\"Kostenlose Abholung: Individuell gestaltete USB-Sticks zum Thema Schienenverkehr\"<\/em>.<\/p>\n\n\n\n<p><strong>Antwort auf Kundenanfragen<\/strong>: Wenn Besucher nach der Aktion fragen, erkl\u00e4ren Sie sie kurz:\u00a0<em>\"Dieser kundenspezifische USB-Stick f\u00fcr Hochgeschwindigkeitsz\u00fcge ist mit unseren Produkthandb\u00fcchern und Fallstudien vorinstalliert und bietet sowohl praktischen Nutzen als auch Erinnerungswert f\u00fcr die Branche.<\/em><\/p>\n\n\n\n<p><strong>Anleitung zur Registrierung<\/strong>: F\u00fchren Sie Besucher mit dieser Erkl\u00e4rung durch eine schnelle Registrierung (Name, Unternehmen, Kontaktinformationen):\u00a0<em>\"F\u00fcllen Sie die Registrierung aus, um Ihr USB-Laufwerk anzufordern, und wir senden Ihnen ein exklusives Messe-Ressourcenpaket f\u00fcr Ihre Unterlagen.<\/em><\/p>\n<\/div>\n\n\n\n<div class=\"wp-block-column is-layout-flow wp-block-column-is-layout-flow\">\n<figure class=\"wp-block-image size-full\"><img decoding=\"async\" width=\"800\" height=\"800\" src=\"https:\/\/www.yousanusb.com\/wp-content\/uploads\/2025\/12\/custom-rail-usb-flash-drive.jpg\" alt=\"\" class=\"wp-image-25060\" srcset=\"https:\/\/www.yousanusb.com\/wp-content\/uploads\/2025\/12\/custom-rail-usb-flash-drive.jpg 800w, https:\/\/www.yousanusb.com\/wp-content\/uploads\/2025\/12\/custom-rail-usb-flash-drive-300x300.jpg 300w, https:\/\/www.yousanusb.com\/wp-content\/uploads\/2025\/12\/custom-rail-usb-flash-drive-150x150.jpg 150w, https:\/\/www.yousanusb.com\/wp-content\/uploads\/2025\/12\/custom-rail-usb-flash-drive-768x768.jpg 768w, https:\/\/www.yousanusb.com\/wp-content\/uploads\/2025\/12\/custom-rail-usb-flash-drive-12x12.jpg 12w, https:\/\/www.yousanusb.com\/wp-content\/uploads\/2025\/12\/custom-rail-usb-flash-drive-600x600.jpg 600w, https:\/\/www.yousanusb.com\/wp-content\/uploads\/2025\/12\/custom-rail-usb-flash-drive-100x100.jpg 100w\" sizes=\"(max-width: 800px) 100vw, 800px\" \/><\/figure>\n<\/div>\n<\/div>\n\n\n\n<div class=\"wp-block-columns is-layout-flex wp-container-core-columns-is-layout-3 wp-block-columns-is-layout-flex\">\n<div class=\"wp-block-column is-layout-flow wp-block-column-is-layout-flow\">\n<figure class=\"wp-block-image size-full\"><img decoding=\"async\" width=\"800\" height=\"800\" src=\"https:\/\/www.yousanusb.com\/wp-content\/uploads\/2025\/12\/cool-train-usb-flash-drive.jpg\" alt=\"\" class=\"wp-image-25059\" srcset=\"https:\/\/www.yousanusb.com\/wp-content\/uploads\/2025\/12\/cool-train-usb-flash-drive.jpg 800w, https:\/\/www.yousanusb.com\/wp-content\/uploads\/2025\/12\/cool-train-usb-flash-drive-300x300.jpg 300w, https:\/\/www.yousanusb.com\/wp-content\/uploads\/2025\/12\/cool-train-usb-flash-drive-150x150.jpg 150w, https:\/\/www.yousanusb.com\/wp-content\/uploads\/2025\/12\/cool-train-usb-flash-drive-768x768.jpg 768w, https:\/\/www.yousanusb.com\/wp-content\/uploads\/2025\/12\/cool-train-usb-flash-drive-12x12.jpg 12w, https:\/\/www.yousanusb.com\/wp-content\/uploads\/2025\/12\/cool-train-usb-flash-drive-600x600.jpg 600w, https:\/\/www.yousanusb.com\/wp-content\/uploads\/2025\/12\/cool-train-usb-flash-drive-100x100.jpg 100w\" sizes=\"(max-width: 800px) 100vw, 800px\" \/><\/figure>\n<\/div>\n\n\n\n<div class=\"wp-block-column is-vertically-aligned-center is-layout-flow wp-block-column-is-layout-flow\">\n<h2 class=\"wp-block-heading\">2\u3001Nachbereitungsstrategie nach der Veranstaltung<\/h2>\n\n\n\n<p><strong>Langfristiges Engagement<\/strong>: Wir laden unsere Kunden ein, sich an Diskussionsgruppen der Branche zu beteiligen, in denen wir regelm\u00e4\u00dfig aktuelle Informationen \u00fcber den Schienenverkehr und neue Produkte austauschen, um die Kontakte zu pflegen.<\/p>\n\n\n\n<p><strong>Automatisierte 24-Stunden-Follow-up-Funktion<\/strong>: Senden Sie SMS\/E-Mails an alle registrierten Kunden:<em>\"Vielen Dank f\u00fcr Ihre Teilnahme an der Ausstellung XX. Ihr Hochgeschwindigkeits-USB-Laufwerk wurde geliefert, und Ihr individuelles Informationspaket ist beigef\u00fcgt. F\u00fcr weitere Details zur Zusammenarbeit k\u00f6nnen Sie uns gerne kontaktieren\".<\/em><\/p>\n\n\n\n<p><strong>Gezielte 3-t\u00e4gige Nachbereitung<\/strong>: Rufen Sie wichtige Kunden an (z. B. Eisenbahnverkehrsunternehmen, K\u00e4ufer von Ausr\u00fcstung) und fragen Sie nach:<em>\"Hat das erhaltene Hochgeschwindigkeits-USB-Laufwerk Ihre Erwartungen erf\u00fcllt? M\u00f6chten Sie eine ausf\u00fchrliche Einf\u00fchrung in unser XX Produkt\/L\u00f6sung?\"<\/em><\/p>\n<\/div>\n<\/div>","protected":false},"excerpt":{"rendered":"<ul>\n<li>Design f\u00fcr Hochgeschwindigkeitsz\u00fcge<\/li>\n<li>Schnelle Daten\u00fcbertragung<\/li>\n<li>Kompakt und tragbar<\/li>\n<li>Unterst\u00fctzt Unternehmensanpassungen<\/li>\n<li>Kompatibilit\u00e4t mit mehreren Szenarien<\/li>\n<li>MOQ:100St\u00fcck<\/li>\n<\/ul>","protected":false},"featured_media":25063,"comment_status":"open","ping_status":"closed","template":"","meta":{"_seopress_robots_primary_cat":"none","_seopress_titles_title":"","_seopress_titles_desc":"","_seopress_robots_index":""},"class_list":["post-25056","product","type-product","status-publish","has-post-thumbnail","hentry","product_cat-custom-usb-drive","product_tag-pvc-airplane-usb-flash-drive"],"_links":{"self":[{"href":"https:\/\/www.yousanusb.com\/de\/wp-json\/wp\/v2\/product\/25056"}],"collection":[{"href":"https:\/\/www.yousanusb.com\/de\/wp-json\/wp\/v2\/product"}],"about":[{"href":"https:\/\/www.yousanusb.com\/de\/wp-json\/wp\/v2\/types\/product"}],"replies":[{"embeddable":true,"href":"https:\/\/www.yousanusb.com\/de\/wp-json\/wp\/v2\/comments?post=25056"}],"wp:featuredmedia":[{"embeddable":true,"href":"https:\/\/www.yousanusb.com\/de\/wp-json\/wp\/v2\/media\/25063"}],"wp:attachment":[{"href":"https:\/\/www.yousanusb.com\/de\/wp-json\/wp\/v2\/media?parent=25056"}],"curies":[{"name":"wp","href":"https:\/\/api.w.org\/{rel}","templated":true}]}}