{"id":25076,"date":"2025-12-06T14:29:12","date_gmt":"2025-12-06T14:29:12","guid":{"rendered":"https:\/\/www.yousanusb.com\/?post_type=product&#038;p=25076"},"modified":"2025-12-27T02:06:28","modified_gmt":"2025-12-27T02:06:28","slug":"english-letter-shaped-usb-flash-drive","status":"publish","type":"product","link":"https:\/\/www.yousanusb.com\/de\/product\/english-letter-shaped-usb-flash-drive\/","title":{"rendered":"Englischer USB-Stick in Form eines Buchstabens"},"content":{"rendered":"<p>USB-Sticks, die nach Buchstaben der englischen Sprache gestaltet sind! Diese USB-Sticks bestehen aus 3D-Buchstabenformen, die einzigartige W\u00f6rter darstellen (z. B. CUSTOM oder den Namen einer Person). Sie sind in der Regel f\u00fcr die Verwendung als Schl\u00fcsselanh\u00e4nger konzipiert, bieten aber auch lustige Tiermotive und dekorative Optionen wie Symbole.<\/p>\n\n\n\n<div class=\"wp-block-columns is-layout-flex wp-container-core-columns-is-layout-1 wp-block-columns-is-layout-flex\">\n<div class=\"wp-block-column is-layout-flow wp-block-column-is-layout-flow\">\n<figure class=\"wp-block-image size-full\"><img fetchpriority=\"high\" decoding=\"async\" width=\"800\" height=\"800\" src=\"https:\/\/www.yousanusb.com\/wp-content\/uploads\/2025\/12\/English-Letter-Shaped-USB-Flash-Drive.jpg\" alt=\"\" class=\"wp-image-25082\" srcset=\"https:\/\/www.yousanusb.com\/wp-content\/uploads\/2025\/12\/English-Letter-Shaped-USB-Flash-Drive.jpg 800w, https:\/\/www.yousanusb.com\/wp-content\/uploads\/2025\/12\/English-Letter-Shaped-USB-Flash-Drive-300x300.jpg 300w, https:\/\/www.yousanusb.com\/wp-content\/uploads\/2025\/12\/English-Letter-Shaped-USB-Flash-Drive-150x150.jpg 150w, https:\/\/www.yousanusb.com\/wp-content\/uploads\/2025\/12\/English-Letter-Shaped-USB-Flash-Drive-768x768.jpg 768w, https:\/\/www.yousanusb.com\/wp-content\/uploads\/2025\/12\/English-Letter-Shaped-USB-Flash-Drive-12x12.jpg 12w, https:\/\/www.yousanusb.com\/wp-content\/uploads\/2025\/12\/English-Letter-Shaped-USB-Flash-Drive-600x600.jpg 600w, https:\/\/www.yousanusb.com\/wp-content\/uploads\/2025\/12\/English-Letter-Shaped-USB-Flash-Drive-100x100.jpg 100w\" sizes=\"(max-width: 800px) 100vw, 800px\" \/><\/figure>\n<\/div>\n\n\n\n<div class=\"wp-block-column is-vertically-aligned-center is-layout-flow wp-block-column-is-layout-flow\">\n<p>Klein und tragbar, sind sie nicht nur n\u00fctzliche Speicherger\u00e4te, sondern auch einzigartige kleine Accessoires! Wann sollte man diese USB-Flash-Laufwerke mit Buchstaben verwenden? Beispiel: Die Smart-Hardware-Marke LIGHT LIFE hat ein neues Produkt unter dem Motto \"Light &amp; Trendy Life\" vorgestellt.<\/p>\n<\/div>\n<\/div>\n\n\n\n<p><br><br>F\u00fcr die teilnehmenden Tech-Medien und Vertriebspartner wurden U-Scheiben mit dem Markenslogan \"LIGHT LIFE\" angefertigt. - Kundenspezifische Details: Die U-Disketten verwendeten die Hauptfarben der Marke (hellblau und wei\u00df) f\u00fcr die 3D-Buchstaben des Slogans \"LIGHT LIFE\". Auf jeder Diskette waren Unboxing-Videos, detaillierte technische Datenbl\u00e4tter und exklusive Richtlinien f\u00fcr die Zusammenarbeit mit den Partnern bei der Markteinf\u00fchrung enthalten.<\/p>\n\n\n\n<div class=\"wp-block-columns is-layout-flex wp-container-core-columns-is-layout-2 wp-block-columns-is-layout-flex\">\n<div class=\"wp-block-column is-layout-flow wp-block-column-is-layout-flow\">\n<figure class=\"wp-block-image size-full\"><img decoding=\"async\" width=\"800\" height=\"800\" src=\"https:\/\/www.yousanusb.com\/wp-content\/uploads\/2025\/12\/Custom-Letter-USB-Drive.jpg\" alt=\"\" class=\"wp-image-25081\" srcset=\"https:\/\/www.yousanusb.com\/wp-content\/uploads\/2025\/12\/Custom-Letter-USB-Drive.jpg 800w, https:\/\/www.yousanusb.com\/wp-content\/uploads\/2025\/12\/Custom-Letter-USB-Drive-300x300.jpg 300w, https:\/\/www.yousanusb.com\/wp-content\/uploads\/2025\/12\/Custom-Letter-USB-Drive-150x150.jpg 150w, https:\/\/www.yousanusb.com\/wp-content\/uploads\/2025\/12\/Custom-Letter-USB-Drive-768x768.jpg 768w, https:\/\/www.yousanusb.com\/wp-content\/uploads\/2025\/12\/Custom-Letter-USB-Drive-12x12.jpg 12w, https:\/\/www.yousanusb.com\/wp-content\/uploads\/2025\/12\/Custom-Letter-USB-Drive-600x600.jpg 600w, https:\/\/www.yousanusb.com\/wp-content\/uploads\/2025\/12\/Custom-Letter-USB-Drive-100x100.jpg 100w\" sizes=\"(max-width: 800px) 100vw, 800px\" \/><\/figure>\n<\/div>\n\n\n\n<div class=\"wp-block-column is-layout-flow wp-block-column-is-layout-flow\">\n<figure class=\"wp-block-image size-full\"><img decoding=\"async\" width=\"800\" height=\"800\" src=\"https:\/\/www.yousanusb.com\/wp-content\/uploads\/2025\/12\/Alphabet-shaped-USB-Stick.jpg\" alt=\"\" class=\"wp-image-25079\" srcset=\"https:\/\/www.yousanusb.com\/wp-content\/uploads\/2025\/12\/Alphabet-shaped-USB-Stick.jpg 800w, https:\/\/www.yousanusb.com\/wp-content\/uploads\/2025\/12\/Alphabet-shaped-USB-Stick-300x300.jpg 300w, https:\/\/www.yousanusb.com\/wp-content\/uploads\/2025\/12\/Alphabet-shaped-USB-Stick-150x150.jpg 150w, https:\/\/www.yousanusb.com\/wp-content\/uploads\/2025\/12\/Alphabet-shaped-USB-Stick-768x768.jpg 768w, https:\/\/www.yousanusb.com\/wp-content\/uploads\/2025\/12\/Alphabet-shaped-USB-Stick-12x12.jpg 12w, https:\/\/www.yousanusb.com\/wp-content\/uploads\/2025\/12\/Alphabet-shaped-USB-Stick-600x600.jpg 600w, https:\/\/www.yousanusb.com\/wp-content\/uploads\/2025\/12\/Alphabet-shaped-USB-Stick-100x100.jpg 100w\" sizes=\"(max-width: 800px) 100vw, 800px\" \/><\/figure>\n<\/div>\n<\/div>\n\n\n\n<ul class=\"wp-block-list\">\n<li><strong>Verwendung vor Ort: <\/strong>Sie werden beim Einchecken als Souvenir \u00fcberreicht. Der Gastgeber erw\u00e4hnte auch in der interaktiven Sitzung: \"Auf diesem 'Brief-Memory-Stick' sind alle neuen Produktinfos gespeichert - superpraktisch, um sp\u00e4ter Rezensionen zu schreiben oder zusammenzuarbeiten!\"<\/li>\n\n\n\n<li><strong>Wert:<\/strong> Die Medien k\u00f6nnen beim Verfassen von Rezensionen direkt die offiziellen Materialien im USB-Stick verwenden. Die Partner tragen den USB-Stick mit den Buchstaben in der t\u00e4glichen Kommunikation und zeigen den Markenslogan auf nat\u00fcrliche Weise ihren Mitmenschen - es ist wie eine mobile Markendarstellung!<\/li>\n<\/ul>\n\n\n\n<p><\/p>","protected":false},"excerpt":{"rendered":"<ul>\n<li>Englisch Letter Shaped<\/li>\n<li>USB-Flash-Laufwerk<\/li>\n<li>PVC-Material<\/li>\n<li>Csutom gemacht<\/li>\n<li>MOQ:100St\u00fcck<\/li>\n<\/ul>","protected":false},"featured_media":25082,"comment_status":"open","ping_status":"closed","template":"","meta":{"_seopress_robots_primary_cat":"none","_seopress_titles_title":"English Letter Shaped USB Flash Drive","_seopress_titles_desc":"Custom usb flash drive shaped like English letters! They\u2019re made of colorful 3D letters that spell words (like \"CUSTOM\" or a personal name). Most have a keychain design, plus cute icons or animal decorations.","_seopress_robots_index":""},"class_list":["post-25076","product","type-product","status-publish","has-post-thumbnail","hentry","product_cat-custom-usb-drive"],"_links":{"self":[{"href":"https:\/\/www.yousanusb.com\/de\/wp-json\/wp\/v2\/product\/25076"}],"collection":[{"href":"https:\/\/www.yousanusb.com\/de\/wp-json\/wp\/v2\/product"}],"about":[{"href":"https:\/\/www.yousanusb.com\/de\/wp-json\/wp\/v2\/types\/product"}],"replies":[{"embeddable":true,"href":"https:\/\/www.yousanusb.com\/de\/wp-json\/wp\/v2\/comments?post=25076"}],"wp:featuredmedia":[{"embeddable":true,"href":"https:\/\/www.yousanusb.com\/de\/wp-json\/wp\/v2\/media\/25082"}],"wp:attachment":[{"href":"https:\/\/www.yousanusb.com\/de\/wp-json\/wp\/v2\/media?parent=25076"}],"curies":[{"name":"wp","href":"https:\/\/api.w.org\/{rel}","templated":true}]}}