{"id":25083,"date":"2025-12-06T14:39:52","date_gmt":"2025-12-06T14:39:52","guid":{"rendered":"https:\/\/www.yousanusb.com\/?post_type=product&#038;p=25083"},"modified":"2025-12-27T02:04:14","modified_gmt":"2025-12-27T02:04:14","slug":"bicycle-usb-drive-bike-shaped-usb-flash-drive","status":"publish","type":"product","link":"https:\/\/www.yousanusb.com\/de\/product\/bicycle-usb-drive-bike-shaped-usb-flash-drive\/","title":{"rendered":"Fahrrad-USB-Laufwerk\/Fahrrad-USB-Flash-Laufwerk"},"content":{"rendered":"<p>Dieses Cartoon-Fahrrad-USB-Laufwerk ist vom klassischen Fahrrad inspiriert und wurde aus flexiblem, verschlei\u00dffestem PVC-Weichgummi detailgetreu nachgebildet: Der geschwungene Lenker ist scharf definiert und dynamisch, das Kettenblatt und die Pedalstruktur sind authentisch nachgebildet, und die schwarzen Felgen mit hellbraunen Zierleisten weisen eine raffinierte Struktur auf. Hellblaue Akzente zieren den sauberen wei\u00dfen K\u00f6rper und sorgen f\u00fcr einen frischen und lebendigen Look.<\/p>\n\n\n\n<div class=\"wp-block-columns is-layout-flex wp-container-core-columns-is-layout-1 wp-block-columns-is-layout-flex\">\n<div class=\"wp-block-column is-layout-flow wp-block-column-is-layout-flow\">\n<figure class=\"wp-block-image size-full\"><img fetchpriority=\"high\" decoding=\"async\" width=\"800\" height=\"800\" src=\"https:\/\/www.yousanusb.com\/wp-content\/uploads\/2025\/12\/Bike-USB-Flash-Drive.jpg\" alt=\"\" class=\"wp-image-25087\" srcset=\"https:\/\/www.yousanusb.com\/wp-content\/uploads\/2025\/12\/Bike-USB-Flash-Drive.jpg 800w, https:\/\/www.yousanusb.com\/wp-content\/uploads\/2025\/12\/Bike-USB-Flash-Drive-300x300.jpg 300w, https:\/\/www.yousanusb.com\/wp-content\/uploads\/2025\/12\/Bike-USB-Flash-Drive-150x150.jpg 150w, https:\/\/www.yousanusb.com\/wp-content\/uploads\/2025\/12\/Bike-USB-Flash-Drive-768x768.jpg 768w, https:\/\/www.yousanusb.com\/wp-content\/uploads\/2025\/12\/Bike-USB-Flash-Drive-12x12.jpg 12w, https:\/\/www.yousanusb.com\/wp-content\/uploads\/2025\/12\/Bike-USB-Flash-Drive-600x600.jpg 600w, https:\/\/www.yousanusb.com\/wp-content\/uploads\/2025\/12\/Bike-USB-Flash-Drive-100x100.jpg 100w\" sizes=\"(max-width: 800px) 100vw, 800px\" \/><\/figure>\n<\/div>\n\n\n\n<div class=\"wp-block-column is-vertically-aligned-center is-layout-flow wp-block-column-is-layout-flow\">\n<p>Dieses innovative USB-Laufwerk in Form eines Fahrrads hat ein abnehmbares Design: Der vordere Teil (mit Lenker und Rad) l\u00e4sst sich vom hinteren Teil (mit Rad und Sitz) trennen. Wenn es angeschlossen ist, bildet es ein attraktives, dekoratives Display mit einem integrierten USB-Anschluss f\u00fcr die nahtlose Daten\u00fcbertragung.<\/p>\n\n\n\n<p>Er ist aus strapazierf\u00e4higem Weich-PVC gefertigt und h\u00e4lt dem regelm\u00e4\u00dfigen Gebrauch als Schl\u00fcsselanh\u00e4nger, Reiseaccessoire oder Alltagsgegenstand stand. Er ist stilvoll und funktional und kombiniert tragbare Datenspeicherung mit auff\u00e4lligem Design, was ihn zu einer auff\u00e4lligen Erg\u00e4nzung Ihres technischen Zubeh\u00f6rs macht.<\/p>\n<\/div>\n<\/div>\n\n\n\n<p><br><\/p>\n\n\n\n<p><strong>Viertelj\u00e4hrliches Radsportereignis Geschenk f\u00fcr die st\u00e4dtische Radfahrergemeinschaft<\/strong><br>Eine st\u00e4dtische Organisation, die das \"Radfahren als kohlenstoffarme Transportl\u00f6sung\" f\u00f6rdert, sponsert viertelj\u00e4hrliche Urban Greenway Cycling Competitions. Zur Erinnerung an jedes Ereignis stellt die Gemeinde individuelle USB-Laufwerke in Form eines Fahrrads her, auf denen Karten der Rennstrecke und Ressourcen zur Reduzierung des CO2-Aussto\u00dfes durch Radfahren gespeichert sind und die das Logo der Gemeinde tragen.<\/p>\n\n\n\n<p>Die aus hochwertigem Weich-PVC gefertigten, langlebigen Laufwerke sind ideal f\u00fcr aktive Radfahrer und Outdoor-Fans. Alle 50 Teilnehmer freuten sich \u00fcber die Laufwerke, denn das robuste Material h\u00e4lt dem regelm\u00e4\u00dfigen Gebrauch stand - perfekt zum Speichern von Fahrten und Fotos, was die Laufwerke sowohl praktisch als auch zu einem unvergesslichen Erinnerungsst\u00fcck macht.<\/p>\n\n\n\n<div class=\"wp-block-columns is-layout-flex wp-container-core-columns-is-layout-2 wp-block-columns-is-layout-flex\">\n<div class=\"wp-block-column is-layout-flow wp-block-column-is-layout-flow\">\n<figure class=\"wp-block-image size-full\"><img decoding=\"async\" width=\"800\" height=\"800\" src=\"https:\/\/www.yousanusb.com\/wp-content\/uploads\/2025\/12\/Custom-Bike-shaped-USB-Flash-Drive.jpg\" alt=\"\" class=\"wp-image-25088\" srcset=\"https:\/\/www.yousanusb.com\/wp-content\/uploads\/2025\/12\/Custom-Bike-shaped-USB-Flash-Drive.jpg 800w, https:\/\/www.yousanusb.com\/wp-content\/uploads\/2025\/12\/Custom-Bike-shaped-USB-Flash-Drive-300x300.jpg 300w, https:\/\/www.yousanusb.com\/wp-content\/uploads\/2025\/12\/Custom-Bike-shaped-USB-Flash-Drive-150x150.jpg 150w, https:\/\/www.yousanusb.com\/wp-content\/uploads\/2025\/12\/Custom-Bike-shaped-USB-Flash-Drive-768x768.jpg 768w, https:\/\/www.yousanusb.com\/wp-content\/uploads\/2025\/12\/Custom-Bike-shaped-USB-Flash-Drive-12x12.jpg 12w, https:\/\/www.yousanusb.com\/wp-content\/uploads\/2025\/12\/Custom-Bike-shaped-USB-Flash-Drive-600x600.jpg 600w, https:\/\/www.yousanusb.com\/wp-content\/uploads\/2025\/12\/Custom-Bike-shaped-USB-Flash-Drive-100x100.jpg 100w\" sizes=\"(max-width: 800px) 100vw, 800px\" \/><\/figure>\n<\/div>\n\n\n\n<div class=\"wp-block-column is-layout-flow wp-block-column-is-layout-flow\">\n<figure class=\"wp-block-image size-full\"><img decoding=\"async\" width=\"800\" height=\"800\" src=\"https:\/\/www.yousanusb.com\/wp-content\/uploads\/2025\/12\/Bicycle-USB-Drive.jpg\" alt=\"\" class=\"wp-image-25086\" srcset=\"https:\/\/www.yousanusb.com\/wp-content\/uploads\/2025\/12\/Bicycle-USB-Drive.jpg 800w, https:\/\/www.yousanusb.com\/wp-content\/uploads\/2025\/12\/Bicycle-USB-Drive-300x300.jpg 300w, https:\/\/www.yousanusb.com\/wp-content\/uploads\/2025\/12\/Bicycle-USB-Drive-150x150.jpg 150w, https:\/\/www.yousanusb.com\/wp-content\/uploads\/2025\/12\/Bicycle-USB-Drive-768x768.jpg 768w, https:\/\/www.yousanusb.com\/wp-content\/uploads\/2025\/12\/Bicycle-USB-Drive-12x12.jpg 12w, https:\/\/www.yousanusb.com\/wp-content\/uploads\/2025\/12\/Bicycle-USB-Drive-600x600.jpg 600w, https:\/\/www.yousanusb.com\/wp-content\/uploads\/2025\/12\/Bicycle-USB-Drive-100x100.jpg 100w\" sizes=\"(max-width: 800px) 100vw, 800px\" \/><\/figure>\n<\/div>\n<\/div>\n\n\n\n<p><strong>Outdoor Brand Membership Day Geschenk<\/strong><br>Eine kulturelle und kreative Outdoor-Marke, die sich f\u00fcr einen \"leichten Outdoor-Lifestyle\" einsetzt, bot dieses individuelle USB-Laufwerk als Belohnung f\u00fcr Mitglieder an, die w\u00e4hrend ihres Mitgliedschaftstages einen bestimmten Betrag ausgegeben haben. Das Laufwerk ist mit den Camping- und Fahrradf\u00fchrern der Marke vorinstalliert und mit einem individuellen Logo versehen. Es ist aus flexiblem Weich-PVC gefertigt und verk\u00f6rpert die Philosophie der Marke \"leicht und tragbar\".<\/p>\n\n\n\n<p>Die Mitglieder f\u00fchlen sich von dem vom Fahrrad inspirierten Outdoor-Design sofort angezogen. Egal, ob es t\u00e4glich im B\u00fcro oder bei Outdoor-Abenteuern verwendet wird, es unterstreicht kontinuierlich das leichte Outdoor-Ethos der Marke und vertieft die Loyalit\u00e4t der Mitglieder.<\/p>","protected":false},"excerpt":{"rendered":"<ul>\n<li>Fahrrad-USB-Laufwerk<\/li>\n<li>USB-Flash-Laufwerk in Form eines Fahrrads<\/li>\n<li>PVC-Material<\/li>\n<li>Sonderanfertigung<\/li>\n<li>Benutzerdefiniertes Logo<\/li>\n<\/ul>","protected":false},"featured_media":25087,"comment_status":"open","ping_status":"closed","template":"","meta":{"_seopress_robots_primary_cat":"none","_seopress_titles_title":"Bicycle USB Drive\/Bike shaped usb flash drive","_seopress_titles_desc":"This cartoon bicycle USB drive takes the classic bicycle as its design inspiration, meticulously recreating every detail of a riding appearance using flexible, wear-resistant PVC soft rubber","_seopress_robots_index":""},"class_list":["post-25083","product","type-product","status-publish","has-post-thumbnail","hentry","product_cat-custom-usb-drive"],"_links":{"self":[{"href":"https:\/\/www.yousanusb.com\/de\/wp-json\/wp\/v2\/product\/25083"}],"collection":[{"href":"https:\/\/www.yousanusb.com\/de\/wp-json\/wp\/v2\/product"}],"about":[{"href":"https:\/\/www.yousanusb.com\/de\/wp-json\/wp\/v2\/types\/product"}],"replies":[{"embeddable":true,"href":"https:\/\/www.yousanusb.com\/de\/wp-json\/wp\/v2\/comments?post=25083"}],"wp:featuredmedia":[{"embeddable":true,"href":"https:\/\/www.yousanusb.com\/de\/wp-json\/wp\/v2\/media\/25087"}],"wp:attachment":[{"href":"https:\/\/www.yousanusb.com\/de\/wp-json\/wp\/v2\/media?parent=25083"}],"curies":[{"name":"wp","href":"https:\/\/api.w.org\/{rel}","templated":true}]}}