{"id":25089,"date":"2025-12-06T14:53:54","date_gmt":"2025-12-06T14:53:54","guid":{"rendered":"https:\/\/www.yousanusb.com\/?post_type=product&#038;p=25089"},"modified":"2025-12-27T02:01:33","modified_gmt":"2025-12-27T02:01:33","slug":"fighter-jet-usb-flash-drive","status":"publish","type":"product","link":"https:\/\/www.yousanusb.com\/de\/product\/fighter-jet-usb-flash-drive\/","title":{"rendered":"Fighter Jet USB-Flash-Laufwerk"},"content":{"rendered":"<p>Dieses Fighter Jet USB-Laufwerk ist der schlanken, eleganten Silhouette eines Kampfjets nachempfunden und in drei dynamischen Farben erh\u00e4ltlich: blau, gr\u00fcn und schwarz. Er besteht aus 100%, einem umweltfreundlichen, flexiblen, langlebigen und recycelbaren weichen Kunststoffmaterial.<\/p>\n\n\n\n<p>Das Laufwerk, das die scharfen Konturen und Fl\u00fcgelmarkierungen des Kampfjets originalgetreu nachbildet, verf\u00fcgt \u00fcber eine beeindruckende Speicherkapazit\u00e4t von 4 GB bis 128 GB - genug Platz, um eine ganze Musikbibliothek und mehr zu speichern. Mit anpassbaren Farboptionen verbindet dieses Laufwerk nahtlos optische Attraktivit\u00e4t, praktische Funktionalit\u00e4t und verspieltes Design und setzt damit ein mutiges Statement f\u00fcr die Benutzer.<\/p>\n\n\n\n<div class=\"wp-block-columns is-layout-flex wp-container-core-columns-is-layout-1 wp-block-columns-is-layout-flex\">\n<div class=\"wp-block-column is-layout-flow wp-block-column-is-layout-flow\">\n<figure class=\"wp-block-image size-full\"><img fetchpriority=\"high\" decoding=\"async\" width=\"800\" height=\"800\" src=\"https:\/\/www.yousanusb.com\/wp-content\/uploads\/2025\/12\/Combat-Jet-USB.jpg\" alt=\"Combat Jet USB-Flash-Laufwerk\" class=\"wp-image-25092\" srcset=\"https:\/\/www.yousanusb.com\/wp-content\/uploads\/2025\/12\/Combat-Jet-USB.jpg 800w, https:\/\/www.yousanusb.com\/wp-content\/uploads\/2025\/12\/Combat-Jet-USB-300x300.jpg 300w, https:\/\/www.yousanusb.com\/wp-content\/uploads\/2025\/12\/Combat-Jet-USB-150x150.jpg 150w, https:\/\/www.yousanusb.com\/wp-content\/uploads\/2025\/12\/Combat-Jet-USB-768x768.jpg 768w, https:\/\/www.yousanusb.com\/wp-content\/uploads\/2025\/12\/Combat-Jet-USB-12x12.jpg 12w, https:\/\/www.yousanusb.com\/wp-content\/uploads\/2025\/12\/Combat-Jet-USB-600x600.jpg 600w, https:\/\/www.yousanusb.com\/wp-content\/uploads\/2025\/12\/Combat-Jet-USB-100x100.jpg 100w\" sizes=\"(max-width: 800px) 100vw, 800px\" \/><\/figure>\n<\/div>\n\n\n\n<div class=\"wp-block-column is-vertically-aligned-center is-layout-flow wp-block-column-is-layout-flow\">\n<p>Unterst\u00fctzt die individuelle Gestaltung. Jedes einzelne Produkt kann mit einem Firmenlogo, einem Werbetext und\/oder einzigartigen Grafiken versehen werden.<\/p>\n\n\n\n<p>Die Farben und Lagerkapazit\u00e4ten sind an die Bed\u00fcrfnisse des Kunden anpassbar und k\u00f6nnen sowohl Bestellungen von 12 als auch von mehr als 3000 Einheiten effizient bearbeiten.<\/p>\n<\/div>\n<\/div>\n\n\n\n<p><\/p>\n\n\n\n<p><strong>Werbegeschenk f\u00fcr die technische\/milit\u00e4rische Industrie auf Messen<\/strong><\/p>\n\n\n\n<p>Das Kampfjet-Design ist ein Blickfang bei jeder Veranstaltung, bei der es als Check-in-Geschenk an die Teilnehmer verschenkt wird, und sorgt f\u00fcr mehr Besucher an ihren St\u00e4nden. Die USB-Laufwerke mit dem Logo darauf regen zu Gespr\u00e4chen an, helfen bei der t\u00e4glichen Arbeit im B\u00fcro und k\u00f6nnen f\u00fcr die Speicherung und \u00dcbertragung von Dateien verwendet werden, wobei sie auch als \"mobile Werbetafeln\" fungieren und viel mehr Aufmerksamkeit erregen als eine Visitenkarte oder ein Flyer.<\/p>\n\n\n\n<div class=\"wp-block-columns is-layout-flex wp-container-core-columns-is-layout-2 wp-block-columns-is-layout-flex\">\n<div class=\"wp-block-column is-layout-flow wp-block-column-is-layout-flow\">\n<figure class=\"wp-block-image size-full\"><img decoding=\"async\" width=\"800\" height=\"800\" src=\"https:\/\/www.yousanusb.com\/wp-content\/uploads\/2025\/12\/Warplane-USB-Flash-Drive.jpg\" alt=\"\" class=\"wp-image-25094\" srcset=\"https:\/\/www.yousanusb.com\/wp-content\/uploads\/2025\/12\/Warplane-USB-Flash-Drive.jpg 800w, https:\/\/www.yousanusb.com\/wp-content\/uploads\/2025\/12\/Warplane-USB-Flash-Drive-300x300.jpg 300w, https:\/\/www.yousanusb.com\/wp-content\/uploads\/2025\/12\/Warplane-USB-Flash-Drive-150x150.jpg 150w, https:\/\/www.yousanusb.com\/wp-content\/uploads\/2025\/12\/Warplane-USB-Flash-Drive-768x768.jpg 768w, https:\/\/www.yousanusb.com\/wp-content\/uploads\/2025\/12\/Warplane-USB-Flash-Drive-12x12.jpg 12w, https:\/\/www.yousanusb.com\/wp-content\/uploads\/2025\/12\/Warplane-USB-Flash-Drive-600x600.jpg 600w, https:\/\/www.yousanusb.com\/wp-content\/uploads\/2025\/12\/Warplane-USB-Flash-Drive-100x100.jpg 100w\" sizes=\"(max-width: 800px) 100vw, 800px\" \/><\/figure>\n<\/div>\n\n\n\n<div class=\"wp-block-column is-layout-flow wp-block-column-is-layout-flow\">\n<figure class=\"wp-block-image size-full\"><img decoding=\"async\" width=\"800\" height=\"800\" src=\"https:\/\/www.yousanusb.com\/wp-content\/uploads\/2025\/12\/Fighter-Jet-shaped-USB-Flash-Drive.jpg\" alt=\"\" class=\"wp-image-25093\" srcset=\"https:\/\/www.yousanusb.com\/wp-content\/uploads\/2025\/12\/Fighter-Jet-shaped-USB-Flash-Drive.jpg 800w, https:\/\/www.yousanusb.com\/wp-content\/uploads\/2025\/12\/Fighter-Jet-shaped-USB-Flash-Drive-300x300.jpg 300w, https:\/\/www.yousanusb.com\/wp-content\/uploads\/2025\/12\/Fighter-Jet-shaped-USB-Flash-Drive-150x150.jpg 150w, https:\/\/www.yousanusb.com\/wp-content\/uploads\/2025\/12\/Fighter-Jet-shaped-USB-Flash-Drive-768x768.jpg 768w, https:\/\/www.yousanusb.com\/wp-content\/uploads\/2025\/12\/Fighter-Jet-shaped-USB-Flash-Drive-12x12.jpg 12w, https:\/\/www.yousanusb.com\/wp-content\/uploads\/2025\/12\/Fighter-Jet-shaped-USB-Flash-Drive-600x600.jpg 600w, https:\/\/www.yousanusb.com\/wp-content\/uploads\/2025\/12\/Fighter-Jet-shaped-USB-Flash-Drive-100x100.jpg 100w\" sizes=\"(max-width: 800px) 100vw, 800px\" \/><\/figure>\n<\/div>\n<\/div>\n\n\n\n<p><strong>Milit\u00e4rische Giveaways f\u00fcr Veranstaltungen<\/strong><\/p>\n\n\n\n<p>Individuell gestaltete USB-Laufwerke in Form eines Kampfjets sind ideal f\u00fcr milit\u00e4rbegeisterte Clubjubil\u00e4en und Vorlesungen zur Landesverteidigung, da sie sich nahtlos in das Veranstaltungsthema einf\u00fcgen. Diese aus strapazierf\u00e4higem, sto\u00dffestem Weichgummi gefertigten Laufwerke sind \u00e4u\u00dferst praktisch und st\u00e4rken gleichzeitig die Marken- oder Veranstaltungstreue durch individuell eingravierte Logos auf der Au\u00dfenseite. Das macht sie zum ultimativen \"denkw\u00fcrdigen und doch h\u00f6chst praktischen\" Werbegeschenk.<\/p>","protected":false},"excerpt":{"rendered":"<ul>\n<li>Fighter Jet USB-Flash-Laufwerk<\/li>\n<li>Warplane USB-Flash-Laufwerk<\/li>\n<li>Combat Jet USB-Laufwerk<\/li>\n<li>Individuell bedruckter Fighter Jet USB<\/li>\n<li>Sonderanfertigung<\/li>\n<\/ul>","protected":false},"featured_media":25092,"comment_status":"open","ping_status":"closed","template":"","meta":{"_seopress_robots_primary_cat":"none","_seopress_titles_title":"Custom Printed Fighter Jet USB","_seopress_titles_desc":"A creative USB drive modeled after sleek fighter jets, Available in blue, green, and black to capture the fighter jet aesthetic, crafted from flexible, durable, eco-friendly soft rubber.","_seopress_robots_index":""},"class_list":["post-25089","product","type-product","status-publish","has-post-thumbnail","hentry","product_cat-custom-usb-drive","product_tag-pvc-airplane-usb-flash-drive"],"_links":{"self":[{"href":"https:\/\/www.yousanusb.com\/de\/wp-json\/wp\/v2\/product\/25089"}],"collection":[{"href":"https:\/\/www.yousanusb.com\/de\/wp-json\/wp\/v2\/product"}],"about":[{"href":"https:\/\/www.yousanusb.com\/de\/wp-json\/wp\/v2\/types\/product"}],"replies":[{"embeddable":true,"href":"https:\/\/www.yousanusb.com\/de\/wp-json\/wp\/v2\/comments?post=25089"}],"wp:featuredmedia":[{"embeddable":true,"href":"https:\/\/www.yousanusb.com\/de\/wp-json\/wp\/v2\/media\/25092"}],"wp:attachment":[{"href":"https:\/\/www.yousanusb.com\/de\/wp-json\/wp\/v2\/media?parent=25089"}],"curies":[{"name":"wp","href":"https:\/\/api.w.org\/{rel}","templated":true}]}}