{"id":25095,"date":"2025-12-07T02:18:07","date_gmt":"2025-12-07T02:18:07","guid":{"rendered":"https:\/\/www.yousanusb.com\/?post_type=product&#038;p=25095"},"modified":"2025-12-27T01:58:35","modified_gmt":"2025-12-27T01:58:35","slug":"corn-shaped-usb-flash-drive","status":"publish","type":"product","link":"https:\/\/www.yousanusb.com\/de\/product\/corn-shaped-usb-flash-drive\/","title":{"rendered":"USB-Flash-Laufwerk in Maisform"},"content":{"rendered":"<p>Dieses USB-Laufwerk in Maisform wurde sorgf\u00e4ltig hergestellt, um echten Mais zu imitieren. Es hat ein leuchtend gelbes PVC-Weichgummigeh\u00e4use mit einer unverwechselbaren Gitterstruktur, die einzelne K\u00f6rner darstellt. Er wird mit einer smaragdgr\u00fcnen H\u00fclle geliefert, die perfekt \u00fcber das maisf\u00f6rmige Laufwerk passt. <\/p>\n\n\n\n<p>Die Schale und das USB-Geh\u00e4use sind vollst\u00e4ndig austauschbar: Einfach den USB-Chip zur Verwendung abnehmen und die Schale bei Nichtgebrauch wieder anbringen, um den Anschluss zu sch\u00fctzen und die vollst\u00e4ndige Maisform wiederherzustellen.<\/p>\n\n\n\n<div class=\"wp-block-columns is-layout-flex wp-container-core-columns-is-layout-1 wp-block-columns-is-layout-flex\">\n<div class=\"wp-block-column is-layout-flow wp-block-column-is-layout-flow\">\n<figure class=\"wp-block-image size-full\"><img fetchpriority=\"high\" decoding=\"async\" width=\"800\" height=\"800\" src=\"https:\/\/www.yousanusb.com\/wp-content\/uploads\/2025\/12\/Silicone-corn-USB-flash-drive.jpg\" alt=\"\" class=\"wp-image-25105\" srcset=\"https:\/\/www.yousanusb.com\/wp-content\/uploads\/2025\/12\/Silicone-corn-USB-flash-drive.jpg 800w, https:\/\/www.yousanusb.com\/wp-content\/uploads\/2025\/12\/Silicone-corn-USB-flash-drive-300x300.jpg 300w, https:\/\/www.yousanusb.com\/wp-content\/uploads\/2025\/12\/Silicone-corn-USB-flash-drive-150x150.jpg 150w, https:\/\/www.yousanusb.com\/wp-content\/uploads\/2025\/12\/Silicone-corn-USB-flash-drive-768x768.jpg 768w, https:\/\/www.yousanusb.com\/wp-content\/uploads\/2025\/12\/Silicone-corn-USB-flash-drive-12x12.jpg 12w, https:\/\/www.yousanusb.com\/wp-content\/uploads\/2025\/12\/Silicone-corn-USB-flash-drive-600x600.jpg 600w, https:\/\/www.yousanusb.com\/wp-content\/uploads\/2025\/12\/Silicone-corn-USB-flash-drive-100x100.jpg 100w\" sizes=\"(max-width: 800px) 100vw, 800px\" \/><\/figure>\n<\/div>\n\n\n\n<div class=\"wp-block-column is-layout-flow wp-block-column-is-layout-flow\">\n<figure class=\"wp-block-image size-full\"><img decoding=\"async\" width=\"800\" height=\"800\" src=\"https:\/\/www.yousanusb.com\/wp-content\/uploads\/2025\/12\/Mini-corn-shaped-USB-flash-drive.jpg\" alt=\"\" class=\"wp-image-25103\" srcset=\"https:\/\/www.yousanusb.com\/wp-content\/uploads\/2025\/12\/Mini-corn-shaped-USB-flash-drive.jpg 800w, https:\/\/www.yousanusb.com\/wp-content\/uploads\/2025\/12\/Mini-corn-shaped-USB-flash-drive-300x300.jpg 300w, https:\/\/www.yousanusb.com\/wp-content\/uploads\/2025\/12\/Mini-corn-shaped-USB-flash-drive-150x150.jpg 150w, https:\/\/www.yousanusb.com\/wp-content\/uploads\/2025\/12\/Mini-corn-shaped-USB-flash-drive-768x768.jpg 768w, https:\/\/www.yousanusb.com\/wp-content\/uploads\/2025\/12\/Mini-corn-shaped-USB-flash-drive-12x12.jpg 12w, https:\/\/www.yousanusb.com\/wp-content\/uploads\/2025\/12\/Mini-corn-shaped-USB-flash-drive-600x600.jpg 600w, https:\/\/www.yousanusb.com\/wp-content\/uploads\/2025\/12\/Mini-corn-shaped-USB-flash-drive-100x100.jpg 100w\" sizes=\"(max-width: 800px) 100vw, 800px\" \/><\/figure>\n<\/div>\n<\/div>\n\n\n\n<p><strong>Werbegeschenk f\u00fcr ein Restaurant mit Mais-Thema<\/strong><\/p>\n\n\n\n<p>Ideal f\u00fcr Restaurantketten, die Produkte auf Maisbasis anbieten (z. B. Maissaft, Maisburger), um sie in gro\u00dfen Mengen zu produzieren: Laden Sie den USB-Stick mit brandneuen Men\u00fcpunkten, Mitgliedschaftsangeboten, Online-Bestellanleitungen usw. vor. Verteilen Sie ihn als Geschenk beim Kauf oder als Souvenir bei der Er\u00f6ffnung. Das Design des USB-Sticks ist auf die Kernprodukte abgestimmt und vermittelt die Markenbotschaft, w\u00e4hrend es durch sein charmantes Aussehen die Kundenbindung erh\u00f6ht.<\/p>\n\n\n\n<div class=\"wp-block-columns is-layout-flex wp-container-core-columns-is-layout-2 wp-block-columns-is-layout-flex\">\n<div class=\"wp-block-column is-layout-flow wp-block-column-is-layout-flow\">\n<figure class=\"wp-block-image size-full\"><img decoding=\"async\" width=\"800\" height=\"800\" src=\"https:\/\/www.yousanusb.com\/wp-content\/uploads\/2025\/12\/Corn-shaped-USB-flash-drive.jpg\" alt=\"\" class=\"wp-image-25100\" srcset=\"https:\/\/www.yousanusb.com\/wp-content\/uploads\/2025\/12\/Corn-shaped-USB-flash-drive.jpg 800w, https:\/\/www.yousanusb.com\/wp-content\/uploads\/2025\/12\/Corn-shaped-USB-flash-drive-300x300.jpg 300w, https:\/\/www.yousanusb.com\/wp-content\/uploads\/2025\/12\/Corn-shaped-USB-flash-drive-150x150.jpg 150w, https:\/\/www.yousanusb.com\/wp-content\/uploads\/2025\/12\/Corn-shaped-USB-flash-drive-768x768.jpg 768w, https:\/\/www.yousanusb.com\/wp-content\/uploads\/2025\/12\/Corn-shaped-USB-flash-drive-12x12.jpg 12w, https:\/\/www.yousanusb.com\/wp-content\/uploads\/2025\/12\/Corn-shaped-USB-flash-drive-600x600.jpg 600w, https:\/\/www.yousanusb.com\/wp-content\/uploads\/2025\/12\/Corn-shaped-USB-flash-drive-100x100.jpg 100w\" sizes=\"(max-width: 800px) 100vw, 800px\" \/><\/figure>\n<\/div>\n\n\n\n<div class=\"wp-block-column is-layout-flow wp-block-column-is-layout-flow\">\n<figure class=\"wp-block-image size-full\"><img loading=\"lazy\" decoding=\"async\" width=\"800\" height=\"800\" src=\"https:\/\/www.yousanusb.com\/wp-content\/uploads\/2025\/12\/Cute-corn-shaped-thumb-drive.jpg\" alt=\"\" class=\"wp-image-25102\" srcset=\"https:\/\/www.yousanusb.com\/wp-content\/uploads\/2025\/12\/Cute-corn-shaped-thumb-drive.jpg 800w, https:\/\/www.yousanusb.com\/wp-content\/uploads\/2025\/12\/Cute-corn-shaped-thumb-drive-300x300.jpg 300w, https:\/\/www.yousanusb.com\/wp-content\/uploads\/2025\/12\/Cute-corn-shaped-thumb-drive-150x150.jpg 150w, https:\/\/www.yousanusb.com\/wp-content\/uploads\/2025\/12\/Cute-corn-shaped-thumb-drive-768x768.jpg 768w, https:\/\/www.yousanusb.com\/wp-content\/uploads\/2025\/12\/Cute-corn-shaped-thumb-drive-12x12.jpg 12w, https:\/\/www.yousanusb.com\/wp-content\/uploads\/2025\/12\/Cute-corn-shaped-thumb-drive-600x600.jpg 600w, https:\/\/www.yousanusb.com\/wp-content\/uploads\/2025\/12\/Cute-corn-shaped-thumb-drive-100x100.jpg 100w\" sizes=\"(max-width: 800px) 100vw, 800px\" \/><\/figure>\n<\/div>\n<\/div>\n\n\n\n<p><strong>Mais-Saatgutunternehmen &amp; Ausstellung f\u00fcr landwirtschaftliche Produkte Geschenke<\/strong><br>Stellen Sie Anbauratgeber, Werbepr\u00e4sentationen und Fallstudien \u00fcber erfolgreiche Partnerschaften f\u00fcr Ihre Maissorten zusammen und laden Sie sie auf gebrandete USB-Sticks. Diese mit Ihrem Logo versehenen Laufwerke werden auf der Messe kostenlos an Ihre Kunden verteilt. Sie sind auf das Thema Mais und Landwirtschaft abgestimmt, vermitteln Ihre Markenbotschaft effektiv und hinterlassen bei den Empf\u00e4ngern einen bleibenden Eindruck.<\/p>\n\n\n\n<div class=\"wp-block-columns is-layout-flex wp-container-core-columns-is-layout-3 wp-block-columns-is-layout-flex\">\n<div class=\"wp-block-column is-layout-flow wp-block-column-is-layout-flow\">\n<figure class=\"wp-block-image size-full\"><img loading=\"lazy\" decoding=\"async\" width=\"800\" height=\"800\" src=\"https:\/\/www.yousanusb.com\/wp-content\/uploads\/2025\/12\/Corn-patterned-USB-memory-drive.jpg\" alt=\"\" class=\"wp-image-25099\" srcset=\"https:\/\/www.yousanusb.com\/wp-content\/uploads\/2025\/12\/Corn-patterned-USB-memory-drive.jpg 800w, https:\/\/www.yousanusb.com\/wp-content\/uploads\/2025\/12\/Corn-patterned-USB-memory-drive-300x300.jpg 300w, https:\/\/www.yousanusb.com\/wp-content\/uploads\/2025\/12\/Corn-patterned-USB-memory-drive-150x150.jpg 150w, https:\/\/www.yousanusb.com\/wp-content\/uploads\/2025\/12\/Corn-patterned-USB-memory-drive-768x768.jpg 768w, https:\/\/www.yousanusb.com\/wp-content\/uploads\/2025\/12\/Corn-patterned-USB-memory-drive-12x12.jpg 12w, https:\/\/www.yousanusb.com\/wp-content\/uploads\/2025\/12\/Corn-patterned-USB-memory-drive-600x600.jpg 600w, https:\/\/www.yousanusb.com\/wp-content\/uploads\/2025\/12\/Corn-patterned-USB-memory-drive-100x100.jpg 100w\" sizes=\"(max-width: 800px) 100vw, 800px\" \/><\/figure>\n<\/div>\n\n\n\n<div class=\"wp-block-column is-layout-flow wp-block-column-is-layout-flow\">\n<figure class=\"wp-block-image size-full\"><img loading=\"lazy\" decoding=\"async\" width=\"800\" height=\"800\" src=\"https:\/\/www.yousanusb.com\/wp-content\/uploads\/2025\/12\/Corn-themed-USB-drive.jpg\" alt=\"\" class=\"wp-image-25101\" srcset=\"https:\/\/www.yousanusb.com\/wp-content\/uploads\/2025\/12\/Corn-themed-USB-drive.jpg 800w, https:\/\/www.yousanusb.com\/wp-content\/uploads\/2025\/12\/Corn-themed-USB-drive-300x300.jpg 300w, https:\/\/www.yousanusb.com\/wp-content\/uploads\/2025\/12\/Corn-themed-USB-drive-150x150.jpg 150w, https:\/\/www.yousanusb.com\/wp-content\/uploads\/2025\/12\/Corn-themed-USB-drive-768x768.jpg 768w, https:\/\/www.yousanusb.com\/wp-content\/uploads\/2025\/12\/Corn-themed-USB-drive-12x12.jpg 12w, https:\/\/www.yousanusb.com\/wp-content\/uploads\/2025\/12\/Corn-themed-USB-drive-600x600.jpg 600w, https:\/\/www.yousanusb.com\/wp-content\/uploads\/2025\/12\/Corn-themed-USB-drive-100x100.jpg 100w\" sizes=\"(max-width: 800px) 100vw, 800px\" \/><\/figure>\n<\/div>\n<\/div>\n\n\n\n<p><\/p>","protected":false},"excerpt":{"rendered":"<ul>\n<li>PVC-Material<\/li>\n<li>USB-Flash-Laufwerk in Maisform<\/li>\n<li>gelbe und gr\u00fcne Farbe<\/li>\n<li>benutzerdefiniertes Logo<\/li>\n<li>MOQ:100St\u00fcck<\/li>\n<\/ul>","protected":false},"featured_media":25103,"comment_status":"open","ping_status":"closed","template":"","meta":{"_seopress_robots_primary_cat":"none","_seopress_titles_title":"Corn-shaped USB flash drive","_seopress_titles_desc":"This corn-shaped USB drive features a realistic design centered around a fresh corn cob: its main body is crafted from vibrant yellow PVC soft rubber, replicating the distinctive grid pattern of corn kernels.","_seopress_robots_index":""},"class_list":["post-25095","product","type-product","status-publish","has-post-thumbnail","hentry","product_cat-custom-usb-drive","product_tag-vegetables-usb-flash-drive"],"_links":{"self":[{"href":"https:\/\/www.yousanusb.com\/de\/wp-json\/wp\/v2\/product\/25095"}],"collection":[{"href":"https:\/\/www.yousanusb.com\/de\/wp-json\/wp\/v2\/product"}],"about":[{"href":"https:\/\/www.yousanusb.com\/de\/wp-json\/wp\/v2\/types\/product"}],"replies":[{"embeddable":true,"href":"https:\/\/www.yousanusb.com\/de\/wp-json\/wp\/v2\/comments?post=25095"}],"wp:featuredmedia":[{"embeddable":true,"href":"https:\/\/www.yousanusb.com\/de\/wp-json\/wp\/v2\/media\/25103"}],"wp:attachment":[{"href":"https:\/\/www.yousanusb.com\/de\/wp-json\/wp\/v2\/media?parent=25095"}],"curies":[{"name":"wp","href":"https:\/\/api.w.org\/{rel}","templated":true}]}}