{"id":25135,"date":"2025-12-08T01:02:55","date_gmt":"2025-12-08T01:02:55","guid":{"rendered":"https:\/\/www.yousanusb.com\/?post_type=product&#038;p=25135"},"modified":"2025-12-27T01:55:16","modified_gmt":"2025-12-27T01:55:16","slug":"custom-christmas-tree-usb-flash-drive","status":"publish","type":"product","link":"https:\/\/www.yousanusb.com\/de\/product\/custom-christmas-tree-usb-flash-drive\/","title":{"rendered":"USB-Flash-Laufwerk mit Weihnachtsbaum"},"content":{"rendered":"<p>Dieses Weihnachtsbaum-USB-Laufwerk ist aus haltbarem, flexiblem PVC mit hervorragender Sto\u00dffestigkeit gefertigt. Seine glatte Oberfl\u00e4che sch\u00fctzt den internen Chip und verl\u00e4ngert die Lebensdauer des Laufwerks.<\/p>\n\n\n\n<p>Er ist einem traditionellen Weihnachtsbaum nachempfunden und besteht aus mehreren Schichten mit einer Sternspitze und bunten Ornamenten. Jede Schicht ist abnehmbar und gibt den Blick auf das USB-Laufwerk im Inneren frei. Der mitgelieferte Schl\u00fcsselring aus Metall erleichtert den Transport.<\/p>\n\n\n\n<div class=\"wp-block-columns is-layout-flex wp-container-core-columns-is-layout-1 wp-block-columns-is-layout-flex\">\n<div class=\"wp-block-column is-layout-flow wp-block-column-is-layout-flow\">\n<figure class=\"wp-block-image size-full\"><img fetchpriority=\"high\" decoding=\"async\" width=\"800\" height=\"800\" src=\"https:\/\/www.yousanusb.com\/wp-content\/uploads\/2025\/12\/orange-Christmas-Tree-USB-Flash-Drive.jpg\" alt=\"\" class=\"wp-image-25142\" srcset=\"https:\/\/www.yousanusb.com\/wp-content\/uploads\/2025\/12\/orange-Christmas-Tree-USB-Flash-Drive.jpg 800w, https:\/\/www.yousanusb.com\/wp-content\/uploads\/2025\/12\/orange-Christmas-Tree-USB-Flash-Drive-300x300.jpg 300w, https:\/\/www.yousanusb.com\/wp-content\/uploads\/2025\/12\/orange-Christmas-Tree-USB-Flash-Drive-150x150.jpg 150w, https:\/\/www.yousanusb.com\/wp-content\/uploads\/2025\/12\/orange-Christmas-Tree-USB-Flash-Drive-768x768.jpg 768w, https:\/\/www.yousanusb.com\/wp-content\/uploads\/2025\/12\/orange-Christmas-Tree-USB-Flash-Drive-12x12.jpg 12w, https:\/\/www.yousanusb.com\/wp-content\/uploads\/2025\/12\/orange-Christmas-Tree-USB-Flash-Drive-600x600.jpg 600w, https:\/\/www.yousanusb.com\/wp-content\/uploads\/2025\/12\/orange-Christmas-Tree-USB-Flash-Drive-100x100.jpg 100w\" sizes=\"(max-width: 800px) 100vw, 800px\" \/><\/figure>\n<\/div>\n\n\n\n<div class=\"wp-block-column is-layout-flow wp-block-column-is-layout-flow\">\n<figure class=\"wp-block-image size-full\"><img decoding=\"async\" width=\"800\" height=\"800\" src=\"https:\/\/www.yousanusb.com\/wp-content\/uploads\/2025\/12\/green-Christmas-Tree-USB-Flash-Drive.jpg\" alt=\"\" class=\"wp-image-25141\" srcset=\"https:\/\/www.yousanusb.com\/wp-content\/uploads\/2025\/12\/green-Christmas-Tree-USB-Flash-Drive.jpg 800w, https:\/\/www.yousanusb.com\/wp-content\/uploads\/2025\/12\/green-Christmas-Tree-USB-Flash-Drive-300x300.jpg 300w, https:\/\/www.yousanusb.com\/wp-content\/uploads\/2025\/12\/green-Christmas-Tree-USB-Flash-Drive-150x150.jpg 150w, https:\/\/www.yousanusb.com\/wp-content\/uploads\/2025\/12\/green-Christmas-Tree-USB-Flash-Drive-768x768.jpg 768w, https:\/\/www.yousanusb.com\/wp-content\/uploads\/2025\/12\/green-Christmas-Tree-USB-Flash-Drive-12x12.jpg 12w, https:\/\/www.yousanusb.com\/wp-content\/uploads\/2025\/12\/green-Christmas-Tree-USB-Flash-Drive-600x600.jpg 600w, https:\/\/www.yousanusb.com\/wp-content\/uploads\/2025\/12\/green-Christmas-Tree-USB-Flash-Drive-100x100.jpg 100w\" sizes=\"(max-width: 800px) 100vw, 800px\" \/><\/figure>\n<\/div>\n\n\n\n<div class=\"wp-block-column is-layout-flow wp-block-column-is-layout-flow\">\n<figure class=\"wp-block-image size-full\"><img decoding=\"async\" width=\"800\" height=\"800\" src=\"https:\/\/www.yousanusb.com\/wp-content\/uploads\/2025\/12\/blue-Christmas-Tree-USB-Flash-Drive.jpg\" alt=\"\" class=\"wp-image-25138\" srcset=\"https:\/\/www.yousanusb.com\/wp-content\/uploads\/2025\/12\/blue-Christmas-Tree-USB-Flash-Drive.jpg 800w, https:\/\/www.yousanusb.com\/wp-content\/uploads\/2025\/12\/blue-Christmas-Tree-USB-Flash-Drive-300x300.jpg 300w, https:\/\/www.yousanusb.com\/wp-content\/uploads\/2025\/12\/blue-Christmas-Tree-USB-Flash-Drive-150x150.jpg 150w, https:\/\/www.yousanusb.com\/wp-content\/uploads\/2025\/12\/blue-Christmas-Tree-USB-Flash-Drive-768x768.jpg 768w, https:\/\/www.yousanusb.com\/wp-content\/uploads\/2025\/12\/blue-Christmas-Tree-USB-Flash-Drive-12x12.jpg 12w, https:\/\/www.yousanusb.com\/wp-content\/uploads\/2025\/12\/blue-Christmas-Tree-USB-Flash-Drive-600x600.jpg 600w, https:\/\/www.yousanusb.com\/wp-content\/uploads\/2025\/12\/blue-Christmas-Tree-USB-Flash-Drive-100x100.jpg 100w\" sizes=\"(max-width: 800px) 100vw, 800px\" \/><\/figure>\n<\/div>\n<\/div>\n\n\n\n<p><\/p>\n\n\n\n<div class=\"wp-block-columns is-layout-flex wp-container-core-columns-is-layout-2 wp-block-columns-is-layout-flex\">\n<div class=\"wp-block-column is-vertically-aligned-center is-layout-flow wp-block-column-is-layout-flow\">\n<figure class=\"wp-block-image size-full\"><img loading=\"lazy\" decoding=\"async\" width=\"800\" height=\"800\" src=\"https:\/\/www.yousanusb.com\/wp-content\/uploads\/2025\/12\/OTG-christmas-tree-usb-flash-drive.jpg\" alt=\"\" class=\"wp-image-25143\" srcset=\"https:\/\/www.yousanusb.com\/wp-content\/uploads\/2025\/12\/OTG-christmas-tree-usb-flash-drive.jpg 800w, https:\/\/www.yousanusb.com\/wp-content\/uploads\/2025\/12\/OTG-christmas-tree-usb-flash-drive-300x300.jpg 300w, https:\/\/www.yousanusb.com\/wp-content\/uploads\/2025\/12\/OTG-christmas-tree-usb-flash-drive-150x150.jpg 150w, https:\/\/www.yousanusb.com\/wp-content\/uploads\/2025\/12\/OTG-christmas-tree-usb-flash-drive-768x768.jpg 768w, https:\/\/www.yousanusb.com\/wp-content\/uploads\/2025\/12\/OTG-christmas-tree-usb-flash-drive-12x12.jpg 12w, https:\/\/www.yousanusb.com\/wp-content\/uploads\/2025\/12\/OTG-christmas-tree-usb-flash-drive-600x600.jpg 600w, https:\/\/www.yousanusb.com\/wp-content\/uploads\/2025\/12\/OTG-christmas-tree-usb-flash-drive-100x100.jpg 100w\" sizes=\"(max-width: 800px) 100vw, 800px\" \/><\/figure>\n<\/div>\n\n\n\n<div class=\"wp-block-column is-vertically-aligned-center is-layout-flow wp-block-column-is-layout-flow\">\n<p>Dieses USB-Laufwerk verf\u00fcgt \u00fcber zwei Schnittstellen (USB-A und Typ-C) f\u00fcr nahtlose Kompatibilit\u00e4t mit Computern, Smartphones, Tablets und anderen tragbaren Ger\u00e4ten. Es unterst\u00fctzt USB 3.0-Hochgeschwindigkeits-Lese-\/Schreib\u00fcbertragungen und erfordert keine zus\u00e4tzlichen Treiber - so ist echte Plug-and-Play-Funktionalit\u00e4t direkt nach dem Auspacken m\u00f6glich.<\/p>\n\n\n\n<h4 class=\"wp-block-heading\">Ideal f\u00fcr Geschenke und Veranstaltungen:<\/h4>\n\n\n\n<ol class=\"wp-block-list\">\n<li><strong>Urlaubsgeschenke f\u00fcr Firmenmitarbeiter<\/strong>: Perfekt f\u00fcr weihnachtliche Mitarbeiterverg\u00fcnstigungen, zur F\u00f6rderung der Urlaubsstimmung und zur Anerkennung des Beitrags der Mitarbeiter zum Unternehmenserfolg.<\/li>\n\n\n\n<li><strong>Geschenke zur Wertsch\u00e4tzung der Kunden<\/strong>: Individuell anpassbar mit Markenlogos zur St\u00e4rkung und Pr\u00e4sentation von Gesch\u00e4ftspartnerschaften.<\/li>\n\n\n\n<li><strong>Promotionen in Einkaufszentren<\/strong>: Als saisonaler Anreiz zur Steigerung der Besucherzahlen und zur F\u00f6rderung der Kaufbereitschaft in der Weihnachtszeit.<\/li>\n\n\n\n<li><strong>Messe-Giveaways<\/strong>: Verbessert die Sichtbarkeit des Messestandes und f\u00f6rdert den Kontakt mit potenziellen Kunden auf Messen und Veranstaltungen in Gesch\u00e4ften.<\/li>\n<\/ol>\n<\/div>\n<\/div>\n\n\n\n<div class=\"wp-block-columns is-layout-flex wp-container-core-columns-is-layout-3 wp-block-columns-is-layout-flex\">\n<div class=\"wp-block-column is-vertically-aligned-center is-layout-flow wp-block-column-is-layout-flow\">\n<p><strong>Starbucks Weihnachtskampagne: USB-Stick-Geschenk mit Thema<\/strong><\/p>\n\n\n\n<p>Dieser USB-Stick in Form eines Weihnachtsbaums ist ein exklusives Geschenk f\u00fcr Premium-Mitglieder von Starbucks Rewards. Qualifizierte Mitglieder, die w\u00e4hrend der Weihnachtszeit einen berechtigten Einkauf t\u00e4tigen, erhalten den gebrandeten USB-Stick, der mit Informationen zu neuen Produkten und exklusiven Coupons f\u00fcr Mitglieder geladen ist.<\/p>\n\n\n\n<p>Das festliche USB-Ger\u00e4t nutzt die weihnachtliche Vorfreude, um sowohl einen praktischen Nutzen als auch ein angenehmes Kundenerlebnis zu bieten und gleichzeitig die Beziehung zwischen Marke und Kunde zu st\u00e4rken und die Kundenbindung zu f\u00f6rdern.<\/p>\n<\/div>\n\n\n\n<div class=\"wp-block-column is-layout-flow wp-block-column-is-layout-flow\">\n<figure class=\"wp-block-image size-full\"><img loading=\"lazy\" decoding=\"async\" width=\"800\" height=\"800\" src=\"https:\/\/www.yousanusb.com\/wp-content\/uploads\/2025\/12\/Christmas-Tree-USB-Flash-Drive-factory.jpg\" alt=\"\" class=\"wp-image-25139\" srcset=\"https:\/\/www.yousanusb.com\/wp-content\/uploads\/2025\/12\/Christmas-Tree-USB-Flash-Drive-factory.jpg 800w, https:\/\/www.yousanusb.com\/wp-content\/uploads\/2025\/12\/Christmas-Tree-USB-Flash-Drive-factory-300x300.jpg 300w, https:\/\/www.yousanusb.com\/wp-content\/uploads\/2025\/12\/Christmas-Tree-USB-Flash-Drive-factory-150x150.jpg 150w, https:\/\/www.yousanusb.com\/wp-content\/uploads\/2025\/12\/Christmas-Tree-USB-Flash-Drive-factory-768x768.jpg 768w, https:\/\/www.yousanusb.com\/wp-content\/uploads\/2025\/12\/Christmas-Tree-USB-Flash-Drive-factory-12x12.jpg 12w, https:\/\/www.yousanusb.com\/wp-content\/uploads\/2025\/12\/Christmas-Tree-USB-Flash-Drive-factory-600x600.jpg 600w, https:\/\/www.yousanusb.com\/wp-content\/uploads\/2025\/12\/Christmas-Tree-USB-Flash-Drive-factory-100x100.jpg 100w\" sizes=\"(max-width: 800px) 100vw, 800px\" \/><\/figure>\n<\/div>\n<\/div>","protected":false},"excerpt":{"rendered":"<ul>\n<li>USB-A + Typ-C<\/li>\n<li>USB 3.0-Protokoll<\/li>\n<li>Kommt mit einem Metall-Schl\u00fcsselanh\u00e4nger<\/li>\n<li>Anpassbares LOGO<\/li>\n<li>MOQ:100St\u00fcck<\/li>\n<\/ul>","protected":false},"featured_media":25297,"comment_status":"open","ping_status":"closed","template":"","meta":{"_seopress_robots_primary_cat":"none","_seopress_titles_title":"","_seopress_titles_desc":"","_seopress_robots_index":""},"class_list":["post-25135","product","type-product","status-publish","has-post-thumbnail","hentry","product_cat-custom-usb-drive"],"_links":{"self":[{"href":"https:\/\/www.yousanusb.com\/de\/wp-json\/wp\/v2\/product\/25135"}],"collection":[{"href":"https:\/\/www.yousanusb.com\/de\/wp-json\/wp\/v2\/product"}],"about":[{"href":"https:\/\/www.yousanusb.com\/de\/wp-json\/wp\/v2\/types\/product"}],"replies":[{"embeddable":true,"href":"https:\/\/www.yousanusb.com\/de\/wp-json\/wp\/v2\/comments?post=25135"}],"wp:featuredmedia":[{"embeddable":true,"href":"https:\/\/www.yousanusb.com\/de\/wp-json\/wp\/v2\/media\/25297"}],"wp:attachment":[{"href":"https:\/\/www.yousanusb.com\/de\/wp-json\/wp\/v2\/media?parent=25135"}],"curies":[{"name":"wp","href":"https:\/\/api.w.org\/{rel}","templated":true}]}}