{"id":25312,"date":"2025-12-09T02:02:27","date_gmt":"2025-12-09T02:02:27","guid":{"rendered":"https:\/\/www.yousanusb.com\/?post_type=product&#038;p=25312"},"modified":"2025-12-27T01:50:33","modified_gmt":"2025-12-27T01:50:33","slug":"kiwi-usb-flash-drive","status":"publish","type":"product","link":"https:\/\/www.yousanusb.com\/de\/product\/kiwi-usb-flash-drive\/","title":{"rendered":"Kiwi USB-Flash-Laufwerk"},"content":{"rendered":"<p>Der USB-Stick hat die Form einer Kiwi und bildet die realistische Textur einer echten Kiwi zusammen mit dem Zespri-Logo nach. Der USB-Stick in Kiwi-Form ist sehr n\u00fctzlich und eignet sich auch hervorragend als Werbegeschenk, da er Ihren Kunden eine praktische Aufbewahrungsl\u00f6sung bietet und Ihre Marke bewirbt.<\/p>\n\n\n\n<div class=\"wp-block-columns is-layout-flex wp-container-core-columns-is-layout-1 wp-block-columns-is-layout-flex\">\n<div class=\"wp-block-column is-layout-flow wp-block-column-is-layout-flow\">\n<figure class=\"wp-block-image size-full\"><img fetchpriority=\"high\" decoding=\"async\" width=\"800\" height=\"800\" src=\"https:\/\/www.yousanusb.com\/wp-content\/uploads\/2025\/12\/Kiwi-U-Disk.jpg\" alt=\"\" class=\"wp-image-25316\" srcset=\"https:\/\/www.yousanusb.com\/wp-content\/uploads\/2025\/12\/Kiwi-U-Disk.jpg 800w, https:\/\/www.yousanusb.com\/wp-content\/uploads\/2025\/12\/Kiwi-U-Disk-300x300.jpg 300w, https:\/\/www.yousanusb.com\/wp-content\/uploads\/2025\/12\/Kiwi-U-Disk-150x150.jpg 150w, https:\/\/www.yousanusb.com\/wp-content\/uploads\/2025\/12\/Kiwi-U-Disk-768x768.jpg 768w, https:\/\/www.yousanusb.com\/wp-content\/uploads\/2025\/12\/Kiwi-U-Disk-12x12.jpg 12w, https:\/\/www.yousanusb.com\/wp-content\/uploads\/2025\/12\/Kiwi-U-Disk-600x600.jpg 600w, https:\/\/www.yousanusb.com\/wp-content\/uploads\/2025\/12\/Kiwi-U-Disk-100x100.jpg 100w\" sizes=\"(max-width: 800px) 100vw, 800px\" \/><\/figure>\n<\/div>\n\n\n\n<div class=\"wp-block-column is-vertically-aligned-center is-layout-flow wp-block-column-is-layout-flow\">\n<h2 class=\"wp-block-heading\">Als Geschenk ist es f\u00fcr folgende Unternehmen geeignet:<\/h2>\n\n\n\n<ul class=\"wp-block-list\">\n<li><strong>Zespri<\/strong>: Einsatz bei globalen Vertriebsh\u00e4ndler-Konferenzen und Veranstaltungen zur Kundenbindung, um die Markenpr\u00e4senz zu st\u00e4rken;<\/li>\n\n\n\n<li><strong>Einzelhandelsriesen<\/strong> (z.B., <strong>Walmart, Tesco<\/strong>): Dient als Kauf-mit-Kauf-Geschenk f\u00fcr Frischwaren-Kategorien oder Mitgliedsvorteile;<\/li>\n\n\n\n<li><strong>Agrartechnologie-Unternehmen<\/strong> (z. B. New Zealand Agri-Tech): Sie werden als Geschenke zur Vernetzung der Industrie in Verbindung mit landwirtschaftlichen Gesch\u00e4ftsszenarien verwendet.<\/li>\n<\/ul>\n\n\n\n<p>Auch geeignet f\u00fcr: Internationale Lebensmittelausstellungen (z. B. Food Expo K\u00f6ln, Deutschland), landwirtschaftliche Import-\/Exportbranchen und Agrartechnologien - wenn das Geschenk stark auf die Veranstaltungsthemen abgestimmt ist.<\/p>\n<\/div>\n<\/div>\n\n\n\n<div class=\"wp-block-columns is-layout-flex wp-container-core-columns-is-layout-2 wp-block-columns-is-layout-flex\">\n<div class=\"wp-block-column is-vertically-aligned-center is-layout-flow wp-block-column-is-layout-flow\">\n<p>F\u00fcr Gesch\u00e4ftspartner (z. B. Lieferanten von Frischprodukten\/Lebensmitteln):<\/p>\n\n\n\n<ul class=\"wp-block-list\">\n<li><strong>Geschenke f\u00fcr Veranstaltungen<\/strong>: Verteilen Sie kundenspezifische USB-Laufwerke als Werbegeschenke bei j\u00e4hrlichen Lieferantenkonferenzen und Treffen zur Zusammenarbeit bei neuen Produkten.\n<ul class=\"wp-block-list\">\n<li><strong>Benutzerdefinierter Inhalt<\/strong>: Vorinstalliert mit Fallstudien zur Zusammenarbeit in der Frischwaren-Lieferkette von Walmart und den Beschaffungsanforderungen f\u00fcr das n\u00e4chste Quartal, mit einem gemeinsamen Logo von Walmart, Zespri und dem Partner.<\/li>\n\n\n\n<li><strong>Thematische Botschaften<\/strong>: Erkl\u00e4ren Sie bei der \u00dcbergabe des Geschenks:\u00a0<em>\"Dieses USB-Laufwerk mit dem Thema Kiwi symbolisiert unsere Zusammenarbeit im Bereich Frischprodukte und steht f\u00fcr eine effiziente Daten\u00fcbertragung in der Lieferkette.<\/em>\u00a0das Geschenk mit den Unternehmenszielen in Einklang zu bringen.<\/li>\n<\/ul>\n<\/li>\n<\/ul>\n<\/div>\n\n\n\n<div class=\"wp-block-column is-layout-flow wp-block-column-is-layout-flow\">\n<figure class=\"wp-block-image size-full\"><img decoding=\"async\" width=\"800\" height=\"800\" src=\"https:\/\/www.yousanusb.com\/wp-content\/uploads\/2025\/12\/custom-Kiwi-USB-Flash-Drive.jpg\" alt=\"\" class=\"wp-image-25315\" srcset=\"https:\/\/www.yousanusb.com\/wp-content\/uploads\/2025\/12\/custom-Kiwi-USB-Flash-Drive.jpg 800w, https:\/\/www.yousanusb.com\/wp-content\/uploads\/2025\/12\/custom-Kiwi-USB-Flash-Drive-300x300.jpg 300w, https:\/\/www.yousanusb.com\/wp-content\/uploads\/2025\/12\/custom-Kiwi-USB-Flash-Drive-150x150.jpg 150w, https:\/\/www.yousanusb.com\/wp-content\/uploads\/2025\/12\/custom-Kiwi-USB-Flash-Drive-768x768.jpg 768w, https:\/\/www.yousanusb.com\/wp-content\/uploads\/2025\/12\/custom-Kiwi-USB-Flash-Drive-12x12.jpg 12w, https:\/\/www.yousanusb.com\/wp-content\/uploads\/2025\/12\/custom-Kiwi-USB-Flash-Drive-600x600.jpg 600w, https:\/\/www.yousanusb.com\/wp-content\/uploads\/2025\/12\/custom-Kiwi-USB-Flash-Drive-100x100.jpg 100w\" sizes=\"(max-width: 800px) 100vw, 800px\" \/><\/figure>\n<\/div>\n<\/div>\n\n\n\n<p>Um die Richtlinien f\u00fcr das Verschenken von Frischwaren zu verdeutlichen, haben wir ma\u00dfgeschneiderte Regeln f\u00fcr verschiedene Einkaufssituationen aufgestellt:<\/p>\n\n\n\n<ol class=\"wp-block-list\">\n<li><strong>Spend &amp; Get Promotion<\/strong>: Kunden erhalten das USB-Laufwerk beim Kauf von $50 Zespri Kiwis, erh\u00e4ltlich in Walmart-Filialen und online.<\/li>\n\n\n\n<li><strong>Belohnungen f\u00fcr Mitglieder<\/strong>: Walmart Plus Mitglieder erhalten das USB-Laufwerk als exklusives Quartalsgeschenk. Alternativ k\u00f6nnen Mitglieder 5.000 Punkte \u00fcber die Walmart Rewards Mall einl\u00f6sen, um das Laufwerk zu erhalten.<\/li>\n\n\n\n<li><strong>Vorinstallierte Promotions<\/strong>: Der USB-Stick enth\u00e4lt digitale Coupons f\u00fcr die Frischwarenabteilung von Walmart (z. B. Obstrabatte) und den Slogan\u00a0<em>\"Zespri Kiwis genie\u00dfen, Leben retten - Essentials\"<\/em>\u00a0um die Erinnerung an die Marke zu st\u00e4rken.<\/li>\n<\/ol>\n\n\n\n<p><\/p>","protected":false},"excerpt":{"rendered":"<ul>\n<li data-hveid=\"CAMQAA\" data-processed=\"true\"><span class=\"T286Pc\" data-sfc-cp=\"\" data-processed=\"true\">USB 3.0 f\u00fcr schnelle Datei\u00fcbertragungen.<\/span><\/li>\n<li data-hveid=\"CAMQAg\" data-processed=\"true\"><span class=\"T286Pc\" data-sfc-cp=\"\" data-processed=\"true\">Erh\u00e4ltlich in 32GB, 64GB, 128GB, usw..<\/span><\/li>\n<li data-hveid=\"CAMQBA\" data-processed=\"true\"><span class=\"T286Pc\" data-sfc-cp=\"\" data-processed=\"true\">Funktioniert mit Windows, macOS, Linux, TVs und Autoradios.<\/span><\/li>\n<li data-hveid=\"CAMQBg\" data-processed=\"true\"><span class=\"T286Pc\" data-sfc-cp=\"\" data-processed=\"true\">\u00a0Kompakt, leicht, einfach zu tragen.<\/span><\/li>\n<li data-hveid=\"CAMQCA\" data-processed=\"true\"><span class=\"T286Pc\" data-sfc-cp=\"\" data-processed=\"true\">Plug-and-Play; keine Treiber erforderlich<\/span><\/li>\n<li>MOQ:100St\u00fcck<\/li>\n<\/ul>","protected":false},"featured_media":25317,"comment_status":"open","ping_status":"closed","template":"","meta":{"_seopress_robots_primary_cat":"none","_seopress_titles_title":"","_seopress_titles_desc":"","_seopress_robots_index":""},"class_list":["post-25312","product","type-product","status-publish","has-post-thumbnail","hentry","product_cat-custom-usb-drive","product_tag-food-usb-flash-drive","product_tag-fruit-usb-flash-drive"],"_links":{"self":[{"href":"https:\/\/www.yousanusb.com\/de\/wp-json\/wp\/v2\/product\/25312"}],"collection":[{"href":"https:\/\/www.yousanusb.com\/de\/wp-json\/wp\/v2\/product"}],"about":[{"href":"https:\/\/www.yousanusb.com\/de\/wp-json\/wp\/v2\/types\/product"}],"replies":[{"embeddable":true,"href":"https:\/\/www.yousanusb.com\/de\/wp-json\/wp\/v2\/comments?post=25312"}],"wp:featuredmedia":[{"embeddable":true,"href":"https:\/\/www.yousanusb.com\/de\/wp-json\/wp\/v2\/media\/25317"}],"wp:attachment":[{"href":"https:\/\/www.yousanusb.com\/de\/wp-json\/wp\/v2\/media?parent=25312"}],"curies":[{"name":"wp","href":"https:\/\/api.w.org\/{rel}","templated":true}]}}