{"id":25319,"date":"2025-12-09T03:45:02","date_gmt":"2025-12-09T03:45:02","guid":{"rendered":"https:\/\/www.yousanusb.com\/?post_type=product&#038;p=25319"},"modified":"2025-12-27T01:47:45","modified_gmt":"2025-12-27T01:47:45","slug":"avocado-usb-flash-drive","status":"publish","type":"product","link":"https:\/\/www.yousanusb.com\/de\/product\/avocado-usb-flash-drive\/","title":{"rendered":"Avocado USB-Flash-Laufwerk"},"content":{"rendered":"<p>Das Design dieses USB-Laufwerks erinnert an eine Avocadoscheibe; es besteht aus einer gelb-gr\u00fcn-braunen Au\u00dfenh\u00fclle und einem Hauptk\u00f6rper, der in Farbe und Textur dazu passt. Das macht diesen Artikel zu einem einzigartigen Geschenk, das auch noch Speicherplatz bietet.<\/p>\n\n\n\n<div class=\"wp-block-columns is-layout-flex wp-container-core-columns-is-layout-1 wp-block-columns-is-layout-flex\">\n<div class=\"wp-block-column is-layout-flow wp-block-column-is-layout-flow\">\n<figure class=\"wp-block-image size-full\"><img fetchpriority=\"high\" decoding=\"async\" width=\"800\" height=\"799\" src=\"https:\/\/www.yousanusb.com\/wp-content\/uploads\/2025\/12\/custom-Avocado-USB-Flash-Drive.jpg\" alt=\"\" class=\"wp-image-25323\" srcset=\"https:\/\/www.yousanusb.com\/wp-content\/uploads\/2025\/12\/custom-Avocado-USB-Flash-Drive.jpg 800w, https:\/\/www.yousanusb.com\/wp-content\/uploads\/2025\/12\/custom-Avocado-USB-Flash-Drive-300x300.jpg 300w, https:\/\/www.yousanusb.com\/wp-content\/uploads\/2025\/12\/custom-Avocado-USB-Flash-Drive-150x150.jpg 150w, https:\/\/www.yousanusb.com\/wp-content\/uploads\/2025\/12\/custom-Avocado-USB-Flash-Drive-768x767.jpg 768w, https:\/\/www.yousanusb.com\/wp-content\/uploads\/2025\/12\/custom-Avocado-USB-Flash-Drive-12x12.jpg 12w, https:\/\/www.yousanusb.com\/wp-content\/uploads\/2025\/12\/custom-Avocado-USB-Flash-Drive-600x599.jpg 600w, https:\/\/www.yousanusb.com\/wp-content\/uploads\/2025\/12\/custom-Avocado-USB-Flash-Drive-100x100.jpg 100w\" sizes=\"(max-width: 800px) 100vw, 800px\" \/><\/figure>\n<\/div>\n\n\n\n<div class=\"wp-block-column is-vertically-aligned-center is-layout-flow wp-block-column-is-layout-flow\">\n<p>Avocado-Marken (z. B. Cortez Avocado Company aus Mexiko): Einsatz als Konferenzgeschenke f\u00fcr globale Vertriebsh\u00e4ndler zur St\u00e4rkung der Markenidentit\u00e4t;<\/p>\n\n\n\n<p><br>Einzelhandelsriesen (z. B. Target): Dient als \"Kauf-mit-Kauf\"-Geschenk in der Obst- und Gem\u00fcseabteilung und passt zu ihrem Angebot an gesunden Lebensmitteln;<\/p>\n\n\n\n<p><br>Naturkostunternehmen (z. B. Whole Foods): Einsatz als viertelj\u00e4hrliche Verg\u00fcnstigungen f\u00fcr Premium-Mitglieder, die zum Ethos der Marke passen.<\/p>\n<\/div>\n<\/div>\n\n\n\n<div class=\"wp-block-columns is-layout-flex wp-container-core-columns-is-layout-2 wp-block-columns-is-layout-flex\">\n<div class=\"wp-block-column is-vertically-aligned-center is-layout-flow wp-block-column-is-layout-flow\">\n<p>Am Beispiel des mexikanischen Unternehmens Cortez Avocado Company l\u00e4sst sich die Vertriebsmethode f\u00fcr Avocado USB-Laufwerke wie folgt darstellen:<br><strong>F\u00fcr Partner (Vertriebsh\u00e4ndler, Einzelhandelskan\u00e4le)<\/strong><br>Szenarien: J\u00e4hrliches Gipfeltreffen zur Zusammenarbeit in der Lieferkette, Unterzeichnungszeremonie f\u00fcr neue Vertriebspartner<br>Verteilung: Wird als Geschenk vor Ort \u00fcberreicht. Die USB-Laufwerke sind mit einem individuellen Cortez-Branding versehen und laden saisonale Avocado-Lieferpl\u00e4ne und Produktr\u00fcckverfolgbarkeitsstandards vor. In den Begleitmaterialien wird erkl\u00e4rt, dass es sich um ein Avocado-Datenlaufwerk handelt, das die Koordination von Partnerschaften vereinfachen soll.<\/p>\n\n\n\n<p><strong>F\u00fcr Endbenutzer<\/strong><br>Szenarien: Cortez-Avocado-Promotionzonen in station\u00e4ren Superm\u00e4rkten (z. B. Walmart), interaktive Kampagnen in den sozialen Medien (Instagram) der Marke<br>Vertrieb:<br>Einzelhandel: Einl\u00f6sbar mit Kassenbon beim Kauf von Cortez-Avocados im Wert von $30 oder mehr.<br>Soziale Medien: Teilnehmer, die \"Showcase Your Cortez Avocado Meals\" unter dem entsprechenden Hashtag posten, nehmen an einer Verlosung teil und erhalten einen USB-Stick mit Avocado-Rezepten und Anleitungen zur Frischhaltung.<\/p>\n<\/div>\n\n\n\n<div class=\"wp-block-column is-layout-flow wp-block-column-is-layout-flow\">\n<figure class=\"wp-block-image size-full\"><img decoding=\"async\" width=\"800\" height=\"800\" src=\"https:\/\/www.yousanusb.com\/wp-content\/uploads\/2025\/12\/avocado-usb-drive.jpg\" alt=\"\" class=\"wp-image-25324\" srcset=\"https:\/\/www.yousanusb.com\/wp-content\/uploads\/2025\/12\/avocado-usb-drive.jpg 800w, https:\/\/www.yousanusb.com\/wp-content\/uploads\/2025\/12\/avocado-usb-drive-300x300.jpg 300w, https:\/\/www.yousanusb.com\/wp-content\/uploads\/2025\/12\/avocado-usb-drive-150x150.jpg 150w, https:\/\/www.yousanusb.com\/wp-content\/uploads\/2025\/12\/avocado-usb-drive-768x768.jpg 768w, https:\/\/www.yousanusb.com\/wp-content\/uploads\/2025\/12\/avocado-usb-drive-12x12.jpg 12w, https:\/\/www.yousanusb.com\/wp-content\/uploads\/2025\/12\/avocado-usb-drive-600x600.jpg 600w, https:\/\/www.yousanusb.com\/wp-content\/uploads\/2025\/12\/avocado-usb-drive-100x100.jpg 100w\" sizes=\"(max-width: 800px) 100vw, 800px\" \/><\/figure>\n<\/div>\n<\/div>","protected":false},"excerpt":{"rendered":"<ul>\n<li>PVC-Weichgummi-Material<\/li>\n<li>Logo-Anpassung<\/li>\n<li>Kann markenbezogene Materialien vorladen<\/li>\n<li>Geeignet f\u00fcr Werbeszenarien in der Lebensmittelindustrie<\/li>\n<li>MOQ\uff1a100St\u00fcck<\/li>\n<\/ul>","protected":false},"featured_media":25322,"comment_status":"open","ping_status":"closed","template":"","meta":{"_seopress_robots_primary_cat":"none","_seopress_titles_title":"","_seopress_titles_desc":"","_seopress_robots_index":""},"class_list":["post-25319","product","type-product","status-publish","has-post-thumbnail","hentry","product_cat-custom-usb-drive","product_tag-food-usb-flash-drive","product_tag-fruit-usb-flash-drive"],"_links":{"self":[{"href":"https:\/\/www.yousanusb.com\/de\/wp-json\/wp\/v2\/product\/25319"}],"collection":[{"href":"https:\/\/www.yousanusb.com\/de\/wp-json\/wp\/v2\/product"}],"about":[{"href":"https:\/\/www.yousanusb.com\/de\/wp-json\/wp\/v2\/types\/product"}],"replies":[{"embeddable":true,"href":"https:\/\/www.yousanusb.com\/de\/wp-json\/wp\/v2\/comments?post=25319"}],"wp:featuredmedia":[{"embeddable":true,"href":"https:\/\/www.yousanusb.com\/de\/wp-json\/wp\/v2\/media\/25322"}],"wp:attachment":[{"href":"https:\/\/www.yousanusb.com\/de\/wp-json\/wp\/v2\/media?parent=25319"}],"curies":[{"name":"wp","href":"https:\/\/api.w.org\/{rel}","templated":true}]}}