{"id":25442,"date":"2025-12-10T09:48:31","date_gmt":"2025-12-10T09:48:31","guid":{"rendered":"https:\/\/www.yousanusb.com\/?post_type=product&#038;p=25442"},"modified":"2025-12-27T01:45:58","modified_gmt":"2025-12-27T01:45:58","slug":"lemon-usb-flash-drive","status":"publish","type":"product","link":"https:\/\/www.yousanusb.com\/de\/product\/lemon-usb-flash-drive\/","title":{"rendered":"Zitronen-USB-Flash-Laufwerk"},"content":{"rendered":"<p>Ein Zitronen-USB-Laufwerk ist eine Neuheit, ein Werbegeschenk oder ein h\u00fcbsches Accessoire, das Ihre Daten speichert. Diese Laufwerke werden aus PVC-Materialien hergestellt und sind in Gr\u00f6\u00dfen von 1GB-128GB+ erh\u00e4ltlich, mit sowohl lustigen als auch funktionalen Elementen zum Speichern Ihrer Dateien, Bilder und Musik.<\/p>\n\n\n\n<div class=\"wp-block-columns is-layout-flex wp-container-core-columns-is-layout-1 wp-block-columns-is-layout-flex\">\n<div class=\"wp-block-column is-layout-flow wp-block-column-is-layout-flow\">\n<figure class=\"wp-block-image size-full\"><img fetchpriority=\"high\" decoding=\"async\" width=\"800\" height=\"800\" src=\"https:\/\/www.yousanusb.com\/wp-content\/uploads\/2025\/12\/PVC-Lemon-USB-Drive.jpg\" alt=\"\" class=\"wp-image-25448\" srcset=\"https:\/\/www.yousanusb.com\/wp-content\/uploads\/2025\/12\/PVC-Lemon-USB-Drive.jpg 800w, https:\/\/www.yousanusb.com\/wp-content\/uploads\/2025\/12\/PVC-Lemon-USB-Drive-300x300.jpg 300w, https:\/\/www.yousanusb.com\/wp-content\/uploads\/2025\/12\/PVC-Lemon-USB-Drive-150x150.jpg 150w, https:\/\/www.yousanusb.com\/wp-content\/uploads\/2025\/12\/PVC-Lemon-USB-Drive-768x768.jpg 768w, https:\/\/www.yousanusb.com\/wp-content\/uploads\/2025\/12\/PVC-Lemon-USB-Drive-12x12.jpg 12w, https:\/\/www.yousanusb.com\/wp-content\/uploads\/2025\/12\/PVC-Lemon-USB-Drive-600x600.jpg 600w, https:\/\/www.yousanusb.com\/wp-content\/uploads\/2025\/12\/PVC-Lemon-USB-Drive-100x100.jpg 100w\" sizes=\"(max-width: 800px) 100vw, 800px\" \/><\/figure>\n<\/div>\n\n\n\n<div class=\"wp-block-column is-vertically-aligned-center is-layout-flow wp-block-column-is-layout-flow\">\n<p>Es gibt eine Vielzahl von Verwendungsm\u00f6glichkeiten:<\/p>\n\n\n\n<p>Private Nutzung: Musik, Fotos, Dokumente und Videos auf unverwechselbare Weise transportieren.<\/p>\n\n\n\n<p>Werbegeschenke: Individuell anpassbar und mit Gesch\u00e4ftslogos versehen als Form der Wiedererkennung der Unternehmensmarke.<\/p>\n\n\n\n<p>Neuheit Geschenkartikel: Ein lustiges und praktisches Geschenk f\u00fcr unsere Freunde, Familie, Kollegen, etc.<\/p>\n<\/div>\n<\/div>\n\n\n\n<div class=\"wp-block-columns is-layout-flex wp-container-core-columns-is-layout-2 wp-block-columns-is-layout-flex\">\n<div class=\"wp-block-column is-vertically-aligned-center is-layout-flow wp-block-column-is-layout-flow\">\n<p><strong>Tropicana:<\/strong> Als weltweit f\u00fchrende Saftmarke stellt Tropicana frische Fr\u00fcchte in den Mittelpunkt seiner Identit\u00e4t, wobei die Zitrone eine wichtige Zutat ist. USB-Laufwerke in Zitronenform sind ideale Werbegeschenke f\u00fcr die Saft-Sets mit Zitronengeschmack, auf denen neue Produktentwicklungen gespeichert sind, die mit dem fruchtbetonten Image der Marke \u00fcbereinstimmen und die Produkterinnerung f\u00f6rdern.<\/p>\n\n\n\n<p><strong>Starbucks:<\/strong> Die globale Foodservice-Kette bietet regelm\u00e4\u00dfig Getr\u00e4nke mit Zitronengeschmack wie Lemon Sparkling Cold Brew an. Kunden und Mitglieder, die eine bestimmte Ausgabenschwelle erreichen, k\u00f6nnen auf USB-Sticks in Zitronenform saisonale Getr\u00e4nkecoupons und Veranstaltungseinladungen speichern und so die Markentreue weiter st\u00e4rken.<br><\/p>\n<\/div>\n\n\n\n<div class=\"wp-block-column is-layout-flow wp-block-column-is-layout-flow\">\n<figure class=\"wp-block-image size-full\"><img decoding=\"async\" width=\"800\" height=\"800\" src=\"https:\/\/www.yousanusb.com\/wp-content\/uploads\/2025\/12\/custom-Lemon-USB-Drive.jpg\" alt=\"\" class=\"wp-image-25445\" srcset=\"https:\/\/www.yousanusb.com\/wp-content\/uploads\/2025\/12\/custom-Lemon-USB-Drive.jpg 800w, https:\/\/www.yousanusb.com\/wp-content\/uploads\/2025\/12\/custom-Lemon-USB-Drive-300x300.jpg 300w, https:\/\/www.yousanusb.com\/wp-content\/uploads\/2025\/12\/custom-Lemon-USB-Drive-150x150.jpg 150w, https:\/\/www.yousanusb.com\/wp-content\/uploads\/2025\/12\/custom-Lemon-USB-Drive-768x768.jpg 768w, https:\/\/www.yousanusb.com\/wp-content\/uploads\/2025\/12\/custom-Lemon-USB-Drive-12x12.jpg 12w, https:\/\/www.yousanusb.com\/wp-content\/uploads\/2025\/12\/custom-Lemon-USB-Drive-600x600.jpg 600w, https:\/\/www.yousanusb.com\/wp-content\/uploads\/2025\/12\/custom-Lemon-USB-Drive-100x100.jpg 100w\" sizes=\"(max-width: 800px) 100vw, 800px\" \/><\/figure>\n<\/div>\n<\/div>\n\n\n\n<div class=\"wp-block-columns is-layout-flex wp-container-core-columns-is-layout-3 wp-block-columns-is-layout-flex\">\n<div class=\"wp-block-column is-layout-flow wp-block-column-is-layout-flow\">\n<figure class=\"wp-block-image size-full\"><img decoding=\"async\" width=\"800\" height=\"800\" src=\"https:\/\/www.yousanusb.com\/wp-content\/uploads\/2025\/12\/lemon-usb-flash-drive-1.jpg\" alt=\"\" class=\"wp-image-25447\" srcset=\"https:\/\/www.yousanusb.com\/wp-content\/uploads\/2025\/12\/lemon-usb-flash-drive-1.jpg 800w, https:\/\/www.yousanusb.com\/wp-content\/uploads\/2025\/12\/lemon-usb-flash-drive-1-300x300.jpg 300w, https:\/\/www.yousanusb.com\/wp-content\/uploads\/2025\/12\/lemon-usb-flash-drive-1-150x150.jpg 150w, https:\/\/www.yousanusb.com\/wp-content\/uploads\/2025\/12\/lemon-usb-flash-drive-1-768x768.jpg 768w, https:\/\/www.yousanusb.com\/wp-content\/uploads\/2025\/12\/lemon-usb-flash-drive-1-12x12.jpg 12w, https:\/\/www.yousanusb.com\/wp-content\/uploads\/2025\/12\/lemon-usb-flash-drive-1-600x600.jpg 600w, https:\/\/www.yousanusb.com\/wp-content\/uploads\/2025\/12\/lemon-usb-flash-drive-1-100x100.jpg 100w\" sizes=\"(max-width: 800px) 100vw, 800px\" \/><\/figure>\n<\/div>\n\n\n\n<div class=\"wp-block-column is-vertically-aligned-center is-layout-flow wp-block-column-is-layout-flow\">\n<p><strong>Sch\u00f6nheits- und K\u00f6rperpflegeindustrie<\/strong>: Die Pflegelinie Lemon Seed Brightening Skincare von Fresh setzt auf nat\u00fcrliche Inhaltsstoffe und passt perfekt zur \u00c4sthetik des Lemon USB. Als Premium-Geschenk, das in hochwertigen Sets enthalten ist, speichert der USB Produkttutorials, zeigt die Markenkompetenz und erh\u00f6ht das Erlebnis f\u00fcr gehobene Kunden.<\/p>\n\n\n\n<p><br><strong>Gesundheits- und Wellness-Industrie<\/strong>: GNC, bekannt f\u00fcr Vitamin C und Brausetabletten mit Zitronengeschmack, nutzt die symbolische Assoziation der Zitrone mit Gesundheit. Das Angebot des Lemon USB als \"Kauf-mit-Kauf\"-Geschenk mit Ern\u00e4hrungsratgebern entspricht der Positionierung der Marke und erleichtert die Verbreitung von Inhalten.<\/p>\n<\/div>\n<\/div>","protected":false},"excerpt":{"rendered":"<ul>\n<li>USB-Flash-Laufwerk in Form einer Frucht<\/li>\n<li>PVC-Material<\/li>\n<li>Plug-and-play<\/li>\n<li>Unterst\u00fctzt USB 2.0\/3.0<\/li>\n<li>MOQ:100St\u00fcck<\/li>\n<\/ul>","protected":false},"featured_media":25446,"comment_status":"open","ping_status":"closed","template":"","meta":{"_seopress_robots_primary_cat":"none","_seopress_titles_title":"","_seopress_titles_desc":"","_seopress_robots_index":""},"class_list":["post-25442","product","type-product","status-publish","has-post-thumbnail","hentry","product_cat-custom-usb-drive","product_tag-food-usb-flash-drive","product_tag-fruit-usb-flash-drive"],"_links":{"self":[{"href":"https:\/\/www.yousanusb.com\/de\/wp-json\/wp\/v2\/product\/25442"}],"collection":[{"href":"https:\/\/www.yousanusb.com\/de\/wp-json\/wp\/v2\/product"}],"about":[{"href":"https:\/\/www.yousanusb.com\/de\/wp-json\/wp\/v2\/types\/product"}],"replies":[{"embeddable":true,"href":"https:\/\/www.yousanusb.com\/de\/wp-json\/wp\/v2\/comments?post=25442"}],"wp:featuredmedia":[{"embeddable":true,"href":"https:\/\/www.yousanusb.com\/de\/wp-json\/wp\/v2\/media\/25446"}],"wp:attachment":[{"href":"https:\/\/www.yousanusb.com\/de\/wp-json\/wp\/v2\/media?parent=25442"}],"curies":[{"name":"wp","href":"https:\/\/api.w.org\/{rel}","templated":true}]}}