{"id":26417,"date":"2025-12-24T08:09:02","date_gmt":"2025-12-24T08:09:02","guid":{"rendered":"https:\/\/www.yousanusb.com\/?post_type=product&#038;p=26417"},"modified":"2025-12-24T13:11:36","modified_gmt":"2025-12-24T13:11:36","slug":"custom-mooncake-usb-flash-drive","status":"publish","type":"product","link":"https:\/\/www.yousanusb.com\/de\/product\/custom-mooncake-usb-flash-drive\/","title":{"rendered":"USB-Flash-Laufwerk mit Mondkuchen"},"content":{"rendered":"<div class=\"wp-block-columns is-layout-flex wp-container-core-columns-is-layout-1 wp-block-columns-is-layout-flex\">\n<div class=\"wp-block-column is-layout-flow wp-block-column-is-layout-flow\">\n<figure class=\"wp-block-image size-full\"><img fetchpriority=\"high\" decoding=\"async\" width=\"800\" height=\"800\" src=\"https:\/\/www.yousanusb.com\/wp-content\/uploads\/2025\/12\/colorful-Mooncake-USB-Flash-Drive.jpg\" alt=\"\" class=\"wp-image-26420\" srcset=\"https:\/\/www.yousanusb.com\/wp-content\/uploads\/2025\/12\/colorful-Mooncake-USB-Flash-Drive.jpg 800w, https:\/\/www.yousanusb.com\/wp-content\/uploads\/2025\/12\/colorful-Mooncake-USB-Flash-Drive-300x300.jpg 300w, https:\/\/www.yousanusb.com\/wp-content\/uploads\/2025\/12\/colorful-Mooncake-USB-Flash-Drive-150x150.jpg 150w, https:\/\/www.yousanusb.com\/wp-content\/uploads\/2025\/12\/colorful-Mooncake-USB-Flash-Drive-768x768.jpg 768w, https:\/\/www.yousanusb.com\/wp-content\/uploads\/2025\/12\/colorful-Mooncake-USB-Flash-Drive-12x12.jpg 12w, https:\/\/www.yousanusb.com\/wp-content\/uploads\/2025\/12\/colorful-Mooncake-USB-Flash-Drive-600x600.jpg 600w, https:\/\/www.yousanusb.com\/wp-content\/uploads\/2025\/12\/colorful-Mooncake-USB-Flash-Drive-100x100.jpg 100w\" sizes=\"(max-width: 800px) 100vw, 800px\" \/><\/figure>\n<\/div>\n\n\n\n<div class=\"wp-block-column is-vertically-aligned-center is-layout-flow wp-block-column-is-layout-flow\">\n<h2 class=\"wp-block-heading\">USB-Laufwerk Einf\u00fchrung<\/h2>\n\n\n\n<p>Das Design erinnert an einen traditionellen Mondkuchen zum Herbstfest, mit eingravierten Schriftzeichen f\u00fcr \"Perfekter Mond\" und klassischen Motiven (Blumen\/gl\u00fcckverhei\u00dfende Wolken), die an die chinesische \u00c4sthetik erinnern;<\/p>\n\n\n\n<p><br>Mit einer verschiebbaren\/abnehmbaren Struktur (USB-Flash-Laufwerk im Inneren des Mooncakes) und einem Schl\u00fcsselring, der sowohl als Aufbewahrungsinstrument als auch als tragbares Accessoire dient;<\/p>\n\n\n\n<p><br>Erh\u00e4ltlich in anpassbaren Soft-Tone-Farben wie Gelb, Gr\u00fcn, Orange und Lila;<br>Die Soft-Touch-Schale aus PVC bietet wasserdichten, kratzfesten und sturzsicheren Schutz.<\/p>\n<\/div>\n<\/div>\n\n\n\n<h2 class=\"wp-block-heading\">Welche Unternehmen k\u00f6nnen diesen USB-Stick als Werbegeschenk verwenden?<\/h2>\n\n\n\n<ul class=\"wp-block-list\">\n<li>Mondkuchen \/ Chinesische Lebensmittelmarken: Als Einlage in einer Geschenkbox, die es den Kunden erm\u00f6glicht, bei der Verwendung des USB-Sticks wiederholt die Marke zu assoziieren;<\/li>\n\n\n\n<li>Kultur- und Kreativ-\/Designagenturen: Als Portfoliogeschenk, um kreative F\u00e4higkeiten zu zeigen und die Markenerinnerung zu vertiefen;<\/li>\n\n\n\n<li>Grenz\u00fcberschreitender elektronischer Handel \/ internationale Handelsunternehmen: Als chinesisches kulturelles Geschenk f\u00fcr \u00dcberseem\u00e4rkte, das das Mondkuchen-Symbol nutzt, um das \u00f6stliche Erbe der Marke zu vermitteln.<\/li>\n<\/ul>\n\n\n\n<div class=\"wp-block-columns is-layout-flex wp-container-core-columns-is-layout-2 wp-block-columns-is-layout-flex\">\n<div class=\"wp-block-column is-layout-flow wp-block-column-is-layout-flow\">\n<figure class=\"wp-block-image size-full\"><img decoding=\"async\" width=\"800\" height=\"800\" src=\"https:\/\/www.yousanusb.com\/wp-content\/uploads\/2025\/12\/custom-Mooncake-USB-Flash-Drive.jpg\" alt=\"\" class=\"wp-image-26421\" srcset=\"https:\/\/www.yousanusb.com\/wp-content\/uploads\/2025\/12\/custom-Mooncake-USB-Flash-Drive.jpg 800w, https:\/\/www.yousanusb.com\/wp-content\/uploads\/2025\/12\/custom-Mooncake-USB-Flash-Drive-300x300.jpg 300w, https:\/\/www.yousanusb.com\/wp-content\/uploads\/2025\/12\/custom-Mooncake-USB-Flash-Drive-150x150.jpg 150w, https:\/\/www.yousanusb.com\/wp-content\/uploads\/2025\/12\/custom-Mooncake-USB-Flash-Drive-768x768.jpg 768w, https:\/\/www.yousanusb.com\/wp-content\/uploads\/2025\/12\/custom-Mooncake-USB-Flash-Drive-12x12.jpg 12w, https:\/\/www.yousanusb.com\/wp-content\/uploads\/2025\/12\/custom-Mooncake-USB-Flash-Drive-600x600.jpg 600w, https:\/\/www.yousanusb.com\/wp-content\/uploads\/2025\/12\/custom-Mooncake-USB-Flash-Drive-100x100.jpg 100w\" sizes=\"(max-width: 800px) 100vw, 800px\" \/><\/figure>\n<\/div>\n\n\n\n<div class=\"wp-block-column is-layout-flow wp-block-column-is-layout-flow\">\n<figure class=\"wp-block-image size-full\"><img decoding=\"async\" width=\"800\" height=\"800\" src=\"https:\/\/www.yousanusb.com\/wp-content\/uploads\/2025\/12\/Mooncake-USB-Flash-Drive-1.jpg\" alt=\"\" class=\"wp-image-26422\" srcset=\"https:\/\/www.yousanusb.com\/wp-content\/uploads\/2025\/12\/Mooncake-USB-Flash-Drive-1.jpg 800w, https:\/\/www.yousanusb.com\/wp-content\/uploads\/2025\/12\/Mooncake-USB-Flash-Drive-1-300x300.jpg 300w, https:\/\/www.yousanusb.com\/wp-content\/uploads\/2025\/12\/Mooncake-USB-Flash-Drive-1-150x150.jpg 150w, https:\/\/www.yousanusb.com\/wp-content\/uploads\/2025\/12\/Mooncake-USB-Flash-Drive-1-768x768.jpg 768w, https:\/\/www.yousanusb.com\/wp-content\/uploads\/2025\/12\/Mooncake-USB-Flash-Drive-1-12x12.jpg 12w, https:\/\/www.yousanusb.com\/wp-content\/uploads\/2025\/12\/Mooncake-USB-Flash-Drive-1-600x600.jpg 600w, https:\/\/www.yousanusb.com\/wp-content\/uploads\/2025\/12\/Mooncake-USB-Flash-Drive-1-100x100.jpg 100w\" sizes=\"(max-width: 800px) 100vw, 800px\" \/><\/figure>\n<\/div>\n<\/div>\n\n\n\n<p><\/p>","protected":false},"excerpt":{"rendered":"<ul>\n<li>Traditionelle Mondkuchenform + Muster im chinesischen Stil<\/li>\n<li>Mehrere Farboptionen verf\u00fcgbar<\/li>\n<li>PVC-Weichgummi-Material<\/li>\n<li>2-in-1: USB-Laufwerk + Schl\u00fcsselanh\u00e4nger<\/li>\n<li>Logo-Anpassung verf\u00fcgbar<\/li>\n<li>MOQ: 100St\u00fcck<\/li>\n<\/ul>","protected":false},"featured_media":26421,"comment_status":"open","ping_status":"closed","template":"","meta":[],"class_list":["post-26417","product","type-product","status-publish","has-post-thumbnail","hentry","product_cat-custom-usb-drive","product_tag-food-usb-flash-drive"],"_links":{"self":[{"href":"https:\/\/www.yousanusb.com\/de\/wp-json\/wp\/v2\/product\/26417"}],"collection":[{"href":"https:\/\/www.yousanusb.com\/de\/wp-json\/wp\/v2\/product"}],"about":[{"href":"https:\/\/www.yousanusb.com\/de\/wp-json\/wp\/v2\/types\/product"}],"replies":[{"embeddable":true,"href":"https:\/\/www.yousanusb.com\/de\/wp-json\/wp\/v2\/comments?post=26417"}],"wp:featuredmedia":[{"embeddable":true,"href":"https:\/\/www.yousanusb.com\/de\/wp-json\/wp\/v2\/media\/26421"}],"wp:attachment":[{"href":"https:\/\/www.yousanusb.com\/de\/wp-json\/wp\/v2\/media?parent=26417"}],"curies":[{"name":"wp","href":"https:\/\/api.w.org\/{rel}","templated":true}]}}