{"id":9066,"date":"2024-09-09T14:40:42","date_gmt":"2024-09-09T14:40:42","guid":{"rendered":"https:\/\/yousanusb.com\/?post_type=product&#038;p=9066"},"modified":"2025-11-11T07:26:45","modified_gmt":"2025-11-11T07:26:45","slug":"metal-flash-drive-usb-thumb-drives-with-lighter-rotatable-memory-stick","status":"publish","type":"product","link":"https:\/\/www.yousanusb.com\/de\/product\/metal-flash-drive-usb-thumb-drives-with-lighter-rotatable-memory-stick\/","title":{"rendered":"ABS-Flash-Laufwerk USB-Daumen-Laufwerke mit Feuerzeug"},"content":{"rendered":"<p>Erinnern Sie sich an das klassische Design, das eine Zeit lang so beliebt war? jetzt ist es in seiner ganzen Pracht in einer leistungsf\u00e4higeren Form zur\u00fcck!<\/p>\n\n\n\n<div class=\"wp-block-columns is-layout-flex wp-container-core-columns-is-layout-1 wp-block-columns-is-layout-flex\">\n<div class=\"wp-block-column is-layout-flow wp-block-column-is-layout-flow\">\n<figure class=\"wp-block-image size-full\"><img fetchpriority=\"high\" decoding=\"async\" width=\"1000\" height=\"1000\" src=\"https:\/\/www.yousanusb.com\/wp-content\/uploads\/2024\/09\/all-metal-usb-flash-drive.jpg\" alt=\"usb-flash-laufwerk ganz aus metall\" class=\"wp-image-9068\" srcset=\"https:\/\/www.yousanusb.com\/wp-content\/uploads\/2024\/09\/all-metal-usb-flash-drive.jpg 1000w, https:\/\/www.yousanusb.com\/wp-content\/uploads\/2024\/09\/all-metal-usb-flash-drive-300x300.jpg 300w, https:\/\/www.yousanusb.com\/wp-content\/uploads\/2024\/09\/all-metal-usb-flash-drive-150x150.jpg 150w, https:\/\/www.yousanusb.com\/wp-content\/uploads\/2024\/09\/all-metal-usb-flash-drive-768x768.jpg 768w, https:\/\/www.yousanusb.com\/wp-content\/uploads\/2024\/09\/all-metal-usb-flash-drive-600x600.jpg 600w, https:\/\/www.yousanusb.com\/wp-content\/uploads\/2024\/09\/all-metal-usb-flash-drive-100x100.jpg 100w\" sizes=\"(max-width: 1000px) 100vw, 1000px\" \/><\/figure>\n<\/div>\n\n\n\n<div class=\"wp-block-column is-vertically-aligned-center is-layout-flow wp-block-column-is-layout-flow\">\n<p>Dieses USB-Laufwerk in Form eines Feuerzeugs ist aus ABS-Kunststoff gefertigt und bildet die Form eines Feuerzeugs mit angenehmer Haptik und komplexer Textur perfekt nach. <\/p>\n\n\n\n<p>Dieses USB-Laufwerk misst 69 mm x 20 mm x 7 mm und wiegt etwa 15 Gramm.<\/p>\n\n\n\n<p>Erh\u00e4ltlich in verschiedenen Farben (rot, blau, gr\u00fcn, wei\u00df, schwarz usw.), gibt es bestimmt eines, das Ihre Erinnerungen weckt und zu Ihrem einzigartigen Modeaccessoire wird.<\/p>\n\n\n\n<p>Sie k\u00f6nnen Ihre bevorzugte Farbe auch durch Auswahl aus der Pantone-Farbkarte individuell gestalten.<\/p>\n<\/div>\n<\/div>\n\n\n\n<div class=\"wp-block-columns is-layout-flex wp-container-core-columns-is-layout-2 wp-block-columns-is-layout-flex\">\n<div class=\"wp-block-column is-vertically-aligned-center is-layout-flow wp-block-column-is-layout-flow\">\n<p>Sie bieten sowohl USB 2.0- als auch USB 3.0-Schnittstellenoptionen, um Ihre unterschiedlichen Geschwindigkeitsanforderungen zu erf\u00fcllen. <\/p>\n\n\n\n<p>Ob f\u00fcr die t\u00e4glichen B\u00fcroaufgaben oder f\u00fcr die \u00dcbertragung gro\u00dfer Dateien, er erledigt alles mit Leichtigkeit und Vertrauen.<\/p>\n\n\n\n<p><br>Sein schlankes, kompaktes Design ist leicht und tragbar und passt m\u00fchelos in Ihre Tasche oder Brieftasche. Genie\u00dfen Sie die Freiheit der Aufbewahrung, jederzeit und \u00fcberall.<\/p>\n<\/div>\n\n\n\n<div class=\"wp-block-column is-layout-flow wp-block-column-is-layout-flow\">\n<figure class=\"wp-block-image size-full\"><img decoding=\"async\" width=\"1000\" height=\"1000\" src=\"https:\/\/www.yousanusb.com\/wp-content\/uploads\/2024\/09\/custom-mini-metal-usb-flash-drive.jpg\" alt=\"kundenspezifisches mini-metall-usb-flash-laufwerk\" class=\"wp-image-9070\" srcset=\"https:\/\/www.yousanusb.com\/wp-content\/uploads\/2024\/09\/custom-mini-metal-usb-flash-drive.jpg 1000w, https:\/\/www.yousanusb.com\/wp-content\/uploads\/2024\/09\/custom-mini-metal-usb-flash-drive-300x300.jpg 300w, https:\/\/www.yousanusb.com\/wp-content\/uploads\/2024\/09\/custom-mini-metal-usb-flash-drive-150x150.jpg 150w, https:\/\/www.yousanusb.com\/wp-content\/uploads\/2024\/09\/custom-mini-metal-usb-flash-drive-768x768.jpg 768w, https:\/\/www.yousanusb.com\/wp-content\/uploads\/2024\/09\/custom-mini-metal-usb-flash-drive-600x600.jpg 600w, https:\/\/www.yousanusb.com\/wp-content\/uploads\/2024\/09\/custom-mini-metal-usb-flash-drive-100x100.jpg 100w\" sizes=\"(max-width: 1000px) 100vw, 1000px\" \/><\/figure>\n<\/div>\n<\/div>\n\n\n\n<div class=\"wp-block-columns is-layout-flex wp-container-core-columns-is-layout-3 wp-block-columns-is-layout-flex\">\n<div class=\"wp-block-column is-layout-flow wp-block-column-is-layout-flow\">\n<figure class=\"wp-block-image size-full\"><img decoding=\"async\" width=\"1000\" height=\"1000\" src=\"https:\/\/www.yousanusb.com\/wp-content\/uploads\/2024\/09\/metal-case-usb-flash-drive.jpg\" alt=\"metallgeh\u00e4use usb flash drive\" class=\"wp-image-9072\" srcset=\"https:\/\/www.yousanusb.com\/wp-content\/uploads\/2024\/09\/metal-case-usb-flash-drive.jpg 1000w, https:\/\/www.yousanusb.com\/wp-content\/uploads\/2024\/09\/metal-case-usb-flash-drive-300x300.jpg 300w, https:\/\/www.yousanusb.com\/wp-content\/uploads\/2024\/09\/metal-case-usb-flash-drive-150x150.jpg 150w, https:\/\/www.yousanusb.com\/wp-content\/uploads\/2024\/09\/metal-case-usb-flash-drive-768x768.jpg 768w, https:\/\/www.yousanusb.com\/wp-content\/uploads\/2024\/09\/metal-case-usb-flash-drive-600x600.jpg 600w, https:\/\/www.yousanusb.com\/wp-content\/uploads\/2024\/09\/metal-case-usb-flash-drive-100x100.jpg 100w\" sizes=\"(max-width: 1000px) 100vw, 1000px\" \/><\/figure>\n<\/div>\n\n\n\n<div class=\"wp-block-column is-vertically-aligned-center is-layout-flow wp-block-column-is-layout-flow\">\n<p>Dieses USB-Laufwerk unterst\u00fctzt die individuelle Gestaltung des Logos, das sowohl auf der Vorder- als auch auf der R\u00fcckseite aufgedruckt werden kann. <\/p>\n\n\n\n<p>Zu den Anpassungsm\u00f6glichkeiten geh\u00f6ren Siebdruck oder Lasergravur:<\/p>\n\n\n\n<ul class=\"wp-block-list\">\n<li>Der Siebdruck erg\u00e4nzt das farbenfrohe Geh\u00e4use mit hoher Farbgenauigkeit und passt sich den Farbt\u00f6nen der Schale an; <\/li>\n\n\n\n<li>Die Lasergravur erzeugt eine feine Markierung auf der Oberfl\u00e4che, die verschlei\u00dffest und lichtbest\u00e4ndig ist.<\/li>\n<\/ul>\n\n\n\n<p>Kundenspezifische Inhalte k\u00f6nnen Firmenlogos oder exklusive Symbole enthalten, die den Anforderungen an das Branding von Unternehmen oder die pers\u00f6nliche Identifikation entsprechen. Das Verfahren ist ausgereift und liefert exquisite Ergebnisse.<\/p>\n<\/div>\n<\/div>","protected":false},"excerpt":{"rendered":"<ul>\n<li>Leichteres Design<\/li>\n<li>ABS-Werkstoff<\/li>\n<li>Wasserdicht und langlebig<\/li>\n<li>Schnellere Geschwindigkeit und hohe Qualit\u00e4t<\/li>\n<li>Zuverl\u00e4ssig und sicher<\/li>\n<li>Gro\u00dfartig f\u00fcr alle Zwecke<\/li>\n<li>MOQ:100St\u00fcck<\/li>\n<\/ul>","protected":false},"featured_media":9070,"comment_status":"open","ping_status":"closed","template":"","meta":{"_seopress_robots_primary_cat":"none","_seopress_titles_title":"ABS Flash Drive USB Thumb Drives with Lighter","_seopress_titles_desc":"Our USB flash drives are not only novel and beautiful in appearance, but also a great chip inside. With a key design, you can attach the thumb drive to key-rings, bags, or belt loops, ensuring it's always within reach.","_seopress_robots_index":""},"class_list":["post-9066","product","type-product","status-publish","has-post-thumbnail","hentry","product_cat-usb-flash-drive","product_tag-lighter-usb-3-0-flash-drive-metal"],"_links":{"self":[{"href":"https:\/\/www.yousanusb.com\/de\/wp-json\/wp\/v2\/product\/9066"}],"collection":[{"href":"https:\/\/www.yousanusb.com\/de\/wp-json\/wp\/v2\/product"}],"about":[{"href":"https:\/\/www.yousanusb.com\/de\/wp-json\/wp\/v2\/types\/product"}],"replies":[{"embeddable":true,"href":"https:\/\/www.yousanusb.com\/de\/wp-json\/wp\/v2\/comments?post=9066"}],"wp:featuredmedia":[{"embeddable":true,"href":"https:\/\/www.yousanusb.com\/de\/wp-json\/wp\/v2\/media\/9070"}],"wp:attachment":[{"href":"https:\/\/www.yousanusb.com\/de\/wp-json\/wp\/v2\/media?parent=9066"}],"curies":[{"name":"wp","href":"https:\/\/api.w.org\/{rel}","templated":true}]}}