{"id":9076,"date":"2024-09-09T15:08:56","date_gmt":"2024-09-09T15:08:56","guid":{"rendered":"https:\/\/yousanusb.com\/?post_type=product&#038;p=9076"},"modified":"2025-11-13T04:05:22","modified_gmt":"2025-11-13T04:05:22","slug":"brain-shaped-usb-flash-drive-memory-stick-high-speed","status":"publish","type":"product","link":"https:\/\/www.yousanusb.com\/de\/product\/brain-shaped-usb-flash-drive-memory-stick-high-speed\/","title":{"rendered":"Gehirn geformt USB-Flash-Laufwerk Memory Stick High Speed"},"content":{"rendered":"<div class=\"wp-block-columns is-layout-flex wp-container-core-columns-is-layout-1 wp-block-columns-is-layout-flex\">\n<div class=\"wp-block-column is-layout-flow wp-block-column-is-layout-flow\">\n<figure class=\"wp-block-image size-full\"><img fetchpriority=\"high\" decoding=\"async\" width=\"1000\" height=\"1000\" src=\"https:\/\/www.yousanusb.com\/wp-content\/uploads\/2024\/09\/usb-flash-drive-custom-printing.jpg\" alt=\"usb flash drive individuell bedrucken\" class=\"wp-image-9084\" srcset=\"https:\/\/www.yousanusb.com\/wp-content\/uploads\/2024\/09\/usb-flash-drive-custom-printing.jpg 1000w, https:\/\/www.yousanusb.com\/wp-content\/uploads\/2024\/09\/usb-flash-drive-custom-printing-300x300.jpg 300w, https:\/\/www.yousanusb.com\/wp-content\/uploads\/2024\/09\/usb-flash-drive-custom-printing-150x150.jpg 150w, https:\/\/www.yousanusb.com\/wp-content\/uploads\/2024\/09\/usb-flash-drive-custom-printing-768x768.jpg 768w, https:\/\/www.yousanusb.com\/wp-content\/uploads\/2024\/09\/usb-flash-drive-custom-printing-600x600.jpg 600w, https:\/\/www.yousanusb.com\/wp-content\/uploads\/2024\/09\/usb-flash-drive-custom-printing-100x100.jpg 100w\" sizes=\"(max-width: 1000px) 100vw, 1000px\" \/><\/figure>\n<\/div>\n\n\n\n<div class=\"wp-block-column is-vertically-aligned-center is-layout-flow wp-block-column-is-layout-flow\">\n<p>Interessantes \u00e4u\u00dferes Design, leicht und tragbar. Kompatibel mit allen Ger\u00e4ten mit USB-A-Anschl\u00fcssen wie Desktops, Laptops, Tablets, Fernsehern und Lautsprechern. Die kompakte und robuste Silikonh\u00fclle ist sto\u00dffest und staubgesch\u00fctzt, und der Class-A-Chip sorgt f\u00fcr eine stabile und schnelle Daten\u00fcbertragung.<\/p>\n\n\n\n<p>Dieser USB-Stick aus Silikon hat die Form eines Gehirns. Das Design ist vom Gehirn inspiriert und in den Farben Rosa, Wei\u00df und Gelb erh\u00e4ltlich. Die weiche Silikonh\u00fclle bietet ein angenehmes Gef\u00fchl und ist gleichzeitig sto\u00df- und kratzfest. Eine transparente Kappe sch\u00fctzt den USB-Anschluss, und die verspielte, unverwechselbare Form macht ihn leicht erkennbar. Dank seiner kompakten Gr\u00f6\u00dfe l\u00e4sst er sich \u00fcberallhin mitnehmen.<\/p>\n<\/div>\n<\/div>\n\n\n\n<p>Kundenspezifische Farboptionen sind auf Anfrage erh\u00e4ltlich - kontaktieren Sie uns f\u00fcr weitere Informationen. Verf\u00fcgt \u00fcber eine Standard-USB-Schnittstelle f\u00fcr den professionellen Einsatz, kompatibel mit g\u00e4ngigen Systemen wie Windows und Mac. Die Plug-and-Play-Funktionalit\u00e4t erfordert keine zus\u00e4tzlichen Treiber. Speichert Dokumente, Bilder, Videos und andere Datentypen. Die Standardkapazit\u00e4ten decken den t\u00e4glichen Speicherbedarf im B\u00fcro und im Arbeitszimmer ab. Stabile Lese-\/Schreibgeschwindigkeiten f\u00fcr routinem\u00e4\u00dfige Datei\u00fcbertragungen.<\/p>\n\n\n\n<div class=\"wp-block-columns is-layout-flex wp-container-core-columns-is-layout-2 wp-block-columns-is-layout-flex\">\n<div class=\"wp-block-column is-layout-flow wp-block-column-is-layout-flow\">\n<figure class=\"wp-block-image size-full\"><img decoding=\"async\" width=\"1000\" height=\"1000\" src=\"https:\/\/www.yousanusb.com\/wp-content\/uploads\/2024\/09\/custom-logo-usb-brain-drive.jpg\" alt=\"benutzerdefiniertes logo usb brain drive\" class=\"wp-image-9081\" srcset=\"https:\/\/www.yousanusb.com\/wp-content\/uploads\/2024\/09\/custom-logo-usb-brain-drive.jpg 1000w, https:\/\/www.yousanusb.com\/wp-content\/uploads\/2024\/09\/custom-logo-usb-brain-drive-300x300.jpg 300w, https:\/\/www.yousanusb.com\/wp-content\/uploads\/2024\/09\/custom-logo-usb-brain-drive-150x150.jpg 150w, https:\/\/www.yousanusb.com\/wp-content\/uploads\/2024\/09\/custom-logo-usb-brain-drive-768x768.jpg 768w, https:\/\/www.yousanusb.com\/wp-content\/uploads\/2024\/09\/custom-logo-usb-brain-drive-600x600.jpg 600w, https:\/\/www.yousanusb.com\/wp-content\/uploads\/2024\/09\/custom-logo-usb-brain-drive-100x100.jpg 100w\" sizes=\"(max-width: 1000px) 100vw, 1000px\" \/><\/figure>\n<\/div>\n\n\n\n<div class=\"wp-block-column is-layout-flow wp-block-column-is-layout-flow\">\n<figure class=\"wp-block-image size-full\"><img decoding=\"async\" width=\"1000\" height=\"1000\" src=\"https:\/\/www.yousanusb.com\/wp-content\/uploads\/2024\/09\/custom-branded-usb-drive.jpg\" alt=\"usb-laufwerk mit markenzeichen\" class=\"wp-image-9080\" srcset=\"https:\/\/www.yousanusb.com\/wp-content\/uploads\/2024\/09\/custom-branded-usb-drive.jpg 1000w, https:\/\/www.yousanusb.com\/wp-content\/uploads\/2024\/09\/custom-branded-usb-drive-300x300.jpg 300w, https:\/\/www.yousanusb.com\/wp-content\/uploads\/2024\/09\/custom-branded-usb-drive-150x150.jpg 150w, https:\/\/www.yousanusb.com\/wp-content\/uploads\/2024\/09\/custom-branded-usb-drive-768x768.jpg 768w, https:\/\/www.yousanusb.com\/wp-content\/uploads\/2024\/09\/custom-branded-usb-drive-600x600.jpg 600w, https:\/\/www.yousanusb.com\/wp-content\/uploads\/2024\/09\/custom-branded-usb-drive-100x100.jpg 100w\" sizes=\"(max-width: 1000px) 100vw, 1000px\" \/><\/figure>\n<\/div>\n<\/div>","protected":false},"excerpt":{"rendered":"<ul>\n<li>Interessantes Au\u00dfendesign<\/li>\n<li>Silizium Material<\/li>\n<li>MOQ\uff1a100St\u00fcck<\/li>\n<li>Wasserdicht und langlebig<\/li>\n<li>Schnellere Geschwindigkeit und hohe Qualit\u00e4t<\/li>\n<li>Zuverl\u00e4ssig und sicher<\/li>\n<li>Gro\u00dfartig f\u00fcr alle Zwecke<\/li>\n<\/ul>","protected":false},"featured_media":9078,"comment_status":"open","ping_status":"closed","template":"","meta":{"_seopress_robots_primary_cat":"none","_seopress_titles_title":"","_seopress_titles_desc":"","_seopress_robots_index":""},"class_list":["post-9076","product","type-product","status-publish","has-post-thumbnail","hentry","product_cat-custom-usb-drive","product_tag-brain-shape-usb-flash-driver"],"_links":{"self":[{"href":"https:\/\/www.yousanusb.com\/de\/wp-json\/wp\/v2\/product\/9076"}],"collection":[{"href":"https:\/\/www.yousanusb.com\/de\/wp-json\/wp\/v2\/product"}],"about":[{"href":"https:\/\/www.yousanusb.com\/de\/wp-json\/wp\/v2\/types\/product"}],"replies":[{"embeddable":true,"href":"https:\/\/www.yousanusb.com\/de\/wp-json\/wp\/v2\/comments?post=9076"}],"wp:featuredmedia":[{"embeddable":true,"href":"https:\/\/www.yousanusb.com\/de\/wp-json\/wp\/v2\/media\/9078"}],"wp:attachment":[{"href":"https:\/\/www.yousanusb.com\/de\/wp-json\/wp\/v2\/media?parent=9076"}],"curies":[{"name":"wp","href":"https:\/\/api.w.org\/{rel}","templated":true}]}}