{"id":9085,"date":"2024-09-09T15:34:15","date_gmt":"2024-09-09T15:34:15","guid":{"rendered":"https:\/\/yousanusb.com\/?post_type=product&#038;p=9085"},"modified":"2025-11-04T07:01:42","modified_gmt":"2025-11-04T07:01:42","slug":"swivel-pen-drive-for-data-storage-bulk-swivel-memory","status":"publish","type":"product","link":"https:\/\/www.yousanusb.com\/de\/product\/swivel-pen-drive-for-data-storage-bulk-swivel-memory\/","title":{"rendered":"Schwenkbarer Pen Drive zur Datenspeicherung"},"content":{"rendered":"<div class=\"wp-block-columns is-layout-flex wp-container-core-columns-is-layout-1 wp-block-columns-is-layout-flex\">\n<div class=\"wp-block-column is-layout-flow wp-block-column-is-layout-flow\">\n<figure class=\"wp-block-image size-full\"><img fetchpriority=\"high\" decoding=\"async\" width=\"800\" height=\"800\" src=\"https:\/\/www.yousanusb.com\/wp-content\/uploads\/2024\/09\/custom-swivel-for-usb-flash-drive.webp\" alt=\"\" class=\"wp-image-23413\" srcset=\"https:\/\/www.yousanusb.com\/wp-content\/uploads\/2024\/09\/custom-swivel-for-usb-flash-drive.webp 800w, https:\/\/www.yousanusb.com\/wp-content\/uploads\/2024\/09\/custom-swivel-for-usb-flash-drive-300x300.webp 300w, https:\/\/www.yousanusb.com\/wp-content\/uploads\/2024\/09\/custom-swivel-for-usb-flash-drive-150x150.webp 150w, https:\/\/www.yousanusb.com\/wp-content\/uploads\/2024\/09\/custom-swivel-for-usb-flash-drive-768x768.webp 768w, https:\/\/www.yousanusb.com\/wp-content\/uploads\/2024\/09\/custom-swivel-for-usb-flash-drive-12x12.webp 12w, https:\/\/www.yousanusb.com\/wp-content\/uploads\/2024\/09\/custom-swivel-for-usb-flash-drive-600x600.webp 600w, https:\/\/www.yousanusb.com\/wp-content\/uploads\/2024\/09\/custom-swivel-for-usb-flash-drive-100x100.webp 100w\" sizes=\"(max-width: 800px) 100vw, 800px\" \/><\/figure>\n<\/div>\n\n\n\n<div class=\"wp-block-column is-vertically-aligned-center is-layout-flow wp-block-column-is-layout-flow\">\n<p>Dieses USB-Laufwerk verf\u00fcgt \u00fcber ein drehbares Design, das es Ihnen erm\u00f6glicht, den USB-Anschluss mit einer einfachen Drehung freizugeben oder zu verbergen, wodurch das l\u00e4stige Verlieren der Kappe, das bei herk\u00f6mmlichen USB-Laufwerken \u00fcblich ist, vollst\u00e4ndig entf\u00e4llt. Es bietet sowohl bequeme Nutzung als auch einfache Aufbewahrung.<\/p>\n\n\n\n<p>Es bietet eine breite Palette von Farboptionen, darunter Rot, Schwarz, Gelb, Wei\u00df, Blau, Lila, Gr\u00fcn, Orange und Gold. Ganz gleich, ob Sie das elegante Schwarz oder Gold f\u00fcr gesch\u00e4ftliche Anl\u00e4sse oder leuchtende Farben f\u00fcr den t\u00e4glichen Gebrauch ben\u00f6tigen, es wird den unterschiedlichsten Stilvorlieben gerecht.<\/p>\n<\/div>\n<\/div>\n\n\n\n<div class=\"wp-block-columns is-layout-flex wp-container-core-columns-is-layout-2 wp-block-columns-is-layout-flex\">\n<div class=\"wp-block-column is-vertically-aligned-center is-layout-flow wp-block-column-is-layout-flow\">\n<p>Das Geh\u00e4use des USB-Laufwerks ist aus Metall gefertigt und bietet ein solides und langlebiges Gef\u00fchl. Das Drehgelenk besteht aus hochwertigem Kunststoff, um eine reibungslose, nahtlose Drehung und langfristige Zuverl\u00e4ssigkeit ohne Abnutzung zu gew\u00e4hrleisten.<\/p>\n\n\n\n<p>Aus professioneller Sicht bietet es Kapazit\u00e4ten von 8 GB bis 128 GB, die eine individuelle Anpassung an den t\u00e4glichen Speicherbedarf erm\u00f6glichen, wobei die verschiedenen Kapazit\u00e4ten unterschiedlichen Preisklassen entsprechen. Sie ist mit g\u00e4ngigen Betriebssystemen wie Windows und Mac kompatibel und bietet Plug-and-Play-Funktionalit\u00e4t f\u00fcr m\u00fcheloses Speichern und \u00dcbertragen von Dokumenten, Bildern, Videos und anderen Dateien. Die Datenspeicherung ist sicher und stabil, mit einer Lebensdauer von zehntausenden von Schreibzyklen f\u00fcr eine langfristige zuverl\u00e4ssige Nutzung. Unternehmen k\u00f6nnen ihn auch mit ihrem Logo versehen, was ihn zu einem idealen Werbegeschenk oder B\u00fcroger\u00e4t macht, das Praktikabilit\u00e4t mit Markenst\u00e4rkung verbindet.<\/p>\n<\/div>\n\n\n\n<div class=\"wp-block-column is-layout-flow wp-block-column-is-layout-flow\">\n<figure class=\"wp-block-image size-full\"><img decoding=\"async\" width=\"800\" height=\"800\" src=\"https:\/\/www.yousanusb.com\/wp-content\/uploads\/2024\/09\/custom-mini-swivel-usb-flash-drive.webp\" alt=\"\" class=\"wp-image-23412\" srcset=\"https:\/\/www.yousanusb.com\/wp-content\/uploads\/2024\/09\/custom-mini-swivel-usb-flash-drive.webp 800w, https:\/\/www.yousanusb.com\/wp-content\/uploads\/2024\/09\/custom-mini-swivel-usb-flash-drive-300x300.webp 300w, https:\/\/www.yousanusb.com\/wp-content\/uploads\/2024\/09\/custom-mini-swivel-usb-flash-drive-150x150.webp 150w, https:\/\/www.yousanusb.com\/wp-content\/uploads\/2024\/09\/custom-mini-swivel-usb-flash-drive-768x768.webp 768w, https:\/\/www.yousanusb.com\/wp-content\/uploads\/2024\/09\/custom-mini-swivel-usb-flash-drive-12x12.webp 12w, https:\/\/www.yousanusb.com\/wp-content\/uploads\/2024\/09\/custom-mini-swivel-usb-flash-drive-600x600.webp 600w, https:\/\/www.yousanusb.com\/wp-content\/uploads\/2024\/09\/custom-mini-swivel-usb-flash-drive-100x100.webp 100w\" sizes=\"(max-width: 800px) 100vw, 800px\" \/><\/figure>\n<\/div>\n<\/div>\n\n\n\n<p><\/p>","protected":false},"excerpt":{"rendered":"<ul>\n<li>Drehbares Design<\/li>\n<li>Werkstoff Metall<\/li>\n<li>Wasserdicht und langlebig<\/li>\n<li>Schnellere Geschwindigkeit und hohe Qualit\u00e4t<\/li>\n<li>Zuverl\u00e4ssig und sicher<\/li>\n<li>Gro\u00dfartig f\u00fcr alle Zwecke<\/li>\n<\/ul>","protected":false},"featured_media":9092,"comment_status":"open","ping_status":"closed","template":"","meta":{"_seopress_robots_primary_cat":"none","_seopress_titles_title":"","_seopress_titles_desc":"","_seopress_robots_index":""},"class_list":["post-9085","product","type-product","status-publish","has-post-thumbnail","hentry","product_cat-metal-usb-flash-drive","product_cat-rotating-usb-flash-drive","product_tag-aluminum-flash-drive","product_tag-custom-swivel-usb-flash-drive"],"_links":{"self":[{"href":"https:\/\/www.yousanusb.com\/de\/wp-json\/wp\/v2\/product\/9085"}],"collection":[{"href":"https:\/\/www.yousanusb.com\/de\/wp-json\/wp\/v2\/product"}],"about":[{"href":"https:\/\/www.yousanusb.com\/de\/wp-json\/wp\/v2\/types\/product"}],"replies":[{"embeddable":true,"href":"https:\/\/www.yousanusb.com\/de\/wp-json\/wp\/v2\/comments?post=9085"}],"wp:featuredmedia":[{"embeddable":true,"href":"https:\/\/www.yousanusb.com\/de\/wp-json\/wp\/v2\/media\/9092"}],"wp:attachment":[{"href":"https:\/\/www.yousanusb.com\/de\/wp-json\/wp\/v2\/media?parent=9085"}],"curies":[{"name":"wp","href":"https:\/\/api.w.org\/{rel}","templated":true}]}}