{"id":9146,"date":"2024-09-10T03:22:09","date_gmt":"2024-09-10T03:22:09","guid":{"rendered":"https:\/\/yousanusb.com\/?post_type=product&#038;p=9146"},"modified":"2025-10-06T00:28:38","modified_gmt":"2025-10-06T00:28:38","slug":"paper-clip-shape-usb-drive-flash-drive-waterproof-metal-usb-memory-stick","status":"publish","type":"product","link":"https:\/\/www.yousanusb.com\/de\/product\/paper-clip-shape-usb-drive-flash-drive-waterproof-metal-usb-memory-stick\/","title":{"rendered":"Wasserdichtes USB-Laufwerk in Form einer B\u00fcroklammer Flash-Laufwerk"},"content":{"rendered":"<p>Das Laufwerk ist so klein und handlich, dass Sie es in Ihre Tasche stecken k\u00f6nnen. Mit dem B\u00fcroklammer-Design k\u00f6nnen Sie es an Ihrem Rucksack oder Ihrer Brieftasche befestigen und m\u00fcssen sich keine Sorgen machen, dass es verloren geht, und die Daten \u00fcberallhin mitnehmen.<\/p>","protected":false},"excerpt":{"rendered":"<ul>\n<li>B\u00fcroklammer Form Design<\/li>\n<li>Werkstoff Metall<\/li>\n<li>Wasserdicht und langlebig<\/li>\n<li>Schnellere Geschwindigkeit und hohe Qualit\u00e4t<\/li>\n<li>Zuverl\u00e4ssig und sicher<\/li>\n<li>Gro\u00dfartig f\u00fcr alle Zwecke<\/li>\n<\/ul>","protected":false},"featured_media":9150,"comment_status":"open","ping_status":"closed","template":"","meta":{"_seopress_robots_primary_cat":"none","_seopress_titles_title":"","_seopress_titles_desc":"","_seopress_robots_index":""},"class_list":["post-9146","product","type-product","status-publish","has-post-thumbnail","hentry","product_cat-metal-usb-flash-drive","product_tag-rose-gold-usb-flash-drive","product_tag-custom-metal-keychain-usb-flash-drive","product_tag-buy-metal-leather-usb-flash-drive"],"_links":{"self":[{"href":"https:\/\/www.yousanusb.com\/de\/wp-json\/wp\/v2\/product\/9146"}],"collection":[{"href":"https:\/\/www.yousanusb.com\/de\/wp-json\/wp\/v2\/product"}],"about":[{"href":"https:\/\/www.yousanusb.com\/de\/wp-json\/wp\/v2\/types\/product"}],"replies":[{"embeddable":true,"href":"https:\/\/www.yousanusb.com\/de\/wp-json\/wp\/v2\/comments?post=9146"}],"wp:featuredmedia":[{"embeddable":true,"href":"https:\/\/www.yousanusb.com\/de\/wp-json\/wp\/v2\/media\/9150"}],"wp:attachment":[{"href":"https:\/\/www.yousanusb.com\/de\/wp-json\/wp\/v2\/media?parent=9146"}],"curies":[{"name":"wp","href":"https:\/\/api.w.org\/{rel}","templated":true}]}}